{"id":27017,"date":"2021-12-06T17:18:05","date_gmt":"2021-12-06T16:18:05","guid":{"rendered":"https:\/\/wellisparts.siteapp.hu\/gyik\/"},"modified":"2022-04-22T16:13:38","modified_gmt":"2022-04-22T14:13:38","slug":"haeufig-gestellte-fragen","status":"publish","type":"page","link":"https:\/\/wellisparts.siteapp.hu\/de\/haeufig-gestellte-fragen\/","title":{"rendered":"H\u00e4ufig gestellte Fragen"},"content":{"rendered":"<div class=\"wpb-content-wrapper\"><p>[vc_row full_width=&#8221;stretch_row&#8221; animation_type=&#8221;fadeInLeftBig&#8221; el_class=&#8221;main-breadcrumb&#8221;][vc_column]<div class=\"dtwpb-woocommerce-breadcrumb \" style=\" color:#ffffff !important\"><style>.dtwpb-woocommerce-breadcrumb .woocommerce-breadcrumb > a{color: #ffffff !important;}<\/style><nav class=\"woocommerce-breadcrumb\" aria-label=\"Breadcrumb\">Start<\/nav><\/div>[\/vc_column][\/vc_row][vc_row css=&#8221;.vc_custom_1638878264764{padding-top: 2% !important;}&#8221;][vc_column][vc_toggle title=&#8221;In welchen F\u00e4llen k\u00f6nnen Sie Sachm\u00e4ngelanspr\u00fcche geltend machen?&#8221;]Bei mangelhafter Leistung der Wellis Magyarorsz\u00e1g Zrt. k\u00f6nnen Sie gem\u00e4\u00df den Bestimmungen des B\u00fcrgerlichen Gesetzbuches Sachm\u00e4ngelanspr\u00fcche gegen\u00fcber dem Unternehmen geltend machen.[\/vc_toggle][vc_toggle title=&#8221;Welche Rechte haben Sie aufgrund eines Sachm\u00e4ngelanspruchs?&#8221;]Sie k\u00f6nnen \u2013 nach eigenem Ermessen \u2013 folgende Sachm\u00e4ngelanspr\u00fcche geltend machen:<\/p>\n<p>Sie k\u00f6nnen Reparatur oder Austausch verlangen, es sei denn, die Erf\u00fcllung des von Ihnen gew\u00e4hlten Anspruchs ist unm\u00f6glich oder w\u00fcrde bei dem Unternehmen unangemessene Mehrkosten im Vergleich zur Erf\u00fcllung anderweitiger Anspr\u00fcche verursachen. Wenn Sie die Reparatur oder den Austausch nicht verlangt haben oder nicht haben verlangen k\u00f6nnen, sind Sie berechtigt, eine angemessene Herabsetzung der Gegenleistung zu verlangen oder den Fehler auf Kosten des Unternehmens zu beheben bzw. beheben zu lassen oder \u2013 als letzter Ausweg \u2013 von dem Vertrag zur\u00fcckzutreten.<\/p>\n<p>Sie sind berechtigt, von der gew\u00e4hlten Art der Geltendmachung Ihrer Sachm\u00e4ngelanspr\u00fcche zu einer anderen zu wechseln, die damit anfallenden Kosten haben Sie jedoch zu tragen, es sei denn, der Wechsel war begr\u00fcndet oder der Grund zum Wechsel ist von dem Unternehmen zu vertreten.[\/vc_toggle][vc_toggle title=&#8221;Innerhalb welcher Frist k\u00f6nnen Sie Sachm\u00e4ngelanspr\u00fcche geltend machen?&#8221;]Sie sind verpflichtet, den Fehler unverz\u00fcglich, jedoch sp\u00e4testens innerhalb von zwei Monaten nach seiner Entdeckung zu melden. Beachten Sie bitte jedoch, dass Sie nach Ablauf der zweij\u00e4hrigen Verj\u00e4hrungsfrist ab dem Datum der Vertragserf\u00fcllung keine Sachm\u00e4ngelanspr\u00fcche geltend machen k\u00f6nnen. F\u00fcr Gebrauchtwaren betr\u00e4gt diese Frist 6 Monate.[\/vc_toggle][vc_toggle title=&#8221;Wem gegen\u00fcber k\u00f6nnen Sie Sachm\u00e4ngelanspr\u00fcche geltend machen?&#8221;]Sie k\u00f6nnen Ihre Sachm\u00e4ngelanspr\u00fcche gegen\u00fcber dem Unternehmen geltend machen.[\/vc_toggle][vc_toggle title=&#8221;Gibt es sonstige Voraussetzungen f\u00fcr die Geltendmachung der Sachm\u00e4ngelanspr\u00fcche?&#8221;]F\u00fcr die Geltendmachung der Sachm\u00e4ngelanspr\u00fcche innerhalb von sechs Monaten nach der Erf\u00fcllung haben Sie nur den Fehler mitzuteilen, wenn Sie nachweisen, dass das Produkt bzw. die Dienstleistung von der Wellis Magyarorsz\u00e1g Zrt. angeboten bzw. erbracht wurde. Wenn sechs Monate nach der Erf\u00fcllung des Vertrags vergangen sind, haben Sie nachzuweisen, dass der von Ihnen entdeckte Fehler bereits zum Zeitpunkt der Erf\u00fcllung vorhanden war.[\/vc_toggle][vc_toggle title=&#8221;In welchen F\u00e4llen k\u00f6nnen Sie Produkthaftungsanspr\u00fcche geltend machen?&#8221;]Bei einer (einem) fehlerhaften beweglichen Sache (Produkt) k\u00f6nnen Sie \u2013 nach eigenem Ermessen \u2013 Ihr Recht gem\u00e4\u00df Punkt 1 oder den Produkthaftungsanspruch geltend machen.[\/vc_toggle][vc_toggle title=&#8221;Welche Rechte haben Sie aufgrund eines Produkthaftungsanspruchs?&#8221;]Als Produkthaftungsanspruch k\u00f6nnen Sie ausschlie\u00dflich die Reparatur oder den Austausch des fehlerhaften Produkts verlangen.[\/vc_toggle][vc_toggle title=&#8221;Wann gilt das Produkt als fehlerhaft?&#8221;]Das Produkt gilt als fehlerhaft, wenn es die zum Zeitpunkt des Inverkehrbringens g\u00fcltigen Qualit\u00e4tsstandards nicht erf\u00fcllt oder wenn es \u00fcber die Eigenschaften, die vom Hersteller beschrieben wurden, nicht verf\u00fcgt.[\/vc_toggle][vc_toggle title=&#8221;Innerhalb welcher Frist k\u00f6nnen Sie den Produkthaftungsanspruch geltend machen?&#8221;]Den Produkthaftungsanspruch k\u00f6nnen Sie innerhalb von zwei Jahren nach dem Inverkehrbringen des Produkts durch den Hersteller geltend machen. Nach Ablauf dieser Frist erlischt dieses Recht.[\/vc_toggle][vc_toggle title=&#8221;Wem gegen\u00fcber und unter welchen sonstigen Voraussetzungen k\u00f6nnen Sie Produkthaftungsanspr\u00fcche geltend machen?&#8221;]Sie k\u00f6nnen Produkthaftungsanspr\u00fcche ausschlie\u00dflich gegen\u00fcber dem Hersteller oder dem Vertreiber der beweglichen Sache geltend machen. Bei der Geltendmachung von Produkthaftungsanspr\u00fcchen m\u00fcssen Sie den Fehler des Produkts nachweisen.[\/vc_toggle][vc_toggle title=&#8221;In welchem Fall wird der Hersteller (Vertreiber) von der Produkthaftung befreit?&#8221;]Der Hersteller (Vertreiber) wird von der Produkthaftung befreit, wenn er nachweisen kann, dass<\/p>\n<ul>\n<li>das Produkt nicht im Rahmen seiner Gesch\u00e4ftst\u00e4tigkeit hergestellt bzw. in Verkehr gebracht wurde oder<\/li>\n<li>der Fehler zum Zeitpunkt des Inverkehrbringens nach Stand der Technik und der Wissenschaft nicht zu erkennen war oder<\/li>\n<li>der Produktfehler aus der Anwendung einer Rechtsnorm oder einer verbindlichen Beh\u00f6rdenvorschrift resultiert.<\/li>\n<\/ul>\n<p>F\u00fcr die Befreiung muss der Hersteller (Vertreiber) nur einen Grund nachweisen.<\/p>\n<p>Bitte beachten Sie, dass Sie wegen desselben Fehlers Sachm\u00e4ngelanspr\u00fcche und Produkthaftungsanspr\u00fcche gleichzeitig, parallel nicht geltend machen k\u00f6nnen. Wenn die Produkthaftungsanspr\u00fcche erf\u00fcllt wurden, k\u00f6nnen Sie jedoch f\u00fcr die ausgetauschten oder reparierten Teile Sachm\u00e4ngelanspr\u00fcche gegen\u00fcber dem Hersteller geltend machen.[\/vc_toggle][vc_toggle title=&#8221;In welchen F\u00e4llen k\u00f6nnen Sie Sachm\u00e4ngelanspr\u00fcche geltend machen?&#8221;]Aufgrund des Vertrags oder von Rechtsnormen ist die Wellis Magyarorsz\u00e1g Zrt. im Fall von fehlerhafter Erf\u00fcllung bei bestimmten Produkten zur Garantieleistung verpflichtet.[\/vc_toggle][vc_toggle title=&#8221;Welche Rechte stehen Ihnen aufgrund der Garantie und innerhalb welcher Frist zu?&#8221;]Die Garantieleistung betr\u00e4gt mindestens ein Jahr f\u00fcr die Artikel gem\u00e4\u00df Anlage 1 der Regierungsverordnung Nr. 151\/2003. (IX. 22.) \u00fcber verbindliche Garantien bez\u00fcglich bestimmter langlebiger Gebrauchsg\u00fcter.[\/vc_toggle][vc_toggle title=&#8221;Wann ist das Unternehmen von der Garantieleistung befreit?&#8221;]Das Unternehmen ist von der Garantieleistung nur dann befreit, wenn es nachweisen kann, dass der Grund des Fehlers nach der Erf\u00fcllung entstanden ist.<\/p>\n<p>Bitte beachten Sie, dass Sie wegen desselben Fehlers Sachm\u00e4ngelanspr\u00fcche und Garantieanspr\u00fcche bzw. Produkthaftungsanspr\u00fcche und Garantieanspr\u00fcche gleichzeitig, parallel nicht geltend machen k\u00f6nnen, ansonsten stehen Ihnen die Rechte aus der Garantieverpflichtung unabh\u00e4ngig von den Rechten gem\u00e4\u00df Punkt 1 und 2 zu.[\/vc_toggle][\/vc_column][\/vc_row]<\/p>\n<\/div>","protected":false},"excerpt":{"rendered":"<p>[vc_row full_width=&#8221;stretch_row&#8221; animation_type=&#8221;fadeInLeftBig&#8221; el_class=&#8221;main-breadcrumb&#8221;][vc_column][\/vc_column][\/vc_row][vc_row css=&#8221;.vc_custom_1638878264764{padding-top: 2% !important;}&#8221;][vc_column][vc_toggle title=&#8221;In welchen F\u00e4llen k\u00f6nnen Sie Sachm\u00e4ngelanspr\u00fcche geltend machen?&#8221;]Bei mangelhafter Leistung der Wellis Magyarorsz\u00e1g Zrt. k\u00f6nnen Sie gem\u00e4\u00df den Bestimmungen des B\u00fcrgerlichen Gesetzbuches Sachm\u00e4ngelanspr\u00fcche gegen\u00fcber dem Unternehmen geltend machen.[\/vc_toggle][vc_toggle title=&#8221;Welche Rechte haben Sie aufgrund eines Sachm\u00e4ngelanspruchs?&#8221;]Sie k\u00f6nnen \u2013 nach eigenem Ermessen \u2013 folgende Sachm\u00e4ngelanspr\u00fcche geltend machen: Sie k\u00f6nnen Reparatur [&hellip;]<\/p>\n","protected":false},"author":1,"featured_media":0,"parent":0,"menu_order":0,"comment_status":"closed","ping_status":"closed","template":"","meta":{"_acf_changed":false,"footnotes":""},"class_list":["post-27017","page","type-page","status-publish","hentry"],"acf":[],"yoast_head":"<!-- This site is optimized with the Yoast SEO Premium plugin v25.6 (Yoast SEO v27.3) - https:\/\/yoast.com\/product\/yoast-seo-premium-wordpress\/ -->\n<title>H\u00e4ufig gestellte Fragen | Wellisparts<\/title>\n<meta name=\"robots\" content=\"noindex, follow, max-snippet:-1, max-image-preview:large, max-video-preview:-1\" \/>\n<meta property=\"og:locale\" content=\"de_DE\" \/>\n<meta property=\"og:type\" content=\"article\" \/>\n<meta property=\"og:title\" content=\"H\u00e4ufig gestellte Fragen\" \/>\n<meta property=\"og:description\" content=\"[vc_row full_width=&#8221;stretch_row&#8221; animation_type=&#8221;fadeInLeftBig&#8221; el_class=&#8221;main-breadcrumb&#8221;][vc_column][\/vc_column][\/vc_row][vc_row css=&#8221;.vc_custom_1638878264764{padding-top: 2% !important;}&#8221;][vc_column][vc_toggle title=&#8221;In welchen F\u00e4llen k\u00f6nnen Sie Sachm\u00e4ngelanspr\u00fcche geltend machen?&#8221;]Bei mangelhafter Leistung der Wellis Magyarorsz\u00e1g Zrt. k\u00f6nnen Sie gem\u00e4\u00df den Bestimmungen des B\u00fcrgerlichen Gesetzbuches Sachm\u00e4ngelanspr\u00fcche gegen\u00fcber dem Unternehmen geltend machen.[\/vc_toggle][vc_toggle title=&#8221;Welche Rechte haben Sie aufgrund eines Sachm\u00e4ngelanspruchs?&#8221;]Sie k\u00f6nnen \u2013 nach eigenem Ermessen \u2013 folgende Sachm\u00e4ngelanspr\u00fcche geltend machen: Sie k\u00f6nnen Reparatur [&hellip;]\" \/>\n<meta property=\"og:url\" content=\"https:\/\/wellisparts.siteapp.hu\/de\/haeufig-gestellte-fragen\/\" \/>\n<meta property=\"og:site_name\" content=\"Wellisparts\" \/>\n<meta property=\"article:publisher\" content=\"https:\/\/www.facebook.com\/wellis.eu\" \/>\n<meta property=\"article:modified_time\" content=\"2022-04-22T14:13:38+00:00\" \/>\n<meta property=\"og:image\" content=\"https:\/\/wellisparts.siteapp.hu\/wp-content\/uploads\/2020\/04\/wellis-hot-tube.jpg\" \/>\n\t<meta property=\"og:image:width\" content=\"1080\" \/>\n\t<meta property=\"og:image:height\" content=\"1080\" \/>\n\t<meta property=\"og:image:type\" content=\"image\/jpeg\" \/>\n<meta name=\"twitter:card\" content=\"summary_large_image\" \/>\n<meta name=\"twitter:label1\" content=\"Gesch\u00e4tzte Lesezeit\" \/>\n\t<meta name=\"twitter:data1\" content=\"4\u00a0Minuten\" \/>\n<script type=\"application\/ld+json\" class=\"yoast-schema-graph\">{\"@context\":\"https:\\\/\\\/schema.org\",\"@graph\":[{\"@type\":\"WebPage\",\"@id\":\"https:\\\/\\\/wellisparts.siteapp.hu\\\/de\\\/haeufig-gestellte-fragen\\\/\",\"url\":\"https:\\\/\\\/wellisparts.siteapp.hu\\\/de\\\/haeufig-gestellte-fragen\\\/\",\"name\":\"H\u00e4ufig gestellte Fragen | Wellisparts\",\"isPartOf\":{\"@id\":\"https:\\\/\\\/wellisparts.siteapp.hu\\\/de\\\/#website\"},\"datePublished\":\"2021-12-06T16:18:05+00:00\",\"dateModified\":\"2022-04-22T14:13:38+00:00\",\"breadcrumb\":{\"@id\":\"https:\\\/\\\/wellisparts.siteapp.hu\\\/de\\\/haeufig-gestellte-fragen\\\/#breadcrumb\"},\"inLanguage\":\"de\",\"potentialAction\":[{\"@type\":\"ReadAction\",\"target\":[\"https:\\\/\\\/wellisparts.siteapp.hu\\\/de\\\/haeufig-gestellte-fragen\\\/\"]}]},{\"@type\":\"BreadcrumbList\",\"@id\":\"https:\\\/\\\/wellisparts.siteapp.hu\\\/de\\\/haeufig-gestellte-fragen\\\/#breadcrumb\",\"itemListElement\":[{\"@type\":\"ListItem\",\"position\":1,\"name\":\"Home\",\"item\":\"https:\\\/\\\/wellisparts.siteapp.hu\\\/de\\\/\"},{\"@type\":\"ListItem\",\"position\":2,\"name\":\"H\u00e4ufig gestellte Fragen\"}]},{\"@type\":\"WebSite\",\"@id\":\"https:\\\/\\\/wellisparts.siteapp.hu\\\/de\\\/#website\",\"url\":\"https:\\\/\\\/wellisparts.siteapp.hu\\\/de\\\/\",\"name\":\"Wellisparts\",\"description\":\"Wellis alkatr\u00e9sz \u00e9s kieg\u00e9sz\u00edt\u0151 webshop\",\"publisher\":{\"@id\":\"https:\\\/\\\/wellisparts.siteapp.hu\\\/de\\\/#organization\"},\"potentialAction\":[{\"@type\":\"SearchAction\",\"target\":{\"@type\":\"EntryPoint\",\"urlTemplate\":\"https:\\\/\\\/wellisparts.siteapp.hu\\\/de\\\/?s={search_term_string}\"},\"query-input\":{\"@type\":\"PropertyValueSpecification\",\"valueRequired\":true,\"valueName\":\"search_term_string\"}}],\"inLanguage\":\"de\"},{\"@type\":\"Organization\",\"@id\":\"https:\\\/\\\/wellisparts.siteapp.hu\\\/de\\\/#organization\",\"name\":\"Wellis\",\"url\":\"https:\\\/\\\/wellisparts.siteapp.hu\\\/de\\\/\",\"logo\":{\"@type\":\"ImageObject\",\"inLanguage\":\"de\",\"@id\":\"https:\\\/\\\/wellisparts.siteapp.hu\\\/de\\\/#\\\/schema\\\/logo\\\/image\\\/\",\"url\":\"https:\\\/\\\/wellisparts.siteapp.hu\\\/wp-content\\\/uploads\\\/2020\\\/04\\\/wellis-logo-gray-300x92-1.png\",\"contentUrl\":\"https:\\\/\\\/wellisparts.siteapp.hu\\\/wp-content\\\/uploads\\\/2020\\\/04\\\/wellis-logo-gray-300x92-1.png\",\"width\":300,\"height\":92,\"caption\":\"Wellis\"},\"image\":{\"@id\":\"https:\\\/\\\/wellisparts.siteapp.hu\\\/de\\\/#\\\/schema\\\/logo\\\/image\\\/\"},\"sameAs\":[\"https:\\\/\\\/www.facebook.com\\\/wellis.eu\",\"https:\\\/\\\/www.instagram.com\\\/wellis.spa\\\/\",\"https:\\\/\\\/www.linkedin.com\\\/company\\\/wellis\",\"https:\\\/\\\/www.youtube.com\\\/channel\\\/UCBfTfURbofhapZionQfC-Gg\"]}]}<\/script>\n<!-- \/ Yoast SEO Premium plugin. -->","yoast_head_json":{"title":"H\u00e4ufig gestellte Fragen | Wellisparts","robots":{"index":"noindex","follow":"follow","max-snippet":"max-snippet:-1","max-image-preview":"max-image-preview:large","max-video-preview":"max-video-preview:-1"},"og_locale":"de_DE","og_type":"article","og_title":"H\u00e4ufig gestellte Fragen","og_description":"[vc_row full_width=&#8221;stretch_row&#8221; animation_type=&#8221;fadeInLeftBig&#8221; el_class=&#8221;main-breadcrumb&#8221;][vc_column][\/vc_column][\/vc_row][vc_row css=&#8221;.vc_custom_1638878264764{padding-top: 2% !important;}&#8221;][vc_column][vc_toggle title=&#8221;In welchen F\u00e4llen k\u00f6nnen Sie Sachm\u00e4ngelanspr\u00fcche geltend machen?&#8221;]Bei mangelhafter Leistung der Wellis Magyarorsz\u00e1g Zrt. k\u00f6nnen Sie gem\u00e4\u00df den Bestimmungen des B\u00fcrgerlichen Gesetzbuches Sachm\u00e4ngelanspr\u00fcche gegen\u00fcber dem Unternehmen geltend machen.[\/vc_toggle][vc_toggle title=&#8221;Welche Rechte haben Sie aufgrund eines Sachm\u00e4ngelanspruchs?&#8221;]Sie k\u00f6nnen \u2013 nach eigenem Ermessen \u2013 folgende Sachm\u00e4ngelanspr\u00fcche geltend machen: Sie k\u00f6nnen Reparatur [&hellip;]","og_url":"https:\/\/wellisparts.siteapp.hu\/de\/haeufig-gestellte-fragen\/","og_site_name":"Wellisparts","article_publisher":"https:\/\/www.facebook.com\/wellis.eu","article_modified_time":"2022-04-22T14:13:38+00:00","og_image":[{"width":1080,"height":1080,"url":"https:\/\/wellisparts.siteapp.hu\/wp-content\/uploads\/2020\/04\/wellis-hot-tube.jpg","type":"image\/jpeg"}],"twitter_card":"summary_large_image","twitter_misc":{"Gesch\u00e4tzte Lesezeit":"4\u00a0Minuten"},"schema":{"@context":"https:\/\/schema.org","@graph":[{"@type":"WebPage","@id":"https:\/\/wellisparts.siteapp.hu\/de\/haeufig-gestellte-fragen\/","url":"https:\/\/wellisparts.siteapp.hu\/de\/haeufig-gestellte-fragen\/","name":"H\u00e4ufig gestellte Fragen | Wellisparts","isPartOf":{"@id":"https:\/\/wellisparts.siteapp.hu\/de\/#website"},"datePublished":"2021-12-06T16:18:05+00:00","dateModified":"2022-04-22T14:13:38+00:00","breadcrumb":{"@id":"https:\/\/wellisparts.siteapp.hu\/de\/haeufig-gestellte-fragen\/#breadcrumb"},"inLanguage":"de","potentialAction":[{"@type":"ReadAction","target":["https:\/\/wellisparts.siteapp.hu\/de\/haeufig-gestellte-fragen\/"]}]},{"@type":"BreadcrumbList","@id":"https:\/\/wellisparts.siteapp.hu\/de\/haeufig-gestellte-fragen\/#breadcrumb","itemListElement":[{"@type":"ListItem","position":1,"name":"Home","item":"https:\/\/wellisparts.siteapp.hu\/de\/"},{"@type":"ListItem","position":2,"name":"H\u00e4ufig gestellte Fragen"}]},{"@type":"WebSite","@id":"https:\/\/wellisparts.siteapp.hu\/de\/#website","url":"https:\/\/wellisparts.siteapp.hu\/de\/","name":"Wellisparts","description":"Wellis alkatr\u00e9sz \u00e9s kieg\u00e9sz\u00edt\u0151 webshop","publisher":{"@id":"https:\/\/wellisparts.siteapp.hu\/de\/#organization"},"potentialAction":[{"@type":"SearchAction","target":{"@type":"EntryPoint","urlTemplate":"https:\/\/wellisparts.siteapp.hu\/de\/?s={search_term_string}"},"query-input":{"@type":"PropertyValueSpecification","valueRequired":true,"valueName":"search_term_string"}}],"inLanguage":"de"},{"@type":"Organization","@id":"https:\/\/wellisparts.siteapp.hu\/de\/#organization","name":"Wellis","url":"https:\/\/wellisparts.siteapp.hu\/de\/","logo":{"@type":"ImageObject","inLanguage":"de","@id":"https:\/\/wellisparts.siteapp.hu\/de\/#\/schema\/logo\/image\/","url":"https:\/\/wellisparts.siteapp.hu\/wp-content\/uploads\/2020\/04\/wellis-logo-gray-300x92-1.png","contentUrl":"https:\/\/wellisparts.siteapp.hu\/wp-content\/uploads\/2020\/04\/wellis-logo-gray-300x92-1.png","width":300,"height":92,"caption":"Wellis"},"image":{"@id":"https:\/\/wellisparts.siteapp.hu\/de\/#\/schema\/logo\/image\/"},"sameAs":["https:\/\/www.facebook.com\/wellis.eu","https:\/\/www.instagram.com\/wellis.spa\/","https:\/\/www.linkedin.com\/company\/wellis","https:\/\/www.youtube.com\/channel\/UCBfTfURbofhapZionQfC-Gg"]}]}},"_links":{"self":[{"href":"https:\/\/wellisparts.siteapp.hu\/de\/wp-json\/wp\/v2\/pages\/27017","targetHints":{"allow":["GET"]}}],"collection":[{"href":"https:\/\/wellisparts.siteapp.hu\/de\/wp-json\/wp\/v2\/pages"}],"about":[{"href":"https:\/\/wellisparts.siteapp.hu\/de\/wp-json\/wp\/v2\/types\/page"}],"author":[{"embeddable":true,"href":"https:\/\/wellisparts.siteapp.hu\/de\/wp-json\/wp\/v2\/users\/1"}],"replies":[{"embeddable":true,"href":"https:\/\/wellisparts.siteapp.hu\/de\/wp-json\/wp\/v2\/comments?post=27017"}],"version-history":[{"count":0,"href":"https:\/\/wellisparts.siteapp.hu\/de\/wp-json\/wp\/v2\/pages\/27017\/revisions"}],"wp:attachment":[{"href":"https:\/\/wellisparts.siteapp.hu\/de\/wp-json\/wp\/v2\/media?parent=27017"}],"curies":[{"name":"wp","href":"https:\/\/api.w.org\/{rel}","templated":true}]}}