{"id":27071,"date":"2016-06-13T16:11:07","date_gmt":"2016-06-13T16:11:07","guid":{"rendered":"https:\/\/wellisparts.siteapp.hu\/rolunk\/"},"modified":"2022-07-29T14:14:33","modified_gmt":"2022-07-29T12:14:33","slug":"ueber-uns","status":"publish","type":"page","link":"https:\/\/wellisparts.siteapp.hu\/de\/ueber-uns\/","title":{"rendered":"\u00dcber uns"},"content":{"rendered":"<div class=\"wpb-content-wrapper\"><p>[vc_section full_width=&#8221;stretch_row&#8221; el_class=&#8221;main-bg&#8221;][vc_row full_width=&#8221;stretch_row&#8221; animation_type=&#8221;fadeInLeftBig&#8221; el_class=&#8221;main-breadcrumb&#8221;][vc_column]<div class=\"dtwpb-woocommerce-breadcrumb \" style=\" color:#ffffff !important\"><style>.dtwpb-woocommerce-breadcrumb .woocommerce-breadcrumb > a{color: #ffffff !important;}<\/style><nav class=\"woocommerce-breadcrumb\" aria-label=\"Breadcrumb\">Start<\/nav><\/div>[\/vc_column][\/vc_row][vc_row animation_delay=&#8221;600&#8243; animation_type=&#8221;fadeInUpBig&#8221;][vc_column css=&#8221;.vc_custom_1587676089094{padding-top: 0px !important;}&#8221;][vc_custom_heading text=&#8221;Wellis&#8221; font_container=&#8221;tag:h1|text_align:left|color:%23222529&#8243; use_theme_fonts=&#8221;yes&#8221; el_class=&#8221;main-title&#8221;][\/vc_column][\/vc_row][vc_row animation_delay=&#8221;600&#8243; animation_type=&#8221;fadeInUpBig&#8221; css=&#8221;.vc_custom_1590769808585{margin-bottom: 50px !important;}&#8221;][vc_column width=&#8221;1\/2&#8243; css=&#8221;.vc_custom_1587676093291{padding-top: 0px !important;}&#8221;][vc_column_text]Durch Zusammenarbeit gelang es Wellis, von einem nationalen Familienunternehmen zum f\u00fchrenden Hersteller von Massagebecken in Europa zu werden. Damit Wellis in mehr L\u00e4ndern zu einer bestimmenden Marke werden und mehr Partner erreichen kann, brauchen wir nat\u00fcrlich viel Arbeit. Einerseits ist die kontinuierliche Entwicklung und Erneuerung des Herstellungsprozesses wesentlich, um den Wettbewerbern einen Schritt voraus zu sein.<\/p>\n<p><strong>Vom Familienunternehmen bis zu einem der weltweit gr\u00f6\u00dften Hersteller<\/strong><\/p>\n<p>Wellis Magyarorsz\u00e1g Zrt. Als ungarischer Hersteller spielt er eine marktf\u00fchrende Rolle bei Herstellern und Vertriebsunternehmen von Wellnessger\u00e4ten. Dank kontinuierlicher Kapazit\u00e4tssteigerung und Entwicklung wurde es zum gr\u00f6\u00dften Whirlpoolhersteller Europas.<\/p>\n<p>Nach einigen Jahren wurden die fr\u00fchen Importprodukte durch eine Vielzahl von Produkten mit eigenem Design und eigener Produktion ersetzt.<\/p>\n<p>In jeder Unternehmensgeschichte gibt es herausragende Meilensteine. In Wellis fand der letzte Wendepunkt Ende 2015 statt. Unsere 10.000 m<sup>2<\/sup> gro\u00dfe Produktionsanlage wurde \u00fcbergeben, sodass die Produktion heutzutage auf fast 17.000 m<sup>2<\/sup> erfolgt. Der riesige, mit High-Tech-Produktionswerkzeugen ausgestattete Komplex wurde durch die steigende Marktnachfrage und das Streben nach qualitativ hochwertiger Fertigungstechnologie ausgel\u00f6st. Wir versuchen mit modernen Ger\u00e4ten und hoher fachlicher Kompetenz die Erwartungen der Kunden zu erf\u00fcllen. Dank der erheblichen Investitionen wurde die Herstellung von bis zu 20.000 Pools pro Jahr m\u00f6glich.<\/p>\n<p>Dank des stetigen Wachstums sichern wir heute einen breiten Lieferantenkreis, sodass wir qualitativ hochwertiges Zubeh\u00f6r zu besten Preisen anbieten k\u00f6nnen.<\/p>\n<p>Werden Sie zu einem der zufriedenen Kunden des Weltmarktf\u00fchrers Wellis![\/vc_column_text][\/vc_column][vc_column width=&#8221;1\/2&#8243; css=&#8221;.vc_custom_1587676089094{padding-top: 0px !important;}&#8221;][vc_single_image image=&#8221;4636&#8243; img_size=&#8221;full&#8221; css=&#8221;.vc_custom_1590769473309{margin-bottom: 20px !important;}&#8221; el_class=&#8221;mb-20px&#8221;][vc_row_inner][vc_column_inner width=&#8221;1\/2&#8243; offset=&#8221;vc_col-lg-6 vc_col-md-6 vc_col-xs-6&#8243;][vc_single_image image=&#8221;4635&#8243; img_size=&#8221;full&#8221;][\/vc_column_inner][vc_column_inner width=&#8221;1\/2&#8243; offset=&#8221;vc_col-lg-6 vc_col-md-6 vc_col-xs-6&#8243;][vc_single_image image=&#8221;4634&#8243; img_size=&#8221;full&#8221;][\/vc_column_inner][\/vc_row_inner][\/vc_column][\/vc_row][\/vc_section]<\/p>\n<\/div>","protected":false},"excerpt":{"rendered":"<p>[vc_section full_width=&#8221;stretch_row&#8221; el_class=&#8221;main-bg&#8221;][vc_row full_width=&#8221;stretch_row&#8221; animation_type=&#8221;fadeInLeftBig&#8221; el_class=&#8221;main-breadcrumb&#8221;][vc_column][\/vc_column][\/vc_row][vc_row animation_delay=&#8221;600&#8243; animation_type=&#8221;fadeInUpBig&#8221;][vc_column css=&#8221;.vc_custom_1587676089094{padding-top: 0px !important;}&#8221;][vc_custom_heading text=&#8221;Wellis&#8221; font_container=&#8221;tag:h1|text_align:left|color:%23222529&#8243; use_theme_fonts=&#8221;yes&#8221; el_class=&#8221;main-title&#8221;][\/vc_column][\/vc_row][vc_row animation_delay=&#8221;600&#8243; animation_type=&#8221;fadeInUpBig&#8221; css=&#8221;.vc_custom_1590769808585{margin-bottom: 50px !important;}&#8221;][vc_column width=&#8221;1\/2&#8243; css=&#8221;.vc_custom_1587676093291{padding-top: 0px !important;}&#8221;][vc_column_text]Durch Zusammenarbeit gelang es Wellis, von einem nationalen Familienunternehmen zum f\u00fchrenden Hersteller von Massagebecken in Europa zu werden. Damit Wellis in mehr L\u00e4ndern zu einer bestimmenden Marke werden und mehr Partner erreichen [&hellip;]<\/p>\n","protected":false},"author":1,"featured_media":0,"parent":0,"menu_order":0,"comment_status":"closed","ping_status":"closed","template":"","meta":{"_acf_changed":false,"footnotes":""},"class_list":["post-27071","page","type-page","status-publish","hentry"],"acf":[],"yoast_head":"<!-- This site is optimized with the Yoast SEO Premium plugin v25.6 (Yoast SEO v27.3) - https:\/\/yoast.com\/product\/yoast-seo-premium-wordpress\/ -->\n<title>\u00dcber uns | Wellisparts<\/title>\n<meta name=\"description\" content=\"A Wellis Magyarorsz\u00e1g Zrt. magyar gy\u00e1rt\u00f3k\u00e9nt piacvezet\u0151 szerepet t\u00f6lt be a hazai wellness berendez\u00e9seket gy\u00e1rt\u00f3 \u00e9s forgalmaz\u00f3 c\u00e9gek sor\u00e1ban\" \/>\n<meta name=\"robots\" content=\"noindex, follow, max-snippet:-1, max-image-preview:large, max-video-preview:-1\" \/>\n<meta property=\"og:locale\" content=\"de_DE\" \/>\n<meta property=\"og:type\" content=\"article\" \/>\n<meta property=\"og:title\" content=\"\u00dcber uns\" \/>\n<meta property=\"og:description\" content=\"A Wellis Magyarorsz\u00e1g Zrt. magyar gy\u00e1rt\u00f3k\u00e9nt piacvezet\u0151 szerepet t\u00f6lt be a hazai wellness berendez\u00e9seket gy\u00e1rt\u00f3 \u00e9s forgalmaz\u00f3 c\u00e9gek sor\u00e1ban\" \/>\n<meta property=\"og:url\" content=\"https:\/\/wellisparts.siteapp.hu\/de\/ueber-uns\/\" \/>\n<meta property=\"og:site_name\" content=\"Wellisparts\" \/>\n<meta property=\"article:publisher\" content=\"https:\/\/www.facebook.com\/wellis.eu\" \/>\n<meta property=\"article:modified_time\" content=\"2022-07-29T12:14:33+00:00\" \/>\n<meta property=\"og:image\" content=\"https:\/\/wellisparts.siteapp.hu\/wp-content\/uploads\/2020\/04\/wellis-hot-tube.jpg\" \/>\n\t<meta property=\"og:image:width\" content=\"1080\" \/>\n\t<meta property=\"og:image:height\" content=\"1080\" \/>\n\t<meta property=\"og:image:type\" content=\"image\/jpeg\" \/>\n<meta name=\"twitter:card\" content=\"summary_large_image\" \/>\n<meta name=\"twitter:label1\" content=\"Gesch\u00e4tzte Lesezeit\" \/>\n\t<meta name=\"twitter:data1\" content=\"2\u00a0Minuten\" \/>\n<script type=\"application\/ld+json\" class=\"yoast-schema-graph\">{\"@context\":\"https:\\\/\\\/schema.org\",\"@graph\":[{\"@type\":\"WebPage\",\"@id\":\"https:\\\/\\\/wellisparts.siteapp.hu\\\/de\\\/ueber-uns\\\/\",\"url\":\"https:\\\/\\\/wellisparts.siteapp.hu\\\/de\\\/ueber-uns\\\/\",\"name\":\"\u00dcber uns | Wellisparts\",\"isPartOf\":{\"@id\":\"https:\\\/\\\/wellisparts.siteapp.hu\\\/de\\\/#website\"},\"datePublished\":\"2016-06-13T16:11:07+00:00\",\"dateModified\":\"2022-07-29T12:14:33+00:00\",\"description\":\"A Wellis Magyarorsz\u00e1g Zrt. magyar gy\u00e1rt\u00f3k\u00e9nt piacvezet\u0151 szerepet t\u00f6lt be a hazai wellness berendez\u00e9seket gy\u00e1rt\u00f3 \u00e9s forgalmaz\u00f3 c\u00e9gek sor\u00e1ban\",\"breadcrumb\":{\"@id\":\"https:\\\/\\\/wellisparts.siteapp.hu\\\/de\\\/ueber-uns\\\/#breadcrumb\"},\"inLanguage\":\"de\",\"potentialAction\":[{\"@type\":\"ReadAction\",\"target\":[\"https:\\\/\\\/wellisparts.siteapp.hu\\\/de\\\/ueber-uns\\\/\"]}]},{\"@type\":\"BreadcrumbList\",\"@id\":\"https:\\\/\\\/wellisparts.siteapp.hu\\\/de\\\/ueber-uns\\\/#breadcrumb\",\"itemListElement\":[{\"@type\":\"ListItem\",\"position\":1,\"name\":\"Home\",\"item\":\"https:\\\/\\\/wellisparts.siteapp.hu\\\/de\\\/\"},{\"@type\":\"ListItem\",\"position\":2,\"name\":\"\u00dcber uns\"}]},{\"@type\":\"WebSite\",\"@id\":\"https:\\\/\\\/wellisparts.siteapp.hu\\\/de\\\/#website\",\"url\":\"https:\\\/\\\/wellisparts.siteapp.hu\\\/de\\\/\",\"name\":\"Wellisparts\",\"description\":\"Wellis alkatr\u00e9sz \u00e9s kieg\u00e9sz\u00edt\u0151 webshop\",\"publisher\":{\"@id\":\"https:\\\/\\\/wellisparts.siteapp.hu\\\/de\\\/#organization\"},\"potentialAction\":[{\"@type\":\"SearchAction\",\"target\":{\"@type\":\"EntryPoint\",\"urlTemplate\":\"https:\\\/\\\/wellisparts.siteapp.hu\\\/de\\\/?s={search_term_string}\"},\"query-input\":{\"@type\":\"PropertyValueSpecification\",\"valueRequired\":true,\"valueName\":\"search_term_string\"}}],\"inLanguage\":\"de\"},{\"@type\":\"Organization\",\"@id\":\"https:\\\/\\\/wellisparts.siteapp.hu\\\/de\\\/#organization\",\"name\":\"Wellis\",\"url\":\"https:\\\/\\\/wellisparts.siteapp.hu\\\/de\\\/\",\"logo\":{\"@type\":\"ImageObject\",\"inLanguage\":\"de\",\"@id\":\"https:\\\/\\\/wellisparts.siteapp.hu\\\/de\\\/#\\\/schema\\\/logo\\\/image\\\/\",\"url\":\"https:\\\/\\\/wellisparts.siteapp.hu\\\/wp-content\\\/uploads\\\/2020\\\/04\\\/wellis-logo-gray-300x92-1.png\",\"contentUrl\":\"https:\\\/\\\/wellisparts.siteapp.hu\\\/wp-content\\\/uploads\\\/2020\\\/04\\\/wellis-logo-gray-300x92-1.png\",\"width\":300,\"height\":92,\"caption\":\"Wellis\"},\"image\":{\"@id\":\"https:\\\/\\\/wellisparts.siteapp.hu\\\/de\\\/#\\\/schema\\\/logo\\\/image\\\/\"},\"sameAs\":[\"https:\\\/\\\/www.facebook.com\\\/wellis.eu\",\"https:\\\/\\\/www.instagram.com\\\/wellis.spa\\\/\",\"https:\\\/\\\/www.linkedin.com\\\/company\\\/wellis\",\"https:\\\/\\\/www.youtube.com\\\/channel\\\/UCBfTfURbofhapZionQfC-Gg\"]}]}<\/script>\n<!-- \/ Yoast SEO Premium plugin. -->","yoast_head_json":{"title":"\u00dcber uns | Wellisparts","description":"A Wellis Magyarorsz\u00e1g Zrt. magyar gy\u00e1rt\u00f3k\u00e9nt piacvezet\u0151 szerepet t\u00f6lt be a hazai wellness berendez\u00e9seket gy\u00e1rt\u00f3 \u00e9s forgalmaz\u00f3 c\u00e9gek sor\u00e1ban","robots":{"index":"noindex","follow":"follow","max-snippet":"max-snippet:-1","max-image-preview":"max-image-preview:large","max-video-preview":"max-video-preview:-1"},"og_locale":"de_DE","og_type":"article","og_title":"\u00dcber uns","og_description":"A Wellis Magyarorsz\u00e1g Zrt. magyar gy\u00e1rt\u00f3k\u00e9nt piacvezet\u0151 szerepet t\u00f6lt be a hazai wellness berendez\u00e9seket gy\u00e1rt\u00f3 \u00e9s forgalmaz\u00f3 c\u00e9gek sor\u00e1ban","og_url":"https:\/\/wellisparts.siteapp.hu\/de\/ueber-uns\/","og_site_name":"Wellisparts","article_publisher":"https:\/\/www.facebook.com\/wellis.eu","article_modified_time":"2022-07-29T12:14:33+00:00","og_image":[{"width":1080,"height":1080,"url":"https:\/\/wellisparts.siteapp.hu\/wp-content\/uploads\/2020\/04\/wellis-hot-tube.jpg","type":"image\/jpeg"}],"twitter_card":"summary_large_image","twitter_misc":{"Gesch\u00e4tzte Lesezeit":"2\u00a0Minuten"},"schema":{"@context":"https:\/\/schema.org","@graph":[{"@type":"WebPage","@id":"https:\/\/wellisparts.siteapp.hu\/de\/ueber-uns\/","url":"https:\/\/wellisparts.siteapp.hu\/de\/ueber-uns\/","name":"\u00dcber uns | Wellisparts","isPartOf":{"@id":"https:\/\/wellisparts.siteapp.hu\/de\/#website"},"datePublished":"2016-06-13T16:11:07+00:00","dateModified":"2022-07-29T12:14:33+00:00","description":"A Wellis Magyarorsz\u00e1g Zrt. magyar gy\u00e1rt\u00f3k\u00e9nt piacvezet\u0151 szerepet t\u00f6lt be a hazai wellness berendez\u00e9seket gy\u00e1rt\u00f3 \u00e9s forgalmaz\u00f3 c\u00e9gek sor\u00e1ban","breadcrumb":{"@id":"https:\/\/wellisparts.siteapp.hu\/de\/ueber-uns\/#breadcrumb"},"inLanguage":"de","potentialAction":[{"@type":"ReadAction","target":["https:\/\/wellisparts.siteapp.hu\/de\/ueber-uns\/"]}]},{"@type":"BreadcrumbList","@id":"https:\/\/wellisparts.siteapp.hu\/de\/ueber-uns\/#breadcrumb","itemListElement":[{"@type":"ListItem","position":1,"name":"Home","item":"https:\/\/wellisparts.siteapp.hu\/de\/"},{"@type":"ListItem","position":2,"name":"\u00dcber uns"}]},{"@type":"WebSite","@id":"https:\/\/wellisparts.siteapp.hu\/de\/#website","url":"https:\/\/wellisparts.siteapp.hu\/de\/","name":"Wellisparts","description":"Wellis alkatr\u00e9sz \u00e9s kieg\u00e9sz\u00edt\u0151 webshop","publisher":{"@id":"https:\/\/wellisparts.siteapp.hu\/de\/#organization"},"potentialAction":[{"@type":"SearchAction","target":{"@type":"EntryPoint","urlTemplate":"https:\/\/wellisparts.siteapp.hu\/de\/?s={search_term_string}"},"query-input":{"@type":"PropertyValueSpecification","valueRequired":true,"valueName":"search_term_string"}}],"inLanguage":"de"},{"@type":"Organization","@id":"https:\/\/wellisparts.siteapp.hu\/de\/#organization","name":"Wellis","url":"https:\/\/wellisparts.siteapp.hu\/de\/","logo":{"@type":"ImageObject","inLanguage":"de","@id":"https:\/\/wellisparts.siteapp.hu\/de\/#\/schema\/logo\/image\/","url":"https:\/\/wellisparts.siteapp.hu\/wp-content\/uploads\/2020\/04\/wellis-logo-gray-300x92-1.png","contentUrl":"https:\/\/wellisparts.siteapp.hu\/wp-content\/uploads\/2020\/04\/wellis-logo-gray-300x92-1.png","width":300,"height":92,"caption":"Wellis"},"image":{"@id":"https:\/\/wellisparts.siteapp.hu\/de\/#\/schema\/logo\/image\/"},"sameAs":["https:\/\/www.facebook.com\/wellis.eu","https:\/\/www.instagram.com\/wellis.spa\/","https:\/\/www.linkedin.com\/company\/wellis","https:\/\/www.youtube.com\/channel\/UCBfTfURbofhapZionQfC-Gg"]}]}},"_links":{"self":[{"href":"https:\/\/wellisparts.siteapp.hu\/de\/wp-json\/wp\/v2\/pages\/27071","targetHints":{"allow":["GET"]}}],"collection":[{"href":"https:\/\/wellisparts.siteapp.hu\/de\/wp-json\/wp\/v2\/pages"}],"about":[{"href":"https:\/\/wellisparts.siteapp.hu\/de\/wp-json\/wp\/v2\/types\/page"}],"author":[{"embeddable":true,"href":"https:\/\/wellisparts.siteapp.hu\/de\/wp-json\/wp\/v2\/users\/1"}],"replies":[{"embeddable":true,"href":"https:\/\/wellisparts.siteapp.hu\/de\/wp-json\/wp\/v2\/comments?post=27071"}],"version-history":[{"count":2,"href":"https:\/\/wellisparts.siteapp.hu\/de\/wp-json\/wp\/v2\/pages\/27071\/revisions"}],"predecessor-version":[{"id":40395,"href":"https:\/\/wellisparts.siteapp.hu\/de\/wp-json\/wp\/v2\/pages\/27071\/revisions\/40395"}],"wp:attachment":[{"href":"https:\/\/wellisparts.siteapp.hu\/de\/wp-json\/wp\/v2\/media?parent=27071"}],"curies":[{"name":"wp","href":"https:\/\/api.w.org\/{rel}","templated":true}]}}