{"id":27182,"date":"2020-04-14T13:23:59","date_gmt":"2020-04-14T11:23:59","guid":{"rendered":"https:\/\/wellisparts.siteapp.hu\/ajanlatkeres\/"},"modified":"2022-09-02T15:54:43","modified_gmt":"2022-09-02T13:54:43","slug":"anfrage","status":"publish","type":"page","link":"https:\/\/wellisparts.siteapp.hu\/de\/anfrage\/","title":{"rendered":"Anfrage senden"},"content":{"rendered":"<div class=\"wpb-content-wrapper\"><p>[vc_row css=&#8221;.vc_custom_1588211467525{margin-top: 40px !important;}&#8221;][vc_column][vc_column_text]<\/p>\n<div class=\"woocommerce ywraq-wrapper ywraq-empty\">\n\t\t\t<div id=\"yith-ywraq-message\"><div class=\"ywraq-question-message\">\n\t<\/div>\n<\/div>\n\t\t\n\t\t\t\t<div class=\"ywraq-form-table-wrapper vertical\">\n\t\t\t<div class=\"ywraq-before-form\">\n\t<p class=\"ywraq_list_empty_message\">Deine Liste ist leer. Bitte f\u00fcge der Liste ein oder mehrere Produkte hinzu um ein Angebot einzuholen<p><p class=\"return-to-shop\"><a class=\"button wc-backward\" href=\"https:\/\/wellisparts.siteapp.hu\/products\/\">Zur\u00fcck zum Shop<\/a><\/p><\/div>\n\t\t\t\t\t<\/div>\n\t<\/div>\n\n<p>\n<p>[\/vc_column_text][\/vc_column][\/vc_row]<\/p>\n<\/div>","protected":false},"excerpt":{"rendered":"<p>[vc_row css=&#8221;.vc_custom_1588211467525{margin-top: 40px !important;}&#8221;][vc_column][vc_column_text] [\/vc_column_text][\/vc_column][\/vc_row]<\/p>\n","protected":false},"author":1,"featured_media":0,"parent":0,"menu_order":0,"comment_status":"closed","ping_status":"closed","template":"","meta":{"_acf_changed":false,"footnotes":""},"class_list":["post-27182","page","type-page","status-publish","hentry"],"acf":[],"yoast_head":"<!-- This site is optimized with the Yoast SEO Premium plugin v25.6 (Yoast SEO v27.3) - https:\/\/yoast.com\/product\/yoast-seo-premium-wordpress\/ -->\n<title>Anfrage senden | Wellisparts<\/title>\n<meta name=\"robots\" content=\"noindex, follow\" \/>\n<meta property=\"og:locale\" content=\"de_DE\" \/>\n<meta property=\"og:type\" content=\"article\" \/>\n<meta property=\"og:title\" content=\"Anfrage senden\" \/>\n<meta property=\"og:description\" content=\"[vc_row css=&#8221;.vc_custom_1588211467525{margin-top: 40px !important;}&#8221;][vc_column][vc_column_text] [\/vc_column_text][\/vc_column][\/vc_row]\" \/>\n<meta property=\"og:url\" content=\"https:\/\/wellisparts.siteapp.hu\/de\/anfrage\/\" \/>\n<meta property=\"og:site_name\" content=\"Wellisparts\" \/>\n<meta property=\"article:publisher\" content=\"https:\/\/www.facebook.com\/wellis.eu\" \/>\n<meta property=\"article:modified_time\" content=\"2022-09-02T13:54:43+00:00\" \/>\n<meta property=\"og:image\" content=\"https:\/\/wellisparts.siteapp.hu\/wp-content\/uploads\/2020\/04\/wellis-hot-tube.jpg\" \/>\n\t<meta property=\"og:image:width\" content=\"1080\" \/>\n\t<meta property=\"og:image:height\" content=\"1080\" \/>\n\t<meta property=\"og:image:type\" content=\"image\/jpeg\" \/>\n<meta name=\"twitter:card\" content=\"summary_large_image\" \/>\n<script type=\"application\/ld+json\" class=\"yoast-schema-graph\">{\"@context\":\"https:\\\/\\\/schema.org\",\"@graph\":[{\"@type\":\"WebPage\",\"@id\":\"https:\\\/\\\/wellisparts.siteapp.hu\\\/de\\\/anfrage\\\/\",\"url\":\"https:\\\/\\\/wellisparts.siteapp.hu\\\/de\\\/anfrage\\\/\",\"name\":\"Anfrage senden | Wellisparts\",\"isPartOf\":{\"@id\":\"https:\\\/\\\/wellisparts.siteapp.hu\\\/de\\\/#website\"},\"datePublished\":\"2020-04-14T11:23:59+00:00\",\"dateModified\":\"2022-09-02T13:54:43+00:00\",\"breadcrumb\":{\"@id\":\"https:\\\/\\\/wellisparts.siteapp.hu\\\/de\\\/anfrage\\\/#breadcrumb\"},\"inLanguage\":\"de\",\"potentialAction\":[{\"@type\":\"ReadAction\",\"target\":[\"https:\\\/\\\/wellisparts.siteapp.hu\\\/de\\\/anfrage\\\/\"]}]},{\"@type\":\"BreadcrumbList\",\"@id\":\"https:\\\/\\\/wellisparts.siteapp.hu\\\/de\\\/anfrage\\\/#breadcrumb\",\"itemListElement\":[{\"@type\":\"ListItem\",\"position\":1,\"name\":\"Home\",\"item\":\"https:\\\/\\\/wellisparts.siteapp.hu\\\/de\\\/\"},{\"@type\":\"ListItem\",\"position\":2,\"name\":\"Anfrage senden\"}]},{\"@type\":\"WebSite\",\"@id\":\"https:\\\/\\\/wellisparts.siteapp.hu\\\/de\\\/#website\",\"url\":\"https:\\\/\\\/wellisparts.siteapp.hu\\\/de\\\/\",\"name\":\"Wellisparts\",\"description\":\"Wellis alkatr\u00e9sz \u00e9s kieg\u00e9sz\u00edt\u0151 webshop\",\"publisher\":{\"@id\":\"https:\\\/\\\/wellisparts.siteapp.hu\\\/de\\\/#organization\"},\"potentialAction\":[{\"@type\":\"SearchAction\",\"target\":{\"@type\":\"EntryPoint\",\"urlTemplate\":\"https:\\\/\\\/wellisparts.siteapp.hu\\\/de\\\/?s={search_term_string}\"},\"query-input\":{\"@type\":\"PropertyValueSpecification\",\"valueRequired\":true,\"valueName\":\"search_term_string\"}}],\"inLanguage\":\"de\"},{\"@type\":\"Organization\",\"@id\":\"https:\\\/\\\/wellisparts.siteapp.hu\\\/de\\\/#organization\",\"name\":\"Wellis\",\"url\":\"https:\\\/\\\/wellisparts.siteapp.hu\\\/de\\\/\",\"logo\":{\"@type\":\"ImageObject\",\"inLanguage\":\"de\",\"@id\":\"https:\\\/\\\/wellisparts.siteapp.hu\\\/de\\\/#\\\/schema\\\/logo\\\/image\\\/\",\"url\":\"https:\\\/\\\/wellisparts.siteapp.hu\\\/wp-content\\\/uploads\\\/2020\\\/04\\\/wellis-logo-gray-300x92-1.png\",\"contentUrl\":\"https:\\\/\\\/wellisparts.siteapp.hu\\\/wp-content\\\/uploads\\\/2020\\\/04\\\/wellis-logo-gray-300x92-1.png\",\"width\":300,\"height\":92,\"caption\":\"Wellis\"},\"image\":{\"@id\":\"https:\\\/\\\/wellisparts.siteapp.hu\\\/de\\\/#\\\/schema\\\/logo\\\/image\\\/\"},\"sameAs\":[\"https:\\\/\\\/www.facebook.com\\\/wellis.eu\",\"https:\\\/\\\/www.instagram.com\\\/wellis.spa\\\/\",\"https:\\\/\\\/www.linkedin.com\\\/company\\\/wellis\",\"https:\\\/\\\/www.youtube.com\\\/channel\\\/UCBfTfURbofhapZionQfC-Gg\"]}]}<\/script>\n<!-- \/ Yoast SEO Premium plugin. -->","yoast_head_json":{"title":"Anfrage senden | Wellisparts","robots":{"index":"noindex","follow":"follow"},"og_locale":"de_DE","og_type":"article","og_title":"Anfrage senden","og_description":"[vc_row css=&#8221;.vc_custom_1588211467525{margin-top: 40px !important;}&#8221;][vc_column][vc_column_text] [\/vc_column_text][\/vc_column][\/vc_row]","og_url":"https:\/\/wellisparts.siteapp.hu\/de\/anfrage\/","og_site_name":"Wellisparts","article_publisher":"https:\/\/www.facebook.com\/wellis.eu","article_modified_time":"2022-09-02T13:54:43+00:00","og_image":[{"width":1080,"height":1080,"url":"https:\/\/wellisparts.siteapp.hu\/wp-content\/uploads\/2020\/04\/wellis-hot-tube.jpg","type":"image\/jpeg"}],"twitter_card":"summary_large_image","schema":{"@context":"https:\/\/schema.org","@graph":[{"@type":"WebPage","@id":"https:\/\/wellisparts.siteapp.hu\/de\/anfrage\/","url":"https:\/\/wellisparts.siteapp.hu\/de\/anfrage\/","name":"Anfrage senden | Wellisparts","isPartOf":{"@id":"https:\/\/wellisparts.siteapp.hu\/de\/#website"},"datePublished":"2020-04-14T11:23:59+00:00","dateModified":"2022-09-02T13:54:43+00:00","breadcrumb":{"@id":"https:\/\/wellisparts.siteapp.hu\/de\/anfrage\/#breadcrumb"},"inLanguage":"de","potentialAction":[{"@type":"ReadAction","target":["https:\/\/wellisparts.siteapp.hu\/de\/anfrage\/"]}]},{"@type":"BreadcrumbList","@id":"https:\/\/wellisparts.siteapp.hu\/de\/anfrage\/#breadcrumb","itemListElement":[{"@type":"ListItem","position":1,"name":"Home","item":"https:\/\/wellisparts.siteapp.hu\/de\/"},{"@type":"ListItem","position":2,"name":"Anfrage senden"}]},{"@type":"WebSite","@id":"https:\/\/wellisparts.siteapp.hu\/de\/#website","url":"https:\/\/wellisparts.siteapp.hu\/de\/","name":"Wellisparts","description":"Wellis alkatr\u00e9sz \u00e9s kieg\u00e9sz\u00edt\u0151 webshop","publisher":{"@id":"https:\/\/wellisparts.siteapp.hu\/de\/#organization"},"potentialAction":[{"@type":"SearchAction","target":{"@type":"EntryPoint","urlTemplate":"https:\/\/wellisparts.siteapp.hu\/de\/?s={search_term_string}"},"query-input":{"@type":"PropertyValueSpecification","valueRequired":true,"valueName":"search_term_string"}}],"inLanguage":"de"},{"@type":"Organization","@id":"https:\/\/wellisparts.siteapp.hu\/de\/#organization","name":"Wellis","url":"https:\/\/wellisparts.siteapp.hu\/de\/","logo":{"@type":"ImageObject","inLanguage":"de","@id":"https:\/\/wellisparts.siteapp.hu\/de\/#\/schema\/logo\/image\/","url":"https:\/\/wellisparts.siteapp.hu\/wp-content\/uploads\/2020\/04\/wellis-logo-gray-300x92-1.png","contentUrl":"https:\/\/wellisparts.siteapp.hu\/wp-content\/uploads\/2020\/04\/wellis-logo-gray-300x92-1.png","width":300,"height":92,"caption":"Wellis"},"image":{"@id":"https:\/\/wellisparts.siteapp.hu\/de\/#\/schema\/logo\/image\/"},"sameAs":["https:\/\/www.facebook.com\/wellis.eu","https:\/\/www.instagram.com\/wellis.spa\/","https:\/\/www.linkedin.com\/company\/wellis","https:\/\/www.youtube.com\/channel\/UCBfTfURbofhapZionQfC-Gg"]}]}},"_links":{"self":[{"href":"https:\/\/wellisparts.siteapp.hu\/de\/wp-json\/wp\/v2\/pages\/27182","targetHints":{"allow":["GET"]}}],"collection":[{"href":"https:\/\/wellisparts.siteapp.hu\/de\/wp-json\/wp\/v2\/pages"}],"about":[{"href":"https:\/\/wellisparts.siteapp.hu\/de\/wp-json\/wp\/v2\/types\/page"}],"author":[{"embeddable":true,"href":"https:\/\/wellisparts.siteapp.hu\/de\/wp-json\/wp\/v2\/users\/1"}],"replies":[{"embeddable":true,"href":"https:\/\/wellisparts.siteapp.hu\/de\/wp-json\/wp\/v2\/comments?post=27182"}],"version-history":[{"count":2,"href":"https:\/\/wellisparts.siteapp.hu\/de\/wp-json\/wp\/v2\/pages\/27182\/revisions"}],"predecessor-version":[{"id":41097,"href":"https:\/\/wellisparts.siteapp.hu\/de\/wp-json\/wp\/v2\/pages\/27182\/revisions\/41097"}],"wp:attachment":[{"href":"https:\/\/wellisparts.siteapp.hu\/de\/wp-json\/wp\/v2\/media?parent=27182"}],"curies":[{"name":"wp","href":"https:\/\/api.w.org\/{rel}","templated":true}]}}