{"id":43711,"date":"2022-10-04T11:28:13","date_gmt":"2022-10-04T09:28:13","guid":{"rendered":"https:\/\/wellisparts.siteapp.hu\/shop\/gummidichtung-fuer-wand-filtergehaeuseseite-1\/"},"modified":"2025-06-03T12:38:29","modified_gmt":"2025-06-03T10:38:29","slug":"gummidichtung-fuer-wand-filtergehaeuseseite-1","status":"publish","type":"product","link":"https:\/\/wellisparts.siteapp.hu\/de\/shop\/gummidichtung-fuer-wand-filtergehaeuseseite-1\/","title":{"rendered":"Gummidichtung f\u00fcr Wand Filtergeh\u00e4useseite 1"},"content":{"rendered":"<p>Gewicht: 0,005 kg; Material: Silikon; Gr\u00f6\u00dfe: 250x250x2 mm \u00c4hnliches Produkt: AM01077<\/p>\n","protected":false},"excerpt":{"rendered":"<p>Gummidichtung f\u00fcr Wand Filtergeh\u00e4useseite 1 &#8211;  &#8211;<\/p>\n","protected":false},"featured_media":42623,"template":"","meta":{"_acf_changed":false},"product_brand":[],"product_cat":[1314,1260],"product_tag":[],"class_list":{"0":"post-43711","1":"product","2":"type-product","3":"status-publish","4":"has-post-thumbnail","6":"product_cat-filterhaus","7":"product_cat-spa-ersatzteile","9":"first","10":"instock","11":"taxable","12":"shipping-taxable","13":"purchasable","14":"product-type-simple"},"acf":[],"yoast_head":"<!-- This site is optimized with the Yoast SEO Premium plugin v25.6 (Yoast SEO v27.3) - https:\/\/yoast.com\/product\/yoast-seo-premium-wordpress\/ -->\n<title>Gummidichtung f\u00fcr Wand Filtergeh\u00e4useseite 1<\/title>\n<meta name=\"description\" content=\"Gummidichtung f\u00fcr Wand Filtergeh\u00e4useseite 1 - -\" \/>\n<meta name=\"robots\" content=\"noindex, follow, max-snippet:-1, max-image-preview:large, max-video-preview:-1\" \/>\n<meta property=\"og:locale\" content=\"de_DE\" \/>\n<meta property=\"og:type\" content=\"article\" \/>\n<meta property=\"og:title\" content=\"Gummidichtung f\u00fcr Wand Filtergeh\u00e4useseite 1\" \/>\n<meta property=\"og:description\" content=\"Gummidichtung f\u00fcr Wand Filtergeh\u00e4useseite 1 - -\" \/>\n<meta property=\"og:url\" content=\"https:\/\/wellisparts.siteapp.hu\/de\/shop\/gummidichtung-fuer-wand-filtergehaeuseseite-1\/\" \/>\n<meta property=\"og:site_name\" content=\"Wellisparts\" \/>\n<meta property=\"article:publisher\" content=\"https:\/\/www.facebook.com\/wellis.eu\" \/>\n<meta property=\"article:modified_time\" content=\"2025-06-03T10:38:29+00:00\" \/>\n<meta property=\"og:image\" content=\"https:\/\/wellisparts.siteapp.hu\/wp-content\/uploads\/2022\/10\/AE00502.jpg\" \/>\n\t<meta property=\"og:image:width\" content=\"800\" \/>\n\t<meta property=\"og:image:height\" content=\"800\" \/>\n\t<meta property=\"og:image:type\" content=\"image\/jpeg\" \/>\n<meta name=\"twitter:card\" content=\"summary_large_image\" \/>\n<meta name=\"twitter:label1\" content=\"Preis\" \/>\n\t<meta name=\"twitter:data1\" content=\"&euro;6,33+VAT\" \/>\n\t<meta name=\"twitter:label2\" content=\"Verf\u00fcgbarkeit\" \/>\n\t<meta name=\"twitter:data2\" content=\"Auf Lager\" \/>\n<script type=\"application\/ld+json\" class=\"yoast-schema-graph\">{\"@context\":\"https:\\\/\\\/schema.org\",\"@graph\":[{\"@type\":\"WebPage\",\"@id\":\"https:\\\/\\\/wellisparts.siteapp.hu\\\/de\\\/shop\\\/gummidichtung-fuer-wand-filtergehaeuseseite-1\\\/\",\"url\":\"https:\\\/\\\/wellisparts.siteapp.hu\\\/de\\\/shop\\\/gummidichtung-fuer-wand-filtergehaeuseseite-1\\\/\",\"name\":\"Gummidichtung f\u00fcr Wand Filtergeh\u00e4useseite 1\",\"isPartOf\":{\"@id\":\"https:\\\/\\\/wellisparts.siteapp.hu\\\/de\\\/#website\"},\"primaryImageOfPage\":{\"@id\":\"https:\\\/\\\/wellisparts.siteapp.hu\\\/de\\\/shop\\\/gummidichtung-fuer-wand-filtergehaeuseseite-1\\\/#primaryimage\"},\"image\":{\"@id\":\"https:\\\/\\\/wellisparts.siteapp.hu\\\/de\\\/shop\\\/gummidichtung-fuer-wand-filtergehaeuseseite-1\\\/#primaryimage\"},\"thumbnailUrl\":\"https:\\\/\\\/wellisparts.siteapp.hu\\\/wp-content\\\/uploads\\\/2022\\\/10\\\/AE00502.jpg\",\"datePublished\":\"2022-10-04T09:28:13+00:00\",\"dateModified\":\"2025-06-03T10:38:29+00:00\",\"description\":\"Gummidichtung f\u00fcr Wand Filtergeh\u00e4useseite 1 - -\",\"breadcrumb\":{\"@id\":\"https:\\\/\\\/wellisparts.siteapp.hu\\\/de\\\/shop\\\/gummidichtung-fuer-wand-filtergehaeuseseite-1\\\/#breadcrumb\"},\"inLanguage\":\"de\",\"potentialAction\":[{\"@type\":\"ReadAction\",\"target\":[\"https:\\\/\\\/wellisparts.siteapp.hu\\\/de\\\/shop\\\/gummidichtung-fuer-wand-filtergehaeuseseite-1\\\/\"]}]},{\"@type\":\"ImageObject\",\"inLanguage\":\"de\",\"@id\":\"https:\\\/\\\/wellisparts.siteapp.hu\\\/de\\\/shop\\\/gummidichtung-fuer-wand-filtergehaeuseseite-1\\\/#primaryimage\",\"url\":\"https:\\\/\\\/wellisparts.siteapp.hu\\\/wp-content\\\/uploads\\\/2022\\\/10\\\/AE00502.jpg\",\"contentUrl\":\"https:\\\/\\\/wellisparts.siteapp.hu\\\/wp-content\\\/uploads\\\/2022\\\/10\\\/AE00502.jpg\",\"width\":800,\"height\":800},{\"@type\":\"BreadcrumbList\",\"@id\":\"https:\\\/\\\/wellisparts.siteapp.hu\\\/de\\\/shop\\\/gummidichtung-fuer-wand-filtergehaeuseseite-1\\\/#breadcrumb\",\"itemListElement\":[{\"@type\":\"ListItem\",\"position\":1,\"name\":\"Home\",\"item\":\"https:\\\/\\\/wellisparts.siteapp.hu\\\/de\\\/\"},{\"@type\":\"ListItem\",\"position\":2,\"name\":\"Shop\",\"item\":\"https:\\\/\\\/wellisparts.siteapp.hu\\\/de\\\/shop\\\/\"},{\"@type\":\"ListItem\",\"position\":3,\"name\":\"Gummidichtung f\u00fcr Wand Filtergeh\u00e4useseite 1\"}]},{\"@type\":\"WebSite\",\"@id\":\"https:\\\/\\\/wellisparts.siteapp.hu\\\/de\\\/#website\",\"url\":\"https:\\\/\\\/wellisparts.siteapp.hu\\\/de\\\/\",\"name\":\"Wellisparts\",\"description\":\"Wellis alkatr\u00e9sz \u00e9s kieg\u00e9sz\u00edt\u0151 webshop\",\"publisher\":{\"@id\":\"https:\\\/\\\/wellisparts.siteapp.hu\\\/de\\\/#organization\"},\"potentialAction\":[{\"@type\":\"SearchAction\",\"target\":{\"@type\":\"EntryPoint\",\"urlTemplate\":\"https:\\\/\\\/wellisparts.siteapp.hu\\\/de\\\/?s={search_term_string}\"},\"query-input\":{\"@type\":\"PropertyValueSpecification\",\"valueRequired\":true,\"valueName\":\"search_term_string\"}}],\"inLanguage\":\"de\"},{\"@type\":\"Organization\",\"@id\":\"https:\\\/\\\/wellisparts.siteapp.hu\\\/de\\\/#organization\",\"name\":\"Wellis\",\"url\":\"https:\\\/\\\/wellisparts.siteapp.hu\\\/de\\\/\",\"logo\":{\"@type\":\"ImageObject\",\"inLanguage\":\"de\",\"@id\":\"https:\\\/\\\/wellisparts.siteapp.hu\\\/de\\\/#\\\/schema\\\/logo\\\/image\\\/\",\"url\":\"https:\\\/\\\/wellisparts.siteapp.hu\\\/wp-content\\\/uploads\\\/2020\\\/04\\\/wellis-logo-gray-300x92-1.png\",\"contentUrl\":\"https:\\\/\\\/wellisparts.siteapp.hu\\\/wp-content\\\/uploads\\\/2020\\\/04\\\/wellis-logo-gray-300x92-1.png\",\"width\":300,\"height\":92,\"caption\":\"Wellis\"},\"image\":{\"@id\":\"https:\\\/\\\/wellisparts.siteapp.hu\\\/de\\\/#\\\/schema\\\/logo\\\/image\\\/\"},\"sameAs\":[\"https:\\\/\\\/www.facebook.com\\\/wellis.eu\",\"https:\\\/\\\/www.instagram.com\\\/wellis.spa\\\/\",\"https:\\\/\\\/www.linkedin.com\\\/company\\\/wellis\",\"https:\\\/\\\/www.youtube.com\\\/channel\\\/UCBfTfURbofhapZionQfC-Gg\"]}]}<\/script>\n<meta property=\"product:price:amount\" content=\"6.33\" \/>\n<meta property=\"product:price:currency\" content=\"EUR\" \/>\n<meta property=\"og:availability\" content=\"instock\" \/>\n<meta property=\"product:availability\" content=\"instock\" \/>\n<meta property=\"product:retailer_item_id\" content=\"AE00502\" \/>\n<meta property=\"product:condition\" content=\"new\" \/>\n<!-- \/ Yoast SEO Premium plugin. -->","yoast_head_json":{"title":"Gummidichtung f\u00fcr Wand Filtergeh\u00e4useseite 1","description":"Gummidichtung f\u00fcr Wand Filtergeh\u00e4useseite 1 - -","robots":{"index":"noindex","follow":"follow","max-snippet":"max-snippet:-1","max-image-preview":"max-image-preview:large","max-video-preview":"max-video-preview:-1"},"og_locale":"de_DE","og_type":"article","og_title":"Gummidichtung f\u00fcr Wand Filtergeh\u00e4useseite 1","og_description":"Gummidichtung f\u00fcr Wand Filtergeh\u00e4useseite 1 - -","og_url":"https:\/\/wellisparts.siteapp.hu\/de\/shop\/gummidichtung-fuer-wand-filtergehaeuseseite-1\/","og_site_name":"Wellisparts","article_publisher":"https:\/\/www.facebook.com\/wellis.eu","article_modified_time":"2025-06-03T10:38:29+00:00","og_image":[{"width":800,"height":800,"url":"https:\/\/wellisparts.siteapp.hu\/wp-content\/uploads\/2022\/10\/AE00502.jpg","type":"image\/jpeg"}],"twitter_card":"summary_large_image","twitter_misc":{"Preis":"&euro;6,33+VAT","Verf\u00fcgbarkeit":"Auf Lager"},"schema":{"@context":"https:\/\/schema.org","@graph":[{"@type":"WebPage","@id":"https:\/\/wellisparts.siteapp.hu\/de\/shop\/gummidichtung-fuer-wand-filtergehaeuseseite-1\/","url":"https:\/\/wellisparts.siteapp.hu\/de\/shop\/gummidichtung-fuer-wand-filtergehaeuseseite-1\/","name":"Gummidichtung f\u00fcr Wand Filtergeh\u00e4useseite 1","isPartOf":{"@id":"https:\/\/wellisparts.siteapp.hu\/de\/#website"},"primaryImageOfPage":{"@id":"https:\/\/wellisparts.siteapp.hu\/de\/shop\/gummidichtung-fuer-wand-filtergehaeuseseite-1\/#primaryimage"},"image":{"@id":"https:\/\/wellisparts.siteapp.hu\/de\/shop\/gummidichtung-fuer-wand-filtergehaeuseseite-1\/#primaryimage"},"thumbnailUrl":"https:\/\/wellisparts.siteapp.hu\/wp-content\/uploads\/2022\/10\/AE00502.jpg","datePublished":"2022-10-04T09:28:13+00:00","dateModified":"2025-06-03T10:38:29+00:00","description":"Gummidichtung f\u00fcr Wand Filtergeh\u00e4useseite 1 - -","breadcrumb":{"@id":"https:\/\/wellisparts.siteapp.hu\/de\/shop\/gummidichtung-fuer-wand-filtergehaeuseseite-1\/#breadcrumb"},"inLanguage":"de","potentialAction":[{"@type":"ReadAction","target":["https:\/\/wellisparts.siteapp.hu\/de\/shop\/gummidichtung-fuer-wand-filtergehaeuseseite-1\/"]}]},{"@type":"ImageObject","inLanguage":"de","@id":"https:\/\/wellisparts.siteapp.hu\/de\/shop\/gummidichtung-fuer-wand-filtergehaeuseseite-1\/#primaryimage","url":"https:\/\/wellisparts.siteapp.hu\/wp-content\/uploads\/2022\/10\/AE00502.jpg","contentUrl":"https:\/\/wellisparts.siteapp.hu\/wp-content\/uploads\/2022\/10\/AE00502.jpg","width":800,"height":800},{"@type":"BreadcrumbList","@id":"https:\/\/wellisparts.siteapp.hu\/de\/shop\/gummidichtung-fuer-wand-filtergehaeuseseite-1\/#breadcrumb","itemListElement":[{"@type":"ListItem","position":1,"name":"Home","item":"https:\/\/wellisparts.siteapp.hu\/de\/"},{"@type":"ListItem","position":2,"name":"Shop","item":"https:\/\/wellisparts.siteapp.hu\/de\/shop\/"},{"@type":"ListItem","position":3,"name":"Gummidichtung f\u00fcr Wand Filtergeh\u00e4useseite 1"}]},{"@type":"WebSite","@id":"https:\/\/wellisparts.siteapp.hu\/de\/#website","url":"https:\/\/wellisparts.siteapp.hu\/de\/","name":"Wellisparts","description":"Wellis alkatr\u00e9sz \u00e9s kieg\u00e9sz\u00edt\u0151 webshop","publisher":{"@id":"https:\/\/wellisparts.siteapp.hu\/de\/#organization"},"potentialAction":[{"@type":"SearchAction","target":{"@type":"EntryPoint","urlTemplate":"https:\/\/wellisparts.siteapp.hu\/de\/?s={search_term_string}"},"query-input":{"@type":"PropertyValueSpecification","valueRequired":true,"valueName":"search_term_string"}}],"inLanguage":"de"},{"@type":"Organization","@id":"https:\/\/wellisparts.siteapp.hu\/de\/#organization","name":"Wellis","url":"https:\/\/wellisparts.siteapp.hu\/de\/","logo":{"@type":"ImageObject","inLanguage":"de","@id":"https:\/\/wellisparts.siteapp.hu\/de\/#\/schema\/logo\/image\/","url":"https:\/\/wellisparts.siteapp.hu\/wp-content\/uploads\/2020\/04\/wellis-logo-gray-300x92-1.png","contentUrl":"https:\/\/wellisparts.siteapp.hu\/wp-content\/uploads\/2020\/04\/wellis-logo-gray-300x92-1.png","width":300,"height":92,"caption":"Wellis"},"image":{"@id":"https:\/\/wellisparts.siteapp.hu\/de\/#\/schema\/logo\/image\/"},"sameAs":["https:\/\/www.facebook.com\/wellis.eu","https:\/\/www.instagram.com\/wellis.spa\/","https:\/\/www.linkedin.com\/company\/wellis","https:\/\/www.youtube.com\/channel\/UCBfTfURbofhapZionQfC-Gg"]}]},"product_price_amount":"6.33","product_price_currency":"EUR","og_availability":"instock","product_availability":"instock","product_retailer_item_id":"AE00502","product_condition":"new"},"_links":{"self":[{"href":"https:\/\/wellisparts.siteapp.hu\/de\/wp-json\/wp\/v2\/product\/43711","targetHints":{"allow":["GET"]}}],"collection":[{"href":"https:\/\/wellisparts.siteapp.hu\/de\/wp-json\/wp\/v2\/product"}],"about":[{"href":"https:\/\/wellisparts.siteapp.hu\/de\/wp-json\/wp\/v2\/types\/product"}],"wp:featuredmedia":[{"embeddable":true,"href":"https:\/\/wellisparts.siteapp.hu\/de\/wp-json\/wp\/v2\/media\/42623"}],"wp:attachment":[{"href":"https:\/\/wellisparts.siteapp.hu\/de\/wp-json\/wp\/v2\/media?parent=43711"}],"wp:term":[{"taxonomy":"product_brand","embeddable":true,"href":"https:\/\/wellisparts.siteapp.hu\/de\/wp-json\/wp\/v2\/product_brand?post=43711"},{"taxonomy":"product_cat","embeddable":true,"href":"https:\/\/wellisparts.siteapp.hu\/de\/wp-json\/wp\/v2\/product_cat?post=43711"},{"taxonomy":"product_tag","embeddable":true,"href":"https:\/\/wellisparts.siteapp.hu\/de\/wp-json\/wp\/v2\/product_tag?post=43711"}],"curies":[{"name":"wp","href":"https:\/\/api.w.org\/{rel}","templated":true}]}}