{"id":54684,"date":"2024-04-26T23:46:16","date_gmt":"2024-04-26T21:46:16","guid":{"rendered":"https:\/\/wellisparts.siteapp.hu\/?post_type=product&#038;p=54684"},"modified":"2025-03-10T20:44:30","modified_gmt":"2025-03-10T19:44:30","slug":"abdeckung-fur-pooldach-danube-rollcover-advtex","status":"publish","type":"product","link":"https:\/\/wellisparts.siteapp.hu\/de\/shop\/abdeckung-fur-pooldach-danube-rollcover-advtex\/","title":{"rendered":"Abdeckung f\u00fcr Pooldach Danube Rollcover BlackTex"},"content":{"rendered":"<p>UV-best\u00e4ndig, wetterbest\u00e4ndig, schwarzes AdvTex-Material. Die Roll-Up-Konstruktion erm\u00f6glicht einen einfachen Zugang zum Swim Spa-Pool. Sie kann an mehreren Stellen mit einem Zahlenschloss gesichert werden und ist in der genauen Gr\u00f6\u00dfe erh\u00e4ltlich, die f\u00fcr den jeweiligen Pool vorgesehen ist. Das Bild dient nur zur Veranschaulichung. Gr\u00f6\u00dfe: 4,5 x 2,35 m<\/p>\n","protected":false},"excerpt":{"rendered":"<p>Abdeckung f\u00fcr Pooldach Danube Rollcover BlackTex &#8211; Wellis Abdeckung &#8211; Neues BlackTex-Material<\/p>\n","protected":false},"featured_media":63019,"template":"","meta":{"_acf_changed":false},"product_brand":[],"product_cat":[2858,2856],"product_tag":[],"class_list":{"0":"post-54684","1":"product","2":"type-product","3":"status-publish","4":"has-post-thumbnail","6":"product_cat-neues-blacktex-material","7":"product_cat-wellis-abdeckung","8":"pa_szarmazasi-hely-cn-de","10":"first","11":"instock","12":"taxable","13":"shipping-taxable","14":"purchasable","15":"product-type-simple"},"acf":[],"yoast_head":"<!-- This site is optimized with the Yoast SEO Premium plugin v25.6 (Yoast SEO v27.3) - https:\/\/yoast.com\/product\/yoast-seo-premium-wordpress\/ -->\n<title>Abdeckung f\u00fcr Pooldach Danube Rollcover AdvTex<\/title>\n<meta name=\"description\" content=\"Abdeckung f\u00fcr Pooldach Danube Rollcover AdvTex - Wellis Abdeckung - Neues AdvTex-Material\" \/>\n<meta name=\"robots\" content=\"noindex, follow, max-snippet:-1, max-image-preview:large, max-video-preview:-1\" \/>\n<meta property=\"og:locale\" content=\"de_DE\" \/>\n<meta property=\"og:type\" content=\"article\" \/>\n<meta property=\"og:title\" content=\"Abdeckung f\u00fcr Pooldach Danube Rollcover BlackTex\" \/>\n<meta property=\"og:description\" content=\"Abdeckung f\u00fcr Pooldach Danube Rollcover AdvTex - Wellis Abdeckung - Neues AdvTex-Material\" \/>\n<meta property=\"og:url\" content=\"https:\/\/wellisparts.siteapp.hu\/de\/shop\/abdeckung-fur-pooldach-danube-rollcover-advtex\/\" \/>\n<meta property=\"og:site_name\" content=\"Wellisparts\" \/>\n<meta property=\"article:publisher\" content=\"https:\/\/www.facebook.com\/wellis.eu\" \/>\n<meta property=\"article:modified_time\" content=\"2025-03-10T19:44:30+00:00\" \/>\n<meta property=\"og:image\" content=\"https:\/\/wellisparts.siteapp.hu\/wp-content\/uploads\/2025\/02\/WT00274.jpg\" \/>\n\t<meta property=\"og:image:width\" content=\"800\" \/>\n\t<meta property=\"og:image:height\" content=\"800\" \/>\n\t<meta property=\"og:image:type\" content=\"image\/jpeg\" \/>\n<meta name=\"twitter:card\" content=\"summary_large_image\" \/>\n<meta name=\"twitter:label1\" content=\"Preis\" \/>\n\t<meta name=\"twitter:data1\" content=\"&euro;2.062,67+VAT\" \/>\n\t<meta name=\"twitter:label2\" content=\"Verf\u00fcgbarkeit\" \/>\n\t<meta name=\"twitter:data2\" content=\"Auf Lager\" \/>\n<script type=\"application\/ld+json\" class=\"yoast-schema-graph\">{\"@context\":\"https:\\\/\\\/schema.org\",\"@graph\":[{\"@type\":\"WebPage\",\"@id\":\"https:\\\/\\\/wellisparts.siteapp.hu\\\/de\\\/shop\\\/abdeckung-fur-pooldach-danube-rollcover-advtex\\\/\",\"url\":\"https:\\\/\\\/wellisparts.siteapp.hu\\\/de\\\/shop\\\/abdeckung-fur-pooldach-danube-rollcover-advtex\\\/\",\"name\":\"Abdeckung f\u00fcr Pooldach Danube Rollcover AdvTex\",\"isPartOf\":{\"@id\":\"https:\\\/\\\/wellisparts.siteapp.hu\\\/de\\\/#website\"},\"primaryImageOfPage\":{\"@id\":\"https:\\\/\\\/wellisparts.siteapp.hu\\\/de\\\/shop\\\/abdeckung-fur-pooldach-danube-rollcover-advtex\\\/#primaryimage\"},\"image\":{\"@id\":\"https:\\\/\\\/wellisparts.siteapp.hu\\\/de\\\/shop\\\/abdeckung-fur-pooldach-danube-rollcover-advtex\\\/#primaryimage\"},\"thumbnailUrl\":\"https:\\\/\\\/wellisparts.siteapp.hu\\\/wp-content\\\/uploads\\\/2025\\\/02\\\/WT00276.jpg\",\"datePublished\":\"2024-04-26T21:46:16+00:00\",\"dateModified\":\"2025-03-10T19:44:30+00:00\",\"description\":\"Abdeckung f\u00fcr Pooldach Danube Rollcover AdvTex - Wellis Abdeckung - Neues AdvTex-Material\",\"breadcrumb\":{\"@id\":\"https:\\\/\\\/wellisparts.siteapp.hu\\\/de\\\/shop\\\/abdeckung-fur-pooldach-danube-rollcover-advtex\\\/#breadcrumb\"},\"inLanguage\":\"de\",\"potentialAction\":[{\"@type\":\"ReadAction\",\"target\":[\"https:\\\/\\\/wellisparts.siteapp.hu\\\/de\\\/shop\\\/abdeckung-fur-pooldach-danube-rollcover-advtex\\\/\"]}]},{\"@type\":\"ImageObject\",\"inLanguage\":\"de\",\"@id\":\"https:\\\/\\\/wellisparts.siteapp.hu\\\/de\\\/shop\\\/abdeckung-fur-pooldach-danube-rollcover-advtex\\\/#primaryimage\",\"url\":\"https:\\\/\\\/wellisparts.siteapp.hu\\\/wp-content\\\/uploads\\\/2025\\\/02\\\/WT00276.jpg\",\"contentUrl\":\"https:\\\/\\\/wellisparts.siteapp.hu\\\/wp-content\\\/uploads\\\/2025\\\/02\\\/WT00276.jpg\",\"width\":800,\"height\":800},{\"@type\":\"BreadcrumbList\",\"@id\":\"https:\\\/\\\/wellisparts.siteapp.hu\\\/de\\\/shop\\\/abdeckung-fur-pooldach-danube-rollcover-advtex\\\/#breadcrumb\",\"itemListElement\":[{\"@type\":\"ListItem\",\"position\":1,\"name\":\"Home\",\"item\":\"https:\\\/\\\/wellisparts.siteapp.hu\\\/de\\\/\"},{\"@type\":\"ListItem\",\"position\":2,\"name\":\"Shop\",\"item\":\"https:\\\/\\\/wellisparts.siteapp.hu\\\/de\\\/shop\\\/\"},{\"@type\":\"ListItem\",\"position\":3,\"name\":\"Abdeckung f\u00fcr Pooldach Danube Rollcover BlackTex\"}]},{\"@type\":\"WebSite\",\"@id\":\"https:\\\/\\\/wellisparts.siteapp.hu\\\/de\\\/#website\",\"url\":\"https:\\\/\\\/wellisparts.siteapp.hu\\\/de\\\/\",\"name\":\"Wellisparts\",\"description\":\"Wellis alkatr\u00e9sz \u00e9s kieg\u00e9sz\u00edt\u0151 webshop\",\"publisher\":{\"@id\":\"https:\\\/\\\/wellisparts.siteapp.hu\\\/de\\\/#organization\"},\"potentialAction\":[{\"@type\":\"SearchAction\",\"target\":{\"@type\":\"EntryPoint\",\"urlTemplate\":\"https:\\\/\\\/wellisparts.siteapp.hu\\\/de\\\/?s={search_term_string}\"},\"query-input\":{\"@type\":\"PropertyValueSpecification\",\"valueRequired\":true,\"valueName\":\"search_term_string\"}}],\"inLanguage\":\"de\"},{\"@type\":\"Organization\",\"@id\":\"https:\\\/\\\/wellisparts.siteapp.hu\\\/de\\\/#organization\",\"name\":\"Wellis\",\"url\":\"https:\\\/\\\/wellisparts.siteapp.hu\\\/de\\\/\",\"logo\":{\"@type\":\"ImageObject\",\"inLanguage\":\"de\",\"@id\":\"https:\\\/\\\/wellisparts.siteapp.hu\\\/de\\\/#\\\/schema\\\/logo\\\/image\\\/\",\"url\":\"https:\\\/\\\/wellisparts.siteapp.hu\\\/wp-content\\\/uploads\\\/2020\\\/04\\\/wellis-logo-gray-300x92-1.png\",\"contentUrl\":\"https:\\\/\\\/wellisparts.siteapp.hu\\\/wp-content\\\/uploads\\\/2020\\\/04\\\/wellis-logo-gray-300x92-1.png\",\"width\":300,\"height\":92,\"caption\":\"Wellis\"},\"image\":{\"@id\":\"https:\\\/\\\/wellisparts.siteapp.hu\\\/de\\\/#\\\/schema\\\/logo\\\/image\\\/\"},\"sameAs\":[\"https:\\\/\\\/www.facebook.com\\\/wellis.eu\",\"https:\\\/\\\/www.instagram.com\\\/wellis.spa\\\/\",\"https:\\\/\\\/www.linkedin.com\\\/company\\\/wellis\",\"https:\\\/\\\/www.youtube.com\\\/channel\\\/UCBfTfURbofhapZionQfC-Gg\"]}]}<\/script>\n<meta property=\"product:price:amount\" content=\"2062.67\" \/>\n<meta property=\"product:price:currency\" content=\"EUR\" \/>\n<meta property=\"og:availability\" content=\"instock\" \/>\n<meta property=\"product:availability\" content=\"instock\" \/>\n<meta property=\"product:retailer_item_id\" content=\"WT00274\" \/>\n<meta property=\"product:condition\" content=\"new\" \/>\n<!-- \/ Yoast SEO Premium plugin. -->","yoast_head_json":{"title":"Abdeckung f\u00fcr Pooldach Danube Rollcover AdvTex","description":"Abdeckung f\u00fcr Pooldach Danube Rollcover AdvTex - Wellis Abdeckung - Neues AdvTex-Material","robots":{"index":"noindex","follow":"follow","max-snippet":"max-snippet:-1","max-image-preview":"max-image-preview:large","max-video-preview":"max-video-preview:-1"},"og_locale":"de_DE","og_type":"article","og_title":"Abdeckung f\u00fcr Pooldach Danube Rollcover BlackTex","og_description":"Abdeckung f\u00fcr Pooldach Danube Rollcover AdvTex - Wellis Abdeckung - Neues AdvTex-Material","og_url":"https:\/\/wellisparts.siteapp.hu\/de\/shop\/abdeckung-fur-pooldach-danube-rollcover-advtex\/","og_site_name":"Wellisparts","article_publisher":"https:\/\/www.facebook.com\/wellis.eu","article_modified_time":"2025-03-10T19:44:30+00:00","og_image":[{"width":800,"height":800,"url":"https:\/\/wellisparts.siteapp.hu\/wp-content\/uploads\/2025\/02\/WT00274.jpg","type":"image\/jpeg"}],"twitter_card":"summary_large_image","twitter_misc":{"Preis":"&euro;2.062,67+VAT","Verf\u00fcgbarkeit":"Auf Lager"},"schema":{"@context":"https:\/\/schema.org","@graph":[{"@type":"WebPage","@id":"https:\/\/wellisparts.siteapp.hu\/de\/shop\/abdeckung-fur-pooldach-danube-rollcover-advtex\/","url":"https:\/\/wellisparts.siteapp.hu\/de\/shop\/abdeckung-fur-pooldach-danube-rollcover-advtex\/","name":"Abdeckung f\u00fcr Pooldach Danube Rollcover AdvTex","isPartOf":{"@id":"https:\/\/wellisparts.siteapp.hu\/de\/#website"},"primaryImageOfPage":{"@id":"https:\/\/wellisparts.siteapp.hu\/de\/shop\/abdeckung-fur-pooldach-danube-rollcover-advtex\/#primaryimage"},"image":{"@id":"https:\/\/wellisparts.siteapp.hu\/de\/shop\/abdeckung-fur-pooldach-danube-rollcover-advtex\/#primaryimage"},"thumbnailUrl":"https:\/\/wellisparts.siteapp.hu\/wp-content\/uploads\/2025\/02\/WT00276.jpg","datePublished":"2024-04-26T21:46:16+00:00","dateModified":"2025-03-10T19:44:30+00:00","description":"Abdeckung f\u00fcr Pooldach Danube Rollcover AdvTex - Wellis Abdeckung - Neues AdvTex-Material","breadcrumb":{"@id":"https:\/\/wellisparts.siteapp.hu\/de\/shop\/abdeckung-fur-pooldach-danube-rollcover-advtex\/#breadcrumb"},"inLanguage":"de","potentialAction":[{"@type":"ReadAction","target":["https:\/\/wellisparts.siteapp.hu\/de\/shop\/abdeckung-fur-pooldach-danube-rollcover-advtex\/"]}]},{"@type":"ImageObject","inLanguage":"de","@id":"https:\/\/wellisparts.siteapp.hu\/de\/shop\/abdeckung-fur-pooldach-danube-rollcover-advtex\/#primaryimage","url":"https:\/\/wellisparts.siteapp.hu\/wp-content\/uploads\/2025\/02\/WT00276.jpg","contentUrl":"https:\/\/wellisparts.siteapp.hu\/wp-content\/uploads\/2025\/02\/WT00276.jpg","width":800,"height":800},{"@type":"BreadcrumbList","@id":"https:\/\/wellisparts.siteapp.hu\/de\/shop\/abdeckung-fur-pooldach-danube-rollcover-advtex\/#breadcrumb","itemListElement":[{"@type":"ListItem","position":1,"name":"Home","item":"https:\/\/wellisparts.siteapp.hu\/de\/"},{"@type":"ListItem","position":2,"name":"Shop","item":"https:\/\/wellisparts.siteapp.hu\/de\/shop\/"},{"@type":"ListItem","position":3,"name":"Abdeckung f\u00fcr Pooldach Danube Rollcover BlackTex"}]},{"@type":"WebSite","@id":"https:\/\/wellisparts.siteapp.hu\/de\/#website","url":"https:\/\/wellisparts.siteapp.hu\/de\/","name":"Wellisparts","description":"Wellis alkatr\u00e9sz \u00e9s kieg\u00e9sz\u00edt\u0151 webshop","publisher":{"@id":"https:\/\/wellisparts.siteapp.hu\/de\/#organization"},"potentialAction":[{"@type":"SearchAction","target":{"@type":"EntryPoint","urlTemplate":"https:\/\/wellisparts.siteapp.hu\/de\/?s={search_term_string}"},"query-input":{"@type":"PropertyValueSpecification","valueRequired":true,"valueName":"search_term_string"}}],"inLanguage":"de"},{"@type":"Organization","@id":"https:\/\/wellisparts.siteapp.hu\/de\/#organization","name":"Wellis","url":"https:\/\/wellisparts.siteapp.hu\/de\/","logo":{"@type":"ImageObject","inLanguage":"de","@id":"https:\/\/wellisparts.siteapp.hu\/de\/#\/schema\/logo\/image\/","url":"https:\/\/wellisparts.siteapp.hu\/wp-content\/uploads\/2020\/04\/wellis-logo-gray-300x92-1.png","contentUrl":"https:\/\/wellisparts.siteapp.hu\/wp-content\/uploads\/2020\/04\/wellis-logo-gray-300x92-1.png","width":300,"height":92,"caption":"Wellis"},"image":{"@id":"https:\/\/wellisparts.siteapp.hu\/de\/#\/schema\/logo\/image\/"},"sameAs":["https:\/\/www.facebook.com\/wellis.eu","https:\/\/www.instagram.com\/wellis.spa\/","https:\/\/www.linkedin.com\/company\/wellis","https:\/\/www.youtube.com\/channel\/UCBfTfURbofhapZionQfC-Gg"]}]},"product_price_amount":"2062.67","product_price_currency":"EUR","og_availability":"instock","product_availability":"instock","product_retailer_item_id":"WT00274","product_condition":"new"},"_links":{"self":[{"href":"https:\/\/wellisparts.siteapp.hu\/de\/wp-json\/wp\/v2\/product\/54684","targetHints":{"allow":["GET"]}}],"collection":[{"href":"https:\/\/wellisparts.siteapp.hu\/de\/wp-json\/wp\/v2\/product"}],"about":[{"href":"https:\/\/wellisparts.siteapp.hu\/de\/wp-json\/wp\/v2\/types\/product"}],"wp:featuredmedia":[{"embeddable":true,"href":"https:\/\/wellisparts.siteapp.hu\/de\/wp-json\/wp\/v2\/media\/63019"}],"wp:attachment":[{"href":"https:\/\/wellisparts.siteapp.hu\/de\/wp-json\/wp\/v2\/media?parent=54684"}],"wp:term":[{"taxonomy":"product_brand","embeddable":true,"href":"https:\/\/wellisparts.siteapp.hu\/de\/wp-json\/wp\/v2\/product_brand?post=54684"},{"taxonomy":"product_cat","embeddable":true,"href":"https:\/\/wellisparts.siteapp.hu\/de\/wp-json\/wp\/v2\/product_cat?post=54684"},{"taxonomy":"product_tag","embeddable":true,"href":"https:\/\/wellisparts.siteapp.hu\/de\/wp-json\/wp\/v2\/product_tag?post=54684"}],"curies":[{"name":"wp","href":"https:\/\/api.w.org\/{rel}","templated":true}]}}