{"id":58969,"date":"2024-04-26T00:00:00","date_gmt":"2024-04-25T22:00:00","guid":{"rendered":"https:\/\/wellisparts.siteapp.hu\/shop\/ich-passe-50-ellenbogen-im-90-grad-winkel-an\/"},"modified":"2025-03-10T20:45:54","modified_gmt":"2025-03-10T19:45:54","slug":"ich-passe-50-ellenbogen-im-90-grad-winkel-an","status":"publish","type":"product","link":"https:\/\/wellisparts.siteapp.hu\/de\/shop\/ich-passe-50-ellenbogen-im-90-grad-winkel-an\/","title":{"rendered":"Ich passe 50 Ellenbogen im 90-Grad-Winkel an"},"content":{"rendered":"<p>DN: 50mm SS Anschluss | Material PVC | Farbe: wei\u00df | ~50 C\u00b0 | Alle Anschl\u00fcsse sind klebebar | A: 50mm | B: 58mm | C: 92 mm<\/p>\n","protected":false},"excerpt":{"rendered":"<p>Ich passe 50 Ellenbogen im 90-Grad-Winkel an &#8211; Spa Zubeh\u00f6r &#8211; Fittinge<\/p>\n","protected":false},"featured_media":59078,"template":"","meta":{"_acf_changed":false},"product_brand":[],"product_cat":[1287,1260],"product_tag":[],"class_list":{"0":"post-58969","1":"product","2":"type-product","3":"status-publish","4":"has-post-thumbnail","6":"product_cat-fittinge","7":"product_cat-spa-ersatzteile","8":"pa_szarmazasi-hely-cn-de","10":"first","11":"instock","12":"taxable","13":"shipping-taxable","14":"purchasable","15":"product-type-simple"},"acf":[],"yoast_head":"<!-- This site is optimized with the Yoast SEO Premium plugin v25.6 (Yoast SEO v27.3) - https:\/\/yoast.com\/product\/yoast-seo-premium-wordpress\/ -->\n<title>Ich passe 50 Ellenbogen im 90-Grad-Winkel an<\/title>\n<meta name=\"description\" content=\"Ich passe 50 Ellenbogen im 90-Grad-Winkel an - Spa Zubeh\u00f6r - Fittinge\" \/>\n<meta name=\"robots\" content=\"noindex, follow, max-snippet:-1, max-image-preview:large, max-video-preview:-1\" \/>\n<meta property=\"og:locale\" content=\"de_DE\" \/>\n<meta property=\"og:type\" content=\"article\" \/>\n<meta property=\"og:title\" content=\"Ich passe 50 Ellenbogen im 90-Grad-Winkel an\" \/>\n<meta property=\"og:description\" content=\"Ich passe 50 Ellenbogen im 90-Grad-Winkel an - Spa Zubeh\u00f6r - Fittinge\" \/>\n<meta property=\"og:url\" content=\"https:\/\/wellisparts.siteapp.hu\/de\/shop\/ich-passe-50-ellenbogen-im-90-grad-winkel-an\/\" \/>\n<meta property=\"og:site_name\" content=\"Wellisparts\" \/>\n<meta property=\"article:publisher\" content=\"https:\/\/www.facebook.com\/wellis.eu\" \/>\n<meta property=\"article:modified_time\" content=\"2025-03-10T19:45:54+00:00\" \/>\n<meta property=\"og:image\" content=\"https:\/\/wellisparts.siteapp.hu\/wp-content\/uploads\/2024\/08\/ABE0048.jpg\" \/>\n\t<meta property=\"og:image:width\" content=\"800\" \/>\n\t<meta property=\"og:image:height\" content=\"800\" \/>\n\t<meta property=\"og:image:type\" content=\"image\/jpeg\" \/>\n<meta name=\"twitter:card\" content=\"summary_large_image\" \/>\n<meta name=\"twitter:label1\" content=\"Preis\" \/>\n\t<meta name=\"twitter:data1\" content=\"&euro;4,19+VAT\" \/>\n\t<meta name=\"twitter:label2\" content=\"Verf\u00fcgbarkeit\" \/>\n\t<meta name=\"twitter:data2\" content=\"Auf Lager\" \/>\n<script type=\"application\/ld+json\" class=\"yoast-schema-graph\">{\"@context\":\"https:\\\/\\\/schema.org\",\"@graph\":[{\"@type\":\"WebPage\",\"@id\":\"https:\\\/\\\/wellisparts.siteapp.hu\\\/de\\\/shop\\\/ich-passe-50-ellenbogen-im-90-grad-winkel-an\\\/\",\"url\":\"https:\\\/\\\/wellisparts.siteapp.hu\\\/de\\\/shop\\\/ich-passe-50-ellenbogen-im-90-grad-winkel-an\\\/\",\"name\":\"Ich passe 50 Ellenbogen im 90-Grad-Winkel an\",\"isPartOf\":{\"@id\":\"https:\\\/\\\/wellisparts.siteapp.hu\\\/de\\\/#website\"},\"primaryImageOfPage\":{\"@id\":\"https:\\\/\\\/wellisparts.siteapp.hu\\\/de\\\/shop\\\/ich-passe-50-ellenbogen-im-90-grad-winkel-an\\\/#primaryimage\"},\"image\":{\"@id\":\"https:\\\/\\\/wellisparts.siteapp.hu\\\/de\\\/shop\\\/ich-passe-50-ellenbogen-im-90-grad-winkel-an\\\/#primaryimage\"},\"thumbnailUrl\":\"https:\\\/\\\/wellisparts.siteapp.hu\\\/wp-content\\\/uploads\\\/2024\\\/08\\\/ABE0048.jpg\",\"datePublished\":\"2024-04-25T22:00:00+00:00\",\"dateModified\":\"2025-03-10T19:45:54+00:00\",\"description\":\"Ich passe 50 Ellenbogen im 90-Grad-Winkel an - Spa Zubeh\u00f6r - Fittinge\",\"breadcrumb\":{\"@id\":\"https:\\\/\\\/wellisparts.siteapp.hu\\\/de\\\/shop\\\/ich-passe-50-ellenbogen-im-90-grad-winkel-an\\\/#breadcrumb\"},\"inLanguage\":\"de\",\"potentialAction\":[{\"@type\":\"ReadAction\",\"target\":[\"https:\\\/\\\/wellisparts.siteapp.hu\\\/de\\\/shop\\\/ich-passe-50-ellenbogen-im-90-grad-winkel-an\\\/\"]}]},{\"@type\":\"ImageObject\",\"inLanguage\":\"de\",\"@id\":\"https:\\\/\\\/wellisparts.siteapp.hu\\\/de\\\/shop\\\/ich-passe-50-ellenbogen-im-90-grad-winkel-an\\\/#primaryimage\",\"url\":\"https:\\\/\\\/wellisparts.siteapp.hu\\\/wp-content\\\/uploads\\\/2024\\\/08\\\/ABE0048.jpg\",\"contentUrl\":\"https:\\\/\\\/wellisparts.siteapp.hu\\\/wp-content\\\/uploads\\\/2024\\\/08\\\/ABE0048.jpg\",\"width\":800,\"height\":800},{\"@type\":\"BreadcrumbList\",\"@id\":\"https:\\\/\\\/wellisparts.siteapp.hu\\\/de\\\/shop\\\/ich-passe-50-ellenbogen-im-90-grad-winkel-an\\\/#breadcrumb\",\"itemListElement\":[{\"@type\":\"ListItem\",\"position\":1,\"name\":\"Home\",\"item\":\"https:\\\/\\\/wellisparts.siteapp.hu\\\/de\\\/\"},{\"@type\":\"ListItem\",\"position\":2,\"name\":\"Shop\",\"item\":\"https:\\\/\\\/wellisparts.siteapp.hu\\\/de\\\/shop\\\/\"},{\"@type\":\"ListItem\",\"position\":3,\"name\":\"Ich passe 50 Ellenbogen im 90-Grad-Winkel an\"}]},{\"@type\":\"WebSite\",\"@id\":\"https:\\\/\\\/wellisparts.siteapp.hu\\\/de\\\/#website\",\"url\":\"https:\\\/\\\/wellisparts.siteapp.hu\\\/de\\\/\",\"name\":\"Wellisparts\",\"description\":\"Wellis alkatr\u00e9sz \u00e9s kieg\u00e9sz\u00edt\u0151 webshop\",\"publisher\":{\"@id\":\"https:\\\/\\\/wellisparts.siteapp.hu\\\/de\\\/#organization\"},\"potentialAction\":[{\"@type\":\"SearchAction\",\"target\":{\"@type\":\"EntryPoint\",\"urlTemplate\":\"https:\\\/\\\/wellisparts.siteapp.hu\\\/de\\\/?s={search_term_string}\"},\"query-input\":{\"@type\":\"PropertyValueSpecification\",\"valueRequired\":true,\"valueName\":\"search_term_string\"}}],\"inLanguage\":\"de\"},{\"@type\":\"Organization\",\"@id\":\"https:\\\/\\\/wellisparts.siteapp.hu\\\/de\\\/#organization\",\"name\":\"Wellis\",\"url\":\"https:\\\/\\\/wellisparts.siteapp.hu\\\/de\\\/\",\"logo\":{\"@type\":\"ImageObject\",\"inLanguage\":\"de\",\"@id\":\"https:\\\/\\\/wellisparts.siteapp.hu\\\/de\\\/#\\\/schema\\\/logo\\\/image\\\/\",\"url\":\"https:\\\/\\\/wellisparts.siteapp.hu\\\/wp-content\\\/uploads\\\/2020\\\/04\\\/wellis-logo-gray-300x92-1.png\",\"contentUrl\":\"https:\\\/\\\/wellisparts.siteapp.hu\\\/wp-content\\\/uploads\\\/2020\\\/04\\\/wellis-logo-gray-300x92-1.png\",\"width\":300,\"height\":92,\"caption\":\"Wellis\"},\"image\":{\"@id\":\"https:\\\/\\\/wellisparts.siteapp.hu\\\/de\\\/#\\\/schema\\\/logo\\\/image\\\/\"},\"sameAs\":[\"https:\\\/\\\/www.facebook.com\\\/wellis.eu\",\"https:\\\/\\\/www.instagram.com\\\/wellis.spa\\\/\",\"https:\\\/\\\/www.linkedin.com\\\/company\\\/wellis\",\"https:\\\/\\\/www.youtube.com\\\/channel\\\/UCBfTfURbofhapZionQfC-Gg\"]}]}<\/script>\n<meta property=\"product:price:amount\" content=\"4.19\" \/>\n<meta property=\"product:price:currency\" content=\"EUR\" \/>\n<meta property=\"og:availability\" content=\"instock\" \/>\n<meta property=\"product:availability\" content=\"instock\" \/>\n<meta property=\"product:retailer_item_id\" content=\"ABE0048\" \/>\n<meta property=\"product:condition\" content=\"new\" \/>\n<!-- \/ Yoast SEO Premium plugin. -->","yoast_head_json":{"title":"Ich passe 50 Ellenbogen im 90-Grad-Winkel an","description":"Ich passe 50 Ellenbogen im 90-Grad-Winkel an - Spa Zubeh\u00f6r - Fittinge","robots":{"index":"noindex","follow":"follow","max-snippet":"max-snippet:-1","max-image-preview":"max-image-preview:large","max-video-preview":"max-video-preview:-1"},"og_locale":"de_DE","og_type":"article","og_title":"Ich passe 50 Ellenbogen im 90-Grad-Winkel an","og_description":"Ich passe 50 Ellenbogen im 90-Grad-Winkel an - Spa Zubeh\u00f6r - Fittinge","og_url":"https:\/\/wellisparts.siteapp.hu\/de\/shop\/ich-passe-50-ellenbogen-im-90-grad-winkel-an\/","og_site_name":"Wellisparts","article_publisher":"https:\/\/www.facebook.com\/wellis.eu","article_modified_time":"2025-03-10T19:45:54+00:00","og_image":[{"width":800,"height":800,"url":"https:\/\/wellisparts.siteapp.hu\/wp-content\/uploads\/2024\/08\/ABE0048.jpg","type":"image\/jpeg"}],"twitter_card":"summary_large_image","twitter_misc":{"Preis":"&euro;4,19+VAT","Verf\u00fcgbarkeit":"Auf Lager"},"schema":{"@context":"https:\/\/schema.org","@graph":[{"@type":"WebPage","@id":"https:\/\/wellisparts.siteapp.hu\/de\/shop\/ich-passe-50-ellenbogen-im-90-grad-winkel-an\/","url":"https:\/\/wellisparts.siteapp.hu\/de\/shop\/ich-passe-50-ellenbogen-im-90-grad-winkel-an\/","name":"Ich passe 50 Ellenbogen im 90-Grad-Winkel an","isPartOf":{"@id":"https:\/\/wellisparts.siteapp.hu\/de\/#website"},"primaryImageOfPage":{"@id":"https:\/\/wellisparts.siteapp.hu\/de\/shop\/ich-passe-50-ellenbogen-im-90-grad-winkel-an\/#primaryimage"},"image":{"@id":"https:\/\/wellisparts.siteapp.hu\/de\/shop\/ich-passe-50-ellenbogen-im-90-grad-winkel-an\/#primaryimage"},"thumbnailUrl":"https:\/\/wellisparts.siteapp.hu\/wp-content\/uploads\/2024\/08\/ABE0048.jpg","datePublished":"2024-04-25T22:00:00+00:00","dateModified":"2025-03-10T19:45:54+00:00","description":"Ich passe 50 Ellenbogen im 90-Grad-Winkel an - Spa Zubeh\u00f6r - Fittinge","breadcrumb":{"@id":"https:\/\/wellisparts.siteapp.hu\/de\/shop\/ich-passe-50-ellenbogen-im-90-grad-winkel-an\/#breadcrumb"},"inLanguage":"de","potentialAction":[{"@type":"ReadAction","target":["https:\/\/wellisparts.siteapp.hu\/de\/shop\/ich-passe-50-ellenbogen-im-90-grad-winkel-an\/"]}]},{"@type":"ImageObject","inLanguage":"de","@id":"https:\/\/wellisparts.siteapp.hu\/de\/shop\/ich-passe-50-ellenbogen-im-90-grad-winkel-an\/#primaryimage","url":"https:\/\/wellisparts.siteapp.hu\/wp-content\/uploads\/2024\/08\/ABE0048.jpg","contentUrl":"https:\/\/wellisparts.siteapp.hu\/wp-content\/uploads\/2024\/08\/ABE0048.jpg","width":800,"height":800},{"@type":"BreadcrumbList","@id":"https:\/\/wellisparts.siteapp.hu\/de\/shop\/ich-passe-50-ellenbogen-im-90-grad-winkel-an\/#breadcrumb","itemListElement":[{"@type":"ListItem","position":1,"name":"Home","item":"https:\/\/wellisparts.siteapp.hu\/de\/"},{"@type":"ListItem","position":2,"name":"Shop","item":"https:\/\/wellisparts.siteapp.hu\/de\/shop\/"},{"@type":"ListItem","position":3,"name":"Ich passe 50 Ellenbogen im 90-Grad-Winkel an"}]},{"@type":"WebSite","@id":"https:\/\/wellisparts.siteapp.hu\/de\/#website","url":"https:\/\/wellisparts.siteapp.hu\/de\/","name":"Wellisparts","description":"Wellis alkatr\u00e9sz \u00e9s kieg\u00e9sz\u00edt\u0151 webshop","publisher":{"@id":"https:\/\/wellisparts.siteapp.hu\/de\/#organization"},"potentialAction":[{"@type":"SearchAction","target":{"@type":"EntryPoint","urlTemplate":"https:\/\/wellisparts.siteapp.hu\/de\/?s={search_term_string}"},"query-input":{"@type":"PropertyValueSpecification","valueRequired":true,"valueName":"search_term_string"}}],"inLanguage":"de"},{"@type":"Organization","@id":"https:\/\/wellisparts.siteapp.hu\/de\/#organization","name":"Wellis","url":"https:\/\/wellisparts.siteapp.hu\/de\/","logo":{"@type":"ImageObject","inLanguage":"de","@id":"https:\/\/wellisparts.siteapp.hu\/de\/#\/schema\/logo\/image\/","url":"https:\/\/wellisparts.siteapp.hu\/wp-content\/uploads\/2020\/04\/wellis-logo-gray-300x92-1.png","contentUrl":"https:\/\/wellisparts.siteapp.hu\/wp-content\/uploads\/2020\/04\/wellis-logo-gray-300x92-1.png","width":300,"height":92,"caption":"Wellis"},"image":{"@id":"https:\/\/wellisparts.siteapp.hu\/de\/#\/schema\/logo\/image\/"},"sameAs":["https:\/\/www.facebook.com\/wellis.eu","https:\/\/www.instagram.com\/wellis.spa\/","https:\/\/www.linkedin.com\/company\/wellis","https:\/\/www.youtube.com\/channel\/UCBfTfURbofhapZionQfC-Gg"]}]},"product_price_amount":"4.19","product_price_currency":"EUR","og_availability":"instock","product_availability":"instock","product_retailer_item_id":"ABE0048","product_condition":"new"},"_links":{"self":[{"href":"https:\/\/wellisparts.siteapp.hu\/de\/wp-json\/wp\/v2\/product\/58969","targetHints":{"allow":["GET"]}}],"collection":[{"href":"https:\/\/wellisparts.siteapp.hu\/de\/wp-json\/wp\/v2\/product"}],"about":[{"href":"https:\/\/wellisparts.siteapp.hu\/de\/wp-json\/wp\/v2\/types\/product"}],"wp:featuredmedia":[{"embeddable":true,"href":"https:\/\/wellisparts.siteapp.hu\/de\/wp-json\/wp\/v2\/media\/59078"}],"wp:attachment":[{"href":"https:\/\/wellisparts.siteapp.hu\/de\/wp-json\/wp\/v2\/media?parent=58969"}],"wp:term":[{"taxonomy":"product_brand","embeddable":true,"href":"https:\/\/wellisparts.siteapp.hu\/de\/wp-json\/wp\/v2\/product_brand?post=58969"},{"taxonomy":"product_cat","embeddable":true,"href":"https:\/\/wellisparts.siteapp.hu\/de\/wp-json\/wp\/v2\/product_cat?post=58969"},{"taxonomy":"product_tag","embeddable":true,"href":"https:\/\/wellisparts.siteapp.hu\/de\/wp-json\/wp\/v2\/product_tag?post=58969"}],"curies":[{"name":"wp","href":"https:\/\/api.w.org\/{rel}","templated":true}]}}