{"id":67796,"date":"2025-10-18T09:39:08","date_gmt":"2025-10-18T07:39:08","guid":{"rendered":"https:\/\/wellisparts.siteapp.hu\/shop\/wis-inline-pro-sondenkammer-gecko-waterlab\/"},"modified":"2025-10-20T13:12:00","modified_gmt":"2025-10-20T11:12:00","slug":"wis-inline-pro-sondenkammer-gecko-waterlab","status":"publish","type":"product","link":"https:\/\/wellisparts.siteapp.hu\/de\/shop\/wis-inline-pro-sondenkammer-gecko-waterlab\/","title":{"rendered":"WIS InLine PRO Sondenkammer (Gecko Waterlab)"},"content":{"rendered":"","protected":false},"excerpt":{"rendered":"<p data-start=\"1330\" data-end=\"1481\"><strong>Integriertes System f\u00fcr Whirlpools<\/strong><br data-start=\"1364\" data-end=\"1367\" \/>Die Sondenkammer wurde so konzipiert, dass sie unauff\u00e4llig bleibt und sich perfekt in das Spa-System integriert.<\/p>\n<ul data-start=\"1483\" data-end=\"1812\">\n<li data-start=\"1483\" data-end=\"1523\">\n<p data-start=\"1485\" data-end=\"1523\">Keine st\u00f6renden Ger\u00e4te im Whirlpool;<\/p>\n<\/li>\n<li data-start=\"1524\" data-end=\"1605\">\n<p data-start=\"1526\" data-end=\"1605\">Einfache Installation in der Bypass-Leitung mit mehreren Einbaum\u00f6glichkeiten;<\/p>\n<\/li>\n<li data-start=\"1606\" data-end=\"1691\">\n<p data-start=\"1608\" data-end=\"1691\">Kein zus\u00e4tzlicher Wartungsaufwand beim Entleeren oder bei der Wintervorbereitung;<\/p>\n<\/li>\n<li data-start=\"1692\" data-end=\"1812\">\n<p data-start=\"1694\" data-end=\"1812\">Entwickelt, um die Lebensdauer der Sonde zu verl\u00e4ngern \u2013 sie bleibt immer im Wasser und der Wasserfluss ist reduziert.<\/p>\n<\/li>\n<\/ul>\n","protected":false},"featured_media":67755,"template":"","meta":{"_acf_changed":false},"product_brand":[],"product_cat":[1290,1260],"product_tag":[],"class_list":{"0":"post-67796","1":"product","2":"type-product","3":"status-publish","4":"has-post-thumbnail","6":"product_cat-gecko-de","7":"product_cat-spa-ersatzteile","9":"first","10":"outofstock","11":"taxable","12":"shipping-taxable","13":"purchasable","14":"product-type-simple"},"acf":[],"yoast_head":"<!-- This site is optimized with the Yoast SEO Premium plugin v25.6 (Yoast SEO v27.3) - https:\/\/yoast.com\/product\/yoast-seo-premium-wordpress\/ -->\n<title>WIS InLine PRO Sondenkammer (Gecko Waterlab) | Wellisparts<\/title>\n<meta name=\"robots\" content=\"noindex, follow, max-snippet:-1, max-image-preview:large, max-video-preview:-1\" \/>\n<meta property=\"og:locale\" content=\"de_DE\" \/>\n<meta property=\"og:type\" content=\"article\" \/>\n<meta property=\"og:title\" content=\"WIS InLine PRO Sondenkammer (Gecko Waterlab)\" \/>\n<meta property=\"og:description\" content=\"Integriertes System f\u00fcr WhirlpoolsDie Sondenkammer wurde so konzipiert, dass sie unauff\u00e4llig bleibt und sich perfekt in das Spa-System integriert.     Keine st\u00f6renden Ger\u00e4te im Whirlpool;    Einfache Installation in der Bypass-Leitung mit mehreren Einbaum\u00f6glichkeiten;    Kein zus\u00e4tzlicher Wartungsaufwand beim Entleeren oder bei der Wintervorbereitung;    Entwickelt, um die Lebensdauer der Sonde zu verl\u00e4ngern \u2013 sie bleibt immer im Wasser und der Wasserfluss ist reduziert.\" \/>\n<meta property=\"og:url\" content=\"https:\/\/wellisparts.siteapp.hu\/de\/shop\/wis-inline-pro-sondenkammer-gecko-waterlab\/\" \/>\n<meta property=\"og:site_name\" content=\"Wellisparts\" \/>\n<meta property=\"article:publisher\" content=\"https:\/\/www.facebook.com\/wellis.eu\" \/>\n<meta property=\"article:modified_time\" content=\"2025-10-20T11:12:00+00:00\" \/>\n<meta property=\"og:image\" content=\"https:\/\/wellisparts.siteapp.hu\/wp-content\/uploads\/2025\/10\/wis_inline_pro_szonda_haz.jpg\" \/>\n\t<meta property=\"og:image:width\" content=\"1200\" \/>\n\t<meta property=\"og:image:height\" content=\"1200\" \/>\n\t<meta property=\"og:image:type\" content=\"image\/jpeg\" \/>\n<meta name=\"twitter:card\" content=\"summary_large_image\" \/>\n<meta name=\"twitter:label1\" content=\"Preis\" \/>\n\t<meta name=\"twitter:data1\" content=\"&euro;76,78+VAT\" \/>\n\t<meta name=\"twitter:label2\" content=\"Verf\u00fcgbarkeit\" \/>\n\t<meta name=\"twitter:data2\" content=\"ausverkauft\" \/>\n<script type=\"application\/ld+json\" class=\"yoast-schema-graph\">{\"@context\":\"https:\\\/\\\/schema.org\",\"@graph\":[{\"@type\":\"WebPage\",\"@id\":\"https:\\\/\\\/wellisparts.siteapp.hu\\\/de\\\/shop\\\/wis-inline-pro-sondenkammer-gecko-waterlab\\\/\",\"url\":\"https:\\\/\\\/wellisparts.siteapp.hu\\\/de\\\/shop\\\/wis-inline-pro-sondenkammer-gecko-waterlab\\\/\",\"name\":\"WIS InLine PRO Sondenkammer (Gecko Waterlab) | Wellisparts\",\"isPartOf\":{\"@id\":\"https:\\\/\\\/wellisparts.siteapp.hu\\\/de\\\/#website\"},\"primaryImageOfPage\":{\"@id\":\"https:\\\/\\\/wellisparts.siteapp.hu\\\/de\\\/shop\\\/wis-inline-pro-sondenkammer-gecko-waterlab\\\/#primaryimage\"},\"image\":{\"@id\":\"https:\\\/\\\/wellisparts.siteapp.hu\\\/de\\\/shop\\\/wis-inline-pro-sondenkammer-gecko-waterlab\\\/#primaryimage\"},\"thumbnailUrl\":\"https:\\\/\\\/wellisparts.siteapp.hu\\\/wp-content\\\/uploads\\\/2025\\\/10\\\/wis_inline_pro_szonda_haz.jpg\",\"datePublished\":\"2025-10-18T07:39:08+00:00\",\"dateModified\":\"2025-10-20T11:12:00+00:00\",\"breadcrumb\":{\"@id\":\"https:\\\/\\\/wellisparts.siteapp.hu\\\/de\\\/shop\\\/wis-inline-pro-sondenkammer-gecko-waterlab\\\/#breadcrumb\"},\"inLanguage\":\"de\",\"potentialAction\":[{\"@type\":\"ReadAction\",\"target\":[\"https:\\\/\\\/wellisparts.siteapp.hu\\\/de\\\/shop\\\/wis-inline-pro-sondenkammer-gecko-waterlab\\\/\"]}]},{\"@type\":\"ImageObject\",\"inLanguage\":\"de\",\"@id\":\"https:\\\/\\\/wellisparts.siteapp.hu\\\/de\\\/shop\\\/wis-inline-pro-sondenkammer-gecko-waterlab\\\/#primaryimage\",\"url\":\"https:\\\/\\\/wellisparts.siteapp.hu\\\/wp-content\\\/uploads\\\/2025\\\/10\\\/wis_inline_pro_szonda_haz.jpg\",\"contentUrl\":\"https:\\\/\\\/wellisparts.siteapp.hu\\\/wp-content\\\/uploads\\\/2025\\\/10\\\/wis_inline_pro_szonda_haz.jpg\",\"width\":1200,\"height\":1200,\"caption\":\"wis inline pro sondenkammer\"},{\"@type\":\"BreadcrumbList\",\"@id\":\"https:\\\/\\\/wellisparts.siteapp.hu\\\/de\\\/shop\\\/wis-inline-pro-sondenkammer-gecko-waterlab\\\/#breadcrumb\",\"itemListElement\":[{\"@type\":\"ListItem\",\"position\":1,\"name\":\"Home\",\"item\":\"https:\\\/\\\/wellisparts.siteapp.hu\\\/de\\\/\"},{\"@type\":\"ListItem\",\"position\":2,\"name\":\"Shop\",\"item\":\"https:\\\/\\\/wellisparts.siteapp.hu\\\/de\\\/shop\\\/\"},{\"@type\":\"ListItem\",\"position\":3,\"name\":\"WIS InLine PRO Sondenkammer (Gecko Waterlab)\"}]},{\"@type\":\"WebSite\",\"@id\":\"https:\\\/\\\/wellisparts.siteapp.hu\\\/de\\\/#website\",\"url\":\"https:\\\/\\\/wellisparts.siteapp.hu\\\/de\\\/\",\"name\":\"Wellisparts\",\"description\":\"Wellis alkatr\u00e9sz \u00e9s kieg\u00e9sz\u00edt\u0151 webshop\",\"publisher\":{\"@id\":\"https:\\\/\\\/wellisparts.siteapp.hu\\\/de\\\/#organization\"},\"potentialAction\":[{\"@type\":\"SearchAction\",\"target\":{\"@type\":\"EntryPoint\",\"urlTemplate\":\"https:\\\/\\\/wellisparts.siteapp.hu\\\/de\\\/?s={search_term_string}\"},\"query-input\":{\"@type\":\"PropertyValueSpecification\",\"valueRequired\":true,\"valueName\":\"search_term_string\"}}],\"inLanguage\":\"de\"},{\"@type\":\"Organization\",\"@id\":\"https:\\\/\\\/wellisparts.siteapp.hu\\\/de\\\/#organization\",\"name\":\"Wellis\",\"url\":\"https:\\\/\\\/wellisparts.siteapp.hu\\\/de\\\/\",\"logo\":{\"@type\":\"ImageObject\",\"inLanguage\":\"de\",\"@id\":\"https:\\\/\\\/wellisparts.siteapp.hu\\\/de\\\/#\\\/schema\\\/logo\\\/image\\\/\",\"url\":\"https:\\\/\\\/wellisparts.siteapp.hu\\\/wp-content\\\/uploads\\\/2020\\\/04\\\/wellis-logo-gray-300x92-1.png\",\"contentUrl\":\"https:\\\/\\\/wellisparts.siteapp.hu\\\/wp-content\\\/uploads\\\/2020\\\/04\\\/wellis-logo-gray-300x92-1.png\",\"width\":300,\"height\":92,\"caption\":\"Wellis\"},\"image\":{\"@id\":\"https:\\\/\\\/wellisparts.siteapp.hu\\\/de\\\/#\\\/schema\\\/logo\\\/image\\\/\"},\"sameAs\":[\"https:\\\/\\\/www.facebook.com\\\/wellis.eu\",\"https:\\\/\\\/www.instagram.com\\\/wellis.spa\\\/\",\"https:\\\/\\\/www.linkedin.com\\\/company\\\/wellis\",\"https:\\\/\\\/www.youtube.com\\\/channel\\\/UCBfTfURbofhapZionQfC-Gg\"]}]}<\/script>\n<meta property=\"product:price:amount\" content=\"76.78\" \/>\n<meta property=\"product:price:currency\" content=\"EUR\" \/>\n<meta property=\"og:availability\" content=\"out of stock\" \/>\n<meta property=\"product:availability\" content=\"out of stock\" \/>\n<meta property=\"product:retailer_item_id\" content=\"AE01037\" \/>\n<meta property=\"product:condition\" content=\"new\" \/>\n<!-- \/ Yoast SEO Premium plugin. -->","yoast_head_json":{"title":"WIS InLine PRO Sondenkammer (Gecko Waterlab) | Wellisparts","robots":{"index":"noindex","follow":"follow","max-snippet":"max-snippet:-1","max-image-preview":"max-image-preview:large","max-video-preview":"max-video-preview:-1"},"og_locale":"de_DE","og_type":"article","og_title":"WIS InLine PRO Sondenkammer (Gecko Waterlab)","og_description":"Integriertes System f\u00fcr WhirlpoolsDie Sondenkammer wurde so konzipiert, dass sie unauff\u00e4llig bleibt und sich perfekt in das Spa-System integriert.     Keine st\u00f6renden Ger\u00e4te im Whirlpool;    Einfache Installation in der Bypass-Leitung mit mehreren Einbaum\u00f6glichkeiten;    Kein zus\u00e4tzlicher Wartungsaufwand beim Entleeren oder bei der Wintervorbereitung;    Entwickelt, um die Lebensdauer der Sonde zu verl\u00e4ngern \u2013 sie bleibt immer im Wasser und der Wasserfluss ist reduziert.","og_url":"https:\/\/wellisparts.siteapp.hu\/de\/shop\/wis-inline-pro-sondenkammer-gecko-waterlab\/","og_site_name":"Wellisparts","article_publisher":"https:\/\/www.facebook.com\/wellis.eu","article_modified_time":"2025-10-20T11:12:00+00:00","og_image":[{"width":1200,"height":1200,"url":"https:\/\/wellisparts.siteapp.hu\/wp-content\/uploads\/2025\/10\/wis_inline_pro_szonda_haz.jpg","type":"image\/jpeg"}],"twitter_card":"summary_large_image","twitter_misc":{"Preis":"&euro;76,78+VAT","Verf\u00fcgbarkeit":"ausverkauft"},"schema":{"@context":"https:\/\/schema.org","@graph":[{"@type":"WebPage","@id":"https:\/\/wellisparts.siteapp.hu\/de\/shop\/wis-inline-pro-sondenkammer-gecko-waterlab\/","url":"https:\/\/wellisparts.siteapp.hu\/de\/shop\/wis-inline-pro-sondenkammer-gecko-waterlab\/","name":"WIS InLine PRO Sondenkammer (Gecko Waterlab) | Wellisparts","isPartOf":{"@id":"https:\/\/wellisparts.siteapp.hu\/de\/#website"},"primaryImageOfPage":{"@id":"https:\/\/wellisparts.siteapp.hu\/de\/shop\/wis-inline-pro-sondenkammer-gecko-waterlab\/#primaryimage"},"image":{"@id":"https:\/\/wellisparts.siteapp.hu\/de\/shop\/wis-inline-pro-sondenkammer-gecko-waterlab\/#primaryimage"},"thumbnailUrl":"https:\/\/wellisparts.siteapp.hu\/wp-content\/uploads\/2025\/10\/wis_inline_pro_szonda_haz.jpg","datePublished":"2025-10-18T07:39:08+00:00","dateModified":"2025-10-20T11:12:00+00:00","breadcrumb":{"@id":"https:\/\/wellisparts.siteapp.hu\/de\/shop\/wis-inline-pro-sondenkammer-gecko-waterlab\/#breadcrumb"},"inLanguage":"de","potentialAction":[{"@type":"ReadAction","target":["https:\/\/wellisparts.siteapp.hu\/de\/shop\/wis-inline-pro-sondenkammer-gecko-waterlab\/"]}]},{"@type":"ImageObject","inLanguage":"de","@id":"https:\/\/wellisparts.siteapp.hu\/de\/shop\/wis-inline-pro-sondenkammer-gecko-waterlab\/#primaryimage","url":"https:\/\/wellisparts.siteapp.hu\/wp-content\/uploads\/2025\/10\/wis_inline_pro_szonda_haz.jpg","contentUrl":"https:\/\/wellisparts.siteapp.hu\/wp-content\/uploads\/2025\/10\/wis_inline_pro_szonda_haz.jpg","width":1200,"height":1200,"caption":"wis inline pro sondenkammer"},{"@type":"BreadcrumbList","@id":"https:\/\/wellisparts.siteapp.hu\/de\/shop\/wis-inline-pro-sondenkammer-gecko-waterlab\/#breadcrumb","itemListElement":[{"@type":"ListItem","position":1,"name":"Home","item":"https:\/\/wellisparts.siteapp.hu\/de\/"},{"@type":"ListItem","position":2,"name":"Shop","item":"https:\/\/wellisparts.siteapp.hu\/de\/shop\/"},{"@type":"ListItem","position":3,"name":"WIS InLine PRO Sondenkammer (Gecko Waterlab)"}]},{"@type":"WebSite","@id":"https:\/\/wellisparts.siteapp.hu\/de\/#website","url":"https:\/\/wellisparts.siteapp.hu\/de\/","name":"Wellisparts","description":"Wellis alkatr\u00e9sz \u00e9s kieg\u00e9sz\u00edt\u0151 webshop","publisher":{"@id":"https:\/\/wellisparts.siteapp.hu\/de\/#organization"},"potentialAction":[{"@type":"SearchAction","target":{"@type":"EntryPoint","urlTemplate":"https:\/\/wellisparts.siteapp.hu\/de\/?s={search_term_string}"},"query-input":{"@type":"PropertyValueSpecification","valueRequired":true,"valueName":"search_term_string"}}],"inLanguage":"de"},{"@type":"Organization","@id":"https:\/\/wellisparts.siteapp.hu\/de\/#organization","name":"Wellis","url":"https:\/\/wellisparts.siteapp.hu\/de\/","logo":{"@type":"ImageObject","inLanguage":"de","@id":"https:\/\/wellisparts.siteapp.hu\/de\/#\/schema\/logo\/image\/","url":"https:\/\/wellisparts.siteapp.hu\/wp-content\/uploads\/2020\/04\/wellis-logo-gray-300x92-1.png","contentUrl":"https:\/\/wellisparts.siteapp.hu\/wp-content\/uploads\/2020\/04\/wellis-logo-gray-300x92-1.png","width":300,"height":92,"caption":"Wellis"},"image":{"@id":"https:\/\/wellisparts.siteapp.hu\/de\/#\/schema\/logo\/image\/"},"sameAs":["https:\/\/www.facebook.com\/wellis.eu","https:\/\/www.instagram.com\/wellis.spa\/","https:\/\/www.linkedin.com\/company\/wellis","https:\/\/www.youtube.com\/channel\/UCBfTfURbofhapZionQfC-Gg"]}]},"product_price_amount":"76.78","product_price_currency":"EUR","og_availability":"out of stock","product_availability":"out of stock","product_retailer_item_id":"AE01037","product_condition":"new"},"_links":{"self":[{"href":"https:\/\/wellisparts.siteapp.hu\/de\/wp-json\/wp\/v2\/product\/67796","targetHints":{"allow":["GET"]}}],"collection":[{"href":"https:\/\/wellisparts.siteapp.hu\/de\/wp-json\/wp\/v2\/product"}],"about":[{"href":"https:\/\/wellisparts.siteapp.hu\/de\/wp-json\/wp\/v2\/types\/product"}],"wp:featuredmedia":[{"embeddable":true,"href":"https:\/\/wellisparts.siteapp.hu\/de\/wp-json\/wp\/v2\/media\/67755"}],"wp:attachment":[{"href":"https:\/\/wellisparts.siteapp.hu\/de\/wp-json\/wp\/v2\/media?parent=67796"}],"wp:term":[{"taxonomy":"product_brand","embeddable":true,"href":"https:\/\/wellisparts.siteapp.hu\/de\/wp-json\/wp\/v2\/product_brand?post=67796"},{"taxonomy":"product_cat","embeddable":true,"href":"https:\/\/wellisparts.siteapp.hu\/de\/wp-json\/wp\/v2\/product_cat?post=67796"},{"taxonomy":"product_tag","embeddable":true,"href":"https:\/\/wellisparts.siteapp.hu\/de\/wp-json\/wp\/v2\/product_tag?post=67796"}],"curies":[{"name":"wp","href":"https:\/\/api.w.org\/{rel}","templated":true}]}}