{"id":67814,"date":"2025-10-20T13:47:11","date_gmt":"2025-10-20T11:47:11","guid":{"rendered":"https:\/\/wellisparts.siteapp.hu\/?post_type=product&#038;p=67814"},"modified":"2025-10-20T14:21:04","modified_gmt":"2025-10-20T12:21:04","slug":"wis-inline-pro-sonde-gecko-waterlab","status":"publish","type":"product","link":"https:\/\/wellisparts.siteapp.hu\/de\/shop\/wis-inline-pro-sonde-gecko-waterlab\/","title":{"rendered":"WIS InLine PRO Sonde (Gecko Waterlab)"},"content":{"rendered":"","protected":false},"excerpt":{"rendered":"<p data-start=\"691\" data-end=\"765\"><strong data-start=\"691\" data-end=\"765\">Wartungsfreie und langlebige Sonde mit 4 Jahren zuverl\u00e4ssiger Leistung<\/strong><\/p>\n<ul data-start=\"767\" data-end=\"1082\">\n<li data-start=\"767\" data-end=\"845\">\n<p data-start=\"769\" data-end=\"845\">Besonders robuste Sonde, die nur alle vier Jahre ausgetauscht werden muss;<\/p>\n<\/li>\n<li data-start=\"846\" data-end=\"982\">\n<p data-start=\"848\" data-end=\"982\">All-in-One-Hochpr\u00e4zisionssensoren \u00fcberwachen kontinuierlich den pH-Wert, die Temperatur und den Desinfektionsgrad (ORP) des Wassers;<\/p>\n<\/li>\n<li data-start=\"983\" data-end=\"1082\">\n<p data-start=\"985\" data-end=\"1082\">Minimaler Kalibrierungsbedarf \u2013 einmalige Kalibrierung w\u00e4hrend der 4-j\u00e4hrigen Lebensdauer gen\u00fcgt.<\/p>\n<\/li>\n<\/ul>\n","protected":false},"featured_media":67818,"template":"","meta":{"_acf_changed":false},"product_brand":[],"product_cat":[1290,1260],"product_tag":[],"class_list":{"0":"post-67814","1":"product","2":"type-product","3":"status-publish","4":"has-post-thumbnail","6":"product_cat-gecko-de","7":"product_cat-spa-ersatzteile","9":"first","10":"outofstock","11":"taxable","12":"shipping-taxable","13":"purchasable","14":"product-type-simple"},"acf":[],"yoast_head":"<!-- This site is optimized with the Yoast SEO Premium plugin v25.6 (Yoast SEO v27.3) - https:\/\/yoast.com\/product\/yoast-seo-premium-wordpress\/ -->\n<title>WIS InLine PRO Sonde (Gecko Waterlab) | Wellisparts<\/title>\n<meta name=\"description\" content=\"Wartungsfreie und langlebige Sonde mit 4 Jahren zuverl\u00e4ssiger LeistungBesonders robuste Sonde, die nur alle vier Jahre ausgetauscht werden muss; All-in-One-Hochpr\u00e4zisionssensoren \u00fcberwachen kontinuierlich den pH-Wert, die Temperatur und den Desinfektionsgrad (ORP) des Wassers;Minimaler Kalibrierungsbedarf \u2013 einmalige Kalibrierung w\u00e4hrend der 4-j\u00e4hrigen Lebensdauer gen\u00fcgt.\" \/>\n<meta name=\"robots\" content=\"noindex, follow, max-snippet:-1, max-image-preview:large, max-video-preview:-1\" \/>\n<meta property=\"og:locale\" content=\"de_DE\" \/>\n<meta property=\"og:type\" content=\"article\" \/>\n<meta property=\"og:title\" content=\"WIS InLine PRO Sonde (Gecko Waterlab)\" \/>\n<meta property=\"og:description\" content=\"Wartungsfreie und langlebige Sonde mit 4 Jahren zuverl\u00e4ssiger LeistungBesonders robuste Sonde, die nur alle vier Jahre ausgetauscht werden muss; All-in-One-Hochpr\u00e4zisionssensoren \u00fcberwachen kontinuierlich den pH-Wert, die Temperatur und den Desinfektionsgrad (ORP) des Wassers;Minimaler Kalibrierungsbedarf \u2013 einmalige Kalibrierung w\u00e4hrend der 4-j\u00e4hrigen Lebensdauer gen\u00fcgt.\" \/>\n<meta property=\"og:url\" content=\"https:\/\/wellisparts.siteapp.hu\/de\/shop\/wis-inline-pro-sonde-gecko-waterlab\/\" \/>\n<meta property=\"og:site_name\" content=\"Wellisparts\" \/>\n<meta property=\"article:publisher\" content=\"https:\/\/www.facebook.com\/wellis.eu\" \/>\n<meta property=\"article:modified_time\" content=\"2025-10-20T12:21:04+00:00\" \/>\n<meta property=\"og:image\" content=\"https:\/\/wellisparts.siteapp.hu\/wp-content\/uploads\/2025\/10\/wis_inline_pro_szonda.jpg\" \/>\n\t<meta property=\"og:image:width\" content=\"1200\" \/>\n\t<meta property=\"og:image:height\" content=\"1200\" \/>\n\t<meta property=\"og:image:type\" content=\"image\/jpeg\" \/>\n<meta name=\"twitter:card\" content=\"summary_large_image\" \/>\n<meta name=\"twitter:label1\" content=\"Preis\" \/>\n\t<meta name=\"twitter:data1\" content=\"&euro;1.026,14+VAT\" \/>\n\t<meta name=\"twitter:label2\" content=\"Verf\u00fcgbarkeit\" \/>\n\t<meta name=\"twitter:data2\" content=\"ausverkauft\" \/>\n<script type=\"application\/ld+json\" class=\"yoast-schema-graph\">{\"@context\":\"https:\\\/\\\/schema.org\",\"@graph\":[{\"@type\":\"WebPage\",\"@id\":\"https:\\\/\\\/wellisparts.siteapp.hu\\\/de\\\/shop\\\/wis-inline-pro-sonde-gecko-waterlab\\\/\",\"url\":\"https:\\\/\\\/wellisparts.siteapp.hu\\\/de\\\/shop\\\/wis-inline-pro-sonde-gecko-waterlab\\\/\",\"name\":\"WIS InLine PRO Sonde (Gecko Waterlab) | Wellisparts\",\"isPartOf\":{\"@id\":\"https:\\\/\\\/wellisparts.siteapp.hu\\\/de\\\/#website\"},\"primaryImageOfPage\":{\"@id\":\"https:\\\/\\\/wellisparts.siteapp.hu\\\/de\\\/shop\\\/wis-inline-pro-sonde-gecko-waterlab\\\/#primaryimage\"},\"image\":{\"@id\":\"https:\\\/\\\/wellisparts.siteapp.hu\\\/de\\\/shop\\\/wis-inline-pro-sonde-gecko-waterlab\\\/#primaryimage\"},\"thumbnailUrl\":\"https:\\\/\\\/wellisparts.siteapp.hu\\\/wp-content\\\/uploads\\\/2025\\\/10\\\/wis_inline_pro_szonda.jpg\",\"datePublished\":\"2025-10-20T11:47:11+00:00\",\"dateModified\":\"2025-10-20T12:21:04+00:00\",\"description\":\"Wartungsfreie und langlebige Sonde mit 4 Jahren zuverl\u00e4ssiger LeistungBesonders robuste Sonde, die nur alle vier Jahre ausgetauscht werden muss; All-in-One-Hochpr\u00e4zisionssensoren \u00fcberwachen kontinuierlich den pH-Wert, die Temperatur und den Desinfektionsgrad (ORP) des Wassers;Minimaler Kalibrierungsbedarf \u2013 einmalige Kalibrierung w\u00e4hrend der 4-j\u00e4hrigen Lebensdauer gen\u00fcgt.\",\"breadcrumb\":{\"@id\":\"https:\\\/\\\/wellisparts.siteapp.hu\\\/de\\\/shop\\\/wis-inline-pro-sonde-gecko-waterlab\\\/#breadcrumb\"},\"inLanguage\":\"de\",\"potentialAction\":[{\"@type\":\"ReadAction\",\"target\":[\"https:\\\/\\\/wellisparts.siteapp.hu\\\/de\\\/shop\\\/wis-inline-pro-sonde-gecko-waterlab\\\/\"]}]},{\"@type\":\"ImageObject\",\"inLanguage\":\"de\",\"@id\":\"https:\\\/\\\/wellisparts.siteapp.hu\\\/de\\\/shop\\\/wis-inline-pro-sonde-gecko-waterlab\\\/#primaryimage\",\"url\":\"https:\\\/\\\/wellisparts.siteapp.hu\\\/wp-content\\\/uploads\\\/2025\\\/10\\\/wis_inline_pro_szonda.jpg\",\"contentUrl\":\"https:\\\/\\\/wellisparts.siteapp.hu\\\/wp-content\\\/uploads\\\/2025\\\/10\\\/wis_inline_pro_szonda.jpg\",\"width\":1200,\"height\":1200,\"caption\":\"wis inline pro szonda\"},{\"@type\":\"BreadcrumbList\",\"@id\":\"https:\\\/\\\/wellisparts.siteapp.hu\\\/de\\\/shop\\\/wis-inline-pro-sonde-gecko-waterlab\\\/#breadcrumb\",\"itemListElement\":[{\"@type\":\"ListItem\",\"position\":1,\"name\":\"Home\",\"item\":\"https:\\\/\\\/wellisparts.siteapp.hu\\\/de\\\/\"},{\"@type\":\"ListItem\",\"position\":2,\"name\":\"Shop\",\"item\":\"https:\\\/\\\/wellisparts.siteapp.hu\\\/de\\\/shop\\\/\"},{\"@type\":\"ListItem\",\"position\":3,\"name\":\"WIS InLine PRO Sonde (Gecko Waterlab)\"}]},{\"@type\":\"WebSite\",\"@id\":\"https:\\\/\\\/wellisparts.siteapp.hu\\\/de\\\/#website\",\"url\":\"https:\\\/\\\/wellisparts.siteapp.hu\\\/de\\\/\",\"name\":\"Wellisparts\",\"description\":\"Wellis alkatr\u00e9sz \u00e9s kieg\u00e9sz\u00edt\u0151 webshop\",\"publisher\":{\"@id\":\"https:\\\/\\\/wellisparts.siteapp.hu\\\/de\\\/#organization\"},\"potentialAction\":[{\"@type\":\"SearchAction\",\"target\":{\"@type\":\"EntryPoint\",\"urlTemplate\":\"https:\\\/\\\/wellisparts.siteapp.hu\\\/de\\\/?s={search_term_string}\"},\"query-input\":{\"@type\":\"PropertyValueSpecification\",\"valueRequired\":true,\"valueName\":\"search_term_string\"}}],\"inLanguage\":\"de\"},{\"@type\":\"Organization\",\"@id\":\"https:\\\/\\\/wellisparts.siteapp.hu\\\/de\\\/#organization\",\"name\":\"Wellis\",\"url\":\"https:\\\/\\\/wellisparts.siteapp.hu\\\/de\\\/\",\"logo\":{\"@type\":\"ImageObject\",\"inLanguage\":\"de\",\"@id\":\"https:\\\/\\\/wellisparts.siteapp.hu\\\/de\\\/#\\\/schema\\\/logo\\\/image\\\/\",\"url\":\"https:\\\/\\\/wellisparts.siteapp.hu\\\/wp-content\\\/uploads\\\/2020\\\/04\\\/wellis-logo-gray-300x92-1.png\",\"contentUrl\":\"https:\\\/\\\/wellisparts.siteapp.hu\\\/wp-content\\\/uploads\\\/2020\\\/04\\\/wellis-logo-gray-300x92-1.png\",\"width\":300,\"height\":92,\"caption\":\"Wellis\"},\"image\":{\"@id\":\"https:\\\/\\\/wellisparts.siteapp.hu\\\/de\\\/#\\\/schema\\\/logo\\\/image\\\/\"},\"sameAs\":[\"https:\\\/\\\/www.facebook.com\\\/wellis.eu\",\"https:\\\/\\\/www.instagram.com\\\/wellis.spa\\\/\",\"https:\\\/\\\/www.linkedin.com\\\/company\\\/wellis\",\"https:\\\/\\\/www.youtube.com\\\/channel\\\/UCBfTfURbofhapZionQfC-Gg\"]}]}<\/script>\n<meta property=\"product:price:amount\" content=\"1026.14\" \/>\n<meta property=\"product:price:currency\" content=\"EUR\" \/>\n<meta property=\"og:availability\" content=\"out of stock\" \/>\n<meta property=\"product:availability\" content=\"out of stock\" \/>\n<meta property=\"product:retailer_item_id\" content=\"AE01038\" \/>\n<meta property=\"product:condition\" content=\"new\" \/>\n<!-- \/ Yoast SEO Premium plugin. -->","yoast_head_json":{"title":"WIS InLine PRO Sonde (Gecko Waterlab) | Wellisparts","description":"Wartungsfreie und langlebige Sonde mit 4 Jahren zuverl\u00e4ssiger LeistungBesonders robuste Sonde, die nur alle vier Jahre ausgetauscht werden muss; All-in-One-Hochpr\u00e4zisionssensoren \u00fcberwachen kontinuierlich den pH-Wert, die Temperatur und den Desinfektionsgrad (ORP) des Wassers;Minimaler Kalibrierungsbedarf \u2013 einmalige Kalibrierung w\u00e4hrend der 4-j\u00e4hrigen Lebensdauer gen\u00fcgt.","robots":{"index":"noindex","follow":"follow","max-snippet":"max-snippet:-1","max-image-preview":"max-image-preview:large","max-video-preview":"max-video-preview:-1"},"og_locale":"de_DE","og_type":"article","og_title":"WIS InLine PRO Sonde (Gecko Waterlab)","og_description":"Wartungsfreie und langlebige Sonde mit 4 Jahren zuverl\u00e4ssiger LeistungBesonders robuste Sonde, die nur alle vier Jahre ausgetauscht werden muss; All-in-One-Hochpr\u00e4zisionssensoren \u00fcberwachen kontinuierlich den pH-Wert, die Temperatur und den Desinfektionsgrad (ORP) des Wassers;Minimaler Kalibrierungsbedarf \u2013 einmalige Kalibrierung w\u00e4hrend der 4-j\u00e4hrigen Lebensdauer gen\u00fcgt.","og_url":"https:\/\/wellisparts.siteapp.hu\/de\/shop\/wis-inline-pro-sonde-gecko-waterlab\/","og_site_name":"Wellisparts","article_publisher":"https:\/\/www.facebook.com\/wellis.eu","article_modified_time":"2025-10-20T12:21:04+00:00","og_image":[{"width":1200,"height":1200,"url":"https:\/\/wellisparts.siteapp.hu\/wp-content\/uploads\/2025\/10\/wis_inline_pro_szonda.jpg","type":"image\/jpeg"}],"twitter_card":"summary_large_image","twitter_misc":{"Preis":"&euro;1.026,14+VAT","Verf\u00fcgbarkeit":"ausverkauft"},"schema":{"@context":"https:\/\/schema.org","@graph":[{"@type":"WebPage","@id":"https:\/\/wellisparts.siteapp.hu\/de\/shop\/wis-inline-pro-sonde-gecko-waterlab\/","url":"https:\/\/wellisparts.siteapp.hu\/de\/shop\/wis-inline-pro-sonde-gecko-waterlab\/","name":"WIS InLine PRO Sonde (Gecko Waterlab) | Wellisparts","isPartOf":{"@id":"https:\/\/wellisparts.siteapp.hu\/de\/#website"},"primaryImageOfPage":{"@id":"https:\/\/wellisparts.siteapp.hu\/de\/shop\/wis-inline-pro-sonde-gecko-waterlab\/#primaryimage"},"image":{"@id":"https:\/\/wellisparts.siteapp.hu\/de\/shop\/wis-inline-pro-sonde-gecko-waterlab\/#primaryimage"},"thumbnailUrl":"https:\/\/wellisparts.siteapp.hu\/wp-content\/uploads\/2025\/10\/wis_inline_pro_szonda.jpg","datePublished":"2025-10-20T11:47:11+00:00","dateModified":"2025-10-20T12:21:04+00:00","description":"Wartungsfreie und langlebige Sonde mit 4 Jahren zuverl\u00e4ssiger LeistungBesonders robuste Sonde, die nur alle vier Jahre ausgetauscht werden muss; All-in-One-Hochpr\u00e4zisionssensoren \u00fcberwachen kontinuierlich den pH-Wert, die Temperatur und den Desinfektionsgrad (ORP) des Wassers;Minimaler Kalibrierungsbedarf \u2013 einmalige Kalibrierung w\u00e4hrend der 4-j\u00e4hrigen Lebensdauer gen\u00fcgt.","breadcrumb":{"@id":"https:\/\/wellisparts.siteapp.hu\/de\/shop\/wis-inline-pro-sonde-gecko-waterlab\/#breadcrumb"},"inLanguage":"de","potentialAction":[{"@type":"ReadAction","target":["https:\/\/wellisparts.siteapp.hu\/de\/shop\/wis-inline-pro-sonde-gecko-waterlab\/"]}]},{"@type":"ImageObject","inLanguage":"de","@id":"https:\/\/wellisparts.siteapp.hu\/de\/shop\/wis-inline-pro-sonde-gecko-waterlab\/#primaryimage","url":"https:\/\/wellisparts.siteapp.hu\/wp-content\/uploads\/2025\/10\/wis_inline_pro_szonda.jpg","contentUrl":"https:\/\/wellisparts.siteapp.hu\/wp-content\/uploads\/2025\/10\/wis_inline_pro_szonda.jpg","width":1200,"height":1200,"caption":"wis inline pro szonda"},{"@type":"BreadcrumbList","@id":"https:\/\/wellisparts.siteapp.hu\/de\/shop\/wis-inline-pro-sonde-gecko-waterlab\/#breadcrumb","itemListElement":[{"@type":"ListItem","position":1,"name":"Home","item":"https:\/\/wellisparts.siteapp.hu\/de\/"},{"@type":"ListItem","position":2,"name":"Shop","item":"https:\/\/wellisparts.siteapp.hu\/de\/shop\/"},{"@type":"ListItem","position":3,"name":"WIS InLine PRO Sonde (Gecko Waterlab)"}]},{"@type":"WebSite","@id":"https:\/\/wellisparts.siteapp.hu\/de\/#website","url":"https:\/\/wellisparts.siteapp.hu\/de\/","name":"Wellisparts","description":"Wellis alkatr\u00e9sz \u00e9s kieg\u00e9sz\u00edt\u0151 webshop","publisher":{"@id":"https:\/\/wellisparts.siteapp.hu\/de\/#organization"},"potentialAction":[{"@type":"SearchAction","target":{"@type":"EntryPoint","urlTemplate":"https:\/\/wellisparts.siteapp.hu\/de\/?s={search_term_string}"},"query-input":{"@type":"PropertyValueSpecification","valueRequired":true,"valueName":"search_term_string"}}],"inLanguage":"de"},{"@type":"Organization","@id":"https:\/\/wellisparts.siteapp.hu\/de\/#organization","name":"Wellis","url":"https:\/\/wellisparts.siteapp.hu\/de\/","logo":{"@type":"ImageObject","inLanguage":"de","@id":"https:\/\/wellisparts.siteapp.hu\/de\/#\/schema\/logo\/image\/","url":"https:\/\/wellisparts.siteapp.hu\/wp-content\/uploads\/2020\/04\/wellis-logo-gray-300x92-1.png","contentUrl":"https:\/\/wellisparts.siteapp.hu\/wp-content\/uploads\/2020\/04\/wellis-logo-gray-300x92-1.png","width":300,"height":92,"caption":"Wellis"},"image":{"@id":"https:\/\/wellisparts.siteapp.hu\/de\/#\/schema\/logo\/image\/"},"sameAs":["https:\/\/www.facebook.com\/wellis.eu","https:\/\/www.instagram.com\/wellis.spa\/","https:\/\/www.linkedin.com\/company\/wellis","https:\/\/www.youtube.com\/channel\/UCBfTfURbofhapZionQfC-Gg"]}]},"product_price_amount":"1026.14","product_price_currency":"EUR","og_availability":"out of stock","product_availability":"out of stock","product_retailer_item_id":"AE01038","product_condition":"new"},"_links":{"self":[{"href":"https:\/\/wellisparts.siteapp.hu\/de\/wp-json\/wp\/v2\/product\/67814","targetHints":{"allow":["GET"]}}],"collection":[{"href":"https:\/\/wellisparts.siteapp.hu\/de\/wp-json\/wp\/v2\/product"}],"about":[{"href":"https:\/\/wellisparts.siteapp.hu\/de\/wp-json\/wp\/v2\/types\/product"}],"wp:featuredmedia":[{"embeddable":true,"href":"https:\/\/wellisparts.siteapp.hu\/de\/wp-json\/wp\/v2\/media\/67818"}],"wp:attachment":[{"href":"https:\/\/wellisparts.siteapp.hu\/de\/wp-json\/wp\/v2\/media?parent=67814"}],"wp:term":[{"taxonomy":"product_brand","embeddable":true,"href":"https:\/\/wellisparts.siteapp.hu\/de\/wp-json\/wp\/v2\/product_brand?post=67814"},{"taxonomy":"product_cat","embeddable":true,"href":"https:\/\/wellisparts.siteapp.hu\/de\/wp-json\/wp\/v2\/product_cat?post=67814"},{"taxonomy":"product_tag","embeddable":true,"href":"https:\/\/wellisparts.siteapp.hu\/de\/wp-json\/wp\/v2\/product_tag?post=67814"}],"curies":[{"name":"wp","href":"https:\/\/api.w.org\/{rel}","templated":true}]}}