{"id":27069,"date":"2016-06-13T16:11:07","date_gmt":"2016-06-13T16:11:07","guid":{"rendered":"https:\/\/wellisparts.siteapp.hu\/rolunk\/"},"modified":"2022-07-29T14:14:29","modified_gmt":"2022-07-29T12:14:29","slug":"about-us","status":"publish","type":"page","link":"https:\/\/wellisparts.siteapp.hu\/en\/about-us\/","title":{"rendered":"About us"},"content":{"rendered":"<div class=\"wpb-content-wrapper\"><p>[vc_section full_width=&#8221;stretch_row&#8221; el_class=&#8221;main-bg&#8221;][vc_row full_width=&#8221;stretch_row&#8221; animation_type=&#8221;fadeInLeftBig&#8221; el_class=&#8221;main-breadcrumb&#8221;][vc_column]<div class=\"dtwpb-woocommerce-breadcrumb \" style=\" color:#ffffff !important\"><style>.dtwpb-woocommerce-breadcrumb .woocommerce-breadcrumb > a{color: #ffffff !important;}<\/style><nav class=\"woocommerce-breadcrumb\" aria-label=\"Breadcrumb\">Home<\/nav><\/div>[\/vc_column][\/vc_row][vc_row animation_delay=&#8221;600&#8243; animation_type=&#8221;fadeInUpBig&#8221;][vc_column css=&#8221;.vc_custom_1587676089094{padding-top: 0px !important;}&#8221;][vc_custom_heading text=&#8221;Wellis&#8221; font_container=&#8221;tag:h1|text_align:left|color:%23222529&#8243; use_theme_fonts=&#8221;yes&#8221; el_class=&#8221;main-title&#8221;][\/vc_column][\/vc_row][vc_row animation_delay=&#8221;600&#8243; animation_type=&#8221;fadeInUpBig&#8221; css=&#8221;.vc_custom_1590769808585{margin-bottom: 50px !important;}&#8221;][vc_column width=&#8221;1\/2&#8243; css=&#8221;.vc_custom_1587676093291{padding-top: 0px !important;}&#8221;][vc_column_text]By working together, Wellis achieved growing from a national family business to Europe\u2019s leading massage pool manufacturer. Of course, for Wellis to become a defining brand in more countries and to reach more partners, we need a lot of work. On one hand the continuous development and renewal of the manufacturing process is essential for staying one step ahead of the competitors.<\/p>\n<p><strong>From family business to one of the world\u2019s biggest manufacturers<\/strong><\/p>\n<p>Wellis Magyarorsz\u00e1g Zrt. as a Hungarian manufacturer plays a market leader role among wellness appliance manufacturer and distributor companies. Thanks to continuous capacity increase and development, it became Europe\u2019s biggest jacuzzi manufacturer.<\/p>\n<p>After a few years, the early import products have been replaced by a multitude of products of own design and production.<\/p>\n<p>There are outstanding milestones in every company\u2019s history. At Wellis the last turning point occurred in late 2015. Our 10.000m<sup>2<\/sup> production plant was handed over making the production take place in almost 17.000m<sup>2<\/sup> nowadays. The huge complex, equipped with high-tech production tools was induced by increasing market demand and the strive for quality manufacturing technology. We are trying to meet customers\u2019 expectations with the help of modern equipment and a high level of professional competence. Thanks to the significant investment, manufacturing up to 20.000 pools a year became achievable.<\/p>\n<p>Thanks to the steady growth, today we ensure a wide circle of suppliers, enabling us to offer excellent quality accessories at the best prices.<\/p>\n<p>Join the world market breaker Wellis\u2019s satisfied customers![\/vc_column_text][\/vc_column][vc_column width=&#8221;1\/2&#8243; css=&#8221;.vc_custom_1587676089094{padding-top: 0px !important;}&#8221;][vc_single_image image=&#8221;4636&#8243; img_size=&#8221;full&#8221; css=&#8221;.vc_custom_1590769473309{margin-bottom: 20px !important;}&#8221; el_class=&#8221;mb-20px&#8221;][vc_row_inner][vc_column_inner width=&#8221;1\/2&#8243; offset=&#8221;vc_col-lg-6 vc_col-md-6 vc_col-xs-6&#8243;][vc_single_image image=&#8221;4635&#8243; img_size=&#8221;full&#8221;][\/vc_column_inner][vc_column_inner width=&#8221;1\/2&#8243; offset=&#8221;vc_col-lg-6 vc_col-md-6 vc_col-xs-6&#8243;][vc_single_image image=&#8221;4634&#8243; img_size=&#8221;full&#8221;][\/vc_column_inner][\/vc_row_inner][\/vc_column][\/vc_row][\/vc_section]<\/p>\n<\/div>","protected":false},"excerpt":{"rendered":"<p>[vc_section full_width=&#8221;stretch_row&#8221; el_class=&#8221;main-bg&#8221;][vc_row full_width=&#8221;stretch_row&#8221; animation_type=&#8221;fadeInLeftBig&#8221; el_class=&#8221;main-breadcrumb&#8221;][vc_column][\/vc_column][\/vc_row][vc_row animation_delay=&#8221;600&#8243; animation_type=&#8221;fadeInUpBig&#8221;][vc_column css=&#8221;.vc_custom_1587676089094{padding-top: 0px !important;}&#8221;][vc_custom_heading text=&#8221;Wellis&#8221; font_container=&#8221;tag:h1|text_align:left|color:%23222529&#8243; use_theme_fonts=&#8221;yes&#8221; el_class=&#8221;main-title&#8221;][\/vc_column][\/vc_row][vc_row animation_delay=&#8221;600&#8243; animation_type=&#8221;fadeInUpBig&#8221; css=&#8221;.vc_custom_1590769808585{margin-bottom: 50px !important;}&#8221;][vc_column width=&#8221;1\/2&#8243; css=&#8221;.vc_custom_1587676093291{padding-top: 0px !important;}&#8221;][vc_column_text]By working together, Wellis achieved growing from a national family business to Europe\u2019s leading massage pool manufacturer. Of course, for Wellis to become a defining brand in more countries and to reach [&hellip;]<\/p>\n","protected":false},"author":1,"featured_media":0,"parent":0,"menu_order":0,"comment_status":"closed","ping_status":"closed","template":"","meta":{"_acf_changed":false,"footnotes":""},"class_list":["post-27069","page","type-page","status-publish","hentry"],"acf":[],"yoast_head":"<!-- This site is optimized with the Yoast SEO Premium plugin v25.6 (Yoast SEO v27.3) - https:\/\/yoast.com\/product\/yoast-seo-premium-wordpress\/ -->\n<title>About us | Wellisparts<\/title>\n<meta name=\"description\" content=\"A Wellis Magyarorsz\u00e1g Zrt. magyar gy\u00e1rt\u00f3k\u00e9nt piacvezet\u0151 szerepet t\u00f6lt be a hazai wellness berendez\u00e9seket gy\u00e1rt\u00f3 \u00e9s forgalmaz\u00f3 c\u00e9gek sor\u00e1ban\" \/>\n<meta name=\"robots\" content=\"noindex, follow, max-snippet:-1, max-image-preview:large, max-video-preview:-1\" \/>\n<meta property=\"og:locale\" content=\"en_US\" \/>\n<meta property=\"og:type\" content=\"article\" \/>\n<meta property=\"og:title\" content=\"About us\" \/>\n<meta property=\"og:description\" content=\"A Wellis Magyarorsz\u00e1g Zrt. magyar gy\u00e1rt\u00f3k\u00e9nt piacvezet\u0151 szerepet t\u00f6lt be a hazai wellness berendez\u00e9seket gy\u00e1rt\u00f3 \u00e9s forgalmaz\u00f3 c\u00e9gek sor\u00e1ban\" \/>\n<meta property=\"og:url\" content=\"https:\/\/wellisparts.siteapp.hu\/en\/about-us\/\" \/>\n<meta property=\"og:site_name\" content=\"Wellisparts\" \/>\n<meta property=\"article:publisher\" content=\"https:\/\/www.facebook.com\/wellis.eu\" \/>\n<meta property=\"article:modified_time\" content=\"2022-07-29T12:14:29+00:00\" \/>\n<meta property=\"og:image\" content=\"https:\/\/wellisparts.siteapp.hu\/wp-content\/uploads\/2020\/04\/wellis-hot-tube.jpg\" \/>\n\t<meta property=\"og:image:width\" content=\"1080\" \/>\n\t<meta property=\"og:image:height\" content=\"1080\" \/>\n\t<meta property=\"og:image:type\" content=\"image\/jpeg\" \/>\n<meta name=\"twitter:card\" content=\"summary_large_image\" \/>\n<meta name=\"twitter:label1\" content=\"Est. reading time\" \/>\n\t<meta name=\"twitter:data1\" content=\"2 minutes\" \/>\n<script type=\"application\/ld+json\" class=\"yoast-schema-graph\">{\"@context\":\"https:\\\/\\\/schema.org\",\"@graph\":[{\"@type\":\"WebPage\",\"@id\":\"https:\\\/\\\/wellisparts.siteapp.hu\\\/en\\\/about-us\\\/\",\"url\":\"https:\\\/\\\/wellisparts.siteapp.hu\\\/en\\\/about-us\\\/\",\"name\":\"About us | Wellisparts\",\"isPartOf\":{\"@id\":\"https:\\\/\\\/wellisparts.siteapp.hu\\\/en\\\/#website\"},\"datePublished\":\"2016-06-13T16:11:07+00:00\",\"dateModified\":\"2022-07-29T12:14:29+00:00\",\"description\":\"A Wellis Magyarorsz\u00e1g Zrt. magyar gy\u00e1rt\u00f3k\u00e9nt piacvezet\u0151 szerepet t\u00f6lt be a hazai wellness berendez\u00e9seket gy\u00e1rt\u00f3 \u00e9s forgalmaz\u00f3 c\u00e9gek sor\u00e1ban\",\"breadcrumb\":{\"@id\":\"https:\\\/\\\/wellisparts.siteapp.hu\\\/en\\\/about-us\\\/#breadcrumb\"},\"inLanguage\":\"en-US\",\"potentialAction\":[{\"@type\":\"ReadAction\",\"target\":[\"https:\\\/\\\/wellisparts.siteapp.hu\\\/en\\\/about-us\\\/\"]}]},{\"@type\":\"BreadcrumbList\",\"@id\":\"https:\\\/\\\/wellisparts.siteapp.hu\\\/en\\\/about-us\\\/#breadcrumb\",\"itemListElement\":[{\"@type\":\"ListItem\",\"position\":1,\"name\":\"Home\",\"item\":\"https:\\\/\\\/wellisparts.siteapp.hu\\\/en\\\/\"},{\"@type\":\"ListItem\",\"position\":2,\"name\":\"About us\"}]},{\"@type\":\"WebSite\",\"@id\":\"https:\\\/\\\/wellisparts.siteapp.hu\\\/en\\\/#website\",\"url\":\"https:\\\/\\\/wellisparts.siteapp.hu\\\/en\\\/\",\"name\":\"Wellisparts\",\"description\":\"Wellis alkatr\u00e9sz \u00e9s kieg\u00e9sz\u00edt\u0151 webshop\",\"publisher\":{\"@id\":\"https:\\\/\\\/wellisparts.siteapp.hu\\\/en\\\/#organization\"},\"potentialAction\":[{\"@type\":\"SearchAction\",\"target\":{\"@type\":\"EntryPoint\",\"urlTemplate\":\"https:\\\/\\\/wellisparts.siteapp.hu\\\/en\\\/?s={search_term_string}\"},\"query-input\":{\"@type\":\"PropertyValueSpecification\",\"valueRequired\":true,\"valueName\":\"search_term_string\"}}],\"inLanguage\":\"en-US\"},{\"@type\":\"Organization\",\"@id\":\"https:\\\/\\\/wellisparts.siteapp.hu\\\/en\\\/#organization\",\"name\":\"Wellis\",\"url\":\"https:\\\/\\\/wellisparts.siteapp.hu\\\/en\\\/\",\"logo\":{\"@type\":\"ImageObject\",\"inLanguage\":\"en-US\",\"@id\":\"https:\\\/\\\/wellisparts.siteapp.hu\\\/en\\\/#\\\/schema\\\/logo\\\/image\\\/\",\"url\":\"https:\\\/\\\/wellisparts.siteapp.hu\\\/wp-content\\\/uploads\\\/2020\\\/04\\\/wellis-logo-gray-300x92-1.png\",\"contentUrl\":\"https:\\\/\\\/wellisparts.siteapp.hu\\\/wp-content\\\/uploads\\\/2020\\\/04\\\/wellis-logo-gray-300x92-1.png\",\"width\":300,\"height\":92,\"caption\":\"Wellis\"},\"image\":{\"@id\":\"https:\\\/\\\/wellisparts.siteapp.hu\\\/en\\\/#\\\/schema\\\/logo\\\/image\\\/\"},\"sameAs\":[\"https:\\\/\\\/www.facebook.com\\\/wellis.eu\",\"https:\\\/\\\/www.instagram.com\\\/wellis.spa\\\/\",\"https:\\\/\\\/www.linkedin.com\\\/company\\\/wellis\",\"https:\\\/\\\/www.youtube.com\\\/channel\\\/UCBfTfURbofhapZionQfC-Gg\"]}]}<\/script>\n<!-- \/ Yoast SEO Premium plugin. -->","yoast_head_json":{"title":"About us | Wellisparts","description":"A Wellis Magyarorsz\u00e1g Zrt. magyar gy\u00e1rt\u00f3k\u00e9nt piacvezet\u0151 szerepet t\u00f6lt be a hazai wellness berendez\u00e9seket gy\u00e1rt\u00f3 \u00e9s forgalmaz\u00f3 c\u00e9gek sor\u00e1ban","robots":{"index":"noindex","follow":"follow","max-snippet":"max-snippet:-1","max-image-preview":"max-image-preview:large","max-video-preview":"max-video-preview:-1"},"og_locale":"en_US","og_type":"article","og_title":"About us","og_description":"A Wellis Magyarorsz\u00e1g Zrt. magyar gy\u00e1rt\u00f3k\u00e9nt piacvezet\u0151 szerepet t\u00f6lt be a hazai wellness berendez\u00e9seket gy\u00e1rt\u00f3 \u00e9s forgalmaz\u00f3 c\u00e9gek sor\u00e1ban","og_url":"https:\/\/wellisparts.siteapp.hu\/en\/about-us\/","og_site_name":"Wellisparts","article_publisher":"https:\/\/www.facebook.com\/wellis.eu","article_modified_time":"2022-07-29T12:14:29+00:00","og_image":[{"width":1080,"height":1080,"url":"https:\/\/wellisparts.siteapp.hu\/wp-content\/uploads\/2020\/04\/wellis-hot-tube.jpg","type":"image\/jpeg"}],"twitter_card":"summary_large_image","twitter_misc":{"Est. reading time":"2 minutes"},"schema":{"@context":"https:\/\/schema.org","@graph":[{"@type":"WebPage","@id":"https:\/\/wellisparts.siteapp.hu\/en\/about-us\/","url":"https:\/\/wellisparts.siteapp.hu\/en\/about-us\/","name":"About us | Wellisparts","isPartOf":{"@id":"https:\/\/wellisparts.siteapp.hu\/en\/#website"},"datePublished":"2016-06-13T16:11:07+00:00","dateModified":"2022-07-29T12:14:29+00:00","description":"A Wellis Magyarorsz\u00e1g Zrt. magyar gy\u00e1rt\u00f3k\u00e9nt piacvezet\u0151 szerepet t\u00f6lt be a hazai wellness berendez\u00e9seket gy\u00e1rt\u00f3 \u00e9s forgalmaz\u00f3 c\u00e9gek sor\u00e1ban","breadcrumb":{"@id":"https:\/\/wellisparts.siteapp.hu\/en\/about-us\/#breadcrumb"},"inLanguage":"en-US","potentialAction":[{"@type":"ReadAction","target":["https:\/\/wellisparts.siteapp.hu\/en\/about-us\/"]}]},{"@type":"BreadcrumbList","@id":"https:\/\/wellisparts.siteapp.hu\/en\/about-us\/#breadcrumb","itemListElement":[{"@type":"ListItem","position":1,"name":"Home","item":"https:\/\/wellisparts.siteapp.hu\/en\/"},{"@type":"ListItem","position":2,"name":"About us"}]},{"@type":"WebSite","@id":"https:\/\/wellisparts.siteapp.hu\/en\/#website","url":"https:\/\/wellisparts.siteapp.hu\/en\/","name":"Wellisparts","description":"Wellis alkatr\u00e9sz \u00e9s kieg\u00e9sz\u00edt\u0151 webshop","publisher":{"@id":"https:\/\/wellisparts.siteapp.hu\/en\/#organization"},"potentialAction":[{"@type":"SearchAction","target":{"@type":"EntryPoint","urlTemplate":"https:\/\/wellisparts.siteapp.hu\/en\/?s={search_term_string}"},"query-input":{"@type":"PropertyValueSpecification","valueRequired":true,"valueName":"search_term_string"}}],"inLanguage":"en-US"},{"@type":"Organization","@id":"https:\/\/wellisparts.siteapp.hu\/en\/#organization","name":"Wellis","url":"https:\/\/wellisparts.siteapp.hu\/en\/","logo":{"@type":"ImageObject","inLanguage":"en-US","@id":"https:\/\/wellisparts.siteapp.hu\/en\/#\/schema\/logo\/image\/","url":"https:\/\/wellisparts.siteapp.hu\/wp-content\/uploads\/2020\/04\/wellis-logo-gray-300x92-1.png","contentUrl":"https:\/\/wellisparts.siteapp.hu\/wp-content\/uploads\/2020\/04\/wellis-logo-gray-300x92-1.png","width":300,"height":92,"caption":"Wellis"},"image":{"@id":"https:\/\/wellisparts.siteapp.hu\/en\/#\/schema\/logo\/image\/"},"sameAs":["https:\/\/www.facebook.com\/wellis.eu","https:\/\/www.instagram.com\/wellis.spa\/","https:\/\/www.linkedin.com\/company\/wellis","https:\/\/www.youtube.com\/channel\/UCBfTfURbofhapZionQfC-Gg"]}]}},"_links":{"self":[{"href":"https:\/\/wellisparts.siteapp.hu\/en\/wp-json\/wp\/v2\/pages\/27069","targetHints":{"allow":["GET"]}}],"collection":[{"href":"https:\/\/wellisparts.siteapp.hu\/en\/wp-json\/wp\/v2\/pages"}],"about":[{"href":"https:\/\/wellisparts.siteapp.hu\/en\/wp-json\/wp\/v2\/types\/page"}],"author":[{"embeddable":true,"href":"https:\/\/wellisparts.siteapp.hu\/en\/wp-json\/wp\/v2\/users\/1"}],"replies":[{"embeddable":true,"href":"https:\/\/wellisparts.siteapp.hu\/en\/wp-json\/wp\/v2\/comments?post=27069"}],"version-history":[{"count":2,"href":"https:\/\/wellisparts.siteapp.hu\/en\/wp-json\/wp\/v2\/pages\/27069\/revisions"}],"predecessor-version":[{"id":40385,"href":"https:\/\/wellisparts.siteapp.hu\/en\/wp-json\/wp\/v2\/pages\/27069\/revisions\/40385"}],"wp:attachment":[{"href":"https:\/\/wellisparts.siteapp.hu\/en\/wp-json\/wp\/v2\/media?parent=27069"}],"curies":[{"name":"wp","href":"https:\/\/api.w.org\/{rel}","templated":true}]}}