{"id":11817,"date":"2021-12-15T10:14:15","date_gmt":"2021-12-15T09:14:15","guid":{"rendered":"https:\/\/wellisparts.siteapp.hu\/products\/uncategorized\/universal-thermal-cover-lifter-2\/"},"modified":"2025-03-10T20:03:10","modified_gmt":"2025-03-10T19:03:10","slug":"wm00767","status":"publish","type":"product","link":"https:\/\/wellisparts.siteapp.hu\/en\/shop\/wm00767\/","title":{"rendered":"Universal thermal cover lifter"},"content":{"rendered":"<p>The heat shield folds over this frame and cantilevers over the rear edge of the spa, making it very easy to handle regardless of the size and weight of the shield &#8211; especially suitable for the bulkier Wellis Xtreme\u2122 heat shield<\/p>\n","protected":false},"excerpt":{"rendered":"<p>Universal thermal cover lifter &#8211; Spas &#8211; Accessories<\/p>\n","protected":false},"featured_media":38656,"template":"","meta":{"_acf_changed":false},"product_brand":[],"product_cat":[1246,1237],"product_tag":[],"class_list":{"0":"post-11817","1":"product","2":"type-product","3":"status-publish","4":"has-post-thumbnail","6":"product_cat-accessories","7":"product_cat-spa-accessories-en","9":"first","10":"instock","11":"sale","12":"taxable","13":"shipping-taxable","14":"purchasable","15":"product-type-simple"},"acf":[],"yoast_head":"<!-- This site is optimized with the Yoast SEO Premium plugin v25.6 (Yoast SEO v27.3) - https:\/\/yoast.com\/product\/yoast-seo-premium-wordpress\/ -->\n<title>Universal thermal cover lifter | Wellisparts<\/title>\n<meta name=\"description\" content=\"Universal thermal cover lifter - Spas - Accessories\" \/>\n<meta name=\"robots\" content=\"noindex, follow, max-snippet:-1, max-image-preview:large, max-video-preview:-1\" \/>\n<meta property=\"og:locale\" content=\"en_US\" \/>\n<meta property=\"og:type\" content=\"article\" \/>\n<meta property=\"og:title\" content=\"Universal thermal cover lifter\" \/>\n<meta property=\"og:description\" content=\"Universal thermal cover lifter - Spas - Accessories\" \/>\n<meta property=\"og:url\" content=\"https:\/\/wellisparts.siteapp.hu\/en\/shop\/wm00767\/\" \/>\n<meta property=\"og:site_name\" content=\"Wellisparts\" \/>\n<meta property=\"article:publisher\" content=\"https:\/\/www.facebook.com\/wellis.eu\" \/>\n<meta property=\"article:modified_time\" content=\"2025-03-10T19:03:10+00:00\" \/>\n<meta property=\"og:image\" content=\"https:\/\/wellisparts.siteapp.hu\/wp-content\/uploads\/2022\/01\/WM00767.jpeg\" \/>\n\t<meta property=\"og:image:width\" content=\"800\" \/>\n\t<meta property=\"og:image:height\" content=\"800\" \/>\n\t<meta property=\"og:image:type\" content=\"image\/jpeg\" \/>\n<meta name=\"twitter:card\" content=\"summary_large_image\" \/>\n<meta name=\"twitter:label1\" content=\"Price\" \/>\n\t<meta name=\"twitter:data1\" content=\"&euro;180,50+VAT\" \/>\n\t<meta name=\"twitter:label2\" content=\"Availability\" \/>\n\t<meta name=\"twitter:data2\" content=\"In stock\" \/>\n<script type=\"application\/ld+json\" class=\"yoast-schema-graph\">{\"@context\":\"https:\\\/\\\/schema.org\",\"@graph\":[{\"@type\":\"WebPage\",\"@id\":\"https:\\\/\\\/wellisparts.siteapp.hu\\\/en\\\/shop\\\/wm00767\\\/\",\"url\":\"https:\\\/\\\/wellisparts.siteapp.hu\\\/en\\\/shop\\\/wm00767\\\/\",\"name\":\"Universal thermal cover lifter | Wellisparts\",\"isPartOf\":{\"@id\":\"https:\\\/\\\/wellisparts.siteapp.hu\\\/en\\\/#website\"},\"primaryImageOfPage\":{\"@id\":\"https:\\\/\\\/wellisparts.siteapp.hu\\\/en\\\/shop\\\/wm00767\\\/#primaryimage\"},\"image\":{\"@id\":\"https:\\\/\\\/wellisparts.siteapp.hu\\\/en\\\/shop\\\/wm00767\\\/#primaryimage\"},\"thumbnailUrl\":\"https:\\\/\\\/wellisparts.siteapp.hu\\\/wp-content\\\/uploads\\\/2022\\\/01\\\/WM00767.jpeg\",\"datePublished\":\"2021-12-15T09:14:15+00:00\",\"dateModified\":\"2025-03-10T19:03:10+00:00\",\"description\":\"Universal thermal cover lifter - Spas - Accessories\",\"breadcrumb\":{\"@id\":\"https:\\\/\\\/wellisparts.siteapp.hu\\\/en\\\/shop\\\/wm00767\\\/#breadcrumb\"},\"inLanguage\":\"en-US\",\"potentialAction\":[{\"@type\":\"ReadAction\",\"target\":[\"https:\\\/\\\/wellisparts.siteapp.hu\\\/en\\\/shop\\\/wm00767\\\/\"]}]},{\"@type\":\"ImageObject\",\"inLanguage\":\"en-US\",\"@id\":\"https:\\\/\\\/wellisparts.siteapp.hu\\\/en\\\/shop\\\/wm00767\\\/#primaryimage\",\"url\":\"https:\\\/\\\/wellisparts.siteapp.hu\\\/wp-content\\\/uploads\\\/2022\\\/01\\\/WM00767.jpeg\",\"contentUrl\":\"https:\\\/\\\/wellisparts.siteapp.hu\\\/wp-content\\\/uploads\\\/2022\\\/01\\\/WM00767.jpeg\",\"width\":800,\"height\":800},{\"@type\":\"BreadcrumbList\",\"@id\":\"https:\\\/\\\/wellisparts.siteapp.hu\\\/en\\\/shop\\\/wm00767\\\/#breadcrumb\",\"itemListElement\":[{\"@type\":\"ListItem\",\"position\":1,\"name\":\"Home\",\"item\":\"https:\\\/\\\/wellisparts.siteapp.hu\\\/en\\\/\"},{\"@type\":\"ListItem\",\"position\":2,\"name\":\"Shop\",\"item\":\"https:\\\/\\\/wellisparts.siteapp.hu\\\/en\\\/shop\\\/\"},{\"@type\":\"ListItem\",\"position\":3,\"name\":\"Universal thermal cover lifter\"}]},{\"@type\":\"WebSite\",\"@id\":\"https:\\\/\\\/wellisparts.siteapp.hu\\\/en\\\/#website\",\"url\":\"https:\\\/\\\/wellisparts.siteapp.hu\\\/en\\\/\",\"name\":\"Wellisparts\",\"description\":\"Wellis alkatr\u00e9sz \u00e9s kieg\u00e9sz\u00edt\u0151 webshop\",\"publisher\":{\"@id\":\"https:\\\/\\\/wellisparts.siteapp.hu\\\/en\\\/#organization\"},\"potentialAction\":[{\"@type\":\"SearchAction\",\"target\":{\"@type\":\"EntryPoint\",\"urlTemplate\":\"https:\\\/\\\/wellisparts.siteapp.hu\\\/en\\\/?s={search_term_string}\"},\"query-input\":{\"@type\":\"PropertyValueSpecification\",\"valueRequired\":true,\"valueName\":\"search_term_string\"}}],\"inLanguage\":\"en-US\"},{\"@type\":\"Organization\",\"@id\":\"https:\\\/\\\/wellisparts.siteapp.hu\\\/en\\\/#organization\",\"name\":\"Wellis\",\"url\":\"https:\\\/\\\/wellisparts.siteapp.hu\\\/en\\\/\",\"logo\":{\"@type\":\"ImageObject\",\"inLanguage\":\"en-US\",\"@id\":\"https:\\\/\\\/wellisparts.siteapp.hu\\\/en\\\/#\\\/schema\\\/logo\\\/image\\\/\",\"url\":\"https:\\\/\\\/wellisparts.siteapp.hu\\\/wp-content\\\/uploads\\\/2020\\\/04\\\/wellis-logo-gray-300x92-1.png\",\"contentUrl\":\"https:\\\/\\\/wellisparts.siteapp.hu\\\/wp-content\\\/uploads\\\/2020\\\/04\\\/wellis-logo-gray-300x92-1.png\",\"width\":300,\"height\":92,\"caption\":\"Wellis\"},\"image\":{\"@id\":\"https:\\\/\\\/wellisparts.siteapp.hu\\\/en\\\/#\\\/schema\\\/logo\\\/image\\\/\"},\"sameAs\":[\"https:\\\/\\\/www.facebook.com\\\/wellis.eu\",\"https:\\\/\\\/www.instagram.com\\\/wellis.spa\\\/\",\"https:\\\/\\\/www.linkedin.com\\\/company\\\/wellis\",\"https:\\\/\\\/www.youtube.com\\\/channel\\\/UCBfTfURbofhapZionQfC-Gg\"]}]}<\/script>\n<meta property=\"product:price:amount\" content=\"180.50\" \/>\n<meta property=\"product:price:currency\" content=\"EUR\" \/>\n<meta property=\"og:availability\" content=\"instock\" \/>\n<meta property=\"product:availability\" content=\"instock\" \/>\n<meta property=\"product:retailer_item_id\" content=\"WM00767\" \/>\n<meta property=\"product:condition\" content=\"new\" \/>\n<!-- \/ Yoast SEO Premium plugin. -->","yoast_head_json":{"title":"Universal thermal cover lifter | Wellisparts","description":"Universal thermal cover lifter - Spas - Accessories","robots":{"index":"noindex","follow":"follow","max-snippet":"max-snippet:-1","max-image-preview":"max-image-preview:large","max-video-preview":"max-video-preview:-1"},"og_locale":"en_US","og_type":"article","og_title":"Universal thermal cover lifter","og_description":"Universal thermal cover lifter - Spas - Accessories","og_url":"https:\/\/wellisparts.siteapp.hu\/en\/shop\/wm00767\/","og_site_name":"Wellisparts","article_publisher":"https:\/\/www.facebook.com\/wellis.eu","article_modified_time":"2025-03-10T19:03:10+00:00","og_image":[{"width":800,"height":800,"url":"https:\/\/wellisparts.siteapp.hu\/wp-content\/uploads\/2022\/01\/WM00767.jpeg","type":"image\/jpeg"}],"twitter_card":"summary_large_image","twitter_misc":{"Price":"&euro;180,50+VAT","Availability":"In stock"},"schema":{"@context":"https:\/\/schema.org","@graph":[{"@type":"WebPage","@id":"https:\/\/wellisparts.siteapp.hu\/en\/shop\/wm00767\/","url":"https:\/\/wellisparts.siteapp.hu\/en\/shop\/wm00767\/","name":"Universal thermal cover lifter | Wellisparts","isPartOf":{"@id":"https:\/\/wellisparts.siteapp.hu\/en\/#website"},"primaryImageOfPage":{"@id":"https:\/\/wellisparts.siteapp.hu\/en\/shop\/wm00767\/#primaryimage"},"image":{"@id":"https:\/\/wellisparts.siteapp.hu\/en\/shop\/wm00767\/#primaryimage"},"thumbnailUrl":"https:\/\/wellisparts.siteapp.hu\/wp-content\/uploads\/2022\/01\/WM00767.jpeg","datePublished":"2021-12-15T09:14:15+00:00","dateModified":"2025-03-10T19:03:10+00:00","description":"Universal thermal cover lifter - Spas - Accessories","breadcrumb":{"@id":"https:\/\/wellisparts.siteapp.hu\/en\/shop\/wm00767\/#breadcrumb"},"inLanguage":"en-US","potentialAction":[{"@type":"ReadAction","target":["https:\/\/wellisparts.siteapp.hu\/en\/shop\/wm00767\/"]}]},{"@type":"ImageObject","inLanguage":"en-US","@id":"https:\/\/wellisparts.siteapp.hu\/en\/shop\/wm00767\/#primaryimage","url":"https:\/\/wellisparts.siteapp.hu\/wp-content\/uploads\/2022\/01\/WM00767.jpeg","contentUrl":"https:\/\/wellisparts.siteapp.hu\/wp-content\/uploads\/2022\/01\/WM00767.jpeg","width":800,"height":800},{"@type":"BreadcrumbList","@id":"https:\/\/wellisparts.siteapp.hu\/en\/shop\/wm00767\/#breadcrumb","itemListElement":[{"@type":"ListItem","position":1,"name":"Home","item":"https:\/\/wellisparts.siteapp.hu\/en\/"},{"@type":"ListItem","position":2,"name":"Shop","item":"https:\/\/wellisparts.siteapp.hu\/en\/shop\/"},{"@type":"ListItem","position":3,"name":"Universal thermal cover lifter"}]},{"@type":"WebSite","@id":"https:\/\/wellisparts.siteapp.hu\/en\/#website","url":"https:\/\/wellisparts.siteapp.hu\/en\/","name":"Wellisparts","description":"Wellis alkatr\u00e9sz \u00e9s kieg\u00e9sz\u00edt\u0151 webshop","publisher":{"@id":"https:\/\/wellisparts.siteapp.hu\/en\/#organization"},"potentialAction":[{"@type":"SearchAction","target":{"@type":"EntryPoint","urlTemplate":"https:\/\/wellisparts.siteapp.hu\/en\/?s={search_term_string}"},"query-input":{"@type":"PropertyValueSpecification","valueRequired":true,"valueName":"search_term_string"}}],"inLanguage":"en-US"},{"@type":"Organization","@id":"https:\/\/wellisparts.siteapp.hu\/en\/#organization","name":"Wellis","url":"https:\/\/wellisparts.siteapp.hu\/en\/","logo":{"@type":"ImageObject","inLanguage":"en-US","@id":"https:\/\/wellisparts.siteapp.hu\/en\/#\/schema\/logo\/image\/","url":"https:\/\/wellisparts.siteapp.hu\/wp-content\/uploads\/2020\/04\/wellis-logo-gray-300x92-1.png","contentUrl":"https:\/\/wellisparts.siteapp.hu\/wp-content\/uploads\/2020\/04\/wellis-logo-gray-300x92-1.png","width":300,"height":92,"caption":"Wellis"},"image":{"@id":"https:\/\/wellisparts.siteapp.hu\/en\/#\/schema\/logo\/image\/"},"sameAs":["https:\/\/www.facebook.com\/wellis.eu","https:\/\/www.instagram.com\/wellis.spa\/","https:\/\/www.linkedin.com\/company\/wellis","https:\/\/www.youtube.com\/channel\/UCBfTfURbofhapZionQfC-Gg"]}]},"product_price_amount":"180.50","product_price_currency":"EUR","og_availability":"instock","product_availability":"instock","product_retailer_item_id":"WM00767","product_condition":"new"},"_links":{"self":[{"href":"https:\/\/wellisparts.siteapp.hu\/en\/wp-json\/wp\/v2\/product\/11817","targetHints":{"allow":["GET"]}}],"collection":[{"href":"https:\/\/wellisparts.siteapp.hu\/en\/wp-json\/wp\/v2\/product"}],"about":[{"href":"https:\/\/wellisparts.siteapp.hu\/en\/wp-json\/wp\/v2\/types\/product"}],"wp:featuredmedia":[{"embeddable":true,"href":"https:\/\/wellisparts.siteapp.hu\/en\/wp-json\/wp\/v2\/media\/38656"}],"wp:attachment":[{"href":"https:\/\/wellisparts.siteapp.hu\/en\/wp-json\/wp\/v2\/media?parent=11817"}],"wp:term":[{"taxonomy":"product_brand","embeddable":true,"href":"https:\/\/wellisparts.siteapp.hu\/en\/wp-json\/wp\/v2\/product_brand?post=11817"},{"taxonomy":"product_cat","embeddable":true,"href":"https:\/\/wellisparts.siteapp.hu\/en\/wp-json\/wp\/v2\/product_cat?post=11817"},{"taxonomy":"product_tag","embeddable":true,"href":"https:\/\/wellisparts.siteapp.hu\/en\/wp-json\/wp\/v2\/product_tag?post=11817"}],"curies":[{"name":"wp","href":"https:\/\/api.w.org\/{rel}","templated":true}]}}