{"id":43560,"date":"2022-10-04T11:29:21","date_gmt":"2022-10-04T09:29:21","guid":{"rendered":"https:\/\/wellisparts.siteapp.hu\/shop\/quadrum-lower-rubber-strip-for-door\/"},"modified":"2025-03-10T20:05:06","modified_gmt":"2025-03-10T19:05:06","slug":"quadrum-lower-rubber-strip-for-door","status":"publish","type":"product","link":"https:\/\/wellisparts.siteapp.hu\/en\/shop\/quadrum-lower-rubber-strip-for-door\/","title":{"rendered":"Quadrum Lower rubber strip for door"},"content":{"rendered":"<p>Quadrum Lower rubber strip for door<\/p>\n","protected":false},"excerpt":{"rendered":"<p>Quadrum Lower rubber strip for door &#8211;  &#8211;<\/p>\n","protected":false},"featured_media":43433,"template":"","meta":{"_acf_changed":false},"product_brand":[],"product_cat":[1324,1321],"product_tag":[],"class_list":{"0":"post-43560","1":"product","2":"type-product","3":"status-publish","4":"has-post-thumbnail","6":"product_cat-cabin-parts","7":"product_cat-sanitary-furniture-parts","9":"first","10":"outofstock","11":"taxable","12":"shipping-taxable","13":"purchasable","14":"product-type-simple"},"acf":[],"yoast_head":"<!-- This site is optimized with the Yoast SEO Premium plugin v25.6 (Yoast SEO v27.3) - https:\/\/yoast.com\/product\/yoast-seo-premium-wordpress\/ -->\n<title>Quadrum Lower rubber strip for door<\/title>\n<meta name=\"description\" content=\"Quadrum Lower rubber strip for door - -\" \/>\n<meta name=\"robots\" content=\"noindex, follow, max-snippet:-1, max-image-preview:large, max-video-preview:-1\" \/>\n<meta property=\"og:locale\" content=\"en_US\" \/>\n<meta property=\"og:type\" content=\"article\" \/>\n<meta property=\"og:title\" content=\"Quadrum Lower rubber strip for door\" \/>\n<meta property=\"og:description\" content=\"Quadrum Lower rubber strip for door - -\" \/>\n<meta property=\"og:url\" content=\"https:\/\/wellisparts.siteapp.hu\/en\/shop\/quadrum-lower-rubber-strip-for-door\/\" \/>\n<meta property=\"og:site_name\" content=\"Wellisparts\" \/>\n<meta property=\"article:publisher\" content=\"https:\/\/www.facebook.com\/wellis.eu\" \/>\n<meta property=\"article:modified_time\" content=\"2025-03-10T19:05:06+00:00\" \/>\n<meta property=\"og:image\" content=\"https:\/\/wellisparts.siteapp.hu\/wp-content\/uploads\/2022\/10\/AC01010_2.jpg\" \/>\n\t<meta property=\"og:image:width\" content=\"501\" \/>\n\t<meta property=\"og:image:height\" content=\"514\" \/>\n\t<meta property=\"og:image:type\" content=\"image\/jpeg\" \/>\n<meta name=\"twitter:card\" content=\"summary_large_image\" \/>\n<meta name=\"twitter:label1\" content=\"Price\" \/>\n\t<meta name=\"twitter:data1\" content=\"&euro;7,45+VAT\" \/>\n\t<meta name=\"twitter:label2\" content=\"Availability\" \/>\n\t<meta name=\"twitter:data2\" content=\"Out of stock\" \/>\n<script type=\"application\/ld+json\" class=\"yoast-schema-graph\">{\"@context\":\"https:\\\/\\\/schema.org\",\"@graph\":[{\"@type\":\"WebPage\",\"@id\":\"https:\\\/\\\/wellisparts.siteapp.hu\\\/en\\\/shop\\\/quadrum-lower-rubber-strip-for-door\\\/\",\"url\":\"https:\\\/\\\/wellisparts.siteapp.hu\\\/en\\\/shop\\\/quadrum-lower-rubber-strip-for-door\\\/\",\"name\":\"Quadrum Lower rubber strip for door\",\"isPartOf\":{\"@id\":\"https:\\\/\\\/wellisparts.siteapp.hu\\\/en\\\/#website\"},\"primaryImageOfPage\":{\"@id\":\"https:\\\/\\\/wellisparts.siteapp.hu\\\/en\\\/shop\\\/quadrum-lower-rubber-strip-for-door\\\/#primaryimage\"},\"image\":{\"@id\":\"https:\\\/\\\/wellisparts.siteapp.hu\\\/en\\\/shop\\\/quadrum-lower-rubber-strip-for-door\\\/#primaryimage\"},\"thumbnailUrl\":\"https:\\\/\\\/wellisparts.siteapp.hu\\\/wp-content\\\/uploads\\\/2022\\\/10\\\/AC01010_2.jpg\",\"datePublished\":\"2022-10-04T09:29:21+00:00\",\"dateModified\":\"2025-03-10T19:05:06+00:00\",\"description\":\"Quadrum Lower rubber strip for door - -\",\"breadcrumb\":{\"@id\":\"https:\\\/\\\/wellisparts.siteapp.hu\\\/en\\\/shop\\\/quadrum-lower-rubber-strip-for-door\\\/#breadcrumb\"},\"inLanguage\":\"en-US\",\"potentialAction\":[{\"@type\":\"ReadAction\",\"target\":[\"https:\\\/\\\/wellisparts.siteapp.hu\\\/en\\\/shop\\\/quadrum-lower-rubber-strip-for-door\\\/\"]}]},{\"@type\":\"ImageObject\",\"inLanguage\":\"en-US\",\"@id\":\"https:\\\/\\\/wellisparts.siteapp.hu\\\/en\\\/shop\\\/quadrum-lower-rubber-strip-for-door\\\/#primaryimage\",\"url\":\"https:\\\/\\\/wellisparts.siteapp.hu\\\/wp-content\\\/uploads\\\/2022\\\/10\\\/AC01010_2.jpg\",\"contentUrl\":\"https:\\\/\\\/wellisparts.siteapp.hu\\\/wp-content\\\/uploads\\\/2022\\\/10\\\/AC01010_2.jpg\",\"width\":501,\"height\":514},{\"@type\":\"BreadcrumbList\",\"@id\":\"https:\\\/\\\/wellisparts.siteapp.hu\\\/en\\\/shop\\\/quadrum-lower-rubber-strip-for-door\\\/#breadcrumb\",\"itemListElement\":[{\"@type\":\"ListItem\",\"position\":1,\"name\":\"Home\",\"item\":\"https:\\\/\\\/wellisparts.siteapp.hu\\\/en\\\/\"},{\"@type\":\"ListItem\",\"position\":2,\"name\":\"Shop\",\"item\":\"https:\\\/\\\/wellisparts.siteapp.hu\\\/en\\\/shop\\\/\"},{\"@type\":\"ListItem\",\"position\":3,\"name\":\"Quadrum Lower rubber strip for door\"}]},{\"@type\":\"WebSite\",\"@id\":\"https:\\\/\\\/wellisparts.siteapp.hu\\\/en\\\/#website\",\"url\":\"https:\\\/\\\/wellisparts.siteapp.hu\\\/en\\\/\",\"name\":\"Wellisparts\",\"description\":\"Wellis alkatr\u00e9sz \u00e9s kieg\u00e9sz\u00edt\u0151 webshop\",\"publisher\":{\"@id\":\"https:\\\/\\\/wellisparts.siteapp.hu\\\/en\\\/#organization\"},\"potentialAction\":[{\"@type\":\"SearchAction\",\"target\":{\"@type\":\"EntryPoint\",\"urlTemplate\":\"https:\\\/\\\/wellisparts.siteapp.hu\\\/en\\\/?s={search_term_string}\"},\"query-input\":{\"@type\":\"PropertyValueSpecification\",\"valueRequired\":true,\"valueName\":\"search_term_string\"}}],\"inLanguage\":\"en-US\"},{\"@type\":\"Organization\",\"@id\":\"https:\\\/\\\/wellisparts.siteapp.hu\\\/en\\\/#organization\",\"name\":\"Wellis\",\"url\":\"https:\\\/\\\/wellisparts.siteapp.hu\\\/en\\\/\",\"logo\":{\"@type\":\"ImageObject\",\"inLanguage\":\"en-US\",\"@id\":\"https:\\\/\\\/wellisparts.siteapp.hu\\\/en\\\/#\\\/schema\\\/logo\\\/image\\\/\",\"url\":\"https:\\\/\\\/wellisparts.siteapp.hu\\\/wp-content\\\/uploads\\\/2020\\\/04\\\/wellis-logo-gray-300x92-1.png\",\"contentUrl\":\"https:\\\/\\\/wellisparts.siteapp.hu\\\/wp-content\\\/uploads\\\/2020\\\/04\\\/wellis-logo-gray-300x92-1.png\",\"width\":300,\"height\":92,\"caption\":\"Wellis\"},\"image\":{\"@id\":\"https:\\\/\\\/wellisparts.siteapp.hu\\\/en\\\/#\\\/schema\\\/logo\\\/image\\\/\"},\"sameAs\":[\"https:\\\/\\\/www.facebook.com\\\/wellis.eu\",\"https:\\\/\\\/www.instagram.com\\\/wellis.spa\\\/\",\"https:\\\/\\\/www.linkedin.com\\\/company\\\/wellis\",\"https:\\\/\\\/www.youtube.com\\\/channel\\\/UCBfTfURbofhapZionQfC-Gg\"]}]}<\/script>\n<meta property=\"product:price:amount\" content=\"7.45\" \/>\n<meta property=\"product:price:currency\" content=\"EUR\" \/>\n<meta property=\"og:availability\" content=\"out of stock\" \/>\n<meta property=\"product:availability\" content=\"out of stock\" \/>\n<meta property=\"product:retailer_item_id\" content=\"AC01010\" \/>\n<meta property=\"product:condition\" content=\"new\" \/>\n<!-- \/ Yoast SEO Premium plugin. -->","yoast_head_json":{"title":"Quadrum Lower rubber strip for door","description":"Quadrum Lower rubber strip for door - -","robots":{"index":"noindex","follow":"follow","max-snippet":"max-snippet:-1","max-image-preview":"max-image-preview:large","max-video-preview":"max-video-preview:-1"},"og_locale":"en_US","og_type":"article","og_title":"Quadrum Lower rubber strip for door","og_description":"Quadrum Lower rubber strip for door - -","og_url":"https:\/\/wellisparts.siteapp.hu\/en\/shop\/quadrum-lower-rubber-strip-for-door\/","og_site_name":"Wellisparts","article_publisher":"https:\/\/www.facebook.com\/wellis.eu","article_modified_time":"2025-03-10T19:05:06+00:00","og_image":[{"width":501,"height":514,"url":"https:\/\/wellisparts.siteapp.hu\/wp-content\/uploads\/2022\/10\/AC01010_2.jpg","type":"image\/jpeg"}],"twitter_card":"summary_large_image","twitter_misc":{"Price":"&euro;7,45+VAT","Availability":"Out of stock"},"schema":{"@context":"https:\/\/schema.org","@graph":[{"@type":"WebPage","@id":"https:\/\/wellisparts.siteapp.hu\/en\/shop\/quadrum-lower-rubber-strip-for-door\/","url":"https:\/\/wellisparts.siteapp.hu\/en\/shop\/quadrum-lower-rubber-strip-for-door\/","name":"Quadrum Lower rubber strip for door","isPartOf":{"@id":"https:\/\/wellisparts.siteapp.hu\/en\/#website"},"primaryImageOfPage":{"@id":"https:\/\/wellisparts.siteapp.hu\/en\/shop\/quadrum-lower-rubber-strip-for-door\/#primaryimage"},"image":{"@id":"https:\/\/wellisparts.siteapp.hu\/en\/shop\/quadrum-lower-rubber-strip-for-door\/#primaryimage"},"thumbnailUrl":"https:\/\/wellisparts.siteapp.hu\/wp-content\/uploads\/2022\/10\/AC01010_2.jpg","datePublished":"2022-10-04T09:29:21+00:00","dateModified":"2025-03-10T19:05:06+00:00","description":"Quadrum Lower rubber strip for door - -","breadcrumb":{"@id":"https:\/\/wellisparts.siteapp.hu\/en\/shop\/quadrum-lower-rubber-strip-for-door\/#breadcrumb"},"inLanguage":"en-US","potentialAction":[{"@type":"ReadAction","target":["https:\/\/wellisparts.siteapp.hu\/en\/shop\/quadrum-lower-rubber-strip-for-door\/"]}]},{"@type":"ImageObject","inLanguage":"en-US","@id":"https:\/\/wellisparts.siteapp.hu\/en\/shop\/quadrum-lower-rubber-strip-for-door\/#primaryimage","url":"https:\/\/wellisparts.siteapp.hu\/wp-content\/uploads\/2022\/10\/AC01010_2.jpg","contentUrl":"https:\/\/wellisparts.siteapp.hu\/wp-content\/uploads\/2022\/10\/AC01010_2.jpg","width":501,"height":514},{"@type":"BreadcrumbList","@id":"https:\/\/wellisparts.siteapp.hu\/en\/shop\/quadrum-lower-rubber-strip-for-door\/#breadcrumb","itemListElement":[{"@type":"ListItem","position":1,"name":"Home","item":"https:\/\/wellisparts.siteapp.hu\/en\/"},{"@type":"ListItem","position":2,"name":"Shop","item":"https:\/\/wellisparts.siteapp.hu\/en\/shop\/"},{"@type":"ListItem","position":3,"name":"Quadrum Lower rubber strip for door"}]},{"@type":"WebSite","@id":"https:\/\/wellisparts.siteapp.hu\/en\/#website","url":"https:\/\/wellisparts.siteapp.hu\/en\/","name":"Wellisparts","description":"Wellis alkatr\u00e9sz \u00e9s kieg\u00e9sz\u00edt\u0151 webshop","publisher":{"@id":"https:\/\/wellisparts.siteapp.hu\/en\/#organization"},"potentialAction":[{"@type":"SearchAction","target":{"@type":"EntryPoint","urlTemplate":"https:\/\/wellisparts.siteapp.hu\/en\/?s={search_term_string}"},"query-input":{"@type":"PropertyValueSpecification","valueRequired":true,"valueName":"search_term_string"}}],"inLanguage":"en-US"},{"@type":"Organization","@id":"https:\/\/wellisparts.siteapp.hu\/en\/#organization","name":"Wellis","url":"https:\/\/wellisparts.siteapp.hu\/en\/","logo":{"@type":"ImageObject","inLanguage":"en-US","@id":"https:\/\/wellisparts.siteapp.hu\/en\/#\/schema\/logo\/image\/","url":"https:\/\/wellisparts.siteapp.hu\/wp-content\/uploads\/2020\/04\/wellis-logo-gray-300x92-1.png","contentUrl":"https:\/\/wellisparts.siteapp.hu\/wp-content\/uploads\/2020\/04\/wellis-logo-gray-300x92-1.png","width":300,"height":92,"caption":"Wellis"},"image":{"@id":"https:\/\/wellisparts.siteapp.hu\/en\/#\/schema\/logo\/image\/"},"sameAs":["https:\/\/www.facebook.com\/wellis.eu","https:\/\/www.instagram.com\/wellis.spa\/","https:\/\/www.linkedin.com\/company\/wellis","https:\/\/www.youtube.com\/channel\/UCBfTfURbofhapZionQfC-Gg"]}]},"product_price_amount":"7.45","product_price_currency":"EUR","og_availability":"out of stock","product_availability":"out of stock","product_retailer_item_id":"AC01010","product_condition":"new"},"_links":{"self":[{"href":"https:\/\/wellisparts.siteapp.hu\/en\/wp-json\/wp\/v2\/product\/43560","targetHints":{"allow":["GET"]}}],"collection":[{"href":"https:\/\/wellisparts.siteapp.hu\/en\/wp-json\/wp\/v2\/product"}],"about":[{"href":"https:\/\/wellisparts.siteapp.hu\/en\/wp-json\/wp\/v2\/types\/product"}],"wp:featuredmedia":[{"embeddable":true,"href":"https:\/\/wellisparts.siteapp.hu\/en\/wp-json\/wp\/v2\/media\/43433"}],"wp:attachment":[{"href":"https:\/\/wellisparts.siteapp.hu\/en\/wp-json\/wp\/v2\/media?parent=43560"}],"wp:term":[{"taxonomy":"product_brand","embeddable":true,"href":"https:\/\/wellisparts.siteapp.hu\/en\/wp-json\/wp\/v2\/product_brand?post=43560"},{"taxonomy":"product_cat","embeddable":true,"href":"https:\/\/wellisparts.siteapp.hu\/en\/wp-json\/wp\/v2\/product_cat?post=43560"},{"taxonomy":"product_tag","embeddable":true,"href":"https:\/\/wellisparts.siteapp.hu\/en\/wp-json\/wp\/v2\/product_tag?post=43560"}],"curies":[{"name":"wp","href":"https:\/\/api.w.org\/{rel}","templated":true}]}}