{"id":67799,"date":"2025-10-20T13:21:42","date_gmt":"2025-10-20T11:21:42","guid":{"rendered":"https:\/\/wellisparts.siteapp.hu\/?post_type=product&#038;p=67799"},"modified":"2025-10-20T13:34:31","modified_gmt":"2025-10-20T11:34:31","slug":"wifi-receiver-in-touch-3-plus-gecko-euuk","status":"publish","type":"product","link":"https:\/\/wellisparts.siteapp.hu\/en\/shop\/wifi-receiver-in-touch-3-plus-gecko-euuk\/","title":{"rendered":"Wifi receiver in.touch 3 Plus Gecko EU&#038;UK"},"content":{"rendered":"<div class=\"wpb-content-wrapper\"><p>[vc_row][vc_column][\/vc_column][\/vc_row]<\/p>\n<\/div>","protected":false},"excerpt":{"rendered":"<p data-start=\"207\" data-end=\"446\"><strong data-start=\"207\" data-end=\"230\">The in.touch 3 Plus<\/strong> is an advanced smart connectivity and water monitoring module for spas, allowing you to remotely control your wellness experience from your smartphone and continuously monitor your water quality \u2014 anytime, anywhere.<\/p>\n<ul data-start=\"448\" data-end=\"982\">\n<li data-start=\"448\" data-end=\"584\">\n<p data-start=\"450\" data-end=\"584\"><strong data-start=\"450\" data-end=\"476\">Mobile remote control:<\/strong> Manage your spa directly from your smartphone \u2013 adjust the temperature without having to walk to the spa.<\/p>\n<\/li>\n<li data-start=\"585\" data-end=\"681\">\n<p data-start=\"587\" data-end=\"681\"><strong data-start=\"587\" data-end=\"619\">Integrated water monitoring:<\/strong> Provides 24\/7 water quality control (pH, ORP, temperature).<\/p>\n<\/li>\n<li data-start=\"682\" data-end=\"807\">\n<p data-start=\"684\" data-end=\"807\"><strong data-start=\"684\" data-end=\"711\">Continuous improvement:<\/strong> Regular updates ensure your spa system stays up to date and refreshed with every new release.<\/p>\n<\/li>\n<li data-start=\"808\" data-end=\"982\">\n<p data-start=\"810\" data-end=\"982\"><strong data-start=\"810\" data-end=\"834\">Reliable connection:<\/strong> Proven RF (radio frequency) communication between the two modules provides a strong, stable, and long-range signal between the spa and your router.<\/p>\n<\/li>\n<\/ul>\n","protected":false},"featured_media":67803,"template":"","meta":{"_acf_changed":false},"product_brand":[],"product_cat":[1288,1258],"product_tag":[],"class_list":{"0":"post-67799","1":"product","2":"type-product","3":"status-publish","4":"has-post-thumbnail","6":"product_cat-gecko-en","7":"product_cat-spa-spare-parts","9":"first","10":"outofstock","11":"taxable","12":"shipping-taxable","13":"purchasable","14":"product-type-simple"},"acf":[],"yoast_head":"<!-- This site is optimized with the Yoast SEO Premium plugin v25.6 (Yoast SEO v27.3) - https:\/\/yoast.com\/product\/yoast-seo-premium-wordpress\/ -->\n<title>Wifi receiver in.touch 3 Plus Gecko EU&amp;UK | Wellisparts<\/title>\n<meta name=\"description\" content=\"Wifi receiver in.touch 3 Gecko Plus EU&amp;UK - Spas - Gecko\" \/>\n<meta name=\"robots\" content=\"noindex, follow, max-snippet:-1, max-image-preview:large, max-video-preview:-1\" \/>\n<meta property=\"og:locale\" content=\"en_US\" \/>\n<meta property=\"og:type\" content=\"article\" \/>\n<meta property=\"og:title\" content=\"Wifi receiver in.touch 3 Plus Gecko EU&amp;UK\" \/>\n<meta property=\"og:description\" content=\"Wifi receiver in.touch 3 Gecko Plus EU&amp;UK - Spas - Gecko\" \/>\n<meta property=\"og:url\" content=\"https:\/\/wellisparts.siteapp.hu\/en\/shop\/wifi-receiver-in-touch-3-plus-gecko-euuk\/\" \/>\n<meta property=\"og:site_name\" content=\"Wellisparts\" \/>\n<meta property=\"article:publisher\" content=\"https:\/\/www.facebook.com\/wellis.eu\" \/>\n<meta property=\"article:modified_time\" content=\"2025-10-20T11:34:31+00:00\" \/>\n<meta property=\"og:image\" content=\"https:\/\/wellisparts.siteapp.hu\/wp-content\/uploads\/2025\/10\/Gecko-in-touch-3_plus-Wi-Fi-modul.jpg\" \/>\n\t<meta property=\"og:image:width\" content=\"1200\" \/>\n\t<meta property=\"og:image:height\" content=\"1200\" \/>\n\t<meta property=\"og:image:type\" content=\"image\/jpeg\" \/>\n<meta name=\"twitter:card\" content=\"summary_large_image\" \/>\n<meta name=\"twitter:label1\" content=\"Price\" \/>\n\t<meta name=\"twitter:data1\" content=\"&euro;461,82+VAT\" \/>\n\t<meta name=\"twitter:label2\" content=\"Availability\" \/>\n\t<meta name=\"twitter:data2\" content=\"Out of stock\" \/>\n<script type=\"application\/ld+json\" class=\"yoast-schema-graph\">{\"@context\":\"https:\\\/\\\/schema.org\",\"@graph\":[{\"@type\":\"WebPage\",\"@id\":\"https:\\\/\\\/wellisparts.siteapp.hu\\\/en\\\/shop\\\/wifi-receiver-in-touch-3-plus-gecko-euuk\\\/\",\"url\":\"https:\\\/\\\/wellisparts.siteapp.hu\\\/en\\\/shop\\\/wifi-receiver-in-touch-3-plus-gecko-euuk\\\/\",\"name\":\"Wifi receiver in.touch 3 Plus Gecko EU&UK | Wellisparts\",\"isPartOf\":{\"@id\":\"https:\\\/\\\/wellisparts.siteapp.hu\\\/en\\\/#website\"},\"primaryImageOfPage\":{\"@id\":\"https:\\\/\\\/wellisparts.siteapp.hu\\\/en\\\/shop\\\/wifi-receiver-in-touch-3-plus-gecko-euuk\\\/#primaryimage\"},\"image\":{\"@id\":\"https:\\\/\\\/wellisparts.siteapp.hu\\\/en\\\/shop\\\/wifi-receiver-in-touch-3-plus-gecko-euuk\\\/#primaryimage\"},\"thumbnailUrl\":\"https:\\\/\\\/wellisparts.siteapp.hu\\\/wp-content\\\/uploads\\\/2025\\\/10\\\/Gecko-in-touch-3_plus-Wi-Fi-modul.jpg\",\"datePublished\":\"2025-10-20T11:21:42+00:00\",\"dateModified\":\"2025-10-20T11:34:31+00:00\",\"description\":\"Wifi receiver in.touch 3 Gecko Plus EU&UK - Spas - Gecko\",\"breadcrumb\":{\"@id\":\"https:\\\/\\\/wellisparts.siteapp.hu\\\/en\\\/shop\\\/wifi-receiver-in-touch-3-plus-gecko-euuk\\\/#breadcrumb\"},\"inLanguage\":\"en-US\",\"potentialAction\":[{\"@type\":\"ReadAction\",\"target\":[\"https:\\\/\\\/wellisparts.siteapp.hu\\\/en\\\/shop\\\/wifi-receiver-in-touch-3-plus-gecko-euuk\\\/\"]}]},{\"@type\":\"ImageObject\",\"inLanguage\":\"en-US\",\"@id\":\"https:\\\/\\\/wellisparts.siteapp.hu\\\/en\\\/shop\\\/wifi-receiver-in-touch-3-plus-gecko-euuk\\\/#primaryimage\",\"url\":\"https:\\\/\\\/wellisparts.siteapp.hu\\\/wp-content\\\/uploads\\\/2025\\\/10\\\/Gecko-in-touch-3_plus-Wi-Fi-modul.jpg\",\"contentUrl\":\"https:\\\/\\\/wellisparts.siteapp.hu\\\/wp-content\\\/uploads\\\/2025\\\/10\\\/Gecko-in-touch-3_plus-Wi-Fi-modul.jpg\",\"width\":1200,\"height\":1200,\"caption\":\"Gecko in touch 3 plus Wi-Fi modul\"},{\"@type\":\"BreadcrumbList\",\"@id\":\"https:\\\/\\\/wellisparts.siteapp.hu\\\/en\\\/shop\\\/wifi-receiver-in-touch-3-plus-gecko-euuk\\\/#breadcrumb\",\"itemListElement\":[{\"@type\":\"ListItem\",\"position\":1,\"name\":\"Home\",\"item\":\"https:\\\/\\\/wellisparts.siteapp.hu\\\/en\\\/\"},{\"@type\":\"ListItem\",\"position\":2,\"name\":\"Shop\",\"item\":\"https:\\\/\\\/wellisparts.siteapp.hu\\\/en\\\/shop\\\/\"},{\"@type\":\"ListItem\",\"position\":3,\"name\":\"Wifi receiver in.touch 3 Plus Gecko EU&#038;UK\"}]},{\"@type\":\"WebSite\",\"@id\":\"https:\\\/\\\/wellisparts.siteapp.hu\\\/en\\\/#website\",\"url\":\"https:\\\/\\\/wellisparts.siteapp.hu\\\/en\\\/\",\"name\":\"Wellisparts\",\"description\":\"Wellis alkatr\u00e9sz \u00e9s kieg\u00e9sz\u00edt\u0151 webshop\",\"publisher\":{\"@id\":\"https:\\\/\\\/wellisparts.siteapp.hu\\\/en\\\/#organization\"},\"potentialAction\":[{\"@type\":\"SearchAction\",\"target\":{\"@type\":\"EntryPoint\",\"urlTemplate\":\"https:\\\/\\\/wellisparts.siteapp.hu\\\/en\\\/?s={search_term_string}\"},\"query-input\":{\"@type\":\"PropertyValueSpecification\",\"valueRequired\":true,\"valueName\":\"search_term_string\"}}],\"inLanguage\":\"en-US\"},{\"@type\":\"Organization\",\"@id\":\"https:\\\/\\\/wellisparts.siteapp.hu\\\/en\\\/#organization\",\"name\":\"Wellis\",\"url\":\"https:\\\/\\\/wellisparts.siteapp.hu\\\/en\\\/\",\"logo\":{\"@type\":\"ImageObject\",\"inLanguage\":\"en-US\",\"@id\":\"https:\\\/\\\/wellisparts.siteapp.hu\\\/en\\\/#\\\/schema\\\/logo\\\/image\\\/\",\"url\":\"https:\\\/\\\/wellisparts.siteapp.hu\\\/wp-content\\\/uploads\\\/2020\\\/04\\\/wellis-logo-gray-300x92-1.png\",\"contentUrl\":\"https:\\\/\\\/wellisparts.siteapp.hu\\\/wp-content\\\/uploads\\\/2020\\\/04\\\/wellis-logo-gray-300x92-1.png\",\"width\":300,\"height\":92,\"caption\":\"Wellis\"},\"image\":{\"@id\":\"https:\\\/\\\/wellisparts.siteapp.hu\\\/en\\\/#\\\/schema\\\/logo\\\/image\\\/\"},\"sameAs\":[\"https:\\\/\\\/www.facebook.com\\\/wellis.eu\",\"https:\\\/\\\/www.instagram.com\\\/wellis.spa\\\/\",\"https:\\\/\\\/www.linkedin.com\\\/company\\\/wellis\",\"https:\\\/\\\/www.youtube.com\\\/channel\\\/UCBfTfURbofhapZionQfC-Gg\"]}]}<\/script>\n<meta property=\"product:price:amount\" content=\"461.82\" \/>\n<meta property=\"product:price:currency\" content=\"EUR\" \/>\n<meta property=\"og:availability\" content=\"out of stock\" \/>\n<meta property=\"product:availability\" content=\"out of stock\" \/>\n<meta property=\"product:retailer_item_id\" content=\"ACM1352\" \/>\n<meta property=\"product:condition\" content=\"new\" \/>\n<!-- \/ Yoast SEO Premium plugin. -->","yoast_head_json":{"title":"Wifi receiver in.touch 3 Plus Gecko EU&UK | Wellisparts","description":"Wifi receiver in.touch 3 Gecko Plus EU&UK - Spas - Gecko","robots":{"index":"noindex","follow":"follow","max-snippet":"max-snippet:-1","max-image-preview":"max-image-preview:large","max-video-preview":"max-video-preview:-1"},"og_locale":"en_US","og_type":"article","og_title":"Wifi receiver in.touch 3 Plus Gecko EU&UK","og_description":"Wifi receiver in.touch 3 Gecko Plus EU&UK - Spas - Gecko","og_url":"https:\/\/wellisparts.siteapp.hu\/en\/shop\/wifi-receiver-in-touch-3-plus-gecko-euuk\/","og_site_name":"Wellisparts","article_publisher":"https:\/\/www.facebook.com\/wellis.eu","article_modified_time":"2025-10-20T11:34:31+00:00","og_image":[{"width":1200,"height":1200,"url":"https:\/\/wellisparts.siteapp.hu\/wp-content\/uploads\/2025\/10\/Gecko-in-touch-3_plus-Wi-Fi-modul.jpg","type":"image\/jpeg"}],"twitter_card":"summary_large_image","twitter_misc":{"Price":"&euro;461,82+VAT","Availability":"Out of stock"},"schema":{"@context":"https:\/\/schema.org","@graph":[{"@type":"WebPage","@id":"https:\/\/wellisparts.siteapp.hu\/en\/shop\/wifi-receiver-in-touch-3-plus-gecko-euuk\/","url":"https:\/\/wellisparts.siteapp.hu\/en\/shop\/wifi-receiver-in-touch-3-plus-gecko-euuk\/","name":"Wifi receiver in.touch 3 Plus Gecko EU&UK | Wellisparts","isPartOf":{"@id":"https:\/\/wellisparts.siteapp.hu\/en\/#website"},"primaryImageOfPage":{"@id":"https:\/\/wellisparts.siteapp.hu\/en\/shop\/wifi-receiver-in-touch-3-plus-gecko-euuk\/#primaryimage"},"image":{"@id":"https:\/\/wellisparts.siteapp.hu\/en\/shop\/wifi-receiver-in-touch-3-plus-gecko-euuk\/#primaryimage"},"thumbnailUrl":"https:\/\/wellisparts.siteapp.hu\/wp-content\/uploads\/2025\/10\/Gecko-in-touch-3_plus-Wi-Fi-modul.jpg","datePublished":"2025-10-20T11:21:42+00:00","dateModified":"2025-10-20T11:34:31+00:00","description":"Wifi receiver in.touch 3 Gecko Plus EU&UK - Spas - Gecko","breadcrumb":{"@id":"https:\/\/wellisparts.siteapp.hu\/en\/shop\/wifi-receiver-in-touch-3-plus-gecko-euuk\/#breadcrumb"},"inLanguage":"en-US","potentialAction":[{"@type":"ReadAction","target":["https:\/\/wellisparts.siteapp.hu\/en\/shop\/wifi-receiver-in-touch-3-plus-gecko-euuk\/"]}]},{"@type":"ImageObject","inLanguage":"en-US","@id":"https:\/\/wellisparts.siteapp.hu\/en\/shop\/wifi-receiver-in-touch-3-plus-gecko-euuk\/#primaryimage","url":"https:\/\/wellisparts.siteapp.hu\/wp-content\/uploads\/2025\/10\/Gecko-in-touch-3_plus-Wi-Fi-modul.jpg","contentUrl":"https:\/\/wellisparts.siteapp.hu\/wp-content\/uploads\/2025\/10\/Gecko-in-touch-3_plus-Wi-Fi-modul.jpg","width":1200,"height":1200,"caption":"Gecko in touch 3 plus Wi-Fi modul"},{"@type":"BreadcrumbList","@id":"https:\/\/wellisparts.siteapp.hu\/en\/shop\/wifi-receiver-in-touch-3-plus-gecko-euuk\/#breadcrumb","itemListElement":[{"@type":"ListItem","position":1,"name":"Home","item":"https:\/\/wellisparts.siteapp.hu\/en\/"},{"@type":"ListItem","position":2,"name":"Shop","item":"https:\/\/wellisparts.siteapp.hu\/en\/shop\/"},{"@type":"ListItem","position":3,"name":"Wifi receiver in.touch 3 Plus Gecko EU&#038;UK"}]},{"@type":"WebSite","@id":"https:\/\/wellisparts.siteapp.hu\/en\/#website","url":"https:\/\/wellisparts.siteapp.hu\/en\/","name":"Wellisparts","description":"Wellis alkatr\u00e9sz \u00e9s kieg\u00e9sz\u00edt\u0151 webshop","publisher":{"@id":"https:\/\/wellisparts.siteapp.hu\/en\/#organization"},"potentialAction":[{"@type":"SearchAction","target":{"@type":"EntryPoint","urlTemplate":"https:\/\/wellisparts.siteapp.hu\/en\/?s={search_term_string}"},"query-input":{"@type":"PropertyValueSpecification","valueRequired":true,"valueName":"search_term_string"}}],"inLanguage":"en-US"},{"@type":"Organization","@id":"https:\/\/wellisparts.siteapp.hu\/en\/#organization","name":"Wellis","url":"https:\/\/wellisparts.siteapp.hu\/en\/","logo":{"@type":"ImageObject","inLanguage":"en-US","@id":"https:\/\/wellisparts.siteapp.hu\/en\/#\/schema\/logo\/image\/","url":"https:\/\/wellisparts.siteapp.hu\/wp-content\/uploads\/2020\/04\/wellis-logo-gray-300x92-1.png","contentUrl":"https:\/\/wellisparts.siteapp.hu\/wp-content\/uploads\/2020\/04\/wellis-logo-gray-300x92-1.png","width":300,"height":92,"caption":"Wellis"},"image":{"@id":"https:\/\/wellisparts.siteapp.hu\/en\/#\/schema\/logo\/image\/"},"sameAs":["https:\/\/www.facebook.com\/wellis.eu","https:\/\/www.instagram.com\/wellis.spa\/","https:\/\/www.linkedin.com\/company\/wellis","https:\/\/www.youtube.com\/channel\/UCBfTfURbofhapZionQfC-Gg"]}]},"product_price_amount":"461.82","product_price_currency":"EUR","og_availability":"out of stock","product_availability":"out of stock","product_retailer_item_id":"ACM1352","product_condition":"new"},"_links":{"self":[{"href":"https:\/\/wellisparts.siteapp.hu\/en\/wp-json\/wp\/v2\/product\/67799","targetHints":{"allow":["GET"]}}],"collection":[{"href":"https:\/\/wellisparts.siteapp.hu\/en\/wp-json\/wp\/v2\/product"}],"about":[{"href":"https:\/\/wellisparts.siteapp.hu\/en\/wp-json\/wp\/v2\/types\/product"}],"wp:featuredmedia":[{"embeddable":true,"href":"https:\/\/wellisparts.siteapp.hu\/en\/wp-json\/wp\/v2\/media\/67803"}],"wp:attachment":[{"href":"https:\/\/wellisparts.siteapp.hu\/en\/wp-json\/wp\/v2\/media?parent=67799"}],"wp:term":[{"taxonomy":"product_brand","embeddable":true,"href":"https:\/\/wellisparts.siteapp.hu\/en\/wp-json\/wp\/v2\/product_brand?post=67799"},{"taxonomy":"product_cat","embeddable":true,"href":"https:\/\/wellisparts.siteapp.hu\/en\/wp-json\/wp\/v2\/product_cat?post=67799"},{"taxonomy":"product_tag","embeddable":true,"href":"https:\/\/wellisparts.siteapp.hu\/en\/wp-json\/wp\/v2\/product_tag?post=67799"}],"curies":[{"name":"wp","href":"https:\/\/api.w.org\/{rel}","templated":true}]}}