{"id":27070,"date":"2016-06-13T16:11:07","date_gmt":"2016-06-13T16:11:07","guid":{"rendered":"https:\/\/wellisparts.siteapp.hu\/rolunk\/"},"modified":"2022-07-29T14:14:32","modified_gmt":"2022-07-29T12:14:32","slug":"a-propos-de-nous","status":"publish","type":"page","link":"https:\/\/wellisparts.siteapp.hu\/fr\/a-propos-de-nous\/","title":{"rendered":"A propos de nous"},"content":{"rendered":"<div class=\"wpb-content-wrapper\"><p>[vc_section full_width=&#8221;stretch_row&#8221; el_class=&#8221;main-bg&#8221;][vc_row full_width=&#8221;stretch_row&#8221; animation_type=&#8221;fadeInLeftBig&#8221; el_class=&#8221;main-breadcrumb&#8221;][vc_column]<div class=\"dtwpb-woocommerce-breadcrumb \" style=\" color:#ffffff !important\"><style>.dtwpb-woocommerce-breadcrumb .woocommerce-breadcrumb > a{color: #ffffff !important;}<\/style><nav class=\"woocommerce-breadcrumb\" aria-label=\"Breadcrumb\">Accueil<\/nav><\/div>[\/vc_column][\/vc_row][vc_row animation_delay=&#8221;600&#8243; animation_type=&#8221;fadeInUpBig&#8221;][vc_column css=&#8221;.vc_custom_1587676089094{padding-top: 0px !important;}&#8221;][vc_custom_heading text=&#8221;Wellis&#8221; font_container=&#8221;tag:h1|text_align:left|color:%23222529&#8243; use_theme_fonts=&#8221;yes&#8221; el_class=&#8221;main-title&#8221;][\/vc_column][\/vc_row][vc_row animation_delay=&#8221;600&#8243; animation_type=&#8221;fadeInUpBig&#8221; css=&#8221;.vc_custom_1590769808585{margin-bottom: 50px !important;}&#8221;][vc_column width=&#8221;1\/2&#8243; css=&#8221;.vc_custom_1587676093291{padding-top: 0px !important;}&#8221;][vc_column_text]En privil\u00e9giant le travail en \u00e9quipe, l&#8217;entreprise familiale nationale Wellis s&#8217;est convertie en le premier fabricant europ\u00e9en de piscines de massage. Naturellement, devenir une marque de r\u00e9f\u00e9rence dans de nombreux pays et rassembler plus de partenaires requiert de la part de Wellis un effort permanent. Nous nous centrons en particulier sur l&#8217;actualisation et le d\u00e9veloppement continu de nos processus de fabrication afin de garder une longueur d&#8217;avance sur la concurrence.<\/p>\n<p><strong>De l&#8217;entreprise familiale \u00e0 l&#8217;un des plus grands fabricants mondiaux<\/strong><\/p>\n<p>Wellis Magyarorsz\u00e1g Zrt., en tant que fabricant hongrois, joue un r\u00f4le de leader parmi les fabricants et distributeurs d&#8217;appareils d\u00e9di\u00e9s au bien-\u00eatre. Gr\u00e2ce \u00e0 l&#8217;augmentation continue de notre capacit\u00e9 de production et \u00e0 nos d\u00e9veloppements, Wellis est devenu le plus grand fabricant de jacuzzis d&#8217;Europe.<\/p>\n<p>Apr\u00e8s quelques ann\u00e9es, les produits d&#8217;importation pr\u00e9c\u00e9dents ont \u00e9t\u00e9 remplac\u00e9s par une multitude de produits de conception et de production propres.<\/p>\n<p>Dans l&#8217;histoire de chaque entreprise, il existe des \u00e9tapes marquantes. Chez Wellis, le dernier tournant s&#8217;est produit \u00e0 la fin de 2015. Nous avons chang\u00e9 de locaux et r\u00e9alisons aujourd&#8217;hui notre production dans une usine de pr\u00e8s de 17 000 m<sup>2<\/sup>. Le changement vers cet \u00e9norme complexe, avec ses outils de production de haute technologie, a \u00e9t\u00e9 motiv\u00e9 par la demande croissante du march\u00e9 et la recherche d&#8217;une technologie de fabrication de haute qualit\u00e9. Nous nous effor\u00e7ons chaque jour de r\u00e9pondre aux attentes de nos clients \u00e0 l&#8217;aide d&#8217;un \u00e9quipement moderne et d&#8217;un haut niveau de comp\u00e9tence professionnelle. C&#8217;est gr\u00e2ce \u00e0 cet investissement cons\u00e9quent que nous parvenons \u00e0 fabriquer jusqu&#8217;\u00e0 20 000 piscines par an.<\/p>\n<p>Forts de cette croissance constante, nous approvisionnons aujourd&#8217;hui un vaste r\u00e9seau de distributeurs, ce qui nous permet d&#8217;offrir des accessoires d&#8217;excellente qualit\u00e9 aux meilleurs prix.<\/p>\n<p>Rejoignez les clients satisfaits de Wellis, leader sur le march\u00e9 mondial ![\/vc_column_text][\/vc_column][vc_column width=&#8221;1\/2&#8243; css=&#8221;.vc_custom_1587676089094{padding-top: 0px !important;}&#8221;][vc_single_image image=&#8221;4636&#8243; img_size=&#8221;full&#8221; css=&#8221;.vc_custom_1590769473309{margin-bottom: 20px !important;}&#8221; el_class=&#8221;mb-20px&#8221;][vc_row_inner][vc_column_inner width=&#8221;1\/2&#8243; offset=&#8221;vc_col-lg-6 vc_col-md-6 vc_col-xs-6&#8243;][vc_single_image image=&#8221;4635&#8243; img_size=&#8221;full&#8221;][\/vc_column_inner][vc_column_inner width=&#8221;1\/2&#8243; offset=&#8221;vc_col-lg-6 vc_col-md-6 vc_col-xs-6&#8243;][vc_single_image image=&#8221;4634&#8243; img_size=&#8221;full&#8221;][\/vc_column_inner][\/vc_row_inner][\/vc_column][\/vc_row][\/vc_section]<\/p>\n<\/div>","protected":false},"excerpt":{"rendered":"<p>[vc_section full_width=&#8221;stretch_row&#8221; el_class=&#8221;main-bg&#8221;][vc_row full_width=&#8221;stretch_row&#8221; animation_type=&#8221;fadeInLeftBig&#8221; el_class=&#8221;main-breadcrumb&#8221;][vc_column][\/vc_column][\/vc_row][vc_row animation_delay=&#8221;600&#8243; animation_type=&#8221;fadeInUpBig&#8221;][vc_column css=&#8221;.vc_custom_1587676089094{padding-top: 0px !important;}&#8221;][vc_custom_heading text=&#8221;Wellis&#8221; font_container=&#8221;tag:h1|text_align:left|color:%23222529&#8243; use_theme_fonts=&#8221;yes&#8221; el_class=&#8221;main-title&#8221;][\/vc_column][\/vc_row][vc_row animation_delay=&#8221;600&#8243; animation_type=&#8221;fadeInUpBig&#8221; css=&#8221;.vc_custom_1590769808585{margin-bottom: 50px !important;}&#8221;][vc_column width=&#8221;1\/2&#8243; css=&#8221;.vc_custom_1587676093291{padding-top: 0px !important;}&#8221;][vc_column_text]En privil\u00e9giant le travail en \u00e9quipe, l&#8217;entreprise familiale nationale Wellis s&#8217;est convertie en le premier fabricant europ\u00e9en de piscines de massage. Naturellement, devenir une marque de r\u00e9f\u00e9rence dans de nombreux pays et [&hellip;]<\/p>\n","protected":false},"author":1,"featured_media":0,"parent":0,"menu_order":0,"comment_status":"closed","ping_status":"closed","template":"","meta":{"_acf_changed":false,"footnotes":""},"class_list":["post-27070","page","type-page","status-publish","hentry"],"acf":[],"yoast_head":"<!-- This site is optimized with the Yoast SEO Premium plugin v25.6 (Yoast SEO v27.3) - https:\/\/yoast.com\/product\/yoast-seo-premium-wordpress\/ -->\n<title>A propos de nous | Wellisparts<\/title>\n<meta name=\"description\" content=\"A Wellis Magyarorsz\u00e1g Zrt. magyar gy\u00e1rt\u00f3k\u00e9nt piacvezet\u0151 szerepet t\u00f6lt be a hazai wellness berendez\u00e9seket gy\u00e1rt\u00f3 \u00e9s forgalmaz\u00f3 c\u00e9gek sor\u00e1ban\" \/>\n<meta name=\"robots\" content=\"noindex, follow, max-snippet:-1, max-image-preview:large, max-video-preview:-1\" \/>\n<meta property=\"og:locale\" content=\"fr_FR\" \/>\n<meta property=\"og:type\" content=\"article\" \/>\n<meta property=\"og:title\" content=\"A propos de nous\" \/>\n<meta property=\"og:description\" content=\"A Wellis Magyarorsz\u00e1g Zrt. magyar gy\u00e1rt\u00f3k\u00e9nt piacvezet\u0151 szerepet t\u00f6lt be a hazai wellness berendez\u00e9seket gy\u00e1rt\u00f3 \u00e9s forgalmaz\u00f3 c\u00e9gek sor\u00e1ban\" \/>\n<meta property=\"og:url\" content=\"https:\/\/wellisparts.siteapp.hu\/fr\/a-propos-de-nous\/\" \/>\n<meta property=\"og:site_name\" content=\"Wellisparts\" \/>\n<meta property=\"article:publisher\" content=\"https:\/\/www.facebook.com\/wellis.eu\" \/>\n<meta property=\"article:modified_time\" content=\"2022-07-29T12:14:32+00:00\" \/>\n<meta property=\"og:image\" content=\"https:\/\/wellisparts.siteapp.hu\/wp-content\/uploads\/2020\/04\/wellis-hot-tube.jpg\" \/>\n\t<meta property=\"og:image:width\" content=\"1080\" \/>\n\t<meta property=\"og:image:height\" content=\"1080\" \/>\n\t<meta property=\"og:image:type\" content=\"image\/jpeg\" \/>\n<meta name=\"twitter:card\" content=\"summary_large_image\" \/>\n<meta name=\"twitter:label1\" content=\"Dur\u00e9e de lecture estim\u00e9e\" \/>\n\t<meta name=\"twitter:data1\" content=\"3 minutes\" \/>\n<script type=\"application\/ld+json\" class=\"yoast-schema-graph\">{\"@context\":\"https:\\\/\\\/schema.org\",\"@graph\":[{\"@type\":\"WebPage\",\"@id\":\"https:\\\/\\\/wellisparts.siteapp.hu\\\/fr\\\/a-propos-de-nous\\\/\",\"url\":\"https:\\\/\\\/wellisparts.siteapp.hu\\\/fr\\\/a-propos-de-nous\\\/\",\"name\":\"A propos de nous | Wellisparts\",\"isPartOf\":{\"@id\":\"https:\\\/\\\/wellisparts.siteapp.hu\\\/fr\\\/#website\"},\"datePublished\":\"2016-06-13T16:11:07+00:00\",\"dateModified\":\"2022-07-29T12:14:32+00:00\",\"description\":\"A Wellis Magyarorsz\u00e1g Zrt. magyar gy\u00e1rt\u00f3k\u00e9nt piacvezet\u0151 szerepet t\u00f6lt be a hazai wellness berendez\u00e9seket gy\u00e1rt\u00f3 \u00e9s forgalmaz\u00f3 c\u00e9gek sor\u00e1ban\",\"breadcrumb\":{\"@id\":\"https:\\\/\\\/wellisparts.siteapp.hu\\\/fr\\\/a-propos-de-nous\\\/#breadcrumb\"},\"inLanguage\":\"fr-FR\",\"potentialAction\":[{\"@type\":\"ReadAction\",\"target\":[\"https:\\\/\\\/wellisparts.siteapp.hu\\\/fr\\\/a-propos-de-nous\\\/\"]}]},{\"@type\":\"BreadcrumbList\",\"@id\":\"https:\\\/\\\/wellisparts.siteapp.hu\\\/fr\\\/a-propos-de-nous\\\/#breadcrumb\",\"itemListElement\":[{\"@type\":\"ListItem\",\"position\":1,\"name\":\"Home\",\"item\":\"https:\\\/\\\/wellisparts.siteapp.hu\\\/fr\\\/\"},{\"@type\":\"ListItem\",\"position\":2,\"name\":\"A propos de nous\"}]},{\"@type\":\"WebSite\",\"@id\":\"https:\\\/\\\/wellisparts.siteapp.hu\\\/fr\\\/#website\",\"url\":\"https:\\\/\\\/wellisparts.siteapp.hu\\\/fr\\\/\",\"name\":\"Wellisparts\",\"description\":\"Wellis alkatr\u00e9sz \u00e9s kieg\u00e9sz\u00edt\u0151 webshop\",\"publisher\":{\"@id\":\"https:\\\/\\\/wellisparts.siteapp.hu\\\/fr\\\/#organization\"},\"potentialAction\":[{\"@type\":\"SearchAction\",\"target\":{\"@type\":\"EntryPoint\",\"urlTemplate\":\"https:\\\/\\\/wellisparts.siteapp.hu\\\/fr\\\/?s={search_term_string}\"},\"query-input\":{\"@type\":\"PropertyValueSpecification\",\"valueRequired\":true,\"valueName\":\"search_term_string\"}}],\"inLanguage\":\"fr-FR\"},{\"@type\":\"Organization\",\"@id\":\"https:\\\/\\\/wellisparts.siteapp.hu\\\/fr\\\/#organization\",\"name\":\"Wellis\",\"url\":\"https:\\\/\\\/wellisparts.siteapp.hu\\\/fr\\\/\",\"logo\":{\"@type\":\"ImageObject\",\"inLanguage\":\"fr-FR\",\"@id\":\"https:\\\/\\\/wellisparts.siteapp.hu\\\/fr\\\/#\\\/schema\\\/logo\\\/image\\\/\",\"url\":\"https:\\\/\\\/wellisparts.siteapp.hu\\\/wp-content\\\/uploads\\\/2020\\\/04\\\/wellis-logo-gray-300x92-1.png\",\"contentUrl\":\"https:\\\/\\\/wellisparts.siteapp.hu\\\/wp-content\\\/uploads\\\/2020\\\/04\\\/wellis-logo-gray-300x92-1.png\",\"width\":300,\"height\":92,\"caption\":\"Wellis\"},\"image\":{\"@id\":\"https:\\\/\\\/wellisparts.siteapp.hu\\\/fr\\\/#\\\/schema\\\/logo\\\/image\\\/\"},\"sameAs\":[\"https:\\\/\\\/www.facebook.com\\\/wellis.eu\",\"https:\\\/\\\/www.instagram.com\\\/wellis.spa\\\/\",\"https:\\\/\\\/www.linkedin.com\\\/company\\\/wellis\",\"https:\\\/\\\/www.youtube.com\\\/channel\\\/UCBfTfURbofhapZionQfC-Gg\"]}]}<\/script>\n<!-- \/ Yoast SEO Premium plugin. -->","yoast_head_json":{"title":"A propos de nous | Wellisparts","description":"A Wellis Magyarorsz\u00e1g Zrt. magyar gy\u00e1rt\u00f3k\u00e9nt piacvezet\u0151 szerepet t\u00f6lt be a hazai wellness berendez\u00e9seket gy\u00e1rt\u00f3 \u00e9s forgalmaz\u00f3 c\u00e9gek sor\u00e1ban","robots":{"index":"noindex","follow":"follow","max-snippet":"max-snippet:-1","max-image-preview":"max-image-preview:large","max-video-preview":"max-video-preview:-1"},"og_locale":"fr_FR","og_type":"article","og_title":"A propos de nous","og_description":"A Wellis Magyarorsz\u00e1g Zrt. magyar gy\u00e1rt\u00f3k\u00e9nt piacvezet\u0151 szerepet t\u00f6lt be a hazai wellness berendez\u00e9seket gy\u00e1rt\u00f3 \u00e9s forgalmaz\u00f3 c\u00e9gek sor\u00e1ban","og_url":"https:\/\/wellisparts.siteapp.hu\/fr\/a-propos-de-nous\/","og_site_name":"Wellisparts","article_publisher":"https:\/\/www.facebook.com\/wellis.eu","article_modified_time":"2022-07-29T12:14:32+00:00","og_image":[{"width":1080,"height":1080,"url":"https:\/\/wellisparts.siteapp.hu\/wp-content\/uploads\/2020\/04\/wellis-hot-tube.jpg","type":"image\/jpeg"}],"twitter_card":"summary_large_image","twitter_misc":{"Dur\u00e9e de lecture estim\u00e9e":"3 minutes"},"schema":{"@context":"https:\/\/schema.org","@graph":[{"@type":"WebPage","@id":"https:\/\/wellisparts.siteapp.hu\/fr\/a-propos-de-nous\/","url":"https:\/\/wellisparts.siteapp.hu\/fr\/a-propos-de-nous\/","name":"A propos de nous | Wellisparts","isPartOf":{"@id":"https:\/\/wellisparts.siteapp.hu\/fr\/#website"},"datePublished":"2016-06-13T16:11:07+00:00","dateModified":"2022-07-29T12:14:32+00:00","description":"A Wellis Magyarorsz\u00e1g Zrt. magyar gy\u00e1rt\u00f3k\u00e9nt piacvezet\u0151 szerepet t\u00f6lt be a hazai wellness berendez\u00e9seket gy\u00e1rt\u00f3 \u00e9s forgalmaz\u00f3 c\u00e9gek sor\u00e1ban","breadcrumb":{"@id":"https:\/\/wellisparts.siteapp.hu\/fr\/a-propos-de-nous\/#breadcrumb"},"inLanguage":"fr-FR","potentialAction":[{"@type":"ReadAction","target":["https:\/\/wellisparts.siteapp.hu\/fr\/a-propos-de-nous\/"]}]},{"@type":"BreadcrumbList","@id":"https:\/\/wellisparts.siteapp.hu\/fr\/a-propos-de-nous\/#breadcrumb","itemListElement":[{"@type":"ListItem","position":1,"name":"Home","item":"https:\/\/wellisparts.siteapp.hu\/fr\/"},{"@type":"ListItem","position":2,"name":"A propos de nous"}]},{"@type":"WebSite","@id":"https:\/\/wellisparts.siteapp.hu\/fr\/#website","url":"https:\/\/wellisparts.siteapp.hu\/fr\/","name":"Wellisparts","description":"Wellis alkatr\u00e9sz \u00e9s kieg\u00e9sz\u00edt\u0151 webshop","publisher":{"@id":"https:\/\/wellisparts.siteapp.hu\/fr\/#organization"},"potentialAction":[{"@type":"SearchAction","target":{"@type":"EntryPoint","urlTemplate":"https:\/\/wellisparts.siteapp.hu\/fr\/?s={search_term_string}"},"query-input":{"@type":"PropertyValueSpecification","valueRequired":true,"valueName":"search_term_string"}}],"inLanguage":"fr-FR"},{"@type":"Organization","@id":"https:\/\/wellisparts.siteapp.hu\/fr\/#organization","name":"Wellis","url":"https:\/\/wellisparts.siteapp.hu\/fr\/","logo":{"@type":"ImageObject","inLanguage":"fr-FR","@id":"https:\/\/wellisparts.siteapp.hu\/fr\/#\/schema\/logo\/image\/","url":"https:\/\/wellisparts.siteapp.hu\/wp-content\/uploads\/2020\/04\/wellis-logo-gray-300x92-1.png","contentUrl":"https:\/\/wellisparts.siteapp.hu\/wp-content\/uploads\/2020\/04\/wellis-logo-gray-300x92-1.png","width":300,"height":92,"caption":"Wellis"},"image":{"@id":"https:\/\/wellisparts.siteapp.hu\/fr\/#\/schema\/logo\/image\/"},"sameAs":["https:\/\/www.facebook.com\/wellis.eu","https:\/\/www.instagram.com\/wellis.spa\/","https:\/\/www.linkedin.com\/company\/wellis","https:\/\/www.youtube.com\/channel\/UCBfTfURbofhapZionQfC-Gg"]}]}},"_links":{"self":[{"href":"https:\/\/wellisparts.siteapp.hu\/fr\/wp-json\/wp\/v2\/pages\/27070","targetHints":{"allow":["GET"]}}],"collection":[{"href":"https:\/\/wellisparts.siteapp.hu\/fr\/wp-json\/wp\/v2\/pages"}],"about":[{"href":"https:\/\/wellisparts.siteapp.hu\/fr\/wp-json\/wp\/v2\/types\/page"}],"author":[{"embeddable":true,"href":"https:\/\/wellisparts.siteapp.hu\/fr\/wp-json\/wp\/v2\/users\/1"}],"replies":[{"embeddable":true,"href":"https:\/\/wellisparts.siteapp.hu\/fr\/wp-json\/wp\/v2\/comments?post=27070"}],"version-history":[{"count":2,"href":"https:\/\/wellisparts.siteapp.hu\/fr\/wp-json\/wp\/v2\/pages\/27070\/revisions"}],"predecessor-version":[{"id":40394,"href":"https:\/\/wellisparts.siteapp.hu\/fr\/wp-json\/wp\/v2\/pages\/27070\/revisions\/40394"}],"wp:attachment":[{"href":"https:\/\/wellisparts.siteapp.hu\/fr\/wp-json\/wp\/v2\/media?parent=27070"}],"curies":[{"name":"wp","href":"https:\/\/api.w.org\/{rel}","templated":true}]}}