{"id":14427,"date":"2021-12-15T10:16:50","date_gmt":"2021-12-15T09:16:50","guid":{"rendered":"https:\/\/wellisparts.siteapp.hu\/products\/non%20class\u00e9\/support-de-caoutchouc-m8x15-m8x30\/"},"modified":"2025-03-10T19:32:07","modified_gmt":"2025-03-10T18:32:07","slug":"ase0126","status":"publish","type":"product","link":"https:\/\/wellisparts.siteapp.hu\/fr\/shop\/ase0126\/","title":{"rendered":"Support de caoutchouc M8x15\/M8x30"},"content":{"rendered":"<p>Poids : 0,034 kg ; Mat\u00e9riau : caoutchouc\/fer Produits associ\u00e9s : ACM0734, ACM0735 , ACM0733 , ACM0945<\/p>\n","protected":false},"excerpt":{"rendered":"<p>Support de caoutchouc M8x15\/M8x30 &#8211; Pi\u00e9ces d\u00e9tach\u00e9es pour SPA  &#8211; Pompes spa<\/p>\n","protected":false},"featured_media":37632,"template":"","meta":{"_acf_changed":false},"product_brand":[],"product_cat":[1259,1307],"product_tag":[],"class_list":{"0":"post-14427","1":"product","2":"type-product","3":"status-publish","4":"has-post-thumbnail","6":"product_cat-pieces-detachees-pour-spas","7":"product_cat-pompes-spa","9":"first","10":"instock","11":"taxable","12":"shipping-taxable","13":"purchasable","14":"product-type-simple"},"acf":[],"yoast_head":"<!-- This site is optimized with the Yoast SEO Premium plugin v25.6 (Yoast SEO v27.3) - https:\/\/yoast.com\/product\/yoast-seo-premium-wordpress\/ -->\n<title>Support de caoutchouc M8x15\/M8x30 | Wellisparts<\/title>\n<meta name=\"description\" content=\"Support de caoutchouc M8x15\/M8x30 - Pi\u00e9ces d\u00e9tach\u00e9es pour SPA - Pompes spa\" \/>\n<meta name=\"robots\" content=\"noindex, follow, max-snippet:-1, max-image-preview:large, max-video-preview:-1\" \/>\n<meta property=\"og:locale\" content=\"fr_FR\" \/>\n<meta property=\"og:type\" content=\"article\" \/>\n<meta property=\"og:title\" content=\"Support de caoutchouc M8x15\/M8x30\" \/>\n<meta property=\"og:description\" content=\"Support de caoutchouc M8x15\/M8x30 - Pi\u00e9ces d\u00e9tach\u00e9es pour SPA - Pompes spa\" \/>\n<meta property=\"og:url\" content=\"https:\/\/wellisparts.siteapp.hu\/fr\/shop\/ase0126\/\" \/>\n<meta property=\"og:site_name\" content=\"Wellisparts\" \/>\n<meta property=\"article:publisher\" content=\"https:\/\/www.facebook.com\/wellis.eu\" \/>\n<meta property=\"article:modified_time\" content=\"2025-03-10T18:32:07+00:00\" \/>\n<meta property=\"og:image\" content=\"https:\/\/wellisparts.siteapp.hu\/wp-content\/uploads\/2022\/01\/ASE0126_1.jpeg\" \/>\n\t<meta property=\"og:image:width\" content=\"800\" \/>\n\t<meta property=\"og:image:height\" content=\"800\" \/>\n\t<meta property=\"og:image:type\" content=\"image\/jpeg\" \/>\n<meta name=\"twitter:card\" content=\"summary_large_image\" \/>\n<meta name=\"twitter:label1\" content=\"Prix\" \/>\n\t<meta name=\"twitter:data1\" content=\"&euro;1,88+VAT\" \/>\n\t<meta name=\"twitter:label2\" content=\"Disponibilit\u00e9\" \/>\n\t<meta name=\"twitter:data2\" content=\"En stock\" \/>\n<script type=\"application\/ld+json\" class=\"yoast-schema-graph\">{\"@context\":\"https:\\\/\\\/schema.org\",\"@graph\":[{\"@type\":\"WebPage\",\"@id\":\"https:\\\/\\\/wellisparts.siteapp.hu\\\/fr\\\/shop\\\/ase0126\\\/\",\"url\":\"https:\\\/\\\/wellisparts.siteapp.hu\\\/fr\\\/shop\\\/ase0126\\\/\",\"name\":\"Support de caoutchouc M8x15\\\/M8x30 | Wellisparts\",\"isPartOf\":{\"@id\":\"https:\\\/\\\/wellisparts.siteapp.hu\\\/fr\\\/#website\"},\"primaryImageOfPage\":{\"@id\":\"https:\\\/\\\/wellisparts.siteapp.hu\\\/fr\\\/shop\\\/ase0126\\\/#primaryimage\"},\"image\":{\"@id\":\"https:\\\/\\\/wellisparts.siteapp.hu\\\/fr\\\/shop\\\/ase0126\\\/#primaryimage\"},\"thumbnailUrl\":\"https:\\\/\\\/wellisparts.siteapp.hu\\\/wp-content\\\/uploads\\\/2022\\\/01\\\/ASE0126_1.jpeg\",\"datePublished\":\"2021-12-15T09:16:50+00:00\",\"dateModified\":\"2025-03-10T18:32:07+00:00\",\"description\":\"Support de caoutchouc M8x15\\\/M8x30 - Pi\u00e9ces d\u00e9tach\u00e9es pour SPA - Pompes spa\",\"breadcrumb\":{\"@id\":\"https:\\\/\\\/wellisparts.siteapp.hu\\\/fr\\\/shop\\\/ase0126\\\/#breadcrumb\"},\"inLanguage\":\"fr-FR\",\"potentialAction\":[{\"@type\":\"ReadAction\",\"target\":[\"https:\\\/\\\/wellisparts.siteapp.hu\\\/fr\\\/shop\\\/ase0126\\\/\"]}]},{\"@type\":\"ImageObject\",\"inLanguage\":\"fr-FR\",\"@id\":\"https:\\\/\\\/wellisparts.siteapp.hu\\\/fr\\\/shop\\\/ase0126\\\/#primaryimage\",\"url\":\"https:\\\/\\\/wellisparts.siteapp.hu\\\/wp-content\\\/uploads\\\/2022\\\/01\\\/ASE0126_1.jpeg\",\"contentUrl\":\"https:\\\/\\\/wellisparts.siteapp.hu\\\/wp-content\\\/uploads\\\/2022\\\/01\\\/ASE0126_1.jpeg\",\"width\":800,\"height\":800},{\"@type\":\"BreadcrumbList\",\"@id\":\"https:\\\/\\\/wellisparts.siteapp.hu\\\/fr\\\/shop\\\/ase0126\\\/#breadcrumb\",\"itemListElement\":[{\"@type\":\"ListItem\",\"position\":1,\"name\":\"Home\",\"item\":\"https:\\\/\\\/wellisparts.siteapp.hu\\\/fr\\\/\"},{\"@type\":\"ListItem\",\"position\":2,\"name\":\"Boutique\",\"item\":\"https:\\\/\\\/wellisparts.siteapp.hu\\\/fr\\\/shop\\\/\"},{\"@type\":\"ListItem\",\"position\":3,\"name\":\"Support de caoutchouc M8x15\\\/M8x30\"}]},{\"@type\":\"WebSite\",\"@id\":\"https:\\\/\\\/wellisparts.siteapp.hu\\\/fr\\\/#website\",\"url\":\"https:\\\/\\\/wellisparts.siteapp.hu\\\/fr\\\/\",\"name\":\"Wellisparts\",\"description\":\"Wellis alkatr\u00e9sz \u00e9s kieg\u00e9sz\u00edt\u0151 webshop\",\"publisher\":{\"@id\":\"https:\\\/\\\/wellisparts.siteapp.hu\\\/fr\\\/#organization\"},\"potentialAction\":[{\"@type\":\"SearchAction\",\"target\":{\"@type\":\"EntryPoint\",\"urlTemplate\":\"https:\\\/\\\/wellisparts.siteapp.hu\\\/fr\\\/?s={search_term_string}\"},\"query-input\":{\"@type\":\"PropertyValueSpecification\",\"valueRequired\":true,\"valueName\":\"search_term_string\"}}],\"inLanguage\":\"fr-FR\"},{\"@type\":\"Organization\",\"@id\":\"https:\\\/\\\/wellisparts.siteapp.hu\\\/fr\\\/#organization\",\"name\":\"Wellis\",\"url\":\"https:\\\/\\\/wellisparts.siteapp.hu\\\/fr\\\/\",\"logo\":{\"@type\":\"ImageObject\",\"inLanguage\":\"fr-FR\",\"@id\":\"https:\\\/\\\/wellisparts.siteapp.hu\\\/fr\\\/#\\\/schema\\\/logo\\\/image\\\/\",\"url\":\"https:\\\/\\\/wellisparts.siteapp.hu\\\/wp-content\\\/uploads\\\/2020\\\/04\\\/wellis-logo-gray-300x92-1.png\",\"contentUrl\":\"https:\\\/\\\/wellisparts.siteapp.hu\\\/wp-content\\\/uploads\\\/2020\\\/04\\\/wellis-logo-gray-300x92-1.png\",\"width\":300,\"height\":92,\"caption\":\"Wellis\"},\"image\":{\"@id\":\"https:\\\/\\\/wellisparts.siteapp.hu\\\/fr\\\/#\\\/schema\\\/logo\\\/image\\\/\"},\"sameAs\":[\"https:\\\/\\\/www.facebook.com\\\/wellis.eu\",\"https:\\\/\\\/www.instagram.com\\\/wellis.spa\\\/\",\"https:\\\/\\\/www.linkedin.com\\\/company\\\/wellis\",\"https:\\\/\\\/www.youtube.com\\\/channel\\\/UCBfTfURbofhapZionQfC-Gg\"]}]}<\/script>\n<meta property=\"product:price:amount\" content=\"1.88\" \/>\n<meta property=\"product:price:currency\" content=\"EUR\" \/>\n<meta property=\"og:availability\" content=\"instock\" \/>\n<meta property=\"product:availability\" content=\"instock\" \/>\n<meta property=\"product:retailer_item_id\" content=\"ASE0126\" \/>\n<meta property=\"product:condition\" content=\"new\" \/>\n<!-- \/ Yoast SEO Premium plugin. -->","yoast_head_json":{"title":"Support de caoutchouc M8x15\/M8x30 | Wellisparts","description":"Support de caoutchouc M8x15\/M8x30 - Pi\u00e9ces d\u00e9tach\u00e9es pour SPA - Pompes spa","robots":{"index":"noindex","follow":"follow","max-snippet":"max-snippet:-1","max-image-preview":"max-image-preview:large","max-video-preview":"max-video-preview:-1"},"og_locale":"fr_FR","og_type":"article","og_title":"Support de caoutchouc M8x15\/M8x30","og_description":"Support de caoutchouc M8x15\/M8x30 - Pi\u00e9ces d\u00e9tach\u00e9es pour SPA - Pompes spa","og_url":"https:\/\/wellisparts.siteapp.hu\/fr\/shop\/ase0126\/","og_site_name":"Wellisparts","article_publisher":"https:\/\/www.facebook.com\/wellis.eu","article_modified_time":"2025-03-10T18:32:07+00:00","og_image":[{"width":800,"height":800,"url":"https:\/\/wellisparts.siteapp.hu\/wp-content\/uploads\/2022\/01\/ASE0126_1.jpeg","type":"image\/jpeg"}],"twitter_card":"summary_large_image","twitter_misc":{"Prix":"&euro;1,88+VAT","Disponibilit\u00e9":"En stock"},"schema":{"@context":"https:\/\/schema.org","@graph":[{"@type":"WebPage","@id":"https:\/\/wellisparts.siteapp.hu\/fr\/shop\/ase0126\/","url":"https:\/\/wellisparts.siteapp.hu\/fr\/shop\/ase0126\/","name":"Support de caoutchouc M8x15\/M8x30 | Wellisparts","isPartOf":{"@id":"https:\/\/wellisparts.siteapp.hu\/fr\/#website"},"primaryImageOfPage":{"@id":"https:\/\/wellisparts.siteapp.hu\/fr\/shop\/ase0126\/#primaryimage"},"image":{"@id":"https:\/\/wellisparts.siteapp.hu\/fr\/shop\/ase0126\/#primaryimage"},"thumbnailUrl":"https:\/\/wellisparts.siteapp.hu\/wp-content\/uploads\/2022\/01\/ASE0126_1.jpeg","datePublished":"2021-12-15T09:16:50+00:00","dateModified":"2025-03-10T18:32:07+00:00","description":"Support de caoutchouc M8x15\/M8x30 - Pi\u00e9ces d\u00e9tach\u00e9es pour SPA - Pompes spa","breadcrumb":{"@id":"https:\/\/wellisparts.siteapp.hu\/fr\/shop\/ase0126\/#breadcrumb"},"inLanguage":"fr-FR","potentialAction":[{"@type":"ReadAction","target":["https:\/\/wellisparts.siteapp.hu\/fr\/shop\/ase0126\/"]}]},{"@type":"ImageObject","inLanguage":"fr-FR","@id":"https:\/\/wellisparts.siteapp.hu\/fr\/shop\/ase0126\/#primaryimage","url":"https:\/\/wellisparts.siteapp.hu\/wp-content\/uploads\/2022\/01\/ASE0126_1.jpeg","contentUrl":"https:\/\/wellisparts.siteapp.hu\/wp-content\/uploads\/2022\/01\/ASE0126_1.jpeg","width":800,"height":800},{"@type":"BreadcrumbList","@id":"https:\/\/wellisparts.siteapp.hu\/fr\/shop\/ase0126\/#breadcrumb","itemListElement":[{"@type":"ListItem","position":1,"name":"Home","item":"https:\/\/wellisparts.siteapp.hu\/fr\/"},{"@type":"ListItem","position":2,"name":"Boutique","item":"https:\/\/wellisparts.siteapp.hu\/fr\/shop\/"},{"@type":"ListItem","position":3,"name":"Support de caoutchouc M8x15\/M8x30"}]},{"@type":"WebSite","@id":"https:\/\/wellisparts.siteapp.hu\/fr\/#website","url":"https:\/\/wellisparts.siteapp.hu\/fr\/","name":"Wellisparts","description":"Wellis alkatr\u00e9sz \u00e9s kieg\u00e9sz\u00edt\u0151 webshop","publisher":{"@id":"https:\/\/wellisparts.siteapp.hu\/fr\/#organization"},"potentialAction":[{"@type":"SearchAction","target":{"@type":"EntryPoint","urlTemplate":"https:\/\/wellisparts.siteapp.hu\/fr\/?s={search_term_string}"},"query-input":{"@type":"PropertyValueSpecification","valueRequired":true,"valueName":"search_term_string"}}],"inLanguage":"fr-FR"},{"@type":"Organization","@id":"https:\/\/wellisparts.siteapp.hu\/fr\/#organization","name":"Wellis","url":"https:\/\/wellisparts.siteapp.hu\/fr\/","logo":{"@type":"ImageObject","inLanguage":"fr-FR","@id":"https:\/\/wellisparts.siteapp.hu\/fr\/#\/schema\/logo\/image\/","url":"https:\/\/wellisparts.siteapp.hu\/wp-content\/uploads\/2020\/04\/wellis-logo-gray-300x92-1.png","contentUrl":"https:\/\/wellisparts.siteapp.hu\/wp-content\/uploads\/2020\/04\/wellis-logo-gray-300x92-1.png","width":300,"height":92,"caption":"Wellis"},"image":{"@id":"https:\/\/wellisparts.siteapp.hu\/fr\/#\/schema\/logo\/image\/"},"sameAs":["https:\/\/www.facebook.com\/wellis.eu","https:\/\/www.instagram.com\/wellis.spa\/","https:\/\/www.linkedin.com\/company\/wellis","https:\/\/www.youtube.com\/channel\/UCBfTfURbofhapZionQfC-Gg"]}]},"product_price_amount":"1.88","product_price_currency":"EUR","og_availability":"instock","product_availability":"instock","product_retailer_item_id":"ASE0126","product_condition":"new"},"_links":{"self":[{"href":"https:\/\/wellisparts.siteapp.hu\/fr\/wp-json\/wp\/v2\/product\/14427","targetHints":{"allow":["GET"]}}],"collection":[{"href":"https:\/\/wellisparts.siteapp.hu\/fr\/wp-json\/wp\/v2\/product"}],"about":[{"href":"https:\/\/wellisparts.siteapp.hu\/fr\/wp-json\/wp\/v2\/types\/product"}],"wp:featuredmedia":[{"embeddable":true,"href":"https:\/\/wellisparts.siteapp.hu\/fr\/wp-json\/wp\/v2\/media\/37632"}],"wp:attachment":[{"href":"https:\/\/wellisparts.siteapp.hu\/fr\/wp-json\/wp\/v2\/media?parent=14427"}],"wp:term":[{"taxonomy":"product_brand","embeddable":true,"href":"https:\/\/wellisparts.siteapp.hu\/fr\/wp-json\/wp\/v2\/product_brand?post=14427"},{"taxonomy":"product_cat","embeddable":true,"href":"https:\/\/wellisparts.siteapp.hu\/fr\/wp-json\/wp\/v2\/product_cat?post=14427"},{"taxonomy":"product_tag","embeddable":true,"href":"https:\/\/wellisparts.siteapp.hu\/fr\/wp-json\/wp\/v2\/product_tag?post=14427"}],"curies":[{"name":"wp","href":"https:\/\/api.w.org\/{rel}","templated":true}]}}