{"id":14756,"date":"2021-12-15T10:20:33","date_gmt":"2021-12-15T14:57:01","guid":{"rendered":"https:\/\/wellisparts.siteapp.hu\/products\/non%20class\u00e9\/autocollant-plugplay\/"},"modified":"2025-03-10T19:28:22","modified_gmt":"2025-03-10T18:28:22","slug":"ae00308","status":"publish","type":"product","link":"https:\/\/wellisparts.siteapp.hu\/fr\/shop\/ae00308\/","title":{"rendered":"Autocollant &#8220;Plug&#038;Play&#8221;"},"content":{"rendered":"<p>&#8220;Instruction de relais et de transfert de donn\u00e9es 230V, 16A, nominal 30mA, Plug and Play _x000D_ EU, IP54, pour utilisation en ext\u00e9rieur&#8221;<\/p>\n","protected":false},"excerpt":{"rendered":"<p>Autocollant &#8220;Plug&#038;Play&#8221; &#8211; Pi\u00e9ces d\u00e9tach\u00e9es pour SPA  &#8211; Divers<\/p>\n","protected":false},"featured_media":33762,"template":"","meta":{"_acf_changed":false},"product_brand":[],"product_cat":[1277,1259],"product_tag":[],"class_list":{"0":"post-14756","1":"product","2":"type-product","3":"status-publish","4":"has-post-thumbnail","6":"product_cat-divers-fr","7":"product_cat-pieces-detachees-pour-spas","9":"first","10":"instock","11":"taxable","12":"shipping-taxable","13":"purchasable","14":"product-type-simple"},"acf":[],"yoast_head":"<!-- This site is optimized with the Yoast SEO Premium plugin v25.6 (Yoast SEO v27.3) - https:\/\/yoast.com\/product\/yoast-seo-premium-wordpress\/ -->\n<title>Autocollant &quot;Plug&amp;Play&quot; | Wellisparts<\/title>\n<meta name=\"description\" content=\"Autocollant &quot;Plug&amp;Play&quot; - Pi\u00e9ces d\u00e9tach\u00e9es pour SPA - Divers\" \/>\n<meta name=\"robots\" content=\"noindex, follow, max-snippet:-1, max-image-preview:large, max-video-preview:-1\" \/>\n<meta property=\"og:locale\" content=\"fr_FR\" \/>\n<meta property=\"og:type\" content=\"article\" \/>\n<meta property=\"og:title\" content=\"Autocollant &quot;Plug&amp;Play&quot;\" \/>\n<meta property=\"og:description\" content=\"Autocollant &quot;Plug&amp;Play&quot; - Pi\u00e9ces d\u00e9tach\u00e9es pour SPA - Divers\" \/>\n<meta property=\"og:url\" content=\"https:\/\/wellisparts.siteapp.hu\/fr\/shop\/ae00308\/\" \/>\n<meta property=\"og:site_name\" content=\"Wellisparts\" \/>\n<meta property=\"article:publisher\" content=\"https:\/\/www.facebook.com\/wellis.eu\" \/>\n<meta property=\"article:modified_time\" content=\"2025-03-10T18:28:22+00:00\" \/>\n<meta property=\"og:image\" content=\"https:\/\/wellisparts.siteapp.hu\/wp-content\/uploads\/2022\/01\/AE00308_1.jpeg\" \/>\n\t<meta property=\"og:image:width\" content=\"1620\" \/>\n\t<meta property=\"og:image:height\" content=\"1080\" \/>\n\t<meta property=\"og:image:type\" content=\"image\/jpeg\" \/>\n<meta name=\"twitter:card\" content=\"summary_large_image\" \/>\n<meta name=\"twitter:label1\" content=\"Prix\" \/>\n\t<meta name=\"twitter:data1\" content=\"&euro;1,46+VAT\" \/>\n\t<meta name=\"twitter:label2\" content=\"Disponibilit\u00e9\" \/>\n\t<meta name=\"twitter:data2\" content=\"En stock\" \/>\n<script type=\"application\/ld+json\" class=\"yoast-schema-graph\">{\"@context\":\"https:\\\/\\\/schema.org\",\"@graph\":[{\"@type\":\"WebPage\",\"@id\":\"https:\\\/\\\/wellisparts.siteapp.hu\\\/fr\\\/shop\\\/ae00308\\\/\",\"url\":\"https:\\\/\\\/wellisparts.siteapp.hu\\\/fr\\\/shop\\\/ae00308\\\/\",\"name\":\"Autocollant \\\"Plug&Play\\\" | Wellisparts\",\"isPartOf\":{\"@id\":\"https:\\\/\\\/wellisparts.siteapp.hu\\\/fr\\\/#website\"},\"primaryImageOfPage\":{\"@id\":\"https:\\\/\\\/wellisparts.siteapp.hu\\\/fr\\\/shop\\\/ae00308\\\/#primaryimage\"},\"image\":{\"@id\":\"https:\\\/\\\/wellisparts.siteapp.hu\\\/fr\\\/shop\\\/ae00308\\\/#primaryimage\"},\"thumbnailUrl\":\"https:\\\/\\\/wellisparts.siteapp.hu\\\/wp-content\\\/uploads\\\/2022\\\/01\\\/AE00308_1.jpeg\",\"datePublished\":\"2021-12-15T14:57:01+00:00\",\"dateModified\":\"2025-03-10T18:28:22+00:00\",\"description\":\"Autocollant \\\"Plug&Play\\\" - Pi\u00e9ces d\u00e9tach\u00e9es pour SPA - Divers\",\"breadcrumb\":{\"@id\":\"https:\\\/\\\/wellisparts.siteapp.hu\\\/fr\\\/shop\\\/ae00308\\\/#breadcrumb\"},\"inLanguage\":\"fr-FR\",\"potentialAction\":[{\"@type\":\"ReadAction\",\"target\":[\"https:\\\/\\\/wellisparts.siteapp.hu\\\/fr\\\/shop\\\/ae00308\\\/\"]}]},{\"@type\":\"ImageObject\",\"inLanguage\":\"fr-FR\",\"@id\":\"https:\\\/\\\/wellisparts.siteapp.hu\\\/fr\\\/shop\\\/ae00308\\\/#primaryimage\",\"url\":\"https:\\\/\\\/wellisparts.siteapp.hu\\\/wp-content\\\/uploads\\\/2022\\\/01\\\/AE00308_1.jpeg\",\"contentUrl\":\"https:\\\/\\\/wellisparts.siteapp.hu\\\/wp-content\\\/uploads\\\/2022\\\/01\\\/AE00308_1.jpeg\",\"width\":1620,\"height\":1080},{\"@type\":\"BreadcrumbList\",\"@id\":\"https:\\\/\\\/wellisparts.siteapp.hu\\\/fr\\\/shop\\\/ae00308\\\/#breadcrumb\",\"itemListElement\":[{\"@type\":\"ListItem\",\"position\":1,\"name\":\"Home\",\"item\":\"https:\\\/\\\/wellisparts.siteapp.hu\\\/fr\\\/\"},{\"@type\":\"ListItem\",\"position\":2,\"name\":\"Boutique\",\"item\":\"https:\\\/\\\/wellisparts.siteapp.hu\\\/fr\\\/shop\\\/\"},{\"@type\":\"ListItem\",\"position\":3,\"name\":\"Autocollant &#8220;Plug&#038;Play&#8221;\"}]},{\"@type\":\"WebSite\",\"@id\":\"https:\\\/\\\/wellisparts.siteapp.hu\\\/fr\\\/#website\",\"url\":\"https:\\\/\\\/wellisparts.siteapp.hu\\\/fr\\\/\",\"name\":\"Wellisparts\",\"description\":\"Wellis alkatr\u00e9sz \u00e9s kieg\u00e9sz\u00edt\u0151 webshop\",\"publisher\":{\"@id\":\"https:\\\/\\\/wellisparts.siteapp.hu\\\/fr\\\/#organization\"},\"potentialAction\":[{\"@type\":\"SearchAction\",\"target\":{\"@type\":\"EntryPoint\",\"urlTemplate\":\"https:\\\/\\\/wellisparts.siteapp.hu\\\/fr\\\/?s={search_term_string}\"},\"query-input\":{\"@type\":\"PropertyValueSpecification\",\"valueRequired\":true,\"valueName\":\"search_term_string\"}}],\"inLanguage\":\"fr-FR\"},{\"@type\":\"Organization\",\"@id\":\"https:\\\/\\\/wellisparts.siteapp.hu\\\/fr\\\/#organization\",\"name\":\"Wellis\",\"url\":\"https:\\\/\\\/wellisparts.siteapp.hu\\\/fr\\\/\",\"logo\":{\"@type\":\"ImageObject\",\"inLanguage\":\"fr-FR\",\"@id\":\"https:\\\/\\\/wellisparts.siteapp.hu\\\/fr\\\/#\\\/schema\\\/logo\\\/image\\\/\",\"url\":\"https:\\\/\\\/wellisparts.siteapp.hu\\\/wp-content\\\/uploads\\\/2020\\\/04\\\/wellis-logo-gray-300x92-1.png\",\"contentUrl\":\"https:\\\/\\\/wellisparts.siteapp.hu\\\/wp-content\\\/uploads\\\/2020\\\/04\\\/wellis-logo-gray-300x92-1.png\",\"width\":300,\"height\":92,\"caption\":\"Wellis\"},\"image\":{\"@id\":\"https:\\\/\\\/wellisparts.siteapp.hu\\\/fr\\\/#\\\/schema\\\/logo\\\/image\\\/\"},\"sameAs\":[\"https:\\\/\\\/www.facebook.com\\\/wellis.eu\",\"https:\\\/\\\/www.instagram.com\\\/wellis.spa\\\/\",\"https:\\\/\\\/www.linkedin.com\\\/company\\\/wellis\",\"https:\\\/\\\/www.youtube.com\\\/channel\\\/UCBfTfURbofhapZionQfC-Gg\"]}]}<\/script>\n<meta property=\"product:price:amount\" content=\"1.46\" \/>\n<meta property=\"product:price:currency\" content=\"EUR\" \/>\n<meta property=\"og:availability\" content=\"instock\" \/>\n<meta property=\"product:availability\" content=\"instock\" \/>\n<meta property=\"product:retailer_item_id\" content=\"AE00308\" \/>\n<meta property=\"product:condition\" content=\"new\" \/>\n<!-- \/ Yoast SEO Premium plugin. -->","yoast_head_json":{"title":"Autocollant \"Plug&Play\" | Wellisparts","description":"Autocollant \"Plug&Play\" - Pi\u00e9ces d\u00e9tach\u00e9es pour SPA - Divers","robots":{"index":"noindex","follow":"follow","max-snippet":"max-snippet:-1","max-image-preview":"max-image-preview:large","max-video-preview":"max-video-preview:-1"},"og_locale":"fr_FR","og_type":"article","og_title":"Autocollant \"Plug&Play\"","og_description":"Autocollant \"Plug&Play\" - Pi\u00e9ces d\u00e9tach\u00e9es pour SPA - Divers","og_url":"https:\/\/wellisparts.siteapp.hu\/fr\/shop\/ae00308\/","og_site_name":"Wellisparts","article_publisher":"https:\/\/www.facebook.com\/wellis.eu","article_modified_time":"2025-03-10T18:28:22+00:00","og_image":[{"width":1620,"height":1080,"url":"https:\/\/wellisparts.siteapp.hu\/wp-content\/uploads\/2022\/01\/AE00308_1.jpeg","type":"image\/jpeg"}],"twitter_card":"summary_large_image","twitter_misc":{"Prix":"&euro;1,46+VAT","Disponibilit\u00e9":"En stock"},"schema":{"@context":"https:\/\/schema.org","@graph":[{"@type":"WebPage","@id":"https:\/\/wellisparts.siteapp.hu\/fr\/shop\/ae00308\/","url":"https:\/\/wellisparts.siteapp.hu\/fr\/shop\/ae00308\/","name":"Autocollant \"Plug&Play\" | Wellisparts","isPartOf":{"@id":"https:\/\/wellisparts.siteapp.hu\/fr\/#website"},"primaryImageOfPage":{"@id":"https:\/\/wellisparts.siteapp.hu\/fr\/shop\/ae00308\/#primaryimage"},"image":{"@id":"https:\/\/wellisparts.siteapp.hu\/fr\/shop\/ae00308\/#primaryimage"},"thumbnailUrl":"https:\/\/wellisparts.siteapp.hu\/wp-content\/uploads\/2022\/01\/AE00308_1.jpeg","datePublished":"2021-12-15T14:57:01+00:00","dateModified":"2025-03-10T18:28:22+00:00","description":"Autocollant \"Plug&Play\" - Pi\u00e9ces d\u00e9tach\u00e9es pour SPA - Divers","breadcrumb":{"@id":"https:\/\/wellisparts.siteapp.hu\/fr\/shop\/ae00308\/#breadcrumb"},"inLanguage":"fr-FR","potentialAction":[{"@type":"ReadAction","target":["https:\/\/wellisparts.siteapp.hu\/fr\/shop\/ae00308\/"]}]},{"@type":"ImageObject","inLanguage":"fr-FR","@id":"https:\/\/wellisparts.siteapp.hu\/fr\/shop\/ae00308\/#primaryimage","url":"https:\/\/wellisparts.siteapp.hu\/wp-content\/uploads\/2022\/01\/AE00308_1.jpeg","contentUrl":"https:\/\/wellisparts.siteapp.hu\/wp-content\/uploads\/2022\/01\/AE00308_1.jpeg","width":1620,"height":1080},{"@type":"BreadcrumbList","@id":"https:\/\/wellisparts.siteapp.hu\/fr\/shop\/ae00308\/#breadcrumb","itemListElement":[{"@type":"ListItem","position":1,"name":"Home","item":"https:\/\/wellisparts.siteapp.hu\/fr\/"},{"@type":"ListItem","position":2,"name":"Boutique","item":"https:\/\/wellisparts.siteapp.hu\/fr\/shop\/"},{"@type":"ListItem","position":3,"name":"Autocollant &#8220;Plug&#038;Play&#8221;"}]},{"@type":"WebSite","@id":"https:\/\/wellisparts.siteapp.hu\/fr\/#website","url":"https:\/\/wellisparts.siteapp.hu\/fr\/","name":"Wellisparts","description":"Wellis alkatr\u00e9sz \u00e9s kieg\u00e9sz\u00edt\u0151 webshop","publisher":{"@id":"https:\/\/wellisparts.siteapp.hu\/fr\/#organization"},"potentialAction":[{"@type":"SearchAction","target":{"@type":"EntryPoint","urlTemplate":"https:\/\/wellisparts.siteapp.hu\/fr\/?s={search_term_string}"},"query-input":{"@type":"PropertyValueSpecification","valueRequired":true,"valueName":"search_term_string"}}],"inLanguage":"fr-FR"},{"@type":"Organization","@id":"https:\/\/wellisparts.siteapp.hu\/fr\/#organization","name":"Wellis","url":"https:\/\/wellisparts.siteapp.hu\/fr\/","logo":{"@type":"ImageObject","inLanguage":"fr-FR","@id":"https:\/\/wellisparts.siteapp.hu\/fr\/#\/schema\/logo\/image\/","url":"https:\/\/wellisparts.siteapp.hu\/wp-content\/uploads\/2020\/04\/wellis-logo-gray-300x92-1.png","contentUrl":"https:\/\/wellisparts.siteapp.hu\/wp-content\/uploads\/2020\/04\/wellis-logo-gray-300x92-1.png","width":300,"height":92,"caption":"Wellis"},"image":{"@id":"https:\/\/wellisparts.siteapp.hu\/fr\/#\/schema\/logo\/image\/"},"sameAs":["https:\/\/www.facebook.com\/wellis.eu","https:\/\/www.instagram.com\/wellis.spa\/","https:\/\/www.linkedin.com\/company\/wellis","https:\/\/www.youtube.com\/channel\/UCBfTfURbofhapZionQfC-Gg"]}]},"product_price_amount":"1.46","product_price_currency":"EUR","og_availability":"instock","product_availability":"instock","product_retailer_item_id":"AE00308","product_condition":"new"},"_links":{"self":[{"href":"https:\/\/wellisparts.siteapp.hu\/fr\/wp-json\/wp\/v2\/product\/14756","targetHints":{"allow":["GET"]}}],"collection":[{"href":"https:\/\/wellisparts.siteapp.hu\/fr\/wp-json\/wp\/v2\/product"}],"about":[{"href":"https:\/\/wellisparts.siteapp.hu\/fr\/wp-json\/wp\/v2\/types\/product"}],"wp:featuredmedia":[{"embeddable":true,"href":"https:\/\/wellisparts.siteapp.hu\/fr\/wp-json\/wp\/v2\/media\/33762"}],"wp:attachment":[{"href":"https:\/\/wellisparts.siteapp.hu\/fr\/wp-json\/wp\/v2\/media?parent=14756"}],"wp:term":[{"taxonomy":"product_brand","embeddable":true,"href":"https:\/\/wellisparts.siteapp.hu\/fr\/wp-json\/wp\/v2\/product_brand?post=14756"},{"taxonomy":"product_cat","embeddable":true,"href":"https:\/\/wellisparts.siteapp.hu\/fr\/wp-json\/wp\/v2\/product_cat?post=14756"},{"taxonomy":"product_tag","embeddable":true,"href":"https:\/\/wellisparts.siteapp.hu\/fr\/wp-json\/wp\/v2\/product_tag?post=14756"}],"curies":[{"name":"wp","href":"https:\/\/api.w.org\/{rel}","templated":true}]}}