{"id":14848,"date":"2021-12-15T10:23:06","date_gmt":"2021-12-15T14:58:01","guid":{"rendered":"https:\/\/wellisparts.siteapp.hu\/products\/non%20class\u00e9\/regulateur-dair-v2\/"},"modified":"2025-03-10T19:31:27","modified_gmt":"2025-03-10T18:31:27","slug":"aku2102","status":"publish","type":"product","link":"https:\/\/wellisparts.siteapp.hu\/fr\/shop\/aku2102\/","title":{"rendered":"R\u00e9gulateur d&#8217;air V2"},"content":{"rendered":"<p>Mat\u00e9riau : ABS, ABS chrom\u00e9 _x000D_ Dimensions : 76x52x52 mm_x000D_ Poids : 0,072 kg<\/p>\n","protected":false},"excerpt":{"rendered":"<p>R\u00e9gulateur d&#8217;air V2 &#8211; Pieces pour baignoires &#8211; Pieces pour baignoires<\/p>\n","protected":false},"featured_media":37062,"template":"","meta":{"_acf_changed":false},"product_brand":[],"product_cat":[1328,1322],"product_tag":[],"class_list":{"0":"post-14848","1":"product","2":"type-product","3":"status-publish","4":"has-post-thumbnail","6":"product_cat-pieces-de-baignoire","7":"product_cat-sanitaires-pieces-de-mobilier","9":"first","10":"instock","11":"taxable","12":"shipping-taxable","13":"purchasable","14":"product-type-simple"},"acf":[],"yoast_head":"<!-- This site is optimized with the Yoast SEO Premium plugin v25.6 (Yoast SEO v27.3) - https:\/\/yoast.com\/product\/yoast-seo-premium-wordpress\/ -->\n<title>R\u00e9gulateur d&#039;air V2 | Wellisparts<\/title>\n<meta name=\"description\" content=\"R\u00e9gulateur d&#039;air V2 - Pieces pour baignoires - Pieces pour baignoires\" \/>\n<meta name=\"robots\" content=\"noindex, follow, max-snippet:-1, max-image-preview:large, max-video-preview:-1\" \/>\n<meta property=\"og:locale\" content=\"fr_FR\" \/>\n<meta property=\"og:type\" content=\"article\" \/>\n<meta property=\"og:title\" content=\"R\u00e9gulateur d&#039;air V2\" \/>\n<meta property=\"og:description\" content=\"R\u00e9gulateur d&#039;air V2 - Pieces pour baignoires - Pieces pour baignoires\" \/>\n<meta property=\"og:url\" content=\"https:\/\/wellisparts.siteapp.hu\/fr\/shop\/aku2102\/\" \/>\n<meta property=\"og:site_name\" content=\"Wellisparts\" \/>\n<meta property=\"article:publisher\" content=\"https:\/\/www.facebook.com\/wellis.eu\" \/>\n<meta property=\"article:modified_time\" content=\"2025-03-10T18:31:27+00:00\" \/>\n<meta property=\"og:image\" content=\"https:\/\/wellisparts.siteapp.hu\/wp-content\/uploads\/2022\/01\/AKU2102_1.jpeg\" \/>\n\t<meta property=\"og:image:width\" content=\"800\" \/>\n\t<meta property=\"og:image:height\" content=\"800\" \/>\n\t<meta property=\"og:image:type\" content=\"image\/jpeg\" \/>\n<meta name=\"twitter:card\" content=\"summary_large_image\" \/>\n<meta name=\"twitter:label1\" content=\"Prix\" \/>\n\t<meta name=\"twitter:data1\" content=\"&euro;10,50+VAT\" \/>\n\t<meta name=\"twitter:label2\" content=\"Disponibilit\u00e9\" \/>\n\t<meta name=\"twitter:data2\" content=\"En stock\" \/>\n<script type=\"application\/ld+json\" class=\"yoast-schema-graph\">{\"@context\":\"https:\\\/\\\/schema.org\",\"@graph\":[{\"@type\":\"WebPage\",\"@id\":\"https:\\\/\\\/wellisparts.siteapp.hu\\\/fr\\\/shop\\\/aku2102\\\/\",\"url\":\"https:\\\/\\\/wellisparts.siteapp.hu\\\/fr\\\/shop\\\/aku2102\\\/\",\"name\":\"R\u00e9gulateur d'air V2 | Wellisparts\",\"isPartOf\":{\"@id\":\"https:\\\/\\\/wellisparts.siteapp.hu\\\/fr\\\/#website\"},\"primaryImageOfPage\":{\"@id\":\"https:\\\/\\\/wellisparts.siteapp.hu\\\/fr\\\/shop\\\/aku2102\\\/#primaryimage\"},\"image\":{\"@id\":\"https:\\\/\\\/wellisparts.siteapp.hu\\\/fr\\\/shop\\\/aku2102\\\/#primaryimage\"},\"thumbnailUrl\":\"https:\\\/\\\/wellisparts.siteapp.hu\\\/wp-content\\\/uploads\\\/2022\\\/01\\\/AKU2102_1.jpeg\",\"datePublished\":\"2021-12-15T14:58:01+00:00\",\"dateModified\":\"2025-03-10T18:31:27+00:00\",\"description\":\"R\u00e9gulateur d'air V2 - Pieces pour baignoires - Pieces pour baignoires\",\"breadcrumb\":{\"@id\":\"https:\\\/\\\/wellisparts.siteapp.hu\\\/fr\\\/shop\\\/aku2102\\\/#breadcrumb\"},\"inLanguage\":\"fr-FR\",\"potentialAction\":[{\"@type\":\"ReadAction\",\"target\":[\"https:\\\/\\\/wellisparts.siteapp.hu\\\/fr\\\/shop\\\/aku2102\\\/\"]}]},{\"@type\":\"ImageObject\",\"inLanguage\":\"fr-FR\",\"@id\":\"https:\\\/\\\/wellisparts.siteapp.hu\\\/fr\\\/shop\\\/aku2102\\\/#primaryimage\",\"url\":\"https:\\\/\\\/wellisparts.siteapp.hu\\\/wp-content\\\/uploads\\\/2022\\\/01\\\/AKU2102_1.jpeg\",\"contentUrl\":\"https:\\\/\\\/wellisparts.siteapp.hu\\\/wp-content\\\/uploads\\\/2022\\\/01\\\/AKU2102_1.jpeg\",\"width\":800,\"height\":800},{\"@type\":\"BreadcrumbList\",\"@id\":\"https:\\\/\\\/wellisparts.siteapp.hu\\\/fr\\\/shop\\\/aku2102\\\/#breadcrumb\",\"itemListElement\":[{\"@type\":\"ListItem\",\"position\":1,\"name\":\"Home\",\"item\":\"https:\\\/\\\/wellisparts.siteapp.hu\\\/fr\\\/\"},{\"@type\":\"ListItem\",\"position\":2,\"name\":\"Boutique\",\"item\":\"https:\\\/\\\/wellisparts.siteapp.hu\\\/fr\\\/shop\\\/\"},{\"@type\":\"ListItem\",\"position\":3,\"name\":\"R\u00e9gulateur d&#8217;air V2\"}]},{\"@type\":\"WebSite\",\"@id\":\"https:\\\/\\\/wellisparts.siteapp.hu\\\/fr\\\/#website\",\"url\":\"https:\\\/\\\/wellisparts.siteapp.hu\\\/fr\\\/\",\"name\":\"Wellisparts\",\"description\":\"Wellis alkatr\u00e9sz \u00e9s kieg\u00e9sz\u00edt\u0151 webshop\",\"publisher\":{\"@id\":\"https:\\\/\\\/wellisparts.siteapp.hu\\\/fr\\\/#organization\"},\"potentialAction\":[{\"@type\":\"SearchAction\",\"target\":{\"@type\":\"EntryPoint\",\"urlTemplate\":\"https:\\\/\\\/wellisparts.siteapp.hu\\\/fr\\\/?s={search_term_string}\"},\"query-input\":{\"@type\":\"PropertyValueSpecification\",\"valueRequired\":true,\"valueName\":\"search_term_string\"}}],\"inLanguage\":\"fr-FR\"},{\"@type\":\"Organization\",\"@id\":\"https:\\\/\\\/wellisparts.siteapp.hu\\\/fr\\\/#organization\",\"name\":\"Wellis\",\"url\":\"https:\\\/\\\/wellisparts.siteapp.hu\\\/fr\\\/\",\"logo\":{\"@type\":\"ImageObject\",\"inLanguage\":\"fr-FR\",\"@id\":\"https:\\\/\\\/wellisparts.siteapp.hu\\\/fr\\\/#\\\/schema\\\/logo\\\/image\\\/\",\"url\":\"https:\\\/\\\/wellisparts.siteapp.hu\\\/wp-content\\\/uploads\\\/2020\\\/04\\\/wellis-logo-gray-300x92-1.png\",\"contentUrl\":\"https:\\\/\\\/wellisparts.siteapp.hu\\\/wp-content\\\/uploads\\\/2020\\\/04\\\/wellis-logo-gray-300x92-1.png\",\"width\":300,\"height\":92,\"caption\":\"Wellis\"},\"image\":{\"@id\":\"https:\\\/\\\/wellisparts.siteapp.hu\\\/fr\\\/#\\\/schema\\\/logo\\\/image\\\/\"},\"sameAs\":[\"https:\\\/\\\/www.facebook.com\\\/wellis.eu\",\"https:\\\/\\\/www.instagram.com\\\/wellis.spa\\\/\",\"https:\\\/\\\/www.linkedin.com\\\/company\\\/wellis\",\"https:\\\/\\\/www.youtube.com\\\/channel\\\/UCBfTfURbofhapZionQfC-Gg\"]}]}<\/script>\n<meta property=\"product:price:amount\" content=\"10.50\" \/>\n<meta property=\"product:price:currency\" content=\"EUR\" \/>\n<meta property=\"og:availability\" content=\"instock\" \/>\n<meta property=\"product:availability\" content=\"instock\" \/>\n<meta property=\"product:retailer_item_id\" content=\"AKU2102\" \/>\n<meta property=\"product:condition\" content=\"new\" \/>\n<!-- \/ Yoast SEO Premium plugin. -->","yoast_head_json":{"title":"R\u00e9gulateur d'air V2 | Wellisparts","description":"R\u00e9gulateur d'air V2 - Pieces pour baignoires - Pieces pour baignoires","robots":{"index":"noindex","follow":"follow","max-snippet":"max-snippet:-1","max-image-preview":"max-image-preview:large","max-video-preview":"max-video-preview:-1"},"og_locale":"fr_FR","og_type":"article","og_title":"R\u00e9gulateur d'air V2","og_description":"R\u00e9gulateur d'air V2 - Pieces pour baignoires - Pieces pour baignoires","og_url":"https:\/\/wellisparts.siteapp.hu\/fr\/shop\/aku2102\/","og_site_name":"Wellisparts","article_publisher":"https:\/\/www.facebook.com\/wellis.eu","article_modified_time":"2025-03-10T18:31:27+00:00","og_image":[{"width":800,"height":800,"url":"https:\/\/wellisparts.siteapp.hu\/wp-content\/uploads\/2022\/01\/AKU2102_1.jpeg","type":"image\/jpeg"}],"twitter_card":"summary_large_image","twitter_misc":{"Prix":"&euro;10,50+VAT","Disponibilit\u00e9":"En stock"},"schema":{"@context":"https:\/\/schema.org","@graph":[{"@type":"WebPage","@id":"https:\/\/wellisparts.siteapp.hu\/fr\/shop\/aku2102\/","url":"https:\/\/wellisparts.siteapp.hu\/fr\/shop\/aku2102\/","name":"R\u00e9gulateur d'air V2 | Wellisparts","isPartOf":{"@id":"https:\/\/wellisparts.siteapp.hu\/fr\/#website"},"primaryImageOfPage":{"@id":"https:\/\/wellisparts.siteapp.hu\/fr\/shop\/aku2102\/#primaryimage"},"image":{"@id":"https:\/\/wellisparts.siteapp.hu\/fr\/shop\/aku2102\/#primaryimage"},"thumbnailUrl":"https:\/\/wellisparts.siteapp.hu\/wp-content\/uploads\/2022\/01\/AKU2102_1.jpeg","datePublished":"2021-12-15T14:58:01+00:00","dateModified":"2025-03-10T18:31:27+00:00","description":"R\u00e9gulateur d'air V2 - Pieces pour baignoires - Pieces pour baignoires","breadcrumb":{"@id":"https:\/\/wellisparts.siteapp.hu\/fr\/shop\/aku2102\/#breadcrumb"},"inLanguage":"fr-FR","potentialAction":[{"@type":"ReadAction","target":["https:\/\/wellisparts.siteapp.hu\/fr\/shop\/aku2102\/"]}]},{"@type":"ImageObject","inLanguage":"fr-FR","@id":"https:\/\/wellisparts.siteapp.hu\/fr\/shop\/aku2102\/#primaryimage","url":"https:\/\/wellisparts.siteapp.hu\/wp-content\/uploads\/2022\/01\/AKU2102_1.jpeg","contentUrl":"https:\/\/wellisparts.siteapp.hu\/wp-content\/uploads\/2022\/01\/AKU2102_1.jpeg","width":800,"height":800},{"@type":"BreadcrumbList","@id":"https:\/\/wellisparts.siteapp.hu\/fr\/shop\/aku2102\/#breadcrumb","itemListElement":[{"@type":"ListItem","position":1,"name":"Home","item":"https:\/\/wellisparts.siteapp.hu\/fr\/"},{"@type":"ListItem","position":2,"name":"Boutique","item":"https:\/\/wellisparts.siteapp.hu\/fr\/shop\/"},{"@type":"ListItem","position":3,"name":"R\u00e9gulateur d&#8217;air V2"}]},{"@type":"WebSite","@id":"https:\/\/wellisparts.siteapp.hu\/fr\/#website","url":"https:\/\/wellisparts.siteapp.hu\/fr\/","name":"Wellisparts","description":"Wellis alkatr\u00e9sz \u00e9s kieg\u00e9sz\u00edt\u0151 webshop","publisher":{"@id":"https:\/\/wellisparts.siteapp.hu\/fr\/#organization"},"potentialAction":[{"@type":"SearchAction","target":{"@type":"EntryPoint","urlTemplate":"https:\/\/wellisparts.siteapp.hu\/fr\/?s={search_term_string}"},"query-input":{"@type":"PropertyValueSpecification","valueRequired":true,"valueName":"search_term_string"}}],"inLanguage":"fr-FR"},{"@type":"Organization","@id":"https:\/\/wellisparts.siteapp.hu\/fr\/#organization","name":"Wellis","url":"https:\/\/wellisparts.siteapp.hu\/fr\/","logo":{"@type":"ImageObject","inLanguage":"fr-FR","@id":"https:\/\/wellisparts.siteapp.hu\/fr\/#\/schema\/logo\/image\/","url":"https:\/\/wellisparts.siteapp.hu\/wp-content\/uploads\/2020\/04\/wellis-logo-gray-300x92-1.png","contentUrl":"https:\/\/wellisparts.siteapp.hu\/wp-content\/uploads\/2020\/04\/wellis-logo-gray-300x92-1.png","width":300,"height":92,"caption":"Wellis"},"image":{"@id":"https:\/\/wellisparts.siteapp.hu\/fr\/#\/schema\/logo\/image\/"},"sameAs":["https:\/\/www.facebook.com\/wellis.eu","https:\/\/www.instagram.com\/wellis.spa\/","https:\/\/www.linkedin.com\/company\/wellis","https:\/\/www.youtube.com\/channel\/UCBfTfURbofhapZionQfC-Gg"]}]},"product_price_amount":"10.50","product_price_currency":"EUR","og_availability":"instock","product_availability":"instock","product_retailer_item_id":"AKU2102","product_condition":"new"},"_links":{"self":[{"href":"https:\/\/wellisparts.siteapp.hu\/fr\/wp-json\/wp\/v2\/product\/14848","targetHints":{"allow":["GET"]}}],"collection":[{"href":"https:\/\/wellisparts.siteapp.hu\/fr\/wp-json\/wp\/v2\/product"}],"about":[{"href":"https:\/\/wellisparts.siteapp.hu\/fr\/wp-json\/wp\/v2\/types\/product"}],"wp:featuredmedia":[{"embeddable":true,"href":"https:\/\/wellisparts.siteapp.hu\/fr\/wp-json\/wp\/v2\/media\/37062"}],"wp:attachment":[{"href":"https:\/\/wellisparts.siteapp.hu\/fr\/wp-json\/wp\/v2\/media?parent=14848"}],"wp:term":[{"taxonomy":"product_brand","embeddable":true,"href":"https:\/\/wellisparts.siteapp.hu\/fr\/wp-json\/wp\/v2\/product_brand?post=14848"},{"taxonomy":"product_cat","embeddable":true,"href":"https:\/\/wellisparts.siteapp.hu\/fr\/wp-json\/wp\/v2\/product_cat?post=14848"},{"taxonomy":"product_tag","embeddable":true,"href":"https:\/\/wellisparts.siteapp.hu\/fr\/wp-json\/wp\/v2\/product_tag?post=14848"}],"curies":[{"name":"wp","href":"https:\/\/api.w.org\/{rel}","templated":true}]}}