{"id":14874,"date":"2021-12-15T10:23:26","date_gmt":"2021-12-15T09:23:26","guid":{"rendered":"https:\/\/wellisparts.siteapp.hu\/products\/non%20class\u00e9\/redlight-element-de-chauffage-600w-565mm\/"},"modified":"2025-03-10T19:27:10","modified_gmt":"2025-03-10T18:27:10","slug":"acm0872","status":"publish","type":"product","link":"https:\/\/wellisparts.siteapp.hu\/fr\/shop\/acm0872\/","title":{"rendered":"Redlight \u00e9l\u00e9ment de chauffage 600W, 565mm"},"content":{"rendered":"<p>L&#8217;\u00e9l\u00e9ment chauffant Redlight (\u00e0 base de charbon) est non seulement une solution \u00e9conomique, mais contribue \u00e9galement \u00e0 prot\u00e9ger les ressources de notre plan\u00e8te. Il se caract\u00e9rise par une efficacit\u00e9 thermique \u00e9lev\u00e9e et une longue dur\u00e9e de vie, obtenues avec moins de 30 % des besoins \u00e9nerg\u00e9tiques d&#8217;un \u00e9l\u00e9ment chauffant m\u00e9tallique. Il \u00e9met uniquement dans la gamme des infrarouges lointains (FIR). Il n&#8217;\u00e9met pas de rayons \u00e9lectromagn\u00e9tiques et ultraviolets nocifs \u00e0 haute fr\u00e9quence. Avec un temps de pr\u00e9chauffage similaire \u00e0 celui d&#8217;une ampoule \u00e9lectrique, il fournit une chaleur imm\u00e9diatement perceptible.<\/p>\n","protected":false},"excerpt":{"rendered":"<p>Redlight \u00e9l\u00e9ment de chauffage 600W, 565mm &#8211; Sauna &#8211; infra<\/p>\n","protected":false},"featured_media":32757,"template":"","meta":{"_acf_changed":false},"product_brand":[],"product_cat":[1334,1340],"product_tag":[],"class_list":{"0":"post-14874","1":"product","2":"type-product","3":"status-publish","4":"has-post-thumbnail","6":"product_cat-pieces-de-sauna","7":"product_cat-sauna-infrarouge","9":"first","10":"instock","11":"taxable","12":"shipping-taxable","13":"purchasable","14":"product-type-simple"},"acf":[],"yoast_head":"<!-- This site is optimized with the Yoast SEO Premium plugin v25.6 (Yoast SEO v27.3) - https:\/\/yoast.com\/product\/yoast-seo-premium-wordpress\/ -->\n<title>Redlight \u00e9l\u00e9ment de chauffage 600W, 565mm | Wellisparts<\/title>\n<meta name=\"description\" content=\"Redlight \u00e9l\u00e9ment de chauffage 600W, 565mm - Sauna - infra\" \/>\n<meta name=\"robots\" content=\"noindex, follow, max-snippet:-1, max-image-preview:large, max-video-preview:-1\" \/>\n<meta property=\"og:locale\" content=\"fr_FR\" \/>\n<meta property=\"og:type\" content=\"article\" \/>\n<meta property=\"og:title\" content=\"Redlight \u00e9l\u00e9ment de chauffage 600W, 565mm\" \/>\n<meta property=\"og:description\" content=\"Redlight \u00e9l\u00e9ment de chauffage 600W, 565mm - Sauna - infra\" \/>\n<meta property=\"og:url\" content=\"https:\/\/wellisparts.siteapp.hu\/fr\/shop\/acm0872\/\" \/>\n<meta property=\"og:site_name\" content=\"Wellisparts\" \/>\n<meta property=\"article:publisher\" content=\"https:\/\/www.facebook.com\/wellis.eu\" \/>\n<meta property=\"article:modified_time\" content=\"2025-03-10T18:27:10+00:00\" \/>\n<meta property=\"og:image\" content=\"https:\/\/wellisparts.siteapp.hu\/wp-content\/uploads\/2022\/01\/ACM0872_1.jpeg\" \/>\n\t<meta property=\"og:image:width\" content=\"800\" \/>\n\t<meta property=\"og:image:height\" content=\"800\" \/>\n\t<meta property=\"og:image:type\" content=\"image\/jpeg\" \/>\n<meta name=\"twitter:card\" content=\"summary_large_image\" \/>\n<meta name=\"twitter:label1\" content=\"Prix\" \/>\n\t<meta name=\"twitter:data1\" content=\"&euro;55,02+VAT\" \/>\n\t<meta name=\"twitter:label2\" content=\"Disponibilit\u00e9\" \/>\n\t<meta name=\"twitter:data2\" content=\"En stock\" \/>\n<script type=\"application\/ld+json\" class=\"yoast-schema-graph\">{\"@context\":\"https:\\\/\\\/schema.org\",\"@graph\":[{\"@type\":\"WebPage\",\"@id\":\"https:\\\/\\\/wellisparts.siteapp.hu\\\/fr\\\/shop\\\/acm0872\\\/\",\"url\":\"https:\\\/\\\/wellisparts.siteapp.hu\\\/fr\\\/shop\\\/acm0872\\\/\",\"name\":\"Redlight \u00e9l\u00e9ment de chauffage 600W, 565mm | Wellisparts\",\"isPartOf\":{\"@id\":\"https:\\\/\\\/wellisparts.siteapp.hu\\\/fr\\\/#website\"},\"primaryImageOfPage\":{\"@id\":\"https:\\\/\\\/wellisparts.siteapp.hu\\\/fr\\\/shop\\\/acm0872\\\/#primaryimage\"},\"image\":{\"@id\":\"https:\\\/\\\/wellisparts.siteapp.hu\\\/fr\\\/shop\\\/acm0872\\\/#primaryimage\"},\"thumbnailUrl\":\"https:\\\/\\\/wellisparts.siteapp.hu\\\/wp-content\\\/uploads\\\/2022\\\/01\\\/ACM0872_1.jpeg\",\"datePublished\":\"2021-12-15T09:23:26+00:00\",\"dateModified\":\"2025-03-10T18:27:10+00:00\",\"description\":\"Redlight \u00e9l\u00e9ment de chauffage 600W, 565mm - Sauna - infra\",\"breadcrumb\":{\"@id\":\"https:\\\/\\\/wellisparts.siteapp.hu\\\/fr\\\/shop\\\/acm0872\\\/#breadcrumb\"},\"inLanguage\":\"fr-FR\",\"potentialAction\":[{\"@type\":\"ReadAction\",\"target\":[\"https:\\\/\\\/wellisparts.siteapp.hu\\\/fr\\\/shop\\\/acm0872\\\/\"]}]},{\"@type\":\"ImageObject\",\"inLanguage\":\"fr-FR\",\"@id\":\"https:\\\/\\\/wellisparts.siteapp.hu\\\/fr\\\/shop\\\/acm0872\\\/#primaryimage\",\"url\":\"https:\\\/\\\/wellisparts.siteapp.hu\\\/wp-content\\\/uploads\\\/2022\\\/01\\\/ACM0872_1.jpeg\",\"contentUrl\":\"https:\\\/\\\/wellisparts.siteapp.hu\\\/wp-content\\\/uploads\\\/2022\\\/01\\\/ACM0872_1.jpeg\",\"width\":800,\"height\":800},{\"@type\":\"BreadcrumbList\",\"@id\":\"https:\\\/\\\/wellisparts.siteapp.hu\\\/fr\\\/shop\\\/acm0872\\\/#breadcrumb\",\"itemListElement\":[{\"@type\":\"ListItem\",\"position\":1,\"name\":\"Home\",\"item\":\"https:\\\/\\\/wellisparts.siteapp.hu\\\/fr\\\/\"},{\"@type\":\"ListItem\",\"position\":2,\"name\":\"Boutique\",\"item\":\"https:\\\/\\\/wellisparts.siteapp.hu\\\/fr\\\/shop\\\/\"},{\"@type\":\"ListItem\",\"position\":3,\"name\":\"Redlight \u00e9l\u00e9ment de chauffage 600W, 565mm\"}]},{\"@type\":\"WebSite\",\"@id\":\"https:\\\/\\\/wellisparts.siteapp.hu\\\/fr\\\/#website\",\"url\":\"https:\\\/\\\/wellisparts.siteapp.hu\\\/fr\\\/\",\"name\":\"Wellisparts\",\"description\":\"Wellis alkatr\u00e9sz \u00e9s kieg\u00e9sz\u00edt\u0151 webshop\",\"publisher\":{\"@id\":\"https:\\\/\\\/wellisparts.siteapp.hu\\\/fr\\\/#organization\"},\"potentialAction\":[{\"@type\":\"SearchAction\",\"target\":{\"@type\":\"EntryPoint\",\"urlTemplate\":\"https:\\\/\\\/wellisparts.siteapp.hu\\\/fr\\\/?s={search_term_string}\"},\"query-input\":{\"@type\":\"PropertyValueSpecification\",\"valueRequired\":true,\"valueName\":\"search_term_string\"}}],\"inLanguage\":\"fr-FR\"},{\"@type\":\"Organization\",\"@id\":\"https:\\\/\\\/wellisparts.siteapp.hu\\\/fr\\\/#organization\",\"name\":\"Wellis\",\"url\":\"https:\\\/\\\/wellisparts.siteapp.hu\\\/fr\\\/\",\"logo\":{\"@type\":\"ImageObject\",\"inLanguage\":\"fr-FR\",\"@id\":\"https:\\\/\\\/wellisparts.siteapp.hu\\\/fr\\\/#\\\/schema\\\/logo\\\/image\\\/\",\"url\":\"https:\\\/\\\/wellisparts.siteapp.hu\\\/wp-content\\\/uploads\\\/2020\\\/04\\\/wellis-logo-gray-300x92-1.png\",\"contentUrl\":\"https:\\\/\\\/wellisparts.siteapp.hu\\\/wp-content\\\/uploads\\\/2020\\\/04\\\/wellis-logo-gray-300x92-1.png\",\"width\":300,\"height\":92,\"caption\":\"Wellis\"},\"image\":{\"@id\":\"https:\\\/\\\/wellisparts.siteapp.hu\\\/fr\\\/#\\\/schema\\\/logo\\\/image\\\/\"},\"sameAs\":[\"https:\\\/\\\/www.facebook.com\\\/wellis.eu\",\"https:\\\/\\\/www.instagram.com\\\/wellis.spa\\\/\",\"https:\\\/\\\/www.linkedin.com\\\/company\\\/wellis\",\"https:\\\/\\\/www.youtube.com\\\/channel\\\/UCBfTfURbofhapZionQfC-Gg\"]}]}<\/script>\n<meta property=\"product:price:amount\" content=\"55.02\" \/>\n<meta property=\"product:price:currency\" content=\"EUR\" \/>\n<meta property=\"og:availability\" content=\"instock\" \/>\n<meta property=\"product:availability\" content=\"instock\" \/>\n<meta property=\"product:retailer_item_id\" content=\"ACM0872\" \/>\n<meta property=\"product:condition\" content=\"new\" \/>\n<!-- \/ Yoast SEO Premium plugin. -->","yoast_head_json":{"title":"Redlight \u00e9l\u00e9ment de chauffage 600W, 565mm | Wellisparts","description":"Redlight \u00e9l\u00e9ment de chauffage 600W, 565mm - Sauna - infra","robots":{"index":"noindex","follow":"follow","max-snippet":"max-snippet:-1","max-image-preview":"max-image-preview:large","max-video-preview":"max-video-preview:-1"},"og_locale":"fr_FR","og_type":"article","og_title":"Redlight \u00e9l\u00e9ment de chauffage 600W, 565mm","og_description":"Redlight \u00e9l\u00e9ment de chauffage 600W, 565mm - Sauna - infra","og_url":"https:\/\/wellisparts.siteapp.hu\/fr\/shop\/acm0872\/","og_site_name":"Wellisparts","article_publisher":"https:\/\/www.facebook.com\/wellis.eu","article_modified_time":"2025-03-10T18:27:10+00:00","og_image":[{"width":800,"height":800,"url":"https:\/\/wellisparts.siteapp.hu\/wp-content\/uploads\/2022\/01\/ACM0872_1.jpeg","type":"image\/jpeg"}],"twitter_card":"summary_large_image","twitter_misc":{"Prix":"&euro;55,02+VAT","Disponibilit\u00e9":"En stock"},"schema":{"@context":"https:\/\/schema.org","@graph":[{"@type":"WebPage","@id":"https:\/\/wellisparts.siteapp.hu\/fr\/shop\/acm0872\/","url":"https:\/\/wellisparts.siteapp.hu\/fr\/shop\/acm0872\/","name":"Redlight \u00e9l\u00e9ment de chauffage 600W, 565mm | Wellisparts","isPartOf":{"@id":"https:\/\/wellisparts.siteapp.hu\/fr\/#website"},"primaryImageOfPage":{"@id":"https:\/\/wellisparts.siteapp.hu\/fr\/shop\/acm0872\/#primaryimage"},"image":{"@id":"https:\/\/wellisparts.siteapp.hu\/fr\/shop\/acm0872\/#primaryimage"},"thumbnailUrl":"https:\/\/wellisparts.siteapp.hu\/wp-content\/uploads\/2022\/01\/ACM0872_1.jpeg","datePublished":"2021-12-15T09:23:26+00:00","dateModified":"2025-03-10T18:27:10+00:00","description":"Redlight \u00e9l\u00e9ment de chauffage 600W, 565mm - Sauna - infra","breadcrumb":{"@id":"https:\/\/wellisparts.siteapp.hu\/fr\/shop\/acm0872\/#breadcrumb"},"inLanguage":"fr-FR","potentialAction":[{"@type":"ReadAction","target":["https:\/\/wellisparts.siteapp.hu\/fr\/shop\/acm0872\/"]}]},{"@type":"ImageObject","inLanguage":"fr-FR","@id":"https:\/\/wellisparts.siteapp.hu\/fr\/shop\/acm0872\/#primaryimage","url":"https:\/\/wellisparts.siteapp.hu\/wp-content\/uploads\/2022\/01\/ACM0872_1.jpeg","contentUrl":"https:\/\/wellisparts.siteapp.hu\/wp-content\/uploads\/2022\/01\/ACM0872_1.jpeg","width":800,"height":800},{"@type":"BreadcrumbList","@id":"https:\/\/wellisparts.siteapp.hu\/fr\/shop\/acm0872\/#breadcrumb","itemListElement":[{"@type":"ListItem","position":1,"name":"Home","item":"https:\/\/wellisparts.siteapp.hu\/fr\/"},{"@type":"ListItem","position":2,"name":"Boutique","item":"https:\/\/wellisparts.siteapp.hu\/fr\/shop\/"},{"@type":"ListItem","position":3,"name":"Redlight \u00e9l\u00e9ment de chauffage 600W, 565mm"}]},{"@type":"WebSite","@id":"https:\/\/wellisparts.siteapp.hu\/fr\/#website","url":"https:\/\/wellisparts.siteapp.hu\/fr\/","name":"Wellisparts","description":"Wellis alkatr\u00e9sz \u00e9s kieg\u00e9sz\u00edt\u0151 webshop","publisher":{"@id":"https:\/\/wellisparts.siteapp.hu\/fr\/#organization"},"potentialAction":[{"@type":"SearchAction","target":{"@type":"EntryPoint","urlTemplate":"https:\/\/wellisparts.siteapp.hu\/fr\/?s={search_term_string}"},"query-input":{"@type":"PropertyValueSpecification","valueRequired":true,"valueName":"search_term_string"}}],"inLanguage":"fr-FR"},{"@type":"Organization","@id":"https:\/\/wellisparts.siteapp.hu\/fr\/#organization","name":"Wellis","url":"https:\/\/wellisparts.siteapp.hu\/fr\/","logo":{"@type":"ImageObject","inLanguage":"fr-FR","@id":"https:\/\/wellisparts.siteapp.hu\/fr\/#\/schema\/logo\/image\/","url":"https:\/\/wellisparts.siteapp.hu\/wp-content\/uploads\/2020\/04\/wellis-logo-gray-300x92-1.png","contentUrl":"https:\/\/wellisparts.siteapp.hu\/wp-content\/uploads\/2020\/04\/wellis-logo-gray-300x92-1.png","width":300,"height":92,"caption":"Wellis"},"image":{"@id":"https:\/\/wellisparts.siteapp.hu\/fr\/#\/schema\/logo\/image\/"},"sameAs":["https:\/\/www.facebook.com\/wellis.eu","https:\/\/www.instagram.com\/wellis.spa\/","https:\/\/www.linkedin.com\/company\/wellis","https:\/\/www.youtube.com\/channel\/UCBfTfURbofhapZionQfC-Gg"]}]},"product_price_amount":"55.02","product_price_currency":"EUR","og_availability":"instock","product_availability":"instock","product_retailer_item_id":"ACM0872","product_condition":"new"},"_links":{"self":[{"href":"https:\/\/wellisparts.siteapp.hu\/fr\/wp-json\/wp\/v2\/product\/14874","targetHints":{"allow":["GET"]}}],"collection":[{"href":"https:\/\/wellisparts.siteapp.hu\/fr\/wp-json\/wp\/v2\/product"}],"about":[{"href":"https:\/\/wellisparts.siteapp.hu\/fr\/wp-json\/wp\/v2\/types\/product"}],"wp:featuredmedia":[{"embeddable":true,"href":"https:\/\/wellisparts.siteapp.hu\/fr\/wp-json\/wp\/v2\/media\/32757"}],"wp:attachment":[{"href":"https:\/\/wellisparts.siteapp.hu\/fr\/wp-json\/wp\/v2\/media?parent=14874"}],"wp:term":[{"taxonomy":"product_brand","embeddable":true,"href":"https:\/\/wellisparts.siteapp.hu\/fr\/wp-json\/wp\/v2\/product_brand?post=14874"},{"taxonomy":"product_cat","embeddable":true,"href":"https:\/\/wellisparts.siteapp.hu\/fr\/wp-json\/wp\/v2\/product_cat?post=14874"},{"taxonomy":"product_tag","embeddable":true,"href":"https:\/\/wellisparts.siteapp.hu\/fr\/wp-json\/wp\/v2\/product_tag?post=14874"}],"curies":[{"name":"wp","href":"https:\/\/api.w.org\/{rel}","templated":true}]}}