{"id":54789,"date":"2024-04-26T23:46:33","date_gmt":"2024-04-26T21:46:33","guid":{"rendered":"https:\/\/wellisparts.siteapp.hu\/?post_type=product&#038;p=54789"},"modified":"2025-03-10T19:39:08","modified_gmt":"2025-03-10T18:39:08","slug":"couverture-de-piscine-couverture-en-rouleau-riogrande-advtex","status":"publish","type":"product","link":"https:\/\/wellisparts.siteapp.hu\/fr\/shop\/couverture-de-piscine-couverture-en-rouleau-riogrande-advtex\/","title":{"rendered":"Couverture de piscine Couverture en rouleau RioGrande BlackTex"},"content":{"rendered":"<p>R\u00e9sistant aux UV, durable dans toutes les conditions m\u00e9t\u00e9orologiques, mat\u00e9riau AdvTex noir. La structure enroulable permet un acc\u00e8s facile \u00e0 la piscine Swim Spa. Elle peut \u00eatre s\u00e9curis\u00e9e avec une serrure \u00e0 num\u00e9ro \u00e0 plusieurs points et est disponible dans la taille exacte con\u00e7ue pour la piscine donn\u00e9e. L&#8217;image est \u00e0 titre d&#8217;illustration uniquement. Taille : 6*2,35 m<\/p>\n","protected":false},"excerpt":{"rendered":"<p>R\u00e9sistant aux UV, durable dans toutes les conditions m\u00e9t\u00e9orologiques, mat\u00e9riau AdvTex noir. La structure enroulable permet un acc\u00e8s facile \u00e0 la piscine Swim Spa. Elle peut \u00eatre s\u00e9curis\u00e9e avec une serrure \u00e0 num\u00e9ro \u00e0 plusieurs points et est disponible dans la taille exacte con\u00e7ue pour la piscine donn\u00e9e. L&#8217;image est \u00e0 titre d&#8217;illustration uniquement. Taille [&hellip;]<\/p>\n","protected":false},"featured_media":63021,"template":"","meta":{"_acf_changed":false},"product_brand":[],"product_cat":[2855,2853],"product_tag":[],"class_list":{"0":"post-54789","1":"product","2":"type-product","3":"status-publish","4":"has-post-thumbnail","6":"product_cat-nouveau-materiel-blacktex","7":"product_cat-wellis-couverture","8":"pa_szarmazasi-hely-cn-fr","10":"first","11":"outofstock","12":"taxable","13":"shipping-taxable","14":"purchasable","15":"product-type-simple"},"acf":[],"yoast_head":"<!-- This site is optimized with the Yoast SEO Premium plugin v25.6 (Yoast SEO v27.3) - https:\/\/yoast.com\/product\/yoast-seo-premium-wordpress\/ -->\n<title>Couverture de piscine Couverture en rouleau RioGrande AdvTex<\/title>\n<meta name=\"robots\" content=\"noindex, follow, max-snippet:-1, max-image-preview:large, max-video-preview:-1\" \/>\n<meta property=\"og:locale\" content=\"fr_FR\" \/>\n<meta property=\"og:type\" content=\"article\" \/>\n<meta property=\"og:title\" content=\"Couverture de piscine Couverture en rouleau RioGrande BlackTex\" \/>\n<meta property=\"og:description\" content=\"R\u00e9sistant aux UV, durable dans toutes les conditions m\u00e9t\u00e9orologiques, mat\u00e9riau AdvTex noir. La structure enroulable permet un acc\u00e8s facile \u00e0 la piscine Swim Spa. Elle peut \u00eatre s\u00e9curis\u00e9e avec une serrure \u00e0 num\u00e9ro \u00e0 plusieurs points et est disponible dans la taille exacte con\u00e7ue pour la piscine donn\u00e9e. L&#8217;image est \u00e0 titre d&#8217;illustration uniquement. Taille [&hellip;]\" \/>\n<meta property=\"og:url\" content=\"https:\/\/wellisparts.siteapp.hu\/fr\/shop\/couverture-de-piscine-couverture-en-rouleau-riogrande-advtex\/\" \/>\n<meta property=\"og:site_name\" content=\"Wellisparts\" \/>\n<meta property=\"article:publisher\" content=\"https:\/\/www.facebook.com\/wellis.eu\" \/>\n<meta property=\"article:modified_time\" content=\"2025-03-10T18:39:08+00:00\" \/>\n<meta property=\"og:image\" content=\"https:\/\/wellisparts.siteapp.hu\/wp-content\/uploads\/2025\/02\/WT00275.jpg\" \/>\n\t<meta property=\"og:image:width\" content=\"800\" \/>\n\t<meta property=\"og:image:height\" content=\"800\" \/>\n\t<meta property=\"og:image:type\" content=\"image\/jpeg\" \/>\n<meta name=\"twitter:card\" content=\"summary_large_image\" \/>\n<meta name=\"twitter:label1\" content=\"Prix\" \/>\n\t<meta name=\"twitter:data1\" content=\"&euro;2.756,00+VAT\" \/>\n\t<meta name=\"twitter:label2\" content=\"Disponibilit\u00e9\" \/>\n\t<meta name=\"twitter:data2\" content=\"Rupture de stock\" \/>\n<script type=\"application\/ld+json\" class=\"yoast-schema-graph\">{\"@context\":\"https:\\\/\\\/schema.org\",\"@graph\":[{\"@type\":\"WebPage\",\"@id\":\"https:\\\/\\\/wellisparts.siteapp.hu\\\/fr\\\/shop\\\/couverture-de-piscine-couverture-en-rouleau-riogrande-advtex\\\/\",\"url\":\"https:\\\/\\\/wellisparts.siteapp.hu\\\/fr\\\/shop\\\/couverture-de-piscine-couverture-en-rouleau-riogrande-advtex\\\/\",\"name\":\"Couverture de piscine Couverture en rouleau RioGrande AdvTex\",\"isPartOf\":{\"@id\":\"https:\\\/\\\/wellisparts.siteapp.hu\\\/fr\\\/#website\"},\"primaryImageOfPage\":{\"@id\":\"https:\\\/\\\/wellisparts.siteapp.hu\\\/fr\\\/shop\\\/couverture-de-piscine-couverture-en-rouleau-riogrande-advtex\\\/#primaryimage\"},\"image\":{\"@id\":\"https:\\\/\\\/wellisparts.siteapp.hu\\\/fr\\\/shop\\\/couverture-de-piscine-couverture-en-rouleau-riogrande-advtex\\\/#primaryimage\"},\"thumbnailUrl\":\"https:\\\/\\\/wellisparts.siteapp.hu\\\/wp-content\\\/uploads\\\/2025\\\/02\\\/WT00276.jpg\",\"datePublished\":\"2024-04-26T21:46:33+00:00\",\"dateModified\":\"2025-03-10T18:39:08+00:00\",\"breadcrumb\":{\"@id\":\"https:\\\/\\\/wellisparts.siteapp.hu\\\/fr\\\/shop\\\/couverture-de-piscine-couverture-en-rouleau-riogrande-advtex\\\/#breadcrumb\"},\"inLanguage\":\"fr-FR\",\"potentialAction\":[{\"@type\":\"ReadAction\",\"target\":[\"https:\\\/\\\/wellisparts.siteapp.hu\\\/fr\\\/shop\\\/couverture-de-piscine-couverture-en-rouleau-riogrande-advtex\\\/\"]}]},{\"@type\":\"ImageObject\",\"inLanguage\":\"fr-FR\",\"@id\":\"https:\\\/\\\/wellisparts.siteapp.hu\\\/fr\\\/shop\\\/couverture-de-piscine-couverture-en-rouleau-riogrande-advtex\\\/#primaryimage\",\"url\":\"https:\\\/\\\/wellisparts.siteapp.hu\\\/wp-content\\\/uploads\\\/2025\\\/02\\\/WT00276.jpg\",\"contentUrl\":\"https:\\\/\\\/wellisparts.siteapp.hu\\\/wp-content\\\/uploads\\\/2025\\\/02\\\/WT00276.jpg\",\"width\":800,\"height\":800,\"caption\":\"WELLIS Rollcover Swimspa cover blacktext\"},{\"@type\":\"BreadcrumbList\",\"@id\":\"https:\\\/\\\/wellisparts.siteapp.hu\\\/fr\\\/shop\\\/couverture-de-piscine-couverture-en-rouleau-riogrande-advtex\\\/#breadcrumb\",\"itemListElement\":[{\"@type\":\"ListItem\",\"position\":1,\"name\":\"Home\",\"item\":\"https:\\\/\\\/wellisparts.siteapp.hu\\\/fr\\\/\"},{\"@type\":\"ListItem\",\"position\":2,\"name\":\"Boutique\",\"item\":\"https:\\\/\\\/wellisparts.siteapp.hu\\\/fr\\\/shop\\\/\"},{\"@type\":\"ListItem\",\"position\":3,\"name\":\"Couverture de piscine Couverture en rouleau RioGrande BlackTex\"}]},{\"@type\":\"WebSite\",\"@id\":\"https:\\\/\\\/wellisparts.siteapp.hu\\\/fr\\\/#website\",\"url\":\"https:\\\/\\\/wellisparts.siteapp.hu\\\/fr\\\/\",\"name\":\"Wellisparts\",\"description\":\"Wellis alkatr\u00e9sz \u00e9s kieg\u00e9sz\u00edt\u0151 webshop\",\"publisher\":{\"@id\":\"https:\\\/\\\/wellisparts.siteapp.hu\\\/fr\\\/#organization\"},\"potentialAction\":[{\"@type\":\"SearchAction\",\"target\":{\"@type\":\"EntryPoint\",\"urlTemplate\":\"https:\\\/\\\/wellisparts.siteapp.hu\\\/fr\\\/?s={search_term_string}\"},\"query-input\":{\"@type\":\"PropertyValueSpecification\",\"valueRequired\":true,\"valueName\":\"search_term_string\"}}],\"inLanguage\":\"fr-FR\"},{\"@type\":\"Organization\",\"@id\":\"https:\\\/\\\/wellisparts.siteapp.hu\\\/fr\\\/#organization\",\"name\":\"Wellis\",\"url\":\"https:\\\/\\\/wellisparts.siteapp.hu\\\/fr\\\/\",\"logo\":{\"@type\":\"ImageObject\",\"inLanguage\":\"fr-FR\",\"@id\":\"https:\\\/\\\/wellisparts.siteapp.hu\\\/fr\\\/#\\\/schema\\\/logo\\\/image\\\/\",\"url\":\"https:\\\/\\\/wellisparts.siteapp.hu\\\/wp-content\\\/uploads\\\/2020\\\/04\\\/wellis-logo-gray-300x92-1.png\",\"contentUrl\":\"https:\\\/\\\/wellisparts.siteapp.hu\\\/wp-content\\\/uploads\\\/2020\\\/04\\\/wellis-logo-gray-300x92-1.png\",\"width\":300,\"height\":92,\"caption\":\"Wellis\"},\"image\":{\"@id\":\"https:\\\/\\\/wellisparts.siteapp.hu\\\/fr\\\/#\\\/schema\\\/logo\\\/image\\\/\"},\"sameAs\":[\"https:\\\/\\\/www.facebook.com\\\/wellis.eu\",\"https:\\\/\\\/www.instagram.com\\\/wellis.spa\\\/\",\"https:\\\/\\\/www.linkedin.com\\\/company\\\/wellis\",\"https:\\\/\\\/www.youtube.com\\\/channel\\\/UCBfTfURbofhapZionQfC-Gg\"]}]}<\/script>\n<meta property=\"product:price:amount\" content=\"2756.00\" \/>\n<meta property=\"product:price:currency\" content=\"EUR\" \/>\n<meta property=\"og:availability\" content=\"out of stock\" \/>\n<meta property=\"product:availability\" content=\"out of stock\" \/>\n<meta property=\"product:retailer_item_id\" content=\"WT00275\" \/>\n<meta property=\"product:condition\" content=\"new\" \/>\n<!-- \/ Yoast SEO Premium plugin. -->","yoast_head_json":{"title":"Couverture de piscine Couverture en rouleau RioGrande AdvTex","robots":{"index":"noindex","follow":"follow","max-snippet":"max-snippet:-1","max-image-preview":"max-image-preview:large","max-video-preview":"max-video-preview:-1"},"og_locale":"fr_FR","og_type":"article","og_title":"Couverture de piscine Couverture en rouleau RioGrande BlackTex","og_description":"R\u00e9sistant aux UV, durable dans toutes les conditions m\u00e9t\u00e9orologiques, mat\u00e9riau AdvTex noir. La structure enroulable permet un acc\u00e8s facile \u00e0 la piscine Swim Spa. Elle peut \u00eatre s\u00e9curis\u00e9e avec une serrure \u00e0 num\u00e9ro \u00e0 plusieurs points et est disponible dans la taille exacte con\u00e7ue pour la piscine donn\u00e9e. L&#8217;image est \u00e0 titre d&#8217;illustration uniquement. Taille [&hellip;]","og_url":"https:\/\/wellisparts.siteapp.hu\/fr\/shop\/couverture-de-piscine-couverture-en-rouleau-riogrande-advtex\/","og_site_name":"Wellisparts","article_publisher":"https:\/\/www.facebook.com\/wellis.eu","article_modified_time":"2025-03-10T18:39:08+00:00","og_image":[{"width":800,"height":800,"url":"https:\/\/wellisparts.siteapp.hu\/wp-content\/uploads\/2025\/02\/WT00275.jpg","type":"image\/jpeg"}],"twitter_card":"summary_large_image","twitter_misc":{"Prix":"&euro;2.756,00+VAT","Disponibilit\u00e9":"Rupture de stock"},"schema":{"@context":"https:\/\/schema.org","@graph":[{"@type":"WebPage","@id":"https:\/\/wellisparts.siteapp.hu\/fr\/shop\/couverture-de-piscine-couverture-en-rouleau-riogrande-advtex\/","url":"https:\/\/wellisparts.siteapp.hu\/fr\/shop\/couverture-de-piscine-couverture-en-rouleau-riogrande-advtex\/","name":"Couverture de piscine Couverture en rouleau RioGrande AdvTex","isPartOf":{"@id":"https:\/\/wellisparts.siteapp.hu\/fr\/#website"},"primaryImageOfPage":{"@id":"https:\/\/wellisparts.siteapp.hu\/fr\/shop\/couverture-de-piscine-couverture-en-rouleau-riogrande-advtex\/#primaryimage"},"image":{"@id":"https:\/\/wellisparts.siteapp.hu\/fr\/shop\/couverture-de-piscine-couverture-en-rouleau-riogrande-advtex\/#primaryimage"},"thumbnailUrl":"https:\/\/wellisparts.siteapp.hu\/wp-content\/uploads\/2025\/02\/WT00276.jpg","datePublished":"2024-04-26T21:46:33+00:00","dateModified":"2025-03-10T18:39:08+00:00","breadcrumb":{"@id":"https:\/\/wellisparts.siteapp.hu\/fr\/shop\/couverture-de-piscine-couverture-en-rouleau-riogrande-advtex\/#breadcrumb"},"inLanguage":"fr-FR","potentialAction":[{"@type":"ReadAction","target":["https:\/\/wellisparts.siteapp.hu\/fr\/shop\/couverture-de-piscine-couverture-en-rouleau-riogrande-advtex\/"]}]},{"@type":"ImageObject","inLanguage":"fr-FR","@id":"https:\/\/wellisparts.siteapp.hu\/fr\/shop\/couverture-de-piscine-couverture-en-rouleau-riogrande-advtex\/#primaryimage","url":"https:\/\/wellisparts.siteapp.hu\/wp-content\/uploads\/2025\/02\/WT00276.jpg","contentUrl":"https:\/\/wellisparts.siteapp.hu\/wp-content\/uploads\/2025\/02\/WT00276.jpg","width":800,"height":800,"caption":"WELLIS Rollcover Swimspa cover blacktext"},{"@type":"BreadcrumbList","@id":"https:\/\/wellisparts.siteapp.hu\/fr\/shop\/couverture-de-piscine-couverture-en-rouleau-riogrande-advtex\/#breadcrumb","itemListElement":[{"@type":"ListItem","position":1,"name":"Home","item":"https:\/\/wellisparts.siteapp.hu\/fr\/"},{"@type":"ListItem","position":2,"name":"Boutique","item":"https:\/\/wellisparts.siteapp.hu\/fr\/shop\/"},{"@type":"ListItem","position":3,"name":"Couverture de piscine Couverture en rouleau RioGrande BlackTex"}]},{"@type":"WebSite","@id":"https:\/\/wellisparts.siteapp.hu\/fr\/#website","url":"https:\/\/wellisparts.siteapp.hu\/fr\/","name":"Wellisparts","description":"Wellis alkatr\u00e9sz \u00e9s kieg\u00e9sz\u00edt\u0151 webshop","publisher":{"@id":"https:\/\/wellisparts.siteapp.hu\/fr\/#organization"},"potentialAction":[{"@type":"SearchAction","target":{"@type":"EntryPoint","urlTemplate":"https:\/\/wellisparts.siteapp.hu\/fr\/?s={search_term_string}"},"query-input":{"@type":"PropertyValueSpecification","valueRequired":true,"valueName":"search_term_string"}}],"inLanguage":"fr-FR"},{"@type":"Organization","@id":"https:\/\/wellisparts.siteapp.hu\/fr\/#organization","name":"Wellis","url":"https:\/\/wellisparts.siteapp.hu\/fr\/","logo":{"@type":"ImageObject","inLanguage":"fr-FR","@id":"https:\/\/wellisparts.siteapp.hu\/fr\/#\/schema\/logo\/image\/","url":"https:\/\/wellisparts.siteapp.hu\/wp-content\/uploads\/2020\/04\/wellis-logo-gray-300x92-1.png","contentUrl":"https:\/\/wellisparts.siteapp.hu\/wp-content\/uploads\/2020\/04\/wellis-logo-gray-300x92-1.png","width":300,"height":92,"caption":"Wellis"},"image":{"@id":"https:\/\/wellisparts.siteapp.hu\/fr\/#\/schema\/logo\/image\/"},"sameAs":["https:\/\/www.facebook.com\/wellis.eu","https:\/\/www.instagram.com\/wellis.spa\/","https:\/\/www.linkedin.com\/company\/wellis","https:\/\/www.youtube.com\/channel\/UCBfTfURbofhapZionQfC-Gg"]}]},"product_price_amount":"2756.00","product_price_currency":"EUR","og_availability":"out of stock","product_availability":"out of stock","product_retailer_item_id":"WT00275","product_condition":"new"},"_links":{"self":[{"href":"https:\/\/wellisparts.siteapp.hu\/fr\/wp-json\/wp\/v2\/product\/54789","targetHints":{"allow":["GET"]}}],"collection":[{"href":"https:\/\/wellisparts.siteapp.hu\/fr\/wp-json\/wp\/v2\/product"}],"about":[{"href":"https:\/\/wellisparts.siteapp.hu\/fr\/wp-json\/wp\/v2\/types\/product"}],"wp:featuredmedia":[{"embeddable":true,"href":"https:\/\/wellisparts.siteapp.hu\/fr\/wp-json\/wp\/v2\/media\/63021"}],"wp:attachment":[{"href":"https:\/\/wellisparts.siteapp.hu\/fr\/wp-json\/wp\/v2\/media?parent=54789"}],"wp:term":[{"taxonomy":"product_brand","embeddable":true,"href":"https:\/\/wellisparts.siteapp.hu\/fr\/wp-json\/wp\/v2\/product_brand?post=54789"},{"taxonomy":"product_cat","embeddable":true,"href":"https:\/\/wellisparts.siteapp.hu\/fr\/wp-json\/wp\/v2\/product_cat?post=54789"},{"taxonomy":"product_tag","embeddable":true,"href":"https:\/\/wellisparts.siteapp.hu\/fr\/wp-json\/wp\/v2\/product_tag?post=54789"}],"curies":[{"name":"wp","href":"https:\/\/api.w.org\/{rel}","templated":true}]}}