{"id":65059,"date":"2025-06-02T14:15:54","date_gmt":"2025-06-02T12:15:54","guid":{"rendered":"https:\/\/wellisparts.siteapp.hu\/?post_type=product&#038;p=65059"},"modified":"2025-06-17T15:43:48","modified_gmt":"2025-06-17T13:43:48","slug":"medenceteto-blacktex-rio-grande-2019-normal-fekete-wellis-logo-eu-usa-fr","status":"publish","type":"product","link":"https:\/\/wellisparts.siteapp.hu\/fr\/shop\/medenceteto-blacktex-rio-grande-2019-normal-fekete-wellis-logo-eu-usa-fr\/","title":{"rendered":"Couverture de piscine BlackTex Rio Grande 2019 normale noire logo Wellis EU\/USA"},"content":{"rendered":"<p>couverture de piscine BlackTex Rio Grande 2019 normale noire logo Wellis UE\/USA<\/p>\n","protected":false},"excerpt":{"rendered":"<p>Couverture de piscine Amazonas 2019 marron normal, logo Wellis UE\/USA &#8211; Ancien mod\u00e8le, similicuir &#8211; Couvertures de piscine Wellis<\/p>\n","protected":false},"featured_media":65062,"template":"","meta":{"_acf_changed":false},"product_brand":[],"product_cat":[2855,2853],"product_tag":[],"class_list":{"0":"post-65059","1":"product","2":"type-product","3":"status-publish","4":"has-post-thumbnail","6":"product_cat-nouveau-materiel-blacktex","7":"product_cat-wellis-couverture","8":"pa_szarmazasi-hely-magyarorszag-fr","10":"first","11":"onbackorder","12":"taxable","13":"shipping-taxable","14":"purchasable","15":"product-type-simple"},"acf":[],"yoast_head":"<!-- This site is optimized with the Yoast SEO Premium plugin v25.6 (Yoast SEO v27.3) - https:\/\/yoast.com\/product\/yoast-seo-premium-wordpress\/ -->\n<title>Couverture de piscine BlackTex Rio Grande 2019 normale noire logo Wellis EU\/USA<\/title>\n<meta name=\"description\" content=\"B\u00e2che de piscine Blacktex noire standard avec logo Wellis. Compatible avec le mod\u00e8le Rio Grande 2019. UE\/\u00c9tats-Unis - Ancien mod\u00e8le, Blacktex - B\u00e2ches de piscine Wellis\" \/>\n<meta name=\"robots\" content=\"noindex, follow, max-snippet:-1, max-image-preview:large, max-video-preview:-1\" \/>\n<meta property=\"og:locale\" content=\"fr_FR\" \/>\n<meta property=\"og:type\" content=\"article\" \/>\n<meta property=\"og:title\" content=\"Couverture de piscine BlackTex Rio Grande 2019 normale noire logo Wellis EU\/USA\" \/>\n<meta property=\"og:description\" content=\"B\u00e2che de piscine Blacktex noire standard avec logo Wellis. Compatible avec le mod\u00e8le Rio Grande 2019. UE\/\u00c9tats-Unis - Ancien mod\u00e8le, Blacktex - B\u00e2ches de piscine Wellis\" \/>\n<meta property=\"og:url\" content=\"https:\/\/wellisparts.siteapp.hu\/fr\/shop\/medenceteto-blacktex-rio-grande-2019-normal-fekete-wellis-logo-eu-usa-fr\/\" \/>\n<meta property=\"og:site_name\" content=\"Wellisparts\" \/>\n<meta property=\"article:publisher\" content=\"https:\/\/www.facebook.com\/wellis.eu\" \/>\n<meta property=\"article:modified_time\" content=\"2025-06-17T13:43:48+00:00\" \/>\n<meta property=\"og:image\" content=\"https:\/\/wellisparts.siteapp.hu\/wp-content\/uploads\/2025\/06\/Cover_BlackTex_Swimspa_02_web.jpg\" \/>\n\t<meta property=\"og:image:width\" content=\"1500\" \/>\n\t<meta property=\"og:image:height\" content=\"1500\" \/>\n\t<meta property=\"og:image:type\" content=\"image\/jpeg\" \/>\n<meta name=\"twitter:card\" content=\"summary_large_image\" \/>\n<meta name=\"twitter:label1\" content=\"Prix\" \/>\n\t<meta name=\"twitter:data1\" content=\"&euro;1.065,00+VAT\" \/>\n\t<meta name=\"twitter:label2\" content=\"Disponibilit\u00e9\" \/>\n\t<meta name=\"twitter:data2\" content=\"En r\u00e9assort\" \/>\n<script type=\"application\/ld+json\" class=\"yoast-schema-graph\">{\"@context\":\"https:\\\/\\\/schema.org\",\"@graph\":[{\"@type\":\"WebPage\",\"@id\":\"https:\\\/\\\/wellisparts.siteapp.hu\\\/fr\\\/shop\\\/medenceteto-blacktex-rio-grande-2019-normal-fekete-wellis-logo-eu-usa-fr\\\/\",\"url\":\"https:\\\/\\\/wellisparts.siteapp.hu\\\/fr\\\/shop\\\/medenceteto-blacktex-rio-grande-2019-normal-fekete-wellis-logo-eu-usa-fr\\\/\",\"name\":\"Couverture de piscine BlackTex Rio Grande 2019 normale noire logo Wellis EU\\\/USA\",\"isPartOf\":{\"@id\":\"https:\\\/\\\/wellisparts.siteapp.hu\\\/fr\\\/#website\"},\"primaryImageOfPage\":{\"@id\":\"https:\\\/\\\/wellisparts.siteapp.hu\\\/fr\\\/shop\\\/medenceteto-blacktex-rio-grande-2019-normal-fekete-wellis-logo-eu-usa-fr\\\/#primaryimage\"},\"image\":{\"@id\":\"https:\\\/\\\/wellisparts.siteapp.hu\\\/fr\\\/shop\\\/medenceteto-blacktex-rio-grande-2019-normal-fekete-wellis-logo-eu-usa-fr\\\/#primaryimage\"},\"thumbnailUrl\":\"https:\\\/\\\/wellisparts.siteapp.hu\\\/wp-content\\\/uploads\\\/2025\\\/06\\\/Cover_BlackTex_Swimspa_02_web.jpg\",\"datePublished\":\"2025-06-02T12:15:54+00:00\",\"dateModified\":\"2025-06-17T13:43:48+00:00\",\"description\":\"B\u00e2che de piscine Blacktex noire standard avec logo Wellis. Compatible avec le mod\u00e8le Rio Grande 2019. UE\\\/\u00c9tats-Unis - Ancien mod\u00e8le, Blacktex - B\u00e2ches de piscine Wellis\",\"breadcrumb\":{\"@id\":\"https:\\\/\\\/wellisparts.siteapp.hu\\\/fr\\\/shop\\\/medenceteto-blacktex-rio-grande-2019-normal-fekete-wellis-logo-eu-usa-fr\\\/#breadcrumb\"},\"inLanguage\":\"fr-FR\",\"potentialAction\":[{\"@type\":\"ReadAction\",\"target\":[\"https:\\\/\\\/wellisparts.siteapp.hu\\\/fr\\\/shop\\\/medenceteto-blacktex-rio-grande-2019-normal-fekete-wellis-logo-eu-usa-fr\\\/\"]}]},{\"@type\":\"ImageObject\",\"inLanguage\":\"fr-FR\",\"@id\":\"https:\\\/\\\/wellisparts.siteapp.hu\\\/fr\\\/shop\\\/medenceteto-blacktex-rio-grande-2019-normal-fekete-wellis-logo-eu-usa-fr\\\/#primaryimage\",\"url\":\"https:\\\/\\\/wellisparts.siteapp.hu\\\/wp-content\\\/uploads\\\/2025\\\/06\\\/Cover_BlackTex_Swimspa_02_web.jpg\",\"contentUrl\":\"https:\\\/\\\/wellisparts.siteapp.hu\\\/wp-content\\\/uploads\\\/2025\\\/06\\\/Cover_BlackTex_Swimspa_02_web.jpg\",\"width\":1500,\"height\":1500,\"caption\":\"Medencetet\u0151 BlackTex 2019 norm\u00e1l fekete Wellis EU\\\/USA\"},{\"@type\":\"BreadcrumbList\",\"@id\":\"https:\\\/\\\/wellisparts.siteapp.hu\\\/fr\\\/shop\\\/medenceteto-blacktex-rio-grande-2019-normal-fekete-wellis-logo-eu-usa-fr\\\/#breadcrumb\",\"itemListElement\":[{\"@type\":\"ListItem\",\"position\":1,\"name\":\"Home\",\"item\":\"https:\\\/\\\/wellisparts.siteapp.hu\\\/fr\\\/\"},{\"@type\":\"ListItem\",\"position\":2,\"name\":\"Boutique\",\"item\":\"https:\\\/\\\/wellisparts.siteapp.hu\\\/fr\\\/shop\\\/\"},{\"@type\":\"ListItem\",\"position\":3,\"name\":\"Couverture de piscine BlackTex Rio Grande 2019 normale noire logo Wellis EU\\\/USA\"}]},{\"@type\":\"WebSite\",\"@id\":\"https:\\\/\\\/wellisparts.siteapp.hu\\\/fr\\\/#website\",\"url\":\"https:\\\/\\\/wellisparts.siteapp.hu\\\/fr\\\/\",\"name\":\"Wellisparts\",\"description\":\"Wellis alkatr\u00e9sz \u00e9s kieg\u00e9sz\u00edt\u0151 webshop\",\"publisher\":{\"@id\":\"https:\\\/\\\/wellisparts.siteapp.hu\\\/fr\\\/#organization\"},\"potentialAction\":[{\"@type\":\"SearchAction\",\"target\":{\"@type\":\"EntryPoint\",\"urlTemplate\":\"https:\\\/\\\/wellisparts.siteapp.hu\\\/fr\\\/?s={search_term_string}\"},\"query-input\":{\"@type\":\"PropertyValueSpecification\",\"valueRequired\":true,\"valueName\":\"search_term_string\"}}],\"inLanguage\":\"fr-FR\"},{\"@type\":\"Organization\",\"@id\":\"https:\\\/\\\/wellisparts.siteapp.hu\\\/fr\\\/#organization\",\"name\":\"Wellis\",\"url\":\"https:\\\/\\\/wellisparts.siteapp.hu\\\/fr\\\/\",\"logo\":{\"@type\":\"ImageObject\",\"inLanguage\":\"fr-FR\",\"@id\":\"https:\\\/\\\/wellisparts.siteapp.hu\\\/fr\\\/#\\\/schema\\\/logo\\\/image\\\/\",\"url\":\"https:\\\/\\\/wellisparts.siteapp.hu\\\/wp-content\\\/uploads\\\/2020\\\/04\\\/wellis-logo-gray-300x92-1.png\",\"contentUrl\":\"https:\\\/\\\/wellisparts.siteapp.hu\\\/wp-content\\\/uploads\\\/2020\\\/04\\\/wellis-logo-gray-300x92-1.png\",\"width\":300,\"height\":92,\"caption\":\"Wellis\"},\"image\":{\"@id\":\"https:\\\/\\\/wellisparts.siteapp.hu\\\/fr\\\/#\\\/schema\\\/logo\\\/image\\\/\"},\"sameAs\":[\"https:\\\/\\\/www.facebook.com\\\/wellis.eu\",\"https:\\\/\\\/www.instagram.com\\\/wellis.spa\\\/\",\"https:\\\/\\\/www.linkedin.com\\\/company\\\/wellis\",\"https:\\\/\\\/www.youtube.com\\\/channel\\\/UCBfTfURbofhapZionQfC-Gg\"]}]}<\/script>\n<meta property=\"product:price:amount\" content=\"1065.00\" \/>\n<meta property=\"product:price:currency\" content=\"EUR\" \/>\n<meta property=\"og:availability\" content=\"backorder\" \/>\n<meta property=\"product:availability\" content=\"available for order\" \/>\n<meta property=\"product:retailer_item_id\" content=\"WT00281\" \/>\n<meta property=\"product:condition\" content=\"new\" \/>\n<!-- \/ Yoast SEO Premium plugin. -->","yoast_head_json":{"title":"Couverture de piscine BlackTex Rio Grande 2019 normale noire logo Wellis EU\/USA","description":"B\u00e2che de piscine Blacktex noire standard avec logo Wellis. Compatible avec le mod\u00e8le Rio Grande 2019. UE\/\u00c9tats-Unis - Ancien mod\u00e8le, Blacktex - B\u00e2ches de piscine Wellis","robots":{"index":"noindex","follow":"follow","max-snippet":"max-snippet:-1","max-image-preview":"max-image-preview:large","max-video-preview":"max-video-preview:-1"},"og_locale":"fr_FR","og_type":"article","og_title":"Couverture de piscine BlackTex Rio Grande 2019 normale noire logo Wellis EU\/USA","og_description":"B\u00e2che de piscine Blacktex noire standard avec logo Wellis. Compatible avec le mod\u00e8le Rio Grande 2019. UE\/\u00c9tats-Unis - Ancien mod\u00e8le, Blacktex - B\u00e2ches de piscine Wellis","og_url":"https:\/\/wellisparts.siteapp.hu\/fr\/shop\/medenceteto-blacktex-rio-grande-2019-normal-fekete-wellis-logo-eu-usa-fr\/","og_site_name":"Wellisparts","article_publisher":"https:\/\/www.facebook.com\/wellis.eu","article_modified_time":"2025-06-17T13:43:48+00:00","og_image":[{"width":1500,"height":1500,"url":"https:\/\/wellisparts.siteapp.hu\/wp-content\/uploads\/2025\/06\/Cover_BlackTex_Swimspa_02_web.jpg","type":"image\/jpeg"}],"twitter_card":"summary_large_image","twitter_misc":{"Prix":"&euro;1.065,00+VAT","Disponibilit\u00e9":"En r\u00e9assort"},"schema":{"@context":"https:\/\/schema.org","@graph":[{"@type":"WebPage","@id":"https:\/\/wellisparts.siteapp.hu\/fr\/shop\/medenceteto-blacktex-rio-grande-2019-normal-fekete-wellis-logo-eu-usa-fr\/","url":"https:\/\/wellisparts.siteapp.hu\/fr\/shop\/medenceteto-blacktex-rio-grande-2019-normal-fekete-wellis-logo-eu-usa-fr\/","name":"Couverture de piscine BlackTex Rio Grande 2019 normale noire logo Wellis EU\/USA","isPartOf":{"@id":"https:\/\/wellisparts.siteapp.hu\/fr\/#website"},"primaryImageOfPage":{"@id":"https:\/\/wellisparts.siteapp.hu\/fr\/shop\/medenceteto-blacktex-rio-grande-2019-normal-fekete-wellis-logo-eu-usa-fr\/#primaryimage"},"image":{"@id":"https:\/\/wellisparts.siteapp.hu\/fr\/shop\/medenceteto-blacktex-rio-grande-2019-normal-fekete-wellis-logo-eu-usa-fr\/#primaryimage"},"thumbnailUrl":"https:\/\/wellisparts.siteapp.hu\/wp-content\/uploads\/2025\/06\/Cover_BlackTex_Swimspa_02_web.jpg","datePublished":"2025-06-02T12:15:54+00:00","dateModified":"2025-06-17T13:43:48+00:00","description":"B\u00e2che de piscine Blacktex noire standard avec logo Wellis. Compatible avec le mod\u00e8le Rio Grande 2019. UE\/\u00c9tats-Unis - Ancien mod\u00e8le, Blacktex - B\u00e2ches de piscine Wellis","breadcrumb":{"@id":"https:\/\/wellisparts.siteapp.hu\/fr\/shop\/medenceteto-blacktex-rio-grande-2019-normal-fekete-wellis-logo-eu-usa-fr\/#breadcrumb"},"inLanguage":"fr-FR","potentialAction":[{"@type":"ReadAction","target":["https:\/\/wellisparts.siteapp.hu\/fr\/shop\/medenceteto-blacktex-rio-grande-2019-normal-fekete-wellis-logo-eu-usa-fr\/"]}]},{"@type":"ImageObject","inLanguage":"fr-FR","@id":"https:\/\/wellisparts.siteapp.hu\/fr\/shop\/medenceteto-blacktex-rio-grande-2019-normal-fekete-wellis-logo-eu-usa-fr\/#primaryimage","url":"https:\/\/wellisparts.siteapp.hu\/wp-content\/uploads\/2025\/06\/Cover_BlackTex_Swimspa_02_web.jpg","contentUrl":"https:\/\/wellisparts.siteapp.hu\/wp-content\/uploads\/2025\/06\/Cover_BlackTex_Swimspa_02_web.jpg","width":1500,"height":1500,"caption":"Medencetet\u0151 BlackTex 2019 norm\u00e1l fekete Wellis EU\/USA"},{"@type":"BreadcrumbList","@id":"https:\/\/wellisparts.siteapp.hu\/fr\/shop\/medenceteto-blacktex-rio-grande-2019-normal-fekete-wellis-logo-eu-usa-fr\/#breadcrumb","itemListElement":[{"@type":"ListItem","position":1,"name":"Home","item":"https:\/\/wellisparts.siteapp.hu\/fr\/"},{"@type":"ListItem","position":2,"name":"Boutique","item":"https:\/\/wellisparts.siteapp.hu\/fr\/shop\/"},{"@type":"ListItem","position":3,"name":"Couverture de piscine BlackTex Rio Grande 2019 normale noire logo Wellis EU\/USA"}]},{"@type":"WebSite","@id":"https:\/\/wellisparts.siteapp.hu\/fr\/#website","url":"https:\/\/wellisparts.siteapp.hu\/fr\/","name":"Wellisparts","description":"Wellis alkatr\u00e9sz \u00e9s kieg\u00e9sz\u00edt\u0151 webshop","publisher":{"@id":"https:\/\/wellisparts.siteapp.hu\/fr\/#organization"},"potentialAction":[{"@type":"SearchAction","target":{"@type":"EntryPoint","urlTemplate":"https:\/\/wellisparts.siteapp.hu\/fr\/?s={search_term_string}"},"query-input":{"@type":"PropertyValueSpecification","valueRequired":true,"valueName":"search_term_string"}}],"inLanguage":"fr-FR"},{"@type":"Organization","@id":"https:\/\/wellisparts.siteapp.hu\/fr\/#organization","name":"Wellis","url":"https:\/\/wellisparts.siteapp.hu\/fr\/","logo":{"@type":"ImageObject","inLanguage":"fr-FR","@id":"https:\/\/wellisparts.siteapp.hu\/fr\/#\/schema\/logo\/image\/","url":"https:\/\/wellisparts.siteapp.hu\/wp-content\/uploads\/2020\/04\/wellis-logo-gray-300x92-1.png","contentUrl":"https:\/\/wellisparts.siteapp.hu\/wp-content\/uploads\/2020\/04\/wellis-logo-gray-300x92-1.png","width":300,"height":92,"caption":"Wellis"},"image":{"@id":"https:\/\/wellisparts.siteapp.hu\/fr\/#\/schema\/logo\/image\/"},"sameAs":["https:\/\/www.facebook.com\/wellis.eu","https:\/\/www.instagram.com\/wellis.spa\/","https:\/\/www.linkedin.com\/company\/wellis","https:\/\/www.youtube.com\/channel\/UCBfTfURbofhapZionQfC-Gg"]}]},"product_price_amount":"1065.00","product_price_currency":"EUR","og_availability":"backorder","product_availability":"available for order","product_retailer_item_id":"WT00281","product_condition":"new"},"_links":{"self":[{"href":"https:\/\/wellisparts.siteapp.hu\/fr\/wp-json\/wp\/v2\/product\/65059","targetHints":{"allow":["GET"]}}],"collection":[{"href":"https:\/\/wellisparts.siteapp.hu\/fr\/wp-json\/wp\/v2\/product"}],"about":[{"href":"https:\/\/wellisparts.siteapp.hu\/fr\/wp-json\/wp\/v2\/types\/product"}],"wp:featuredmedia":[{"embeddable":true,"href":"https:\/\/wellisparts.siteapp.hu\/fr\/wp-json\/wp\/v2\/media\/65062"}],"wp:attachment":[{"href":"https:\/\/wellisparts.siteapp.hu\/fr\/wp-json\/wp\/v2\/media?parent=65059"}],"wp:term":[{"taxonomy":"product_brand","embeddable":true,"href":"https:\/\/wellisparts.siteapp.hu\/fr\/wp-json\/wp\/v2\/product_brand?post=65059"},{"taxonomy":"product_cat","embeddable":true,"href":"https:\/\/wellisparts.siteapp.hu\/fr\/wp-json\/wp\/v2\/product_cat?post=65059"},{"taxonomy":"product_tag","embeddable":true,"href":"https:\/\/wellisparts.siteapp.hu\/fr\/wp-json\/wp\/v2\/product_tag?post=65059"}],"curies":[{"name":"wp","href":"https:\/\/api.w.org\/{rel}","templated":true}]}}