{"id":67801,"date":"2025-10-20T13:21:42","date_gmt":"2025-10-20T11:21:42","guid":{"rendered":"https:\/\/wellisparts.siteapp.hu\/?post_type=product&#038;p=67801"},"modified":"2025-10-20T13:40:29","modified_gmt":"2025-10-20T11:40:29","slug":"wifi-recepteur-in-touch-3-plus-gecko-euuk","status":"publish","type":"product","link":"https:\/\/wellisparts.siteapp.hu\/fr\/shop\/wifi-recepteur-in-touch-3-plus-gecko-euuk\/","title":{"rendered":"Wifi r\u00e9cepteur in.touch 3 Plus  Gecko EU&#038;UK"},"content":{"rendered":"<div class=\"wpb-content-wrapper\"><p>[vc_row][vc_column][\/vc_column][\/vc_row]<\/p>\n<\/div>","protected":false},"excerpt":{"rendered":"<p data-start=\"1869\" data-end=\"2132\"><strong data-start=\"1869\" data-end=\"1891\">Le in.touch 3 Plus<\/strong> est un module intelligent de connectivit\u00e9 et de surveillance de l\u2019eau pour spas, vous permettant de contr\u00f4ler votre exp\u00e9rience bien-\u00eatre depuis votre smartphone et de suivre en continu la qualit\u00e9 de l\u2019eau \u2014 o\u00f9 que vous soyez, \u00e0 tout moment.<\/p>\n<ul data-start=\"2134\" data-end=\"2685\">\n<li data-start=\"2134\" data-end=\"2267\">\n<p data-start=\"2136\" data-end=\"2267\"><strong data-start=\"2136\" data-end=\"2168\">Commande mobile \u00e0 distance :<\/strong> Contr\u00f4lez votre spa depuis votre smartphone \u2013 ajustez la temp\u00e9rature sans avoir \u00e0 vous d\u00e9placer.<\/p>\n<\/li>\n<li data-start=\"2268\" data-end=\"2396\">\n<p data-start=\"2270\" data-end=\"2396\"><strong data-start=\"2270\" data-end=\"2306\">Surveillance int\u00e9gr\u00e9e de l\u2019eau :<\/strong> Offre un contr\u00f4le continu 24h\/24 et 7j\/7 de la qualit\u00e9 de l\u2019eau (pH, ORP, temp\u00e9rature).<\/p>\n<\/li>\n<li data-start=\"2397\" data-end=\"2521\">\n<p data-start=\"2399\" data-end=\"2521\"><strong data-start=\"2399\" data-end=\"2426\">Am\u00e9lioration continue :<\/strong> Des mises \u00e0 jour r\u00e9guli\u00e8res assurent que votre spa reste \u00e0 jour et toujours plus performant.<\/p>\n<\/li>\n<li data-start=\"2522\" data-end=\"2685\">\n<p data-start=\"2524\" data-end=\"2685\"><strong data-start=\"2524\" data-end=\"2546\">Connexion fiable :<\/strong> La communication radio (RF) \u00e9prouv\u00e9e entre les deux modules garantit un signal fort, stable et \u00e0 longue port\u00e9e entre le spa et le routeur.<\/p>\n<\/li>\n<\/ul>\n","protected":false},"featured_media":67804,"template":"","meta":{"_acf_changed":false},"product_brand":[],"product_cat":[1289,1259],"product_tag":[],"class_list":{"0":"post-67801","1":"product","2":"type-product","3":"status-publish","4":"has-post-thumbnail","6":"product_cat-gecko-fr","7":"product_cat-pieces-detachees-pour-spas","9":"first","10":"outofstock","11":"taxable","12":"shipping-taxable","13":"purchasable","14":"product-type-simple"},"acf":[],"yoast_head":"<!-- This site is optimized with the Yoast SEO Premium plugin v25.6 (Yoast SEO v27.3) - https:\/\/yoast.com\/product\/yoast-seo-premium-wordpress\/ -->\n<title>Wifi r\u00e9cepteur in.touch 3 Plus Gecko EU&amp;UK | Wellisparts<\/title>\n<meta name=\"description\" content=\"Wifi r\u00e9cepteur in.touch 3 Plus Gecko EU&amp;UK - Pi\u00e9ces d\u00e9tach\u00e9es pour SPA - Gecko\" \/>\n<meta name=\"robots\" content=\"noindex, follow, max-snippet:-1, max-image-preview:large, max-video-preview:-1\" \/>\n<meta property=\"og:locale\" content=\"fr_FR\" \/>\n<meta property=\"og:type\" content=\"article\" \/>\n<meta property=\"og:title\" content=\"Wifi r\u00e9cepteur in.touch 3 Plus Gecko EU&amp;UK\" \/>\n<meta property=\"og:description\" content=\"Wifi r\u00e9cepteur in.touch 3 Plus Gecko EU&amp;UK - Pi\u00e9ces d\u00e9tach\u00e9es pour SPA - Gecko\" \/>\n<meta property=\"og:url\" content=\"https:\/\/wellisparts.siteapp.hu\/fr\/shop\/wifi-recepteur-in-touch-3-plus-gecko-euuk\/\" \/>\n<meta property=\"og:site_name\" content=\"Wellisparts\" \/>\n<meta property=\"article:publisher\" content=\"https:\/\/www.facebook.com\/wellis.eu\" \/>\n<meta property=\"article:modified_time\" content=\"2025-10-20T11:40:29+00:00\" \/>\n<meta property=\"og:image\" content=\"https:\/\/wellisparts.siteapp.hu\/wp-content\/uploads\/2025\/10\/Gecko-in-touch-3_plus-Wi-Fi-modul.jpg\" \/>\n\t<meta property=\"og:image:width\" content=\"1200\" \/>\n\t<meta property=\"og:image:height\" content=\"1200\" \/>\n\t<meta property=\"og:image:type\" content=\"image\/jpeg\" \/>\n<meta name=\"twitter:card\" content=\"summary_large_image\" \/>\n<meta name=\"twitter:label1\" content=\"Prix\" \/>\n\t<meta name=\"twitter:data1\" content=\"&euro;461,82+VAT\" \/>\n\t<meta name=\"twitter:label2\" content=\"Disponibilit\u00e9\" \/>\n\t<meta name=\"twitter:data2\" content=\"Rupture de stock\" \/>\n<script type=\"application\/ld+json\" class=\"yoast-schema-graph\">{\"@context\":\"https:\\\/\\\/schema.org\",\"@graph\":[{\"@type\":\"WebPage\",\"@id\":\"https:\\\/\\\/wellisparts.siteapp.hu\\\/fr\\\/shop\\\/wifi-recepteur-in-touch-3-plus-gecko-euuk\\\/\",\"url\":\"https:\\\/\\\/wellisparts.siteapp.hu\\\/fr\\\/shop\\\/wifi-recepteur-in-touch-3-plus-gecko-euuk\\\/\",\"name\":\"Wifi r\u00e9cepteur in.touch 3 Plus Gecko EU&UK | Wellisparts\",\"isPartOf\":{\"@id\":\"https:\\\/\\\/wellisparts.siteapp.hu\\\/fr\\\/#website\"},\"primaryImageOfPage\":{\"@id\":\"https:\\\/\\\/wellisparts.siteapp.hu\\\/fr\\\/shop\\\/wifi-recepteur-in-touch-3-plus-gecko-euuk\\\/#primaryimage\"},\"image\":{\"@id\":\"https:\\\/\\\/wellisparts.siteapp.hu\\\/fr\\\/shop\\\/wifi-recepteur-in-touch-3-plus-gecko-euuk\\\/#primaryimage\"},\"thumbnailUrl\":\"https:\\\/\\\/wellisparts.siteapp.hu\\\/wp-content\\\/uploads\\\/2025\\\/10\\\/Gecko-in-touch-3_plus-Wi-Fi-modul.jpg\",\"datePublished\":\"2025-10-20T11:21:42+00:00\",\"dateModified\":\"2025-10-20T11:40:29+00:00\",\"description\":\"Wifi r\u00e9cepteur in.touch 3 Plus Gecko EU&UK - Pi\u00e9ces d\u00e9tach\u00e9es pour SPA - Gecko\",\"breadcrumb\":{\"@id\":\"https:\\\/\\\/wellisparts.siteapp.hu\\\/fr\\\/shop\\\/wifi-recepteur-in-touch-3-plus-gecko-euuk\\\/#breadcrumb\"},\"inLanguage\":\"fr-FR\",\"potentialAction\":[{\"@type\":\"ReadAction\",\"target\":[\"https:\\\/\\\/wellisparts.siteapp.hu\\\/fr\\\/shop\\\/wifi-recepteur-in-touch-3-plus-gecko-euuk\\\/\"]}]},{\"@type\":\"ImageObject\",\"inLanguage\":\"fr-FR\",\"@id\":\"https:\\\/\\\/wellisparts.siteapp.hu\\\/fr\\\/shop\\\/wifi-recepteur-in-touch-3-plus-gecko-euuk\\\/#primaryimage\",\"url\":\"https:\\\/\\\/wellisparts.siteapp.hu\\\/wp-content\\\/uploads\\\/2025\\\/10\\\/Gecko-in-touch-3_plus-Wi-Fi-modul.jpg\",\"contentUrl\":\"https:\\\/\\\/wellisparts.siteapp.hu\\\/wp-content\\\/uploads\\\/2025\\\/10\\\/Gecko-in-touch-3_plus-Wi-Fi-modul.jpg\",\"width\":1200,\"height\":1200,\"caption\":\"Gecko in touch 3 plus Wi-Fi modul\"},{\"@type\":\"BreadcrumbList\",\"@id\":\"https:\\\/\\\/wellisparts.siteapp.hu\\\/fr\\\/shop\\\/wifi-recepteur-in-touch-3-plus-gecko-euuk\\\/#breadcrumb\",\"itemListElement\":[{\"@type\":\"ListItem\",\"position\":1,\"name\":\"Home\",\"item\":\"https:\\\/\\\/wellisparts.siteapp.hu\\\/fr\\\/\"},{\"@type\":\"ListItem\",\"position\":2,\"name\":\"Boutique\",\"item\":\"https:\\\/\\\/wellisparts.siteapp.hu\\\/fr\\\/shop\\\/\"},{\"@type\":\"ListItem\",\"position\":3,\"name\":\"Wifi r\u00e9cepteur in.touch 3 Plus Gecko EU&#038;UK\"}]},{\"@type\":\"WebSite\",\"@id\":\"https:\\\/\\\/wellisparts.siteapp.hu\\\/fr\\\/#website\",\"url\":\"https:\\\/\\\/wellisparts.siteapp.hu\\\/fr\\\/\",\"name\":\"Wellisparts\",\"description\":\"Wellis alkatr\u00e9sz \u00e9s kieg\u00e9sz\u00edt\u0151 webshop\",\"publisher\":{\"@id\":\"https:\\\/\\\/wellisparts.siteapp.hu\\\/fr\\\/#organization\"},\"potentialAction\":[{\"@type\":\"SearchAction\",\"target\":{\"@type\":\"EntryPoint\",\"urlTemplate\":\"https:\\\/\\\/wellisparts.siteapp.hu\\\/fr\\\/?s={search_term_string}\"},\"query-input\":{\"@type\":\"PropertyValueSpecification\",\"valueRequired\":true,\"valueName\":\"search_term_string\"}}],\"inLanguage\":\"fr-FR\"},{\"@type\":\"Organization\",\"@id\":\"https:\\\/\\\/wellisparts.siteapp.hu\\\/fr\\\/#organization\",\"name\":\"Wellis\",\"url\":\"https:\\\/\\\/wellisparts.siteapp.hu\\\/fr\\\/\",\"logo\":{\"@type\":\"ImageObject\",\"inLanguage\":\"fr-FR\",\"@id\":\"https:\\\/\\\/wellisparts.siteapp.hu\\\/fr\\\/#\\\/schema\\\/logo\\\/image\\\/\",\"url\":\"https:\\\/\\\/wellisparts.siteapp.hu\\\/wp-content\\\/uploads\\\/2020\\\/04\\\/wellis-logo-gray-300x92-1.png\",\"contentUrl\":\"https:\\\/\\\/wellisparts.siteapp.hu\\\/wp-content\\\/uploads\\\/2020\\\/04\\\/wellis-logo-gray-300x92-1.png\",\"width\":300,\"height\":92,\"caption\":\"Wellis\"},\"image\":{\"@id\":\"https:\\\/\\\/wellisparts.siteapp.hu\\\/fr\\\/#\\\/schema\\\/logo\\\/image\\\/\"},\"sameAs\":[\"https:\\\/\\\/www.facebook.com\\\/wellis.eu\",\"https:\\\/\\\/www.instagram.com\\\/wellis.spa\\\/\",\"https:\\\/\\\/www.linkedin.com\\\/company\\\/wellis\",\"https:\\\/\\\/www.youtube.com\\\/channel\\\/UCBfTfURbofhapZionQfC-Gg\"]}]}<\/script>\n<meta property=\"product:price:amount\" content=\"461.82\" \/>\n<meta property=\"product:price:currency\" content=\"EUR\" \/>\n<meta property=\"og:availability\" content=\"out of stock\" \/>\n<meta property=\"product:availability\" content=\"out of stock\" \/>\n<meta property=\"product:retailer_item_id\" content=\"ACM1352\" \/>\n<meta property=\"product:condition\" content=\"new\" \/>\n<!-- \/ Yoast SEO Premium plugin. -->","yoast_head_json":{"title":"Wifi r\u00e9cepteur in.touch 3 Plus Gecko EU&UK | Wellisparts","description":"Wifi r\u00e9cepteur in.touch 3 Plus Gecko EU&UK - Pi\u00e9ces d\u00e9tach\u00e9es pour SPA - Gecko","robots":{"index":"noindex","follow":"follow","max-snippet":"max-snippet:-1","max-image-preview":"max-image-preview:large","max-video-preview":"max-video-preview:-1"},"og_locale":"fr_FR","og_type":"article","og_title":"Wifi r\u00e9cepteur in.touch 3 Plus Gecko EU&UK","og_description":"Wifi r\u00e9cepteur in.touch 3 Plus Gecko EU&UK - Pi\u00e9ces d\u00e9tach\u00e9es pour SPA - Gecko","og_url":"https:\/\/wellisparts.siteapp.hu\/fr\/shop\/wifi-recepteur-in-touch-3-plus-gecko-euuk\/","og_site_name":"Wellisparts","article_publisher":"https:\/\/www.facebook.com\/wellis.eu","article_modified_time":"2025-10-20T11:40:29+00:00","og_image":[{"width":1200,"height":1200,"url":"https:\/\/wellisparts.siteapp.hu\/wp-content\/uploads\/2025\/10\/Gecko-in-touch-3_plus-Wi-Fi-modul.jpg","type":"image\/jpeg"}],"twitter_card":"summary_large_image","twitter_misc":{"Prix":"&euro;461,82+VAT","Disponibilit\u00e9":"Rupture de stock"},"schema":{"@context":"https:\/\/schema.org","@graph":[{"@type":"WebPage","@id":"https:\/\/wellisparts.siteapp.hu\/fr\/shop\/wifi-recepteur-in-touch-3-plus-gecko-euuk\/","url":"https:\/\/wellisparts.siteapp.hu\/fr\/shop\/wifi-recepteur-in-touch-3-plus-gecko-euuk\/","name":"Wifi r\u00e9cepteur in.touch 3 Plus Gecko EU&UK | Wellisparts","isPartOf":{"@id":"https:\/\/wellisparts.siteapp.hu\/fr\/#website"},"primaryImageOfPage":{"@id":"https:\/\/wellisparts.siteapp.hu\/fr\/shop\/wifi-recepteur-in-touch-3-plus-gecko-euuk\/#primaryimage"},"image":{"@id":"https:\/\/wellisparts.siteapp.hu\/fr\/shop\/wifi-recepteur-in-touch-3-plus-gecko-euuk\/#primaryimage"},"thumbnailUrl":"https:\/\/wellisparts.siteapp.hu\/wp-content\/uploads\/2025\/10\/Gecko-in-touch-3_plus-Wi-Fi-modul.jpg","datePublished":"2025-10-20T11:21:42+00:00","dateModified":"2025-10-20T11:40:29+00:00","description":"Wifi r\u00e9cepteur in.touch 3 Plus Gecko EU&UK - Pi\u00e9ces d\u00e9tach\u00e9es pour SPA - Gecko","breadcrumb":{"@id":"https:\/\/wellisparts.siteapp.hu\/fr\/shop\/wifi-recepteur-in-touch-3-plus-gecko-euuk\/#breadcrumb"},"inLanguage":"fr-FR","potentialAction":[{"@type":"ReadAction","target":["https:\/\/wellisparts.siteapp.hu\/fr\/shop\/wifi-recepteur-in-touch-3-plus-gecko-euuk\/"]}]},{"@type":"ImageObject","inLanguage":"fr-FR","@id":"https:\/\/wellisparts.siteapp.hu\/fr\/shop\/wifi-recepteur-in-touch-3-plus-gecko-euuk\/#primaryimage","url":"https:\/\/wellisparts.siteapp.hu\/wp-content\/uploads\/2025\/10\/Gecko-in-touch-3_plus-Wi-Fi-modul.jpg","contentUrl":"https:\/\/wellisparts.siteapp.hu\/wp-content\/uploads\/2025\/10\/Gecko-in-touch-3_plus-Wi-Fi-modul.jpg","width":1200,"height":1200,"caption":"Gecko in touch 3 plus Wi-Fi modul"},{"@type":"BreadcrumbList","@id":"https:\/\/wellisparts.siteapp.hu\/fr\/shop\/wifi-recepteur-in-touch-3-plus-gecko-euuk\/#breadcrumb","itemListElement":[{"@type":"ListItem","position":1,"name":"Home","item":"https:\/\/wellisparts.siteapp.hu\/fr\/"},{"@type":"ListItem","position":2,"name":"Boutique","item":"https:\/\/wellisparts.siteapp.hu\/fr\/shop\/"},{"@type":"ListItem","position":3,"name":"Wifi r\u00e9cepteur in.touch 3 Plus Gecko EU&#038;UK"}]},{"@type":"WebSite","@id":"https:\/\/wellisparts.siteapp.hu\/fr\/#website","url":"https:\/\/wellisparts.siteapp.hu\/fr\/","name":"Wellisparts","description":"Wellis alkatr\u00e9sz \u00e9s kieg\u00e9sz\u00edt\u0151 webshop","publisher":{"@id":"https:\/\/wellisparts.siteapp.hu\/fr\/#organization"},"potentialAction":[{"@type":"SearchAction","target":{"@type":"EntryPoint","urlTemplate":"https:\/\/wellisparts.siteapp.hu\/fr\/?s={search_term_string}"},"query-input":{"@type":"PropertyValueSpecification","valueRequired":true,"valueName":"search_term_string"}}],"inLanguage":"fr-FR"},{"@type":"Organization","@id":"https:\/\/wellisparts.siteapp.hu\/fr\/#organization","name":"Wellis","url":"https:\/\/wellisparts.siteapp.hu\/fr\/","logo":{"@type":"ImageObject","inLanguage":"fr-FR","@id":"https:\/\/wellisparts.siteapp.hu\/fr\/#\/schema\/logo\/image\/","url":"https:\/\/wellisparts.siteapp.hu\/wp-content\/uploads\/2020\/04\/wellis-logo-gray-300x92-1.png","contentUrl":"https:\/\/wellisparts.siteapp.hu\/wp-content\/uploads\/2020\/04\/wellis-logo-gray-300x92-1.png","width":300,"height":92,"caption":"Wellis"},"image":{"@id":"https:\/\/wellisparts.siteapp.hu\/fr\/#\/schema\/logo\/image\/"},"sameAs":["https:\/\/www.facebook.com\/wellis.eu","https:\/\/www.instagram.com\/wellis.spa\/","https:\/\/www.linkedin.com\/company\/wellis","https:\/\/www.youtube.com\/channel\/UCBfTfURbofhapZionQfC-Gg"]}]},"product_price_amount":"461.82","product_price_currency":"EUR","og_availability":"out of stock","product_availability":"out of stock","product_retailer_item_id":"ACM1352","product_condition":"new"},"_links":{"self":[{"href":"https:\/\/wellisparts.siteapp.hu\/fr\/wp-json\/wp\/v2\/product\/67801","targetHints":{"allow":["GET"]}}],"collection":[{"href":"https:\/\/wellisparts.siteapp.hu\/fr\/wp-json\/wp\/v2\/product"}],"about":[{"href":"https:\/\/wellisparts.siteapp.hu\/fr\/wp-json\/wp\/v2\/types\/product"}],"wp:featuredmedia":[{"embeddable":true,"href":"https:\/\/wellisparts.siteapp.hu\/fr\/wp-json\/wp\/v2\/media\/67804"}],"wp:attachment":[{"href":"https:\/\/wellisparts.siteapp.hu\/fr\/wp-json\/wp\/v2\/media?parent=67801"}],"wp:term":[{"taxonomy":"product_brand","embeddable":true,"href":"https:\/\/wellisparts.siteapp.hu\/fr\/wp-json\/wp\/v2\/product_brand?post=67801"},{"taxonomy":"product_cat","embeddable":true,"href":"https:\/\/wellisparts.siteapp.hu\/fr\/wp-json\/wp\/v2\/product_cat?post=67801"},{"taxonomy":"product_tag","embeddable":true,"href":"https:\/\/wellisparts.siteapp.hu\/fr\/wp-json\/wp\/v2\/product_tag?post=67801"}],"curies":[{"name":"wp","href":"https:\/\/api.w.org\/{rel}","templated":true}]}}