{"id":210,"date":"2016-06-20T09:22:56","date_gmt":"2016-06-20T09:22:56","guid":{"rendered":"http:\/\/sw-themes.com\/porto_dummy\/my-account\/"},"modified":"2022-02-03T15:22:08","modified_gmt":"2022-02-03T14:22:08","slug":"fiok","status":"publish","type":"page","link":"https:\/\/wellisparts.siteapp.hu\/hu\/fiok\/","title":{"rendered":"Fi\u00f3k"},"content":{"rendered":"<div class=\"wpb-content-wrapper\"><p>[vc_row css=&#8221;.vc_custom_1638818610281{padding-top: 5% !important;padding-bottom: 3% !important;}&#8221;][vc_column]<div class=\"woocommerce\"><\/div>[\/vc_column][\/vc_row]<\/p>\n<\/div>","protected":false},"excerpt":{"rendered":"<p>[vc_row css=&#8221;.vc_custom_1638818610281{padding-top: 5% !important;padding-bottom: 3% !important;}&#8221;][vc_column][\/vc_column][\/vc_row]<\/p>\n","protected":false},"author":1,"featured_media":0,"parent":0,"menu_order":12,"comment_status":"closed","ping_status":"closed","template":"","meta":{"_acf_changed":false,"footnotes":""},"class_list":["post-210","page","type-page","status-publish","hentry"],"acf":[],"yoast_head":"<!-- This site is optimized with the Yoast SEO Premium plugin v25.6 (Yoast SEO v27.3) - https:\/\/yoast.com\/product\/yoast-seo-premium-wordpress\/ -->\n<title>Fi\u00f3k | Wellisparts<\/title>\n<meta name=\"robots\" content=\"noindex, follow\" \/>\n<meta property=\"og:locale\" content=\"hu_HU\" \/>\n<meta property=\"og:type\" content=\"article\" \/>\n<meta property=\"og:title\" content=\"Fi\u00f3k\" \/>\n<meta property=\"og:description\" content=\"[vc_row css=&#8221;.vc_custom_1638818610281{padding-top: 5% !important;padding-bottom: 3% !important;}&#8221;][vc_column][\/vc_column][\/vc_row]\" \/>\n<meta property=\"og:url\" content=\"https:\/\/wellisparts.siteapp.hu\/hu\/fiok\/\" \/>\n<meta property=\"og:site_name\" content=\"Wellisparts\" \/>\n<meta property=\"article:publisher\" content=\"https:\/\/www.facebook.com\/wellis.eu\" \/>\n<meta property=\"article:modified_time\" content=\"2022-02-03T14:22:08+00:00\" \/>\n<meta property=\"og:image\" content=\"https:\/\/wellisparts.siteapp.hu\/wp-content\/uploads\/2020\/04\/wellis-hot-tube.jpg\" \/>\n\t<meta property=\"og:image:width\" content=\"1080\" \/>\n\t<meta property=\"og:image:height\" content=\"1080\" \/>\n\t<meta property=\"og:image:type\" content=\"image\/jpeg\" \/>\n<meta name=\"twitter:card\" content=\"summary_large_image\" \/>\n<script type=\"application\/ld+json\" class=\"yoast-schema-graph\">{\"@context\":\"https:\\\/\\\/schema.org\",\"@graph\":[{\"@type\":\"WebPage\",\"@id\":\"https:\\\/\\\/wellisparts.siteapp.hu\\\/hu\\\/fiok\\\/\",\"url\":\"https:\\\/\\\/wellisparts.siteapp.hu\\\/hu\\\/fiok\\\/\",\"name\":\"Fi\u00f3k | Wellisparts\",\"isPartOf\":{\"@id\":\"https:\\\/\\\/wellisparts.siteapp.hu\\\/hu\\\/#website\"},\"datePublished\":\"2016-06-20T09:22:56+00:00\",\"dateModified\":\"2022-02-03T14:22:08+00:00\",\"breadcrumb\":{\"@id\":\"https:\\\/\\\/wellisparts.siteapp.hu\\\/hu\\\/fiok\\\/#breadcrumb\"},\"inLanguage\":\"hu\",\"potentialAction\":[{\"@type\":\"ReadAction\",\"target\":[\"https:\\\/\\\/wellisparts.siteapp.hu\\\/hu\\\/fiok\\\/\"]}]},{\"@type\":\"BreadcrumbList\",\"@id\":\"https:\\\/\\\/wellisparts.siteapp.hu\\\/hu\\\/fiok\\\/#breadcrumb\",\"itemListElement\":[{\"@type\":\"ListItem\",\"position\":1,\"name\":\"Home\",\"item\":\"https:\\\/\\\/wellisparts.siteapp.hu\\\/hu\\\/\"},{\"@type\":\"ListItem\",\"position\":2,\"name\":\"Fi\u00f3k\"}]},{\"@type\":\"WebSite\",\"@id\":\"https:\\\/\\\/wellisparts.siteapp.hu\\\/hu\\\/#website\",\"url\":\"https:\\\/\\\/wellisparts.siteapp.hu\\\/hu\\\/\",\"name\":\"Wellisparts\",\"description\":\"Wellis alkatr\u00e9sz \u00e9s kieg\u00e9sz\u00edt\u0151 webshop\",\"publisher\":{\"@id\":\"https:\\\/\\\/wellisparts.siteapp.hu\\\/hu\\\/#organization\"},\"potentialAction\":[{\"@type\":\"SearchAction\",\"target\":{\"@type\":\"EntryPoint\",\"urlTemplate\":\"https:\\\/\\\/wellisparts.siteapp.hu\\\/hu\\\/?s={search_term_string}\"},\"query-input\":{\"@type\":\"PropertyValueSpecification\",\"valueRequired\":true,\"valueName\":\"search_term_string\"}}],\"inLanguage\":\"hu\"},{\"@type\":\"Organization\",\"@id\":\"https:\\\/\\\/wellisparts.siteapp.hu\\\/hu\\\/#organization\",\"name\":\"Wellis\",\"url\":\"https:\\\/\\\/wellisparts.siteapp.hu\\\/hu\\\/\",\"logo\":{\"@type\":\"ImageObject\",\"inLanguage\":\"hu\",\"@id\":\"https:\\\/\\\/wellisparts.siteapp.hu\\\/hu\\\/#\\\/schema\\\/logo\\\/image\\\/\",\"url\":\"https:\\\/\\\/wellisparts.siteapp.hu\\\/wp-content\\\/uploads\\\/2020\\\/04\\\/wellis-logo-gray-300x92-1.png\",\"contentUrl\":\"https:\\\/\\\/wellisparts.siteapp.hu\\\/wp-content\\\/uploads\\\/2020\\\/04\\\/wellis-logo-gray-300x92-1.png\",\"width\":300,\"height\":92,\"caption\":\"Wellis\"},\"image\":{\"@id\":\"https:\\\/\\\/wellisparts.siteapp.hu\\\/hu\\\/#\\\/schema\\\/logo\\\/image\\\/\"},\"sameAs\":[\"https:\\\/\\\/www.facebook.com\\\/wellis.eu\",\"https:\\\/\\\/www.instagram.com\\\/wellis.spa\\\/\",\"https:\\\/\\\/www.linkedin.com\\\/company\\\/wellis\",\"https:\\\/\\\/www.youtube.com\\\/channel\\\/UCBfTfURbofhapZionQfC-Gg\"]}]}<\/script>\n<!-- \/ Yoast SEO Premium plugin. -->","yoast_head_json":{"title":"Fi\u00f3k | Wellisparts","robots":{"index":"noindex","follow":"follow"},"og_locale":"hu_HU","og_type":"article","og_title":"Fi\u00f3k","og_description":"[vc_row css=&#8221;.vc_custom_1638818610281{padding-top: 5% !important;padding-bottom: 3% !important;}&#8221;][vc_column][\/vc_column][\/vc_row]","og_url":"https:\/\/wellisparts.siteapp.hu\/hu\/fiok\/","og_site_name":"Wellisparts","article_publisher":"https:\/\/www.facebook.com\/wellis.eu","article_modified_time":"2022-02-03T14:22:08+00:00","og_image":[{"width":1080,"height":1080,"url":"https:\/\/wellisparts.siteapp.hu\/wp-content\/uploads\/2020\/04\/wellis-hot-tube.jpg","type":"image\/jpeg"}],"twitter_card":"summary_large_image","schema":{"@context":"https:\/\/schema.org","@graph":[{"@type":"WebPage","@id":"https:\/\/wellisparts.siteapp.hu\/hu\/fiok\/","url":"https:\/\/wellisparts.siteapp.hu\/hu\/fiok\/","name":"Fi\u00f3k | Wellisparts","isPartOf":{"@id":"https:\/\/wellisparts.siteapp.hu\/hu\/#website"},"datePublished":"2016-06-20T09:22:56+00:00","dateModified":"2022-02-03T14:22:08+00:00","breadcrumb":{"@id":"https:\/\/wellisparts.siteapp.hu\/hu\/fiok\/#breadcrumb"},"inLanguage":"hu","potentialAction":[{"@type":"ReadAction","target":["https:\/\/wellisparts.siteapp.hu\/hu\/fiok\/"]}]},{"@type":"BreadcrumbList","@id":"https:\/\/wellisparts.siteapp.hu\/hu\/fiok\/#breadcrumb","itemListElement":[{"@type":"ListItem","position":1,"name":"Home","item":"https:\/\/wellisparts.siteapp.hu\/hu\/"},{"@type":"ListItem","position":2,"name":"Fi\u00f3k"}]},{"@type":"WebSite","@id":"https:\/\/wellisparts.siteapp.hu\/hu\/#website","url":"https:\/\/wellisparts.siteapp.hu\/hu\/","name":"Wellisparts","description":"Wellis alkatr\u00e9sz \u00e9s kieg\u00e9sz\u00edt\u0151 webshop","publisher":{"@id":"https:\/\/wellisparts.siteapp.hu\/hu\/#organization"},"potentialAction":[{"@type":"SearchAction","target":{"@type":"EntryPoint","urlTemplate":"https:\/\/wellisparts.siteapp.hu\/hu\/?s={search_term_string}"},"query-input":{"@type":"PropertyValueSpecification","valueRequired":true,"valueName":"search_term_string"}}],"inLanguage":"hu"},{"@type":"Organization","@id":"https:\/\/wellisparts.siteapp.hu\/hu\/#organization","name":"Wellis","url":"https:\/\/wellisparts.siteapp.hu\/hu\/","logo":{"@type":"ImageObject","inLanguage":"hu","@id":"https:\/\/wellisparts.siteapp.hu\/hu\/#\/schema\/logo\/image\/","url":"https:\/\/wellisparts.siteapp.hu\/wp-content\/uploads\/2020\/04\/wellis-logo-gray-300x92-1.png","contentUrl":"https:\/\/wellisparts.siteapp.hu\/wp-content\/uploads\/2020\/04\/wellis-logo-gray-300x92-1.png","width":300,"height":92,"caption":"Wellis"},"image":{"@id":"https:\/\/wellisparts.siteapp.hu\/hu\/#\/schema\/logo\/image\/"},"sameAs":["https:\/\/www.facebook.com\/wellis.eu","https:\/\/www.instagram.com\/wellis.spa\/","https:\/\/www.linkedin.com\/company\/wellis","https:\/\/www.youtube.com\/channel\/UCBfTfURbofhapZionQfC-Gg"]}]}},"_links":{"self":[{"href":"https:\/\/wellisparts.siteapp.hu\/hu\/wp-json\/wp\/v2\/pages\/210","targetHints":{"allow":["GET"]}}],"collection":[{"href":"https:\/\/wellisparts.siteapp.hu\/hu\/wp-json\/wp\/v2\/pages"}],"about":[{"href":"https:\/\/wellisparts.siteapp.hu\/hu\/wp-json\/wp\/v2\/types\/page"}],"author":[{"embeddable":true,"href":"https:\/\/wellisparts.siteapp.hu\/hu\/wp-json\/wp\/v2\/users\/1"}],"replies":[{"embeddable":true,"href":"https:\/\/wellisparts.siteapp.hu\/hu\/wp-json\/wp\/v2\/comments?post=210"}],"version-history":[{"count":0,"href":"https:\/\/wellisparts.siteapp.hu\/hu\/wp-json\/wp\/v2\/pages\/210\/revisions"}],"wp:attachment":[{"href":"https:\/\/wellisparts.siteapp.hu\/hu\/wp-json\/wp\/v2\/media?parent=210"}],"curies":[{"name":"wp","href":"https:\/\/api.w.org\/{rel}","templated":true}]}}