{"id":58,"date":"2016-06-13T16:11:07","date_gmt":"2016-06-13T16:11:07","guid":{"rendered":"http:\/\/sw-themes.com\/porto_dummy\/?page_id=58"},"modified":"2024-06-25T12:02:48","modified_gmt":"2024-06-25T10:02:48","slug":"rolunk","status":"publish","type":"page","link":"https:\/\/wellisparts.siteapp.hu\/hu\/rolunk\/","title":{"rendered":"R\u00f3lunk"},"content":{"rendered":"<div class=\"wpb-content-wrapper\"><p>[vc_section full_width=&#8221;stretch_row&#8221; el_class=&#8221;main-bg&#8221;][vc_row full_width=&#8221;stretch_row&#8221; animation_type=&#8221;fadeInLeftBig&#8221; el_class=&#8221;main-breadcrumb&#8221;][vc_column]<div class=\"dtwpb-woocommerce-breadcrumb \" style=\" color:#ffffff !important\"><style>.dtwpb-woocommerce-breadcrumb .woocommerce-breadcrumb > a{color: #ffffff !important;}<\/style><nav class=\"woocommerce-breadcrumb\" aria-label=\"Breadcrumb\">Kezd\u0151lap<\/nav><\/div>[\/vc_column][\/vc_row][vc_row animation_delay=&#8221;600&#8243; animation_type=&#8221;fadeInUpBig&#8221; css=&#8221;.vc_custom_1643808806488{padding-top: 3% !important;}&#8221;][vc_column css=&#8221;.vc_custom_1587676089094{padding-top: 0px !important;}&#8221;][vc_custom_heading text=&#8221;Wellis&#8221; font_container=&#8221;tag:h1|text_align:left|color:%23222529&#8243; use_theme_fonts=&#8221;yes&#8221; el_class=&#8221;main-title&#8221;][\/vc_column][\/vc_row][vc_row animation_delay=&#8221;600&#8243; animation_type=&#8221;fadeInUpBig&#8221; css=&#8221;.vc_custom_1590769808585{margin-bottom: 50px !important;}&#8221;][vc_column width=&#8221;1\/2&#8243; css=&#8221;.vc_custom_1587676093291{padding-top: 0px !important;}&#8221;][vc_column_text]A Wellis k\u00f6z\u00f6s munk\u00e1val mind\u00f6ssze n\u00e9h\u00e1ny \u00e9v leforg\u00e1sa alatt el\u00e9rte, hogy a hazai csal\u00e1di v\u00e1llalkoz\u00e1s m\u00e1ra Eur\u00f3pa vezet\u0151 massz\u00e1zsmedence gy\u00e1rt\u00f3j\u00e1v\u00e1 n\u0151tte ki mag\u00e1t. Term\u00e9szetesen ahhoz, hogy a Wellis min\u00e9l t\u00f6bb orsz\u00e1g meghat\u00e1roz\u00f3 m\u00e1rkanev\u00e9v\u00e9 v\u00e1lhasson \u00e9s ez min\u00e9l t\u00f6bb partner\u00fcnkh\u00f6z eljuthasson, rengeteg munk\u00e1ra volt sz\u00fcks\u00e9g. Egyr\u00e9szr\u0151l a gy\u00e1rt\u00e1si folyamatok folyamatos fejleszt\u00e9s\u00e9re, meg\u00faj\u00edt\u00e1s\u00e1ra, ami elengedhetetlen a konkurenci\u00e1khoz k\u00e9pesti l\u00e9p\u00e9sel\u0151ny biztos\u00edt\u00e1s\u00e1hoz.<\/p>\n<p><strong>Csal\u00e1di v\u00e1llalkoz\u00e1sb\u00f3l a vil\u00e1g legnagyobb gy\u00e1rt\u00f3i k\u00f6z\u00e9<\/strong><\/p>\n<p>A Wellis Magyarorsz\u00e1g Zrt. magyar gy\u00e1rt\u00f3k\u00e9nt piacvezet\u0151 szerepet t\u00f6lt be a hazai wellness berendez\u00e9seket gy\u00e1rt\u00f3 \u00e9s forgalmaz\u00f3 c\u00e9gek sor\u00e1ban. A folytonos kapacit\u00e1sbeli n\u00f6veked\u00e9snek \u00e9s fejleszt\u00e9seknek k\u00f6sz\u00f6nhet\u0151en m\u00e1ra Eur\u00f3pa legnagyobb jakuzzi gy\u00e1rt\u00f3j\u00e1v\u00e1 v\u00e1lt. A kezdeti import term\u00e9kekb\u0151l \u00e1ll\u00f3 k\u00edn\u00e1latot n\u00e9h\u00e1ny \u00e9v leforg\u00e1sa alatt a saj\u00e1t tervez\u00e9s\u0171 \u00e9s gy\u00e1rt\u00e1s\u00fa wellness berendez\u00e9sek sokas\u00e1ga v\u00e1ltotta fel.<\/p>\n<p>Minden fejl\u0151d\u0151 c\u00e9g t\u00f6rt\u00e9net\u00e9ben vannak kiemelked\u0151 m\u00e9rf\u00f6ldk\u00f6vek. A Wellisn\u00e9l a t\u00f6bb jelent\u0151s fordul\u00f3pont is bek\u00f6vetkezett az elm\u00falt \u00e9vekben: a 2015-\u00f6s \u00e9v v\u00e9g\u00e9n \u00e1tad\u00e1sra ker\u00fclt ugyanis dabasi 10 000 m<sup>2<\/sup>-es gy\u00e1rt\u00f3csarnokunk, 2020-ban pedig ism\u00e9t b\u0151v\u00edtett\u00fck a c\u00e9g\u00fcnket \u00f3zdon. A hatalmas, cs\u00facstechnol\u00f3gi\u00e1s gy\u00e1rt\u00f3eszk\u00f6z\u00f6kkel felszerelt komplexumaink meg\u00e9p\u00fcl\u00e9s\u00e9t a fokoz\u00f3d\u00f3 piaci ig\u00e9nyek \u00e9s a min\u0151s\u00e9gi gy\u00e1rt\u00e1stechnol\u00f3gi\u00e1ra val\u00f3 t\u00f6rekv\u00e9s id\u00e9zte el\u0151. Korszer\u0171 eszk\u00f6z\u00f6kkel \u00e9s nagyfok\u00fa szakmai felk\u00e9sz\u00fclts\u00e9ggel igyeksz\u00fcnk v\u00e1s\u00e1rl\u00f3ink egyedi ig\u00e9nyeinek megfelelni.<\/p>\n<p>A t\u00f6retlen n\u00f6veked\u00e9snek k\u00f6sz\u00f6nhet\u0151en m\u00e1ra sz\u00e9les alkatr\u00e9sz besz\u00e1ll\u00edt\u00f3i k\u00f6rt siker\u00fclt biztos\u00edtunk, ez\u00e1ltal is k\u00edn\u00e1lhatjuk \u00d6n\u00f6knek a kiv\u00e1l\u00f3 min\u0151s\u00e9g\u0171 kieg\u00e9sz\u00edt\u0151inket legjobb \u00e1rainkon.<\/p>\n<p>Csatlakozzon \u00d6n is vil\u00e1gpiacra t\u00f6r\u0151 Wellis gy\u00e1rt\u00f3 el\u00e9gedett v\u00e1s\u00e1rl\u00f3i k\u00f6z\u00e9![\/vc_column_text][\/vc_column][vc_column width=&#8221;1\/2&#8243; css=&#8221;.vc_custom_1587676089094{padding-top: 0px !important;}&#8221;][vc_single_image image=&#8221;38931&#8243; img_size=&#8221;650&#215;365&#8243; css=&#8221;.vc_custom_1643024565509{margin-bottom: 20px !important;}&#8221; el_class=&#8221;mb-20px&#8221;][vc_row_inner][vc_column_inner width=&#8221;1\/2&#8243; offset=&#8221;vc_col-lg-6 vc_col-md-6 vc_col-xs-6&#8243;][vc_single_image image=&#8221;4635&#8243; img_size=&#8221;full&#8221;][\/vc_column_inner][vc_column_inner width=&#8221;1\/2&#8243; offset=&#8221;vc_col-lg-6 vc_col-md-6 vc_col-xs-6&#8243;][vc_single_image image=&#8221;4634&#8243; img_size=&#8221;full&#8221;][\/vc_column_inner][\/vc_row_inner][\/vc_column][\/vc_row][\/vc_section]<\/p>\n<\/div>","protected":false},"excerpt":{"rendered":"<p>[vc_section full_width=&#8221;stretch_row&#8221; el_class=&#8221;main-bg&#8221;][vc_row full_width=&#8221;stretch_row&#8221; animation_type=&#8221;fadeInLeftBig&#8221; el_class=&#8221;main-breadcrumb&#8221;][vc_column][\/vc_column][\/vc_row][vc_row animation_delay=&#8221;600&#8243; animation_type=&#8221;fadeInUpBig&#8221; css=&#8221;.vc_custom_1643808806488{padding-top: 3% !important;}&#8221;][vc_column css=&#8221;.vc_custom_1587676089094{padding-top: 0px !important;}&#8221;][vc_custom_heading text=&#8221;Wellis&#8221; font_container=&#8221;tag:h1|text_align:left|color:%23222529&#8243; use_theme_fonts=&#8221;yes&#8221; el_class=&#8221;main-title&#8221;][\/vc_column][\/vc_row][vc_row animation_delay=&#8221;600&#8243; animation_type=&#8221;fadeInUpBig&#8221; css=&#8221;.vc_custom_1590769808585{margin-bottom: 50px !important;}&#8221;][vc_column width=&#8221;1\/2&#8243; css=&#8221;.vc_custom_1587676093291{padding-top: 0px !important;}&#8221;][vc_column_text]A Wellis k\u00f6z\u00f6s munk\u00e1val mind\u00f6ssze n\u00e9h\u00e1ny \u00e9v leforg\u00e1sa alatt el\u00e9rte, hogy a hazai csal\u00e1di v\u00e1llalkoz\u00e1s m\u00e1ra Eur\u00f3pa vezet\u0151 massz\u00e1zsmedence gy\u00e1rt\u00f3j\u00e1v\u00e1 n\u0151tte ki mag\u00e1t. Term\u00e9szetesen ahhoz, hogy a Wellis min\u00e9l [&hellip;]<\/p>\n","protected":false},"author":1,"featured_media":0,"parent":0,"menu_order":0,"comment_status":"closed","ping_status":"closed","template":"","meta":{"_acf_changed":false,"footnotes":""},"class_list":["post-58","page","type-page","status-publish","hentry"],"acf":[],"yoast_head":"<!-- This site is optimized with the Yoast SEO Premium plugin v25.6 (Yoast SEO v27.3) - https:\/\/yoast.com\/product\/yoast-seo-premium-wordpress\/ -->\n<title>R\u00f3lunk | Wellisparts<\/title>\n<meta name=\"description\" content=\"A Wellis Magyarorsz\u00e1g Zrt. magyar gy\u00e1rt\u00f3k\u00e9nt piacvezet\u0151 szerepet t\u00f6lt be a hazai wellness berendez\u00e9seket gy\u00e1rt\u00f3 \u00e9s forgalmaz\u00f3 c\u00e9gek sor\u00e1ban\" \/>\n<meta name=\"robots\" content=\"noindex, follow, max-snippet:-1, max-image-preview:large, max-video-preview:-1\" \/>\n<meta property=\"og:locale\" content=\"hu_HU\" \/>\n<meta property=\"og:type\" content=\"article\" \/>\n<meta property=\"og:title\" content=\"R\u00f3lunk\" \/>\n<meta property=\"og:description\" content=\"A Wellis Magyarorsz\u00e1g Zrt. magyar gy\u00e1rt\u00f3k\u00e9nt piacvezet\u0151 szerepet t\u00f6lt be a hazai wellness berendez\u00e9seket gy\u00e1rt\u00f3 \u00e9s forgalmaz\u00f3 c\u00e9gek sor\u00e1ban\" \/>\n<meta property=\"og:url\" content=\"https:\/\/wellisparts.siteapp.hu\/hu\/rolunk\/\" \/>\n<meta property=\"og:site_name\" content=\"Wellisparts\" \/>\n<meta property=\"article:publisher\" content=\"https:\/\/www.facebook.com\/wellis.eu\" \/>\n<meta property=\"article:modified_time\" content=\"2024-06-25T10:02:48+00:00\" \/>\n<meta property=\"og:image\" content=\"https:\/\/wellisparts.siteapp.hu\/wp-content\/uploads\/2020\/04\/wellis-hot-tube.jpg\" \/>\n\t<meta property=\"og:image:width\" content=\"1080\" \/>\n\t<meta property=\"og:image:height\" content=\"1080\" \/>\n\t<meta property=\"og:image:type\" content=\"image\/jpeg\" \/>\n<meta name=\"twitter:card\" content=\"summary_large_image\" \/>\n<meta name=\"twitter:label1\" content=\"Becs\u00fclt olvas\u00e1si id\u0151\" \/>\n\t<meta name=\"twitter:data1\" content=\"2 perc\" \/>\n<script type=\"application\/ld+json\" class=\"yoast-schema-graph\">{\"@context\":\"https:\\\/\\\/schema.org\",\"@graph\":[{\"@type\":\"WebPage\",\"@id\":\"https:\\\/\\\/wellisparts.siteapp.hu\\\/hu\\\/rolunk\\\/\",\"url\":\"https:\\\/\\\/wellisparts.siteapp.hu\\\/hu\\\/rolunk\\\/\",\"name\":\"R\u00f3lunk | Wellisparts\",\"isPartOf\":{\"@id\":\"https:\\\/\\\/wellisparts.siteapp.hu\\\/hu\\\/#website\"},\"datePublished\":\"2016-06-13T16:11:07+00:00\",\"dateModified\":\"2024-06-25T10:02:48+00:00\",\"description\":\"A Wellis Magyarorsz\u00e1g Zrt. magyar gy\u00e1rt\u00f3k\u00e9nt piacvezet\u0151 szerepet t\u00f6lt be a hazai wellness berendez\u00e9seket gy\u00e1rt\u00f3 \u00e9s forgalmaz\u00f3 c\u00e9gek sor\u00e1ban\",\"breadcrumb\":{\"@id\":\"https:\\\/\\\/wellisparts.siteapp.hu\\\/hu\\\/rolunk\\\/#breadcrumb\"},\"inLanguage\":\"hu\",\"potentialAction\":[{\"@type\":\"ReadAction\",\"target\":[\"https:\\\/\\\/wellisparts.siteapp.hu\\\/hu\\\/rolunk\\\/\"]}]},{\"@type\":\"BreadcrumbList\",\"@id\":\"https:\\\/\\\/wellisparts.siteapp.hu\\\/hu\\\/rolunk\\\/#breadcrumb\",\"itemListElement\":[{\"@type\":\"ListItem\",\"position\":1,\"name\":\"Home\",\"item\":\"https:\\\/\\\/wellisparts.siteapp.hu\\\/hu\\\/\"},{\"@type\":\"ListItem\",\"position\":2,\"name\":\"R\u00f3lunk\"}]},{\"@type\":\"WebSite\",\"@id\":\"https:\\\/\\\/wellisparts.siteapp.hu\\\/hu\\\/#website\",\"url\":\"https:\\\/\\\/wellisparts.siteapp.hu\\\/hu\\\/\",\"name\":\"Wellisparts\",\"description\":\"Wellis alkatr\u00e9sz \u00e9s kieg\u00e9sz\u00edt\u0151 webshop\",\"publisher\":{\"@id\":\"https:\\\/\\\/wellisparts.siteapp.hu\\\/hu\\\/#organization\"},\"potentialAction\":[{\"@type\":\"SearchAction\",\"target\":{\"@type\":\"EntryPoint\",\"urlTemplate\":\"https:\\\/\\\/wellisparts.siteapp.hu\\\/hu\\\/?s={search_term_string}\"},\"query-input\":{\"@type\":\"PropertyValueSpecification\",\"valueRequired\":true,\"valueName\":\"search_term_string\"}}],\"inLanguage\":\"hu\"},{\"@type\":\"Organization\",\"@id\":\"https:\\\/\\\/wellisparts.siteapp.hu\\\/hu\\\/#organization\",\"name\":\"Wellis\",\"url\":\"https:\\\/\\\/wellisparts.siteapp.hu\\\/hu\\\/\",\"logo\":{\"@type\":\"ImageObject\",\"inLanguage\":\"hu\",\"@id\":\"https:\\\/\\\/wellisparts.siteapp.hu\\\/hu\\\/#\\\/schema\\\/logo\\\/image\\\/\",\"url\":\"https:\\\/\\\/wellisparts.siteapp.hu\\\/wp-content\\\/uploads\\\/2020\\\/04\\\/wellis-logo-gray-300x92-1.png\",\"contentUrl\":\"https:\\\/\\\/wellisparts.siteapp.hu\\\/wp-content\\\/uploads\\\/2020\\\/04\\\/wellis-logo-gray-300x92-1.png\",\"width\":300,\"height\":92,\"caption\":\"Wellis\"},\"image\":{\"@id\":\"https:\\\/\\\/wellisparts.siteapp.hu\\\/hu\\\/#\\\/schema\\\/logo\\\/image\\\/\"},\"sameAs\":[\"https:\\\/\\\/www.facebook.com\\\/wellis.eu\",\"https:\\\/\\\/www.instagram.com\\\/wellis.spa\\\/\",\"https:\\\/\\\/www.linkedin.com\\\/company\\\/wellis\",\"https:\\\/\\\/www.youtube.com\\\/channel\\\/UCBfTfURbofhapZionQfC-Gg\"]}]}<\/script>\n<!-- \/ Yoast SEO Premium plugin. -->","yoast_head_json":{"title":"R\u00f3lunk | Wellisparts","description":"A Wellis Magyarorsz\u00e1g Zrt. magyar gy\u00e1rt\u00f3k\u00e9nt piacvezet\u0151 szerepet t\u00f6lt be a hazai wellness berendez\u00e9seket gy\u00e1rt\u00f3 \u00e9s forgalmaz\u00f3 c\u00e9gek sor\u00e1ban","robots":{"index":"noindex","follow":"follow","max-snippet":"max-snippet:-1","max-image-preview":"max-image-preview:large","max-video-preview":"max-video-preview:-1"},"og_locale":"hu_HU","og_type":"article","og_title":"R\u00f3lunk","og_description":"A Wellis Magyarorsz\u00e1g Zrt. magyar gy\u00e1rt\u00f3k\u00e9nt piacvezet\u0151 szerepet t\u00f6lt be a hazai wellness berendez\u00e9seket gy\u00e1rt\u00f3 \u00e9s forgalmaz\u00f3 c\u00e9gek sor\u00e1ban","og_url":"https:\/\/wellisparts.siteapp.hu\/hu\/rolunk\/","og_site_name":"Wellisparts","article_publisher":"https:\/\/www.facebook.com\/wellis.eu","article_modified_time":"2024-06-25T10:02:48+00:00","og_image":[{"width":1080,"height":1080,"url":"https:\/\/wellisparts.siteapp.hu\/wp-content\/uploads\/2020\/04\/wellis-hot-tube.jpg","type":"image\/jpeg"}],"twitter_card":"summary_large_image","twitter_misc":{"Becs\u00fclt olvas\u00e1si id\u0151":"2 perc"},"schema":{"@context":"https:\/\/schema.org","@graph":[{"@type":"WebPage","@id":"https:\/\/wellisparts.siteapp.hu\/hu\/rolunk\/","url":"https:\/\/wellisparts.siteapp.hu\/hu\/rolunk\/","name":"R\u00f3lunk | Wellisparts","isPartOf":{"@id":"https:\/\/wellisparts.siteapp.hu\/hu\/#website"},"datePublished":"2016-06-13T16:11:07+00:00","dateModified":"2024-06-25T10:02:48+00:00","description":"A Wellis Magyarorsz\u00e1g Zrt. magyar gy\u00e1rt\u00f3k\u00e9nt piacvezet\u0151 szerepet t\u00f6lt be a hazai wellness berendez\u00e9seket gy\u00e1rt\u00f3 \u00e9s forgalmaz\u00f3 c\u00e9gek sor\u00e1ban","breadcrumb":{"@id":"https:\/\/wellisparts.siteapp.hu\/hu\/rolunk\/#breadcrumb"},"inLanguage":"hu","potentialAction":[{"@type":"ReadAction","target":["https:\/\/wellisparts.siteapp.hu\/hu\/rolunk\/"]}]},{"@type":"BreadcrumbList","@id":"https:\/\/wellisparts.siteapp.hu\/hu\/rolunk\/#breadcrumb","itemListElement":[{"@type":"ListItem","position":1,"name":"Home","item":"https:\/\/wellisparts.siteapp.hu\/hu\/"},{"@type":"ListItem","position":2,"name":"R\u00f3lunk"}]},{"@type":"WebSite","@id":"https:\/\/wellisparts.siteapp.hu\/hu\/#website","url":"https:\/\/wellisparts.siteapp.hu\/hu\/","name":"Wellisparts","description":"Wellis alkatr\u00e9sz \u00e9s kieg\u00e9sz\u00edt\u0151 webshop","publisher":{"@id":"https:\/\/wellisparts.siteapp.hu\/hu\/#organization"},"potentialAction":[{"@type":"SearchAction","target":{"@type":"EntryPoint","urlTemplate":"https:\/\/wellisparts.siteapp.hu\/hu\/?s={search_term_string}"},"query-input":{"@type":"PropertyValueSpecification","valueRequired":true,"valueName":"search_term_string"}}],"inLanguage":"hu"},{"@type":"Organization","@id":"https:\/\/wellisparts.siteapp.hu\/hu\/#organization","name":"Wellis","url":"https:\/\/wellisparts.siteapp.hu\/hu\/","logo":{"@type":"ImageObject","inLanguage":"hu","@id":"https:\/\/wellisparts.siteapp.hu\/hu\/#\/schema\/logo\/image\/","url":"https:\/\/wellisparts.siteapp.hu\/wp-content\/uploads\/2020\/04\/wellis-logo-gray-300x92-1.png","contentUrl":"https:\/\/wellisparts.siteapp.hu\/wp-content\/uploads\/2020\/04\/wellis-logo-gray-300x92-1.png","width":300,"height":92,"caption":"Wellis"},"image":{"@id":"https:\/\/wellisparts.siteapp.hu\/hu\/#\/schema\/logo\/image\/"},"sameAs":["https:\/\/www.facebook.com\/wellis.eu","https:\/\/www.instagram.com\/wellis.spa\/","https:\/\/www.linkedin.com\/company\/wellis","https:\/\/www.youtube.com\/channel\/UCBfTfURbofhapZionQfC-Gg"]}]}},"_links":{"self":[{"href":"https:\/\/wellisparts.siteapp.hu\/hu\/wp-json\/wp\/v2\/pages\/58","targetHints":{"allow":["GET"]}}],"collection":[{"href":"https:\/\/wellisparts.siteapp.hu\/hu\/wp-json\/wp\/v2\/pages"}],"about":[{"href":"https:\/\/wellisparts.siteapp.hu\/hu\/wp-json\/wp\/v2\/types\/page"}],"author":[{"embeddable":true,"href":"https:\/\/wellisparts.siteapp.hu\/hu\/wp-json\/wp\/v2\/users\/1"}],"replies":[{"embeddable":true,"href":"https:\/\/wellisparts.siteapp.hu\/hu\/wp-json\/wp\/v2\/comments?post=58"}],"version-history":[{"count":2,"href":"https:\/\/wellisparts.siteapp.hu\/hu\/wp-json\/wp\/v2\/pages\/58\/revisions"}],"predecessor-version":[{"id":57151,"href":"https:\/\/wellisparts.siteapp.hu\/hu\/wp-json\/wp\/v2\/pages\/58\/revisions\/57151"}],"wp:attachment":[{"href":"https:\/\/wellisparts.siteapp.hu\/hu\/wp-json\/wp\/v2\/media?parent=58"}],"curies":[{"name":"wp","href":"https:\/\/api.w.org\/{rel}","templated":true}]}}