{"id":10667,"date":"2021-12-15T10:14:15","date_gmt":"2021-12-15T09:14:15","guid":{"rendered":"https:\/\/wellisparts.siteapp.hu\/products\/nem-kategorizalt\/orp-szonda-okos-vizelemzohoz\/"},"modified":"2026-03-06T02:02:25","modified_gmt":"2026-03-06T01:02:25","slug":"wv00110","status":"publish","type":"product","link":"https:\/\/wellisparts.siteapp.hu\/hu\/shop\/wv00110\/","title":{"rendered":"ORP szonda Okos V\u00edzelemz\u0151h\u00f6z"},"content":{"rendered":"<p>Cser\u00e9lhet\u0151 ORP szonda \u00e9rz\u00e9kel\u0151 a W.I.S-hez; S\u00faly: 0,05 kg M\u00e9ret: 10x60x10 mm<\/p>\n","protected":false},"excerpt":{"rendered":"<p>ORP szonda Okos V\u00edzelemz\u0151h\u00f6z &#8211; Spa alkatr\u00e9szek &#8211; Medencekieg\u00e9sz\u00edt\u0151k<\/p>\n","protected":false},"featured_media":38825,"template":"","meta":{"_acf_changed":false},"product_brand":[],"product_cat":[1205,1203],"product_tag":[],"class_list":{"0":"post-10667","1":"product","2":"type-product","3":"status-publish","4":"has-post-thumbnail","6":"product_cat-kiegeszitok","7":"product_cat-spa-kiegeszitok","9":"first","10":"instock","11":"taxable","12":"shipping-taxable","13":"purchasable","14":"product-type-simple"},"acf":[],"yoast_head":"<!-- This site is optimized with the Yoast SEO Premium plugin v25.6 (Yoast SEO v27.3) - https:\/\/yoast.com\/product\/yoast-seo-premium-wordpress\/ -->\n<title>ORP szonda Okos V\u00edzelemz\u0151h\u00f6z | Wellisparts<\/title>\n<meta name=\"description\" content=\"ORP szonda Okos V\u00edzelemz\u0151h\u00f6z - Spa alkatr\u00e9szek - Medencekieg\u00e9sz\u00edt\u0151k\" \/>\n<meta name=\"robots\" content=\"noindex, follow, max-snippet:-1, max-image-preview:large, max-video-preview:-1\" \/>\n<meta property=\"og:locale\" content=\"hu_HU\" \/>\n<meta property=\"og:type\" content=\"article\" \/>\n<meta property=\"og:title\" content=\"ORP szonda Okos V\u00edzelemz\u0151h\u00f6z\" \/>\n<meta property=\"og:description\" content=\"ORP szonda Okos V\u00edzelemz\u0151h\u00f6z - Spa alkatr\u00e9szek - Medencekieg\u00e9sz\u00edt\u0151k\" \/>\n<meta property=\"og:url\" content=\"https:\/\/wellisparts.siteapp.hu\/hu\/shop\/wv00110\/\" \/>\n<meta property=\"og:site_name\" content=\"Wellisparts\" \/>\n<meta property=\"article:publisher\" content=\"https:\/\/www.facebook.com\/wellis.eu\" \/>\n<meta property=\"article:modified_time\" content=\"2026-03-06T01:02:25+00:00\" \/>\n<meta property=\"og:image\" content=\"https:\/\/wellisparts.siteapp.hu\/wp-content\/uploads\/2022\/01\/WV00110.jpeg\" \/>\n\t<meta property=\"og:image:width\" content=\"800\" \/>\n\t<meta property=\"og:image:height\" content=\"800\" \/>\n\t<meta property=\"og:image:type\" content=\"image\/jpeg\" \/>\n<meta name=\"twitter:card\" content=\"summary_large_image\" \/>\n<meta name=\"twitter:label1\" content=\"\u00c1r\" \/>\n\t<meta name=\"twitter:data1\" content=\"47 910&nbsp;&#070;&#116; +\u00c1FA\" \/>\n\t<meta name=\"twitter:label2\" content=\"El\u00e9rhet\u0151s\u00e9g\" \/>\n\t<meta name=\"twitter:data2\" content=\"K\u00e9szleten\" \/>\n<script type=\"application\/ld+json\" class=\"yoast-schema-graph\">{\"@context\":\"https:\\\/\\\/schema.org\",\"@graph\":[{\"@type\":\"WebPage\",\"@id\":\"https:\\\/\\\/wellisparts.siteapp.hu\\\/hu\\\/shop\\\/wv00110\\\/\",\"url\":\"https:\\\/\\\/wellisparts.siteapp.hu\\\/hu\\\/shop\\\/wv00110\\\/\",\"name\":\"ORP szonda Okos V\u00edzelemz\u0151h\u00f6z | Wellisparts\",\"isPartOf\":{\"@id\":\"https:\\\/\\\/wellisparts.siteapp.hu\\\/hu\\\/#website\"},\"primaryImageOfPage\":{\"@id\":\"https:\\\/\\\/wellisparts.siteapp.hu\\\/hu\\\/shop\\\/wv00110\\\/#primaryimage\"},\"image\":{\"@id\":\"https:\\\/\\\/wellisparts.siteapp.hu\\\/hu\\\/shop\\\/wv00110\\\/#primaryimage\"},\"thumbnailUrl\":\"https:\\\/\\\/wellisparts.siteapp.hu\\\/wp-content\\\/uploads\\\/2022\\\/01\\\/WV00110.jpeg\",\"datePublished\":\"2021-12-15T09:14:15+00:00\",\"dateModified\":\"2026-03-06T01:02:25+00:00\",\"description\":\"ORP szonda Okos V\u00edzelemz\u0151h\u00f6z - Spa alkatr\u00e9szek - Medencekieg\u00e9sz\u00edt\u0151k\",\"breadcrumb\":{\"@id\":\"https:\\\/\\\/wellisparts.siteapp.hu\\\/hu\\\/shop\\\/wv00110\\\/#breadcrumb\"},\"inLanguage\":\"hu\",\"potentialAction\":[{\"@type\":\"ReadAction\",\"target\":[\"https:\\\/\\\/wellisparts.siteapp.hu\\\/hu\\\/shop\\\/wv00110\\\/\"]}]},{\"@type\":\"ImageObject\",\"inLanguage\":\"hu\",\"@id\":\"https:\\\/\\\/wellisparts.siteapp.hu\\\/hu\\\/shop\\\/wv00110\\\/#primaryimage\",\"url\":\"https:\\\/\\\/wellisparts.siteapp.hu\\\/wp-content\\\/uploads\\\/2022\\\/01\\\/WV00110.jpeg\",\"contentUrl\":\"https:\\\/\\\/wellisparts.siteapp.hu\\\/wp-content\\\/uploads\\\/2022\\\/01\\\/WV00110.jpeg\",\"width\":800,\"height\":800},{\"@type\":\"BreadcrumbList\",\"@id\":\"https:\\\/\\\/wellisparts.siteapp.hu\\\/hu\\\/shop\\\/wv00110\\\/#breadcrumb\",\"itemListElement\":[{\"@type\":\"ListItem\",\"position\":1,\"name\":\"Home\",\"item\":\"https:\\\/\\\/wellisparts.siteapp.hu\\\/hu\\\/\"},{\"@type\":\"ListItem\",\"position\":2,\"name\":\"Term\u00e9kek\",\"item\":\"https:\\\/\\\/wellisparts.siteapp.hu\\\/hu\\\/shop\\\/\"},{\"@type\":\"ListItem\",\"position\":3,\"name\":\"ORP szonda Okos V\u00edzelemz\u0151h\u00f6z\"}]},{\"@type\":\"WebSite\",\"@id\":\"https:\\\/\\\/wellisparts.siteapp.hu\\\/hu\\\/#website\",\"url\":\"https:\\\/\\\/wellisparts.siteapp.hu\\\/hu\\\/\",\"name\":\"Wellisparts\",\"description\":\"Wellis alkatr\u00e9sz \u00e9s kieg\u00e9sz\u00edt\u0151 webshop\",\"publisher\":{\"@id\":\"https:\\\/\\\/wellisparts.siteapp.hu\\\/hu\\\/#organization\"},\"potentialAction\":[{\"@type\":\"SearchAction\",\"target\":{\"@type\":\"EntryPoint\",\"urlTemplate\":\"https:\\\/\\\/wellisparts.siteapp.hu\\\/hu\\\/?s={search_term_string}\"},\"query-input\":{\"@type\":\"PropertyValueSpecification\",\"valueRequired\":true,\"valueName\":\"search_term_string\"}}],\"inLanguage\":\"hu\"},{\"@type\":\"Organization\",\"@id\":\"https:\\\/\\\/wellisparts.siteapp.hu\\\/hu\\\/#organization\",\"name\":\"Wellis\",\"url\":\"https:\\\/\\\/wellisparts.siteapp.hu\\\/hu\\\/\",\"logo\":{\"@type\":\"ImageObject\",\"inLanguage\":\"hu\",\"@id\":\"https:\\\/\\\/wellisparts.siteapp.hu\\\/hu\\\/#\\\/schema\\\/logo\\\/image\\\/\",\"url\":\"https:\\\/\\\/wellisparts.siteapp.hu\\\/wp-content\\\/uploads\\\/2020\\\/04\\\/wellis-logo-gray-300x92-1.png\",\"contentUrl\":\"https:\\\/\\\/wellisparts.siteapp.hu\\\/wp-content\\\/uploads\\\/2020\\\/04\\\/wellis-logo-gray-300x92-1.png\",\"width\":300,\"height\":92,\"caption\":\"Wellis\"},\"image\":{\"@id\":\"https:\\\/\\\/wellisparts.siteapp.hu\\\/hu\\\/#\\\/schema\\\/logo\\\/image\\\/\"},\"sameAs\":[\"https:\\\/\\\/www.facebook.com\\\/wellis.eu\",\"https:\\\/\\\/www.instagram.com\\\/wellis.spa\\\/\",\"https:\\\/\\\/www.linkedin.com\\\/company\\\/wellis\",\"https:\\\/\\\/www.youtube.com\\\/channel\\\/UCBfTfURbofhapZionQfC-Gg\"]}]}<\/script>\n<meta property=\"product:price:amount\" content=\"47910\" \/>\n<meta property=\"product:price:currency\" content=\"HUF\" \/>\n<meta property=\"og:availability\" content=\"instock\" \/>\n<meta property=\"product:availability\" content=\"instock\" \/>\n<meta property=\"product:retailer_item_id\" content=\"WV00110\" \/>\n<meta property=\"product:condition\" content=\"new\" \/>\n<!-- \/ Yoast SEO Premium plugin. -->","yoast_head_json":{"title":"ORP szonda Okos V\u00edzelemz\u0151h\u00f6z | Wellisparts","description":"ORP szonda Okos V\u00edzelemz\u0151h\u00f6z - Spa alkatr\u00e9szek - Medencekieg\u00e9sz\u00edt\u0151k","robots":{"index":"noindex","follow":"follow","max-snippet":"max-snippet:-1","max-image-preview":"max-image-preview:large","max-video-preview":"max-video-preview:-1"},"og_locale":"hu_HU","og_type":"article","og_title":"ORP szonda Okos V\u00edzelemz\u0151h\u00f6z","og_description":"ORP szonda Okos V\u00edzelemz\u0151h\u00f6z - Spa alkatr\u00e9szek - Medencekieg\u00e9sz\u00edt\u0151k","og_url":"https:\/\/wellisparts.siteapp.hu\/hu\/shop\/wv00110\/","og_site_name":"Wellisparts","article_publisher":"https:\/\/www.facebook.com\/wellis.eu","article_modified_time":"2026-03-06T01:02:25+00:00","og_image":[{"width":800,"height":800,"url":"https:\/\/wellisparts.siteapp.hu\/wp-content\/uploads\/2022\/01\/WV00110.jpeg","type":"image\/jpeg"}],"twitter_card":"summary_large_image","twitter_misc":{"\u00c1r":"47 910&nbsp;&#70;&#116; +\u00c1FA","El\u00e9rhet\u0151s\u00e9g":"K\u00e9szleten"},"schema":{"@context":"https:\/\/schema.org","@graph":[{"@type":"WebPage","@id":"https:\/\/wellisparts.siteapp.hu\/hu\/shop\/wv00110\/","url":"https:\/\/wellisparts.siteapp.hu\/hu\/shop\/wv00110\/","name":"ORP szonda Okos V\u00edzelemz\u0151h\u00f6z | Wellisparts","isPartOf":{"@id":"https:\/\/wellisparts.siteapp.hu\/hu\/#website"},"primaryImageOfPage":{"@id":"https:\/\/wellisparts.siteapp.hu\/hu\/shop\/wv00110\/#primaryimage"},"image":{"@id":"https:\/\/wellisparts.siteapp.hu\/hu\/shop\/wv00110\/#primaryimage"},"thumbnailUrl":"https:\/\/wellisparts.siteapp.hu\/wp-content\/uploads\/2022\/01\/WV00110.jpeg","datePublished":"2021-12-15T09:14:15+00:00","dateModified":"2026-03-06T01:02:25+00:00","description":"ORP szonda Okos V\u00edzelemz\u0151h\u00f6z - Spa alkatr\u00e9szek - Medencekieg\u00e9sz\u00edt\u0151k","breadcrumb":{"@id":"https:\/\/wellisparts.siteapp.hu\/hu\/shop\/wv00110\/#breadcrumb"},"inLanguage":"hu","potentialAction":[{"@type":"ReadAction","target":["https:\/\/wellisparts.siteapp.hu\/hu\/shop\/wv00110\/"]}]},{"@type":"ImageObject","inLanguage":"hu","@id":"https:\/\/wellisparts.siteapp.hu\/hu\/shop\/wv00110\/#primaryimage","url":"https:\/\/wellisparts.siteapp.hu\/wp-content\/uploads\/2022\/01\/WV00110.jpeg","contentUrl":"https:\/\/wellisparts.siteapp.hu\/wp-content\/uploads\/2022\/01\/WV00110.jpeg","width":800,"height":800},{"@type":"BreadcrumbList","@id":"https:\/\/wellisparts.siteapp.hu\/hu\/shop\/wv00110\/#breadcrumb","itemListElement":[{"@type":"ListItem","position":1,"name":"Home","item":"https:\/\/wellisparts.siteapp.hu\/hu\/"},{"@type":"ListItem","position":2,"name":"Term\u00e9kek","item":"https:\/\/wellisparts.siteapp.hu\/hu\/shop\/"},{"@type":"ListItem","position":3,"name":"ORP szonda Okos V\u00edzelemz\u0151h\u00f6z"}]},{"@type":"WebSite","@id":"https:\/\/wellisparts.siteapp.hu\/hu\/#website","url":"https:\/\/wellisparts.siteapp.hu\/hu\/","name":"Wellisparts","description":"Wellis alkatr\u00e9sz \u00e9s kieg\u00e9sz\u00edt\u0151 webshop","publisher":{"@id":"https:\/\/wellisparts.siteapp.hu\/hu\/#organization"},"potentialAction":[{"@type":"SearchAction","target":{"@type":"EntryPoint","urlTemplate":"https:\/\/wellisparts.siteapp.hu\/hu\/?s={search_term_string}"},"query-input":{"@type":"PropertyValueSpecification","valueRequired":true,"valueName":"search_term_string"}}],"inLanguage":"hu"},{"@type":"Organization","@id":"https:\/\/wellisparts.siteapp.hu\/hu\/#organization","name":"Wellis","url":"https:\/\/wellisparts.siteapp.hu\/hu\/","logo":{"@type":"ImageObject","inLanguage":"hu","@id":"https:\/\/wellisparts.siteapp.hu\/hu\/#\/schema\/logo\/image\/","url":"https:\/\/wellisparts.siteapp.hu\/wp-content\/uploads\/2020\/04\/wellis-logo-gray-300x92-1.png","contentUrl":"https:\/\/wellisparts.siteapp.hu\/wp-content\/uploads\/2020\/04\/wellis-logo-gray-300x92-1.png","width":300,"height":92,"caption":"Wellis"},"image":{"@id":"https:\/\/wellisparts.siteapp.hu\/hu\/#\/schema\/logo\/image\/"},"sameAs":["https:\/\/www.facebook.com\/wellis.eu","https:\/\/www.instagram.com\/wellis.spa\/","https:\/\/www.linkedin.com\/company\/wellis","https:\/\/www.youtube.com\/channel\/UCBfTfURbofhapZionQfC-Gg"]}]},"product_price_amount":"47910","product_price_currency":"HUF","og_availability":"instock","product_availability":"instock","product_retailer_item_id":"WV00110","product_condition":"new"},"_links":{"self":[{"href":"https:\/\/wellisparts.siteapp.hu\/hu\/wp-json\/wp\/v2\/product\/10667","targetHints":{"allow":["GET"]}}],"collection":[{"href":"https:\/\/wellisparts.siteapp.hu\/hu\/wp-json\/wp\/v2\/product"}],"about":[{"href":"https:\/\/wellisparts.siteapp.hu\/hu\/wp-json\/wp\/v2\/types\/product"}],"wp:featuredmedia":[{"embeddable":true,"href":"https:\/\/wellisparts.siteapp.hu\/hu\/wp-json\/wp\/v2\/media\/38825"}],"wp:attachment":[{"href":"https:\/\/wellisparts.siteapp.hu\/hu\/wp-json\/wp\/v2\/media?parent=10667"}],"wp:term":[{"taxonomy":"product_brand","embeddable":true,"href":"https:\/\/wellisparts.siteapp.hu\/hu\/wp-json\/wp\/v2\/product_brand?post=10667"},{"taxonomy":"product_cat","embeddable":true,"href":"https:\/\/wellisparts.siteapp.hu\/hu\/wp-json\/wp\/v2\/product_cat?post=10667"},{"taxonomy":"product_tag","embeddable":true,"href":"https:\/\/wellisparts.siteapp.hu\/hu\/wp-json\/wp\/v2\/product_tag?post=10667"}],"curies":[{"name":"wp","href":"https:\/\/api.w.org\/{rel}","templated":true}]}}