{"id":10938,"date":"2021-12-15T10:16:32","date_gmt":"2021-12-15T09:16:32","guid":{"rendered":"https:\/\/wellisparts.siteapp.hu\/products\/nem-kategorizalt\/szukito-krom-beszivofejhez-25-60\/"},"modified":"2026-02-17T12:02:12","modified_gmt":"2026-02-17T11:02:12","slug":"abe0291","status":"publish","type":"product","link":"https:\/\/wellisparts.siteapp.hu\/hu\/shop\/abe0291\/","title":{"rendered":"Sz\u0171k\u00edt\u0151 kr\u00f3m besz\u00edv\u00f3fejhez 2,5&#8243;- 60"},"content":{"rendered":"<p>DN: 60-48mm | SS kapcsolat | Anyaga: PVC | Sz\u00edn: feh\u00e9r | ~ 50 C \u00b0 | Minden csatlakoz\u00e1s ragaszthat\u00f3<\/p>\n","protected":false},"excerpt":{"rendered":"<p>Sz\u0171k\u00edt\u0151 kr\u00f3m besz\u00edv\u00f3fejhez 2,5&#8243;- 60 &#8211; Spa alkatr\u00e9szek &#8211; Besz\u00edv\u00f3k<\/p>\n","protected":false},"featured_media":28567,"template":"","meta":{"_acf_changed":false},"product_brand":[],"product_cat":[1215,1210],"product_tag":[],"class_list":{"0":"post-10938","1":"product","2":"type-product","3":"status-publish","4":"has-post-thumbnail","6":"product_cat-fittingek","7":"product_cat-spa-masszazsmedence-wellis-alkatreszek","9":"first","10":"outofstock","11":"taxable","12":"shipping-taxable","13":"purchasable","14":"product-type-simple"},"acf":[],"yoast_head":"<!-- This site is optimized with the Yoast SEO Premium plugin v25.6 (Yoast SEO v27.3) - https:\/\/yoast.com\/product\/yoast-seo-premium-wordpress\/ -->\n<title>Sz\u0171k\u00edt\u0151 kr\u00f3m besz\u00edv\u00f3fejhez 2,5&quot;- 60 | Wellisparts<\/title>\n<meta name=\"description\" content=\"Sz\u0171k\u00edt\u0151 kr\u00f3m besz\u00edv\u00f3fejhez 2,5&quot;- 60 - Spa alkatr\u00e9szek - Besz\u00edv\u00f3k\" \/>\n<meta name=\"robots\" content=\"noindex, follow, max-snippet:-1, max-image-preview:large, max-video-preview:-1\" \/>\n<meta property=\"og:locale\" content=\"hu_HU\" \/>\n<meta property=\"og:type\" content=\"article\" \/>\n<meta property=\"og:title\" content=\"Sz\u0171k\u00edt\u0151 kr\u00f3m besz\u00edv\u00f3fejhez 2,5&quot;- 60\" \/>\n<meta property=\"og:description\" content=\"Sz\u0171k\u00edt\u0151 kr\u00f3m besz\u00edv\u00f3fejhez 2,5&quot;- 60 - Spa alkatr\u00e9szek - Besz\u00edv\u00f3k\" \/>\n<meta property=\"og:url\" content=\"https:\/\/wellisparts.siteapp.hu\/hu\/shop\/abe0291\/\" \/>\n<meta property=\"og:site_name\" content=\"Wellisparts\" \/>\n<meta property=\"article:publisher\" content=\"https:\/\/www.facebook.com\/wellis.eu\" \/>\n<meta property=\"article:modified_time\" content=\"2026-02-17T11:02:12+00:00\" \/>\n<meta property=\"og:image\" content=\"https:\/\/wellisparts.siteapp.hu\/wp-content\/uploads\/2022\/01\/ABE0291_1.jpeg\" \/>\n\t<meta property=\"og:image:width\" content=\"800\" \/>\n\t<meta property=\"og:image:height\" content=\"800\" \/>\n\t<meta property=\"og:image:type\" content=\"image\/jpeg\" \/>\n<meta name=\"twitter:card\" content=\"summary_large_image\" \/>\n<meta name=\"twitter:label1\" content=\"\u00c1r\" \/>\n\t<meta name=\"twitter:data1\" content=\"1 402&nbsp;&#070;&#116; +\u00c1FA\" \/>\n\t<meta name=\"twitter:label2\" content=\"El\u00e9rhet\u0151s\u00e9g\" \/>\n\t<meta name=\"twitter:data2\" content=\"Nincs k\u00e9szleten\" \/>\n<script type=\"application\/ld+json\" class=\"yoast-schema-graph\">{\"@context\":\"https:\\\/\\\/schema.org\",\"@graph\":[{\"@type\":\"WebPage\",\"@id\":\"https:\\\/\\\/wellisparts.siteapp.hu\\\/hu\\\/shop\\\/abe0291\\\/\",\"url\":\"https:\\\/\\\/wellisparts.siteapp.hu\\\/hu\\\/shop\\\/abe0291\\\/\",\"name\":\"Sz\u0171k\u00edt\u0151 kr\u00f3m besz\u00edv\u00f3fejhez 2,5\\\"- 60 | Wellisparts\",\"isPartOf\":{\"@id\":\"https:\\\/\\\/wellisparts.siteapp.hu\\\/hu\\\/#website\"},\"primaryImageOfPage\":{\"@id\":\"https:\\\/\\\/wellisparts.siteapp.hu\\\/hu\\\/shop\\\/abe0291\\\/#primaryimage\"},\"image\":{\"@id\":\"https:\\\/\\\/wellisparts.siteapp.hu\\\/hu\\\/shop\\\/abe0291\\\/#primaryimage\"},\"thumbnailUrl\":\"https:\\\/\\\/wellisparts.siteapp.hu\\\/wp-content\\\/uploads\\\/2022\\\/01\\\/ABE0291_1.jpeg\",\"datePublished\":\"2021-12-15T09:16:32+00:00\",\"dateModified\":\"2026-02-17T11:02:12+00:00\",\"description\":\"Sz\u0171k\u00edt\u0151 kr\u00f3m besz\u00edv\u00f3fejhez 2,5\\\"- 60 - Spa alkatr\u00e9szek - Besz\u00edv\u00f3k\",\"breadcrumb\":{\"@id\":\"https:\\\/\\\/wellisparts.siteapp.hu\\\/hu\\\/shop\\\/abe0291\\\/#breadcrumb\"},\"inLanguage\":\"hu\",\"potentialAction\":[{\"@type\":\"ReadAction\",\"target\":[\"https:\\\/\\\/wellisparts.siteapp.hu\\\/hu\\\/shop\\\/abe0291\\\/\"]}]},{\"@type\":\"ImageObject\",\"inLanguage\":\"hu\",\"@id\":\"https:\\\/\\\/wellisparts.siteapp.hu\\\/hu\\\/shop\\\/abe0291\\\/#primaryimage\",\"url\":\"https:\\\/\\\/wellisparts.siteapp.hu\\\/wp-content\\\/uploads\\\/2022\\\/01\\\/ABE0291_1.jpeg\",\"contentUrl\":\"https:\\\/\\\/wellisparts.siteapp.hu\\\/wp-content\\\/uploads\\\/2022\\\/01\\\/ABE0291_1.jpeg\",\"width\":800,\"height\":800},{\"@type\":\"BreadcrumbList\",\"@id\":\"https:\\\/\\\/wellisparts.siteapp.hu\\\/hu\\\/shop\\\/abe0291\\\/#breadcrumb\",\"itemListElement\":[{\"@type\":\"ListItem\",\"position\":1,\"name\":\"Home\",\"item\":\"https:\\\/\\\/wellisparts.siteapp.hu\\\/hu\\\/\"},{\"@type\":\"ListItem\",\"position\":2,\"name\":\"Term\u00e9kek\",\"item\":\"https:\\\/\\\/wellisparts.siteapp.hu\\\/hu\\\/shop\\\/\"},{\"@type\":\"ListItem\",\"position\":3,\"name\":\"Sz\u0171k\u00edt\u0151 kr\u00f3m besz\u00edv\u00f3fejhez 2,5&#8243;- 60\"}]},{\"@type\":\"WebSite\",\"@id\":\"https:\\\/\\\/wellisparts.siteapp.hu\\\/hu\\\/#website\",\"url\":\"https:\\\/\\\/wellisparts.siteapp.hu\\\/hu\\\/\",\"name\":\"Wellisparts\",\"description\":\"Wellis alkatr\u00e9sz \u00e9s kieg\u00e9sz\u00edt\u0151 webshop\",\"publisher\":{\"@id\":\"https:\\\/\\\/wellisparts.siteapp.hu\\\/hu\\\/#organization\"},\"potentialAction\":[{\"@type\":\"SearchAction\",\"target\":{\"@type\":\"EntryPoint\",\"urlTemplate\":\"https:\\\/\\\/wellisparts.siteapp.hu\\\/hu\\\/?s={search_term_string}\"},\"query-input\":{\"@type\":\"PropertyValueSpecification\",\"valueRequired\":true,\"valueName\":\"search_term_string\"}}],\"inLanguage\":\"hu\"},{\"@type\":\"Organization\",\"@id\":\"https:\\\/\\\/wellisparts.siteapp.hu\\\/hu\\\/#organization\",\"name\":\"Wellis\",\"url\":\"https:\\\/\\\/wellisparts.siteapp.hu\\\/hu\\\/\",\"logo\":{\"@type\":\"ImageObject\",\"inLanguage\":\"hu\",\"@id\":\"https:\\\/\\\/wellisparts.siteapp.hu\\\/hu\\\/#\\\/schema\\\/logo\\\/image\\\/\",\"url\":\"https:\\\/\\\/wellisparts.siteapp.hu\\\/wp-content\\\/uploads\\\/2020\\\/04\\\/wellis-logo-gray-300x92-1.png\",\"contentUrl\":\"https:\\\/\\\/wellisparts.siteapp.hu\\\/wp-content\\\/uploads\\\/2020\\\/04\\\/wellis-logo-gray-300x92-1.png\",\"width\":300,\"height\":92,\"caption\":\"Wellis\"},\"image\":{\"@id\":\"https:\\\/\\\/wellisparts.siteapp.hu\\\/hu\\\/#\\\/schema\\\/logo\\\/image\\\/\"},\"sameAs\":[\"https:\\\/\\\/www.facebook.com\\\/wellis.eu\",\"https:\\\/\\\/www.instagram.com\\\/wellis.spa\\\/\",\"https:\\\/\\\/www.linkedin.com\\\/company\\\/wellis\",\"https:\\\/\\\/www.youtube.com\\\/channel\\\/UCBfTfURbofhapZionQfC-Gg\"]}]}<\/script>\n<meta property=\"product:price:amount\" content=\"1402\" \/>\n<meta property=\"product:price:currency\" content=\"HUF\" \/>\n<meta property=\"og:availability\" content=\"out of stock\" \/>\n<meta property=\"product:availability\" content=\"out of stock\" \/>\n<meta property=\"product:retailer_item_id\" content=\"ABE0291\" \/>\n<meta property=\"product:condition\" content=\"new\" \/>\n<!-- \/ Yoast SEO Premium plugin. -->","yoast_head_json":{"title":"Sz\u0171k\u00edt\u0151 kr\u00f3m besz\u00edv\u00f3fejhez 2,5\"- 60 | Wellisparts","description":"Sz\u0171k\u00edt\u0151 kr\u00f3m besz\u00edv\u00f3fejhez 2,5\"- 60 - Spa alkatr\u00e9szek - Besz\u00edv\u00f3k","robots":{"index":"noindex","follow":"follow","max-snippet":"max-snippet:-1","max-image-preview":"max-image-preview:large","max-video-preview":"max-video-preview:-1"},"og_locale":"hu_HU","og_type":"article","og_title":"Sz\u0171k\u00edt\u0151 kr\u00f3m besz\u00edv\u00f3fejhez 2,5\"- 60","og_description":"Sz\u0171k\u00edt\u0151 kr\u00f3m besz\u00edv\u00f3fejhez 2,5\"- 60 - Spa alkatr\u00e9szek - Besz\u00edv\u00f3k","og_url":"https:\/\/wellisparts.siteapp.hu\/hu\/shop\/abe0291\/","og_site_name":"Wellisparts","article_publisher":"https:\/\/www.facebook.com\/wellis.eu","article_modified_time":"2026-02-17T11:02:12+00:00","og_image":[{"width":800,"height":800,"url":"https:\/\/wellisparts.siteapp.hu\/wp-content\/uploads\/2022\/01\/ABE0291_1.jpeg","type":"image\/jpeg"}],"twitter_card":"summary_large_image","twitter_misc":{"\u00c1r":"1 402&nbsp;&#70;&#116; +\u00c1FA","El\u00e9rhet\u0151s\u00e9g":"Nincs k\u00e9szleten"},"schema":{"@context":"https:\/\/schema.org","@graph":[{"@type":"WebPage","@id":"https:\/\/wellisparts.siteapp.hu\/hu\/shop\/abe0291\/","url":"https:\/\/wellisparts.siteapp.hu\/hu\/shop\/abe0291\/","name":"Sz\u0171k\u00edt\u0151 kr\u00f3m besz\u00edv\u00f3fejhez 2,5\"- 60 | Wellisparts","isPartOf":{"@id":"https:\/\/wellisparts.siteapp.hu\/hu\/#website"},"primaryImageOfPage":{"@id":"https:\/\/wellisparts.siteapp.hu\/hu\/shop\/abe0291\/#primaryimage"},"image":{"@id":"https:\/\/wellisparts.siteapp.hu\/hu\/shop\/abe0291\/#primaryimage"},"thumbnailUrl":"https:\/\/wellisparts.siteapp.hu\/wp-content\/uploads\/2022\/01\/ABE0291_1.jpeg","datePublished":"2021-12-15T09:16:32+00:00","dateModified":"2026-02-17T11:02:12+00:00","description":"Sz\u0171k\u00edt\u0151 kr\u00f3m besz\u00edv\u00f3fejhez 2,5\"- 60 - Spa alkatr\u00e9szek - Besz\u00edv\u00f3k","breadcrumb":{"@id":"https:\/\/wellisparts.siteapp.hu\/hu\/shop\/abe0291\/#breadcrumb"},"inLanguage":"hu","potentialAction":[{"@type":"ReadAction","target":["https:\/\/wellisparts.siteapp.hu\/hu\/shop\/abe0291\/"]}]},{"@type":"ImageObject","inLanguage":"hu","@id":"https:\/\/wellisparts.siteapp.hu\/hu\/shop\/abe0291\/#primaryimage","url":"https:\/\/wellisparts.siteapp.hu\/wp-content\/uploads\/2022\/01\/ABE0291_1.jpeg","contentUrl":"https:\/\/wellisparts.siteapp.hu\/wp-content\/uploads\/2022\/01\/ABE0291_1.jpeg","width":800,"height":800},{"@type":"BreadcrumbList","@id":"https:\/\/wellisparts.siteapp.hu\/hu\/shop\/abe0291\/#breadcrumb","itemListElement":[{"@type":"ListItem","position":1,"name":"Home","item":"https:\/\/wellisparts.siteapp.hu\/hu\/"},{"@type":"ListItem","position":2,"name":"Term\u00e9kek","item":"https:\/\/wellisparts.siteapp.hu\/hu\/shop\/"},{"@type":"ListItem","position":3,"name":"Sz\u0171k\u00edt\u0151 kr\u00f3m besz\u00edv\u00f3fejhez 2,5&#8243;- 60"}]},{"@type":"WebSite","@id":"https:\/\/wellisparts.siteapp.hu\/hu\/#website","url":"https:\/\/wellisparts.siteapp.hu\/hu\/","name":"Wellisparts","description":"Wellis alkatr\u00e9sz \u00e9s kieg\u00e9sz\u00edt\u0151 webshop","publisher":{"@id":"https:\/\/wellisparts.siteapp.hu\/hu\/#organization"},"potentialAction":[{"@type":"SearchAction","target":{"@type":"EntryPoint","urlTemplate":"https:\/\/wellisparts.siteapp.hu\/hu\/?s={search_term_string}"},"query-input":{"@type":"PropertyValueSpecification","valueRequired":true,"valueName":"search_term_string"}}],"inLanguage":"hu"},{"@type":"Organization","@id":"https:\/\/wellisparts.siteapp.hu\/hu\/#organization","name":"Wellis","url":"https:\/\/wellisparts.siteapp.hu\/hu\/","logo":{"@type":"ImageObject","inLanguage":"hu","@id":"https:\/\/wellisparts.siteapp.hu\/hu\/#\/schema\/logo\/image\/","url":"https:\/\/wellisparts.siteapp.hu\/wp-content\/uploads\/2020\/04\/wellis-logo-gray-300x92-1.png","contentUrl":"https:\/\/wellisparts.siteapp.hu\/wp-content\/uploads\/2020\/04\/wellis-logo-gray-300x92-1.png","width":300,"height":92,"caption":"Wellis"},"image":{"@id":"https:\/\/wellisparts.siteapp.hu\/hu\/#\/schema\/logo\/image\/"},"sameAs":["https:\/\/www.facebook.com\/wellis.eu","https:\/\/www.instagram.com\/wellis.spa\/","https:\/\/www.linkedin.com\/company\/wellis","https:\/\/www.youtube.com\/channel\/UCBfTfURbofhapZionQfC-Gg"]}]},"product_price_amount":"1402","product_price_currency":"HUF","og_availability":"out of stock","product_availability":"out of stock","product_retailer_item_id":"ABE0291","product_condition":"new"},"_links":{"self":[{"href":"https:\/\/wellisparts.siteapp.hu\/hu\/wp-json\/wp\/v2\/product\/10938","targetHints":{"allow":["GET"]}}],"collection":[{"href":"https:\/\/wellisparts.siteapp.hu\/hu\/wp-json\/wp\/v2\/product"}],"about":[{"href":"https:\/\/wellisparts.siteapp.hu\/hu\/wp-json\/wp\/v2\/types\/product"}],"wp:featuredmedia":[{"embeddable":true,"href":"https:\/\/wellisparts.siteapp.hu\/hu\/wp-json\/wp\/v2\/media\/28567"}],"wp:attachment":[{"href":"https:\/\/wellisparts.siteapp.hu\/hu\/wp-json\/wp\/v2\/media?parent=10938"}],"wp:term":[{"taxonomy":"product_brand","embeddable":true,"href":"https:\/\/wellisparts.siteapp.hu\/hu\/wp-json\/wp\/v2\/product_brand?post=10938"},{"taxonomy":"product_cat","embeddable":true,"href":"https:\/\/wellisparts.siteapp.hu\/hu\/wp-json\/wp\/v2\/product_cat?post=10938"},{"taxonomy":"product_tag","embeddable":true,"href":"https:\/\/wellisparts.siteapp.hu\/hu\/wp-json\/wp\/v2\/product_tag?post=10938"}],"curies":[{"name":"wp","href":"https:\/\/api.w.org\/{rel}","templated":true}]}}