{"id":11433,"date":"2021-12-15T10:23:26","date_gmt":"2021-12-15T09:23:26","guid":{"rendered":"https:\/\/wellisparts.siteapp.hu\/products\/nem-kategorizalt\/redlight-futoszal-600w-285mm-tg-b-c\/"},"modified":"2026-01-23T02:02:10","modified_gmt":"2026-01-23T01:02:10","slug":"acm0124","status":"publish","type":"product","link":"https:\/\/wellisparts.siteapp.hu\/hu\/shop\/acm0124\/","title":{"rendered":"Redlight f\u0171t\u0151sz\u00e1l 600W, 285mm \/ TG-B-C"},"content":{"rendered":"<p>A Redlight(sz\u00e9nalap\u00fa) f\u0171t\u0151sz\u00e1l nem csak k\u00f6lts\u00e9ghat\u00e9kony megold\u00e1s, de seg\u00edt megv\u00e9deni F\u00f6ld\u00fcnk er\u0151forr\u00e1sait is. Magas h\u0151hat\u00e1sfok \u00e9s hossz\u00fa \u00e9lettartam jellemzi, amit egy f\u00e9m f\u0171t\u0151sz\u00e1l energiaig\u00e9ny\u00e9nek kevesebb mint 30%-\u00e1val \u00e9ri el. Kiz\u00e1r\u00f3lag t\u00e1voli infrasugarak (FIR) tartom\u00e1ny\u00e1ban sug\u00e1roz. Nem bocs\u00e1t ki k\u00e1ros, magas frekvenci\u00e1j\u00fa, elektrom\u00e1gneses \u00e9s ultraibolya sugarakat. A villanyk\u00f6rt\u00e9hez hasonl\u00f3 gyorsas\u00e1g\u00fa felf\u0171t\u00e9si id\u0151vel, azonnal \u00e9rezhet\u0151 meleget ad.<\/p>\n","protected":false},"excerpt":{"rendered":"<p>Redlight f\u0171t\u0151sz\u00e1l 600W, 285mm \/ TG-B-C &#8211; Szauna alkatr\u00e9szek &#8211; infra<\/p>\n","protected":false},"featured_media":30796,"template":"","meta":{"_acf_changed":false},"product_brand":[],"product_cat":[1231,1230],"product_tag":[],"class_list":{"0":"post-11433","1":"product","2":"type-product","3":"status-publish","4":"has-post-thumbnail","6":"product_cat-infraszauna","7":"product_cat-szauna-alkatreszek","9":"first","10":"instock","11":"taxable","12":"shipping-taxable","13":"purchasable","14":"product-type-simple"},"acf":[],"yoast_head":"<!-- This site is optimized with the Yoast SEO Premium plugin v25.6 (Yoast SEO v27.3) - https:\/\/yoast.com\/product\/yoast-seo-premium-wordpress\/ -->\n<title>Redlight f\u0171t\u0151sz\u00e1l 600W, 285mm \/ TG-B-C | Wellisparts<\/title>\n<meta name=\"description\" content=\"Redlight f\u0171t\u0151sz\u00e1l 600W, 285mm \/ TG-B-C - Szauna alkatr\u00e9szek - infra\" \/>\n<meta name=\"robots\" content=\"noindex, follow, max-snippet:-1, max-image-preview:large, max-video-preview:-1\" \/>\n<meta property=\"og:locale\" content=\"hu_HU\" \/>\n<meta property=\"og:type\" content=\"article\" \/>\n<meta property=\"og:title\" content=\"Redlight f\u0171t\u0151sz\u00e1l 600W, 285mm \/ TG-B-C\" \/>\n<meta property=\"og:description\" content=\"Redlight f\u0171t\u0151sz\u00e1l 600W, 285mm \/ TG-B-C - Szauna alkatr\u00e9szek - infra\" \/>\n<meta property=\"og:url\" content=\"https:\/\/wellisparts.siteapp.hu\/hu\/shop\/acm0124\/\" \/>\n<meta property=\"og:site_name\" content=\"Wellisparts\" \/>\n<meta property=\"article:publisher\" content=\"https:\/\/www.facebook.com\/wellis.eu\" \/>\n<meta property=\"article:modified_time\" content=\"2026-01-23T01:02:10+00:00\" \/>\n<meta property=\"og:image\" content=\"https:\/\/wellisparts.siteapp.hu\/wp-content\/uploads\/2022\/01\/ACM0124_1.jpeg\" \/>\n\t<meta property=\"og:image:width\" content=\"800\" \/>\n\t<meta property=\"og:image:height\" content=\"800\" \/>\n\t<meta property=\"og:image:type\" content=\"image\/jpeg\" \/>\n<meta name=\"twitter:card\" content=\"summary_large_image\" \/>\n<meta name=\"twitter:label1\" content=\"\u00c1r\" \/>\n\t<meta name=\"twitter:data1\" content=\"21 458&nbsp;&#070;&#116; +\u00c1FA\" \/>\n\t<meta name=\"twitter:label2\" content=\"El\u00e9rhet\u0151s\u00e9g\" \/>\n\t<meta name=\"twitter:data2\" content=\"K\u00e9szleten\" \/>\n<script type=\"application\/ld+json\" class=\"yoast-schema-graph\">{\"@context\":\"https:\\\/\\\/schema.org\",\"@graph\":[{\"@type\":\"WebPage\",\"@id\":\"https:\\\/\\\/wellisparts.siteapp.hu\\\/hu\\\/shop\\\/acm0124\\\/\",\"url\":\"https:\\\/\\\/wellisparts.siteapp.hu\\\/hu\\\/shop\\\/acm0124\\\/\",\"name\":\"Redlight f\u0171t\u0151sz\u00e1l 600W, 285mm \\\/ TG-B-C | Wellisparts\",\"isPartOf\":{\"@id\":\"https:\\\/\\\/wellisparts.siteapp.hu\\\/hu\\\/#website\"},\"primaryImageOfPage\":{\"@id\":\"https:\\\/\\\/wellisparts.siteapp.hu\\\/hu\\\/shop\\\/acm0124\\\/#primaryimage\"},\"image\":{\"@id\":\"https:\\\/\\\/wellisparts.siteapp.hu\\\/hu\\\/shop\\\/acm0124\\\/#primaryimage\"},\"thumbnailUrl\":\"https:\\\/\\\/wellisparts.siteapp.hu\\\/wp-content\\\/uploads\\\/2022\\\/01\\\/ACM0124_1.jpeg\",\"datePublished\":\"2021-12-15T09:23:26+00:00\",\"dateModified\":\"2026-01-23T01:02:10+00:00\",\"description\":\"Redlight f\u0171t\u0151sz\u00e1l 600W, 285mm \\\/ TG-B-C - Szauna alkatr\u00e9szek - infra\",\"breadcrumb\":{\"@id\":\"https:\\\/\\\/wellisparts.siteapp.hu\\\/hu\\\/shop\\\/acm0124\\\/#breadcrumb\"},\"inLanguage\":\"hu\",\"potentialAction\":[{\"@type\":\"ReadAction\",\"target\":[\"https:\\\/\\\/wellisparts.siteapp.hu\\\/hu\\\/shop\\\/acm0124\\\/\"]}]},{\"@type\":\"ImageObject\",\"inLanguage\":\"hu\",\"@id\":\"https:\\\/\\\/wellisparts.siteapp.hu\\\/hu\\\/shop\\\/acm0124\\\/#primaryimage\",\"url\":\"https:\\\/\\\/wellisparts.siteapp.hu\\\/wp-content\\\/uploads\\\/2022\\\/01\\\/ACM0124_1.jpeg\",\"contentUrl\":\"https:\\\/\\\/wellisparts.siteapp.hu\\\/wp-content\\\/uploads\\\/2022\\\/01\\\/ACM0124_1.jpeg\",\"width\":800,\"height\":800},{\"@type\":\"BreadcrumbList\",\"@id\":\"https:\\\/\\\/wellisparts.siteapp.hu\\\/hu\\\/shop\\\/acm0124\\\/#breadcrumb\",\"itemListElement\":[{\"@type\":\"ListItem\",\"position\":1,\"name\":\"Home\",\"item\":\"https:\\\/\\\/wellisparts.siteapp.hu\\\/hu\\\/\"},{\"@type\":\"ListItem\",\"position\":2,\"name\":\"Term\u00e9kek\",\"item\":\"https:\\\/\\\/wellisparts.siteapp.hu\\\/hu\\\/shop\\\/\"},{\"@type\":\"ListItem\",\"position\":3,\"name\":\"Redlight f\u0171t\u0151sz\u00e1l 600W, 285mm \\\/ TG-B-C\"}]},{\"@type\":\"WebSite\",\"@id\":\"https:\\\/\\\/wellisparts.siteapp.hu\\\/hu\\\/#website\",\"url\":\"https:\\\/\\\/wellisparts.siteapp.hu\\\/hu\\\/\",\"name\":\"Wellisparts\",\"description\":\"Wellis alkatr\u00e9sz \u00e9s kieg\u00e9sz\u00edt\u0151 webshop\",\"publisher\":{\"@id\":\"https:\\\/\\\/wellisparts.siteapp.hu\\\/hu\\\/#organization\"},\"potentialAction\":[{\"@type\":\"SearchAction\",\"target\":{\"@type\":\"EntryPoint\",\"urlTemplate\":\"https:\\\/\\\/wellisparts.siteapp.hu\\\/hu\\\/?s={search_term_string}\"},\"query-input\":{\"@type\":\"PropertyValueSpecification\",\"valueRequired\":true,\"valueName\":\"search_term_string\"}}],\"inLanguage\":\"hu\"},{\"@type\":\"Organization\",\"@id\":\"https:\\\/\\\/wellisparts.siteapp.hu\\\/hu\\\/#organization\",\"name\":\"Wellis\",\"url\":\"https:\\\/\\\/wellisparts.siteapp.hu\\\/hu\\\/\",\"logo\":{\"@type\":\"ImageObject\",\"inLanguage\":\"hu\",\"@id\":\"https:\\\/\\\/wellisparts.siteapp.hu\\\/hu\\\/#\\\/schema\\\/logo\\\/image\\\/\",\"url\":\"https:\\\/\\\/wellisparts.siteapp.hu\\\/wp-content\\\/uploads\\\/2020\\\/04\\\/wellis-logo-gray-300x92-1.png\",\"contentUrl\":\"https:\\\/\\\/wellisparts.siteapp.hu\\\/wp-content\\\/uploads\\\/2020\\\/04\\\/wellis-logo-gray-300x92-1.png\",\"width\":300,\"height\":92,\"caption\":\"Wellis\"},\"image\":{\"@id\":\"https:\\\/\\\/wellisparts.siteapp.hu\\\/hu\\\/#\\\/schema\\\/logo\\\/image\\\/\"},\"sameAs\":[\"https:\\\/\\\/www.facebook.com\\\/wellis.eu\",\"https:\\\/\\\/www.instagram.com\\\/wellis.spa\\\/\",\"https:\\\/\\\/www.linkedin.com\\\/company\\\/wellis\",\"https:\\\/\\\/www.youtube.com\\\/channel\\\/UCBfTfURbofhapZionQfC-Gg\"]}]}<\/script>\n<meta property=\"product:price:amount\" content=\"21458\" \/>\n<meta property=\"product:price:currency\" content=\"HUF\" \/>\n<meta property=\"og:availability\" content=\"instock\" \/>\n<meta property=\"product:availability\" content=\"instock\" \/>\n<meta property=\"product:retailer_item_id\" content=\"ACM0124\" \/>\n<meta property=\"product:condition\" content=\"new\" \/>\n<!-- \/ Yoast SEO Premium plugin. -->","yoast_head_json":{"title":"Redlight f\u0171t\u0151sz\u00e1l 600W, 285mm \/ TG-B-C | Wellisparts","description":"Redlight f\u0171t\u0151sz\u00e1l 600W, 285mm \/ TG-B-C - Szauna alkatr\u00e9szek - infra","robots":{"index":"noindex","follow":"follow","max-snippet":"max-snippet:-1","max-image-preview":"max-image-preview:large","max-video-preview":"max-video-preview:-1"},"og_locale":"hu_HU","og_type":"article","og_title":"Redlight f\u0171t\u0151sz\u00e1l 600W, 285mm \/ TG-B-C","og_description":"Redlight f\u0171t\u0151sz\u00e1l 600W, 285mm \/ TG-B-C - Szauna alkatr\u00e9szek - infra","og_url":"https:\/\/wellisparts.siteapp.hu\/hu\/shop\/acm0124\/","og_site_name":"Wellisparts","article_publisher":"https:\/\/www.facebook.com\/wellis.eu","article_modified_time":"2026-01-23T01:02:10+00:00","og_image":[{"width":800,"height":800,"url":"https:\/\/wellisparts.siteapp.hu\/wp-content\/uploads\/2022\/01\/ACM0124_1.jpeg","type":"image\/jpeg"}],"twitter_card":"summary_large_image","twitter_misc":{"\u00c1r":"21 458&nbsp;&#70;&#116; +\u00c1FA","El\u00e9rhet\u0151s\u00e9g":"K\u00e9szleten"},"schema":{"@context":"https:\/\/schema.org","@graph":[{"@type":"WebPage","@id":"https:\/\/wellisparts.siteapp.hu\/hu\/shop\/acm0124\/","url":"https:\/\/wellisparts.siteapp.hu\/hu\/shop\/acm0124\/","name":"Redlight f\u0171t\u0151sz\u00e1l 600W, 285mm \/ TG-B-C | Wellisparts","isPartOf":{"@id":"https:\/\/wellisparts.siteapp.hu\/hu\/#website"},"primaryImageOfPage":{"@id":"https:\/\/wellisparts.siteapp.hu\/hu\/shop\/acm0124\/#primaryimage"},"image":{"@id":"https:\/\/wellisparts.siteapp.hu\/hu\/shop\/acm0124\/#primaryimage"},"thumbnailUrl":"https:\/\/wellisparts.siteapp.hu\/wp-content\/uploads\/2022\/01\/ACM0124_1.jpeg","datePublished":"2021-12-15T09:23:26+00:00","dateModified":"2026-01-23T01:02:10+00:00","description":"Redlight f\u0171t\u0151sz\u00e1l 600W, 285mm \/ TG-B-C - Szauna alkatr\u00e9szek - infra","breadcrumb":{"@id":"https:\/\/wellisparts.siteapp.hu\/hu\/shop\/acm0124\/#breadcrumb"},"inLanguage":"hu","potentialAction":[{"@type":"ReadAction","target":["https:\/\/wellisparts.siteapp.hu\/hu\/shop\/acm0124\/"]}]},{"@type":"ImageObject","inLanguage":"hu","@id":"https:\/\/wellisparts.siteapp.hu\/hu\/shop\/acm0124\/#primaryimage","url":"https:\/\/wellisparts.siteapp.hu\/wp-content\/uploads\/2022\/01\/ACM0124_1.jpeg","contentUrl":"https:\/\/wellisparts.siteapp.hu\/wp-content\/uploads\/2022\/01\/ACM0124_1.jpeg","width":800,"height":800},{"@type":"BreadcrumbList","@id":"https:\/\/wellisparts.siteapp.hu\/hu\/shop\/acm0124\/#breadcrumb","itemListElement":[{"@type":"ListItem","position":1,"name":"Home","item":"https:\/\/wellisparts.siteapp.hu\/hu\/"},{"@type":"ListItem","position":2,"name":"Term\u00e9kek","item":"https:\/\/wellisparts.siteapp.hu\/hu\/shop\/"},{"@type":"ListItem","position":3,"name":"Redlight f\u0171t\u0151sz\u00e1l 600W, 285mm \/ TG-B-C"}]},{"@type":"WebSite","@id":"https:\/\/wellisparts.siteapp.hu\/hu\/#website","url":"https:\/\/wellisparts.siteapp.hu\/hu\/","name":"Wellisparts","description":"Wellis alkatr\u00e9sz \u00e9s kieg\u00e9sz\u00edt\u0151 webshop","publisher":{"@id":"https:\/\/wellisparts.siteapp.hu\/hu\/#organization"},"potentialAction":[{"@type":"SearchAction","target":{"@type":"EntryPoint","urlTemplate":"https:\/\/wellisparts.siteapp.hu\/hu\/?s={search_term_string}"},"query-input":{"@type":"PropertyValueSpecification","valueRequired":true,"valueName":"search_term_string"}}],"inLanguage":"hu"},{"@type":"Organization","@id":"https:\/\/wellisparts.siteapp.hu\/hu\/#organization","name":"Wellis","url":"https:\/\/wellisparts.siteapp.hu\/hu\/","logo":{"@type":"ImageObject","inLanguage":"hu","@id":"https:\/\/wellisparts.siteapp.hu\/hu\/#\/schema\/logo\/image\/","url":"https:\/\/wellisparts.siteapp.hu\/wp-content\/uploads\/2020\/04\/wellis-logo-gray-300x92-1.png","contentUrl":"https:\/\/wellisparts.siteapp.hu\/wp-content\/uploads\/2020\/04\/wellis-logo-gray-300x92-1.png","width":300,"height":92,"caption":"Wellis"},"image":{"@id":"https:\/\/wellisparts.siteapp.hu\/hu\/#\/schema\/logo\/image\/"},"sameAs":["https:\/\/www.facebook.com\/wellis.eu","https:\/\/www.instagram.com\/wellis.spa\/","https:\/\/www.linkedin.com\/company\/wellis","https:\/\/www.youtube.com\/channel\/UCBfTfURbofhapZionQfC-Gg"]}]},"product_price_amount":"21458","product_price_currency":"HUF","og_availability":"instock","product_availability":"instock","product_retailer_item_id":"ACM0124","product_condition":"new"},"_links":{"self":[{"href":"https:\/\/wellisparts.siteapp.hu\/hu\/wp-json\/wp\/v2\/product\/11433","targetHints":{"allow":["GET"]}}],"collection":[{"href":"https:\/\/wellisparts.siteapp.hu\/hu\/wp-json\/wp\/v2\/product"}],"about":[{"href":"https:\/\/wellisparts.siteapp.hu\/hu\/wp-json\/wp\/v2\/types\/product"}],"wp:featuredmedia":[{"embeddable":true,"href":"https:\/\/wellisparts.siteapp.hu\/hu\/wp-json\/wp\/v2\/media\/30796"}],"wp:attachment":[{"href":"https:\/\/wellisparts.siteapp.hu\/hu\/wp-json\/wp\/v2\/media?parent=11433"}],"wp:term":[{"taxonomy":"product_brand","embeddable":true,"href":"https:\/\/wellisparts.siteapp.hu\/hu\/wp-json\/wp\/v2\/product_brand?post=11433"},{"taxonomy":"product_cat","embeddable":true,"href":"https:\/\/wellisparts.siteapp.hu\/hu\/wp-json\/wp\/v2\/product_cat?post=11433"},{"taxonomy":"product_tag","embeddable":true,"href":"https:\/\/wellisparts.siteapp.hu\/hu\/wp-json\/wp\/v2\/product_tag?post=11433"}],"curies":[{"name":"wp","href":"https:\/\/api.w.org\/{rel}","templated":true}]}}