{"id":51598,"date":"2024-04-26T23:46:00","date_gmt":"2024-04-26T21:46:00","guid":{"rendered":"https:\/\/wellisparts.siteapp.hu\/?post_type=product&#038;p=51598"},"modified":"2025-07-24T11:50:00","modified_gmt":"2025-07-24T09:50:00","slug":"mubor-medenceteto-everst-life-kilimanjaro-life-elbrus-life-barna-normal","status":"publish","type":"product","link":"https:\/\/wellisparts.siteapp.hu\/hu\/shop\/mubor-medenceteto-everst-life-kilimanjaro-life-elbrus-life-barna-normal\/","title":{"rendered":"M\u0171b\u0151r medencetet\u0151 Everst Life\/\/Kilimanjaro Life\/ Elbrus Life  barna Norm\u00e1l"},"content":{"rendered":"<p>Medencetet\u0151 Everest Life\/Kilimanjaro Life\/Elbrus Life barna Norm\u00e1l<\/p>\n","protected":false},"excerpt":{"rendered":"<p>Norm\u00e1l medencetet\u0151, M\u00e9rete: 236&#215;236\/8\/45<\/p>\n","protected":false},"featured_media":63051,"template":"","meta":{"_acf_changed":false},"product_brand":[],"product_cat":[2795,2778],"product_tag":[],"class_list":{"0":"post-51598","1":"product","2":"type-product","3":"status-publish","4":"has-post-thumbnail","6":"product_cat-regi-tipus-mubor","7":"product_cat-wellis-medence-tetok","8":"pa_mennyiseg-csomagolasi-egyseg-db","9":"pa_szarmazasi-hely-magyarorszag-en","11":"first","12":"instock","13":"taxable","14":"shipping-taxable","15":"purchasable","16":"product-type-simple"},"acf":[],"yoast_head":"<!-- This site is optimized with the Yoast SEO Premium plugin v25.6 (Yoast SEO v27.3) - https:\/\/yoast.com\/product\/yoast-seo-premium-wordpress\/ -->\n<title>M\u0171b\u0151r medencetet\u0151 Everst Life\/\/Kilimanjaro Life\/ Elbrus Life barna Norm\u00e1l<\/title>\n<meta name=\"description\" content=\"Norm\u00e1l medencetet\u0151, M\u00e9rete: 236x236\/8\/45\" \/>\n<meta name=\"robots\" content=\"noindex, follow, max-snippet:-1, max-image-preview:large, max-video-preview:-1\" \/>\n<meta property=\"og:locale\" content=\"hu_HU\" \/>\n<meta property=\"og:type\" content=\"article\" \/>\n<meta property=\"og:title\" content=\"M\u0171b\u0151r medencetet\u0151 Everst Life\/\/Kilimanjaro Life\/ Elbrus Life barna Norm\u00e1l\" \/>\n<meta property=\"og:description\" content=\"Norm\u00e1l medencetet\u0151, M\u00e9rete: 236x236\/8\/45\" \/>\n<meta property=\"og:url\" content=\"https:\/\/wellisparts.siteapp.hu\/hu\/shop\/mubor-medenceteto-everst-life-kilimanjaro-life-elbrus-life-barna-normal\/\" \/>\n<meta property=\"og:site_name\" content=\"Wellisparts\" \/>\n<meta property=\"article:publisher\" content=\"https:\/\/www.facebook.com\/wellis.eu\" \/>\n<meta property=\"article:modified_time\" content=\"2025-07-24T09:50:00+00:00\" \/>\n<meta property=\"og:image\" content=\"https:\/\/wellisparts.siteapp.hu\/wp-content\/uploads\/2025\/02\/cover_leather_brown_web.jpg\" \/>\n\t<meta property=\"og:image:width\" content=\"1200\" \/>\n\t<meta property=\"og:image:height\" content=\"1200\" \/>\n\t<meta property=\"og:image:type\" content=\"image\/jpeg\" \/>\n<meta name=\"twitter:card\" content=\"summary_large_image\" \/>\n<meta name=\"twitter:label1\" content=\"\u00c1r\" \/>\n\t<meta name=\"twitter:data1\" content=\"145 591&nbsp;&#070;&#116; +\u00c1FA\" \/>\n\t<meta name=\"twitter:label2\" content=\"El\u00e9rhet\u0151s\u00e9g\" \/>\n\t<meta name=\"twitter:data2\" content=\"K\u00e9szleten\" \/>\n<script type=\"application\/ld+json\" class=\"yoast-schema-graph\">{\"@context\":\"https:\\\/\\\/schema.org\",\"@graph\":[{\"@type\":\"WebPage\",\"@id\":\"https:\\\/\\\/wellisparts.siteapp.hu\\\/hu\\\/shop\\\/mubor-medenceteto-everst-life-kilimanjaro-life-elbrus-life-barna-normal\\\/\",\"url\":\"https:\\\/\\\/wellisparts.siteapp.hu\\\/hu\\\/shop\\\/mubor-medenceteto-everst-life-kilimanjaro-life-elbrus-life-barna-normal\\\/\",\"name\":\"M\u0171b\u0151r medencetet\u0151 Everst Life\\\/\\\/Kilimanjaro Life\\\/ Elbrus Life barna Norm\u00e1l\",\"isPartOf\":{\"@id\":\"https:\\\/\\\/wellisparts.siteapp.hu\\\/hu\\\/#website\"},\"primaryImageOfPage\":{\"@id\":\"https:\\\/\\\/wellisparts.siteapp.hu\\\/hu\\\/shop\\\/mubor-medenceteto-everst-life-kilimanjaro-life-elbrus-life-barna-normal\\\/#primaryimage\"},\"image\":{\"@id\":\"https:\\\/\\\/wellisparts.siteapp.hu\\\/hu\\\/shop\\\/mubor-medenceteto-everst-life-kilimanjaro-life-elbrus-life-barna-normal\\\/#primaryimage\"},\"thumbnailUrl\":\"https:\\\/\\\/wellisparts.siteapp.hu\\\/wp-content\\\/uploads\\\/2025\\\/02\\\/cover_leather_brown_web.jpg\",\"datePublished\":\"2024-04-26T21:46:00+00:00\",\"dateModified\":\"2025-07-24T09:50:00+00:00\",\"description\":\"Norm\u00e1l medencetet\u0151, M\u00e9rete: 236x236\\\/8\\\/45\",\"breadcrumb\":{\"@id\":\"https:\\\/\\\/wellisparts.siteapp.hu\\\/hu\\\/shop\\\/mubor-medenceteto-everst-life-kilimanjaro-life-elbrus-life-barna-normal\\\/#breadcrumb\"},\"inLanguage\":\"hu\",\"potentialAction\":[{\"@type\":\"ReadAction\",\"target\":[\"https:\\\/\\\/wellisparts.siteapp.hu\\\/hu\\\/shop\\\/mubor-medenceteto-everst-life-kilimanjaro-life-elbrus-life-barna-normal\\\/\"]}]},{\"@type\":\"ImageObject\",\"inLanguage\":\"hu\",\"@id\":\"https:\\\/\\\/wellisparts.siteapp.hu\\\/hu\\\/shop\\\/mubor-medenceteto-everst-life-kilimanjaro-life-elbrus-life-barna-normal\\\/#primaryimage\",\"url\":\"https:\\\/\\\/wellisparts.siteapp.hu\\\/wp-content\\\/uploads\\\/2025\\\/02\\\/cover_leather_brown_web.jpg\",\"contentUrl\":\"https:\\\/\\\/wellisparts.siteapp.hu\\\/wp-content\\\/uploads\\\/2025\\\/02\\\/cover_leather_brown_web.jpg\",\"width\":1200,\"height\":1200},{\"@type\":\"BreadcrumbList\",\"@id\":\"https:\\\/\\\/wellisparts.siteapp.hu\\\/hu\\\/shop\\\/mubor-medenceteto-everst-life-kilimanjaro-life-elbrus-life-barna-normal\\\/#breadcrumb\",\"itemListElement\":[{\"@type\":\"ListItem\",\"position\":1,\"name\":\"Home\",\"item\":\"https:\\\/\\\/wellisparts.siteapp.hu\\\/hu\\\/\"},{\"@type\":\"ListItem\",\"position\":2,\"name\":\"Term\u00e9kek\",\"item\":\"https:\\\/\\\/wellisparts.siteapp.hu\\\/hu\\\/shop\\\/\"},{\"@type\":\"ListItem\",\"position\":3,\"name\":\"M\u0171b\u0151r medencetet\u0151 Everst Life\\\/\\\/Kilimanjaro Life\\\/ Elbrus Life barna Norm\u00e1l\"}]},{\"@type\":\"WebSite\",\"@id\":\"https:\\\/\\\/wellisparts.siteapp.hu\\\/hu\\\/#website\",\"url\":\"https:\\\/\\\/wellisparts.siteapp.hu\\\/hu\\\/\",\"name\":\"Wellisparts\",\"description\":\"Wellis alkatr\u00e9sz \u00e9s kieg\u00e9sz\u00edt\u0151 webshop\",\"publisher\":{\"@id\":\"https:\\\/\\\/wellisparts.siteapp.hu\\\/hu\\\/#organization\"},\"potentialAction\":[{\"@type\":\"SearchAction\",\"target\":{\"@type\":\"EntryPoint\",\"urlTemplate\":\"https:\\\/\\\/wellisparts.siteapp.hu\\\/hu\\\/?s={search_term_string}\"},\"query-input\":{\"@type\":\"PropertyValueSpecification\",\"valueRequired\":true,\"valueName\":\"search_term_string\"}}],\"inLanguage\":\"hu\"},{\"@type\":\"Organization\",\"@id\":\"https:\\\/\\\/wellisparts.siteapp.hu\\\/hu\\\/#organization\",\"name\":\"Wellis\",\"url\":\"https:\\\/\\\/wellisparts.siteapp.hu\\\/hu\\\/\",\"logo\":{\"@type\":\"ImageObject\",\"inLanguage\":\"hu\",\"@id\":\"https:\\\/\\\/wellisparts.siteapp.hu\\\/hu\\\/#\\\/schema\\\/logo\\\/image\\\/\",\"url\":\"https:\\\/\\\/wellisparts.siteapp.hu\\\/wp-content\\\/uploads\\\/2020\\\/04\\\/wellis-logo-gray-300x92-1.png\",\"contentUrl\":\"https:\\\/\\\/wellisparts.siteapp.hu\\\/wp-content\\\/uploads\\\/2020\\\/04\\\/wellis-logo-gray-300x92-1.png\",\"width\":300,\"height\":92,\"caption\":\"Wellis\"},\"image\":{\"@id\":\"https:\\\/\\\/wellisparts.siteapp.hu\\\/hu\\\/#\\\/schema\\\/logo\\\/image\\\/\"},\"sameAs\":[\"https:\\\/\\\/www.facebook.com\\\/wellis.eu\",\"https:\\\/\\\/www.instagram.com\\\/wellis.spa\\\/\",\"https:\\\/\\\/www.linkedin.com\\\/company\\\/wellis\",\"https:\\\/\\\/www.youtube.com\\\/channel\\\/UCBfTfURbofhapZionQfC-Gg\"]}]}<\/script>\n<meta property=\"product:price:amount\" content=\"145591\" \/>\n<meta property=\"product:price:currency\" content=\"HUF\" \/>\n<meta property=\"og:availability\" content=\"instock\" \/>\n<meta property=\"product:availability\" content=\"instock\" \/>\n<meta property=\"product:retailer_item_id\" content=\"WT00228-BN\" \/>\n<meta property=\"product:condition\" content=\"new\" \/>\n<!-- \/ Yoast SEO Premium plugin. -->","yoast_head_json":{"title":"M\u0171b\u0151r medencetet\u0151 Everst Life\/\/Kilimanjaro Life\/ Elbrus Life barna Norm\u00e1l","description":"Norm\u00e1l medencetet\u0151, M\u00e9rete: 236x236\/8\/45","robots":{"index":"noindex","follow":"follow","max-snippet":"max-snippet:-1","max-image-preview":"max-image-preview:large","max-video-preview":"max-video-preview:-1"},"og_locale":"hu_HU","og_type":"article","og_title":"M\u0171b\u0151r medencetet\u0151 Everst Life\/\/Kilimanjaro Life\/ Elbrus Life barna Norm\u00e1l","og_description":"Norm\u00e1l medencetet\u0151, M\u00e9rete: 236x236\/8\/45","og_url":"https:\/\/wellisparts.siteapp.hu\/hu\/shop\/mubor-medenceteto-everst-life-kilimanjaro-life-elbrus-life-barna-normal\/","og_site_name":"Wellisparts","article_publisher":"https:\/\/www.facebook.com\/wellis.eu","article_modified_time":"2025-07-24T09:50:00+00:00","og_image":[{"width":1200,"height":1200,"url":"https:\/\/wellisparts.siteapp.hu\/wp-content\/uploads\/2025\/02\/cover_leather_brown_web.jpg","type":"image\/jpeg"}],"twitter_card":"summary_large_image","twitter_misc":{"\u00c1r":"145 591&nbsp;&#70;&#116; +\u00c1FA","El\u00e9rhet\u0151s\u00e9g":"K\u00e9szleten"},"schema":{"@context":"https:\/\/schema.org","@graph":[{"@type":"WebPage","@id":"https:\/\/wellisparts.siteapp.hu\/hu\/shop\/mubor-medenceteto-everst-life-kilimanjaro-life-elbrus-life-barna-normal\/","url":"https:\/\/wellisparts.siteapp.hu\/hu\/shop\/mubor-medenceteto-everst-life-kilimanjaro-life-elbrus-life-barna-normal\/","name":"M\u0171b\u0151r medencetet\u0151 Everst Life\/\/Kilimanjaro Life\/ Elbrus Life barna Norm\u00e1l","isPartOf":{"@id":"https:\/\/wellisparts.siteapp.hu\/hu\/#website"},"primaryImageOfPage":{"@id":"https:\/\/wellisparts.siteapp.hu\/hu\/shop\/mubor-medenceteto-everst-life-kilimanjaro-life-elbrus-life-barna-normal\/#primaryimage"},"image":{"@id":"https:\/\/wellisparts.siteapp.hu\/hu\/shop\/mubor-medenceteto-everst-life-kilimanjaro-life-elbrus-life-barna-normal\/#primaryimage"},"thumbnailUrl":"https:\/\/wellisparts.siteapp.hu\/wp-content\/uploads\/2025\/02\/cover_leather_brown_web.jpg","datePublished":"2024-04-26T21:46:00+00:00","dateModified":"2025-07-24T09:50:00+00:00","description":"Norm\u00e1l medencetet\u0151, M\u00e9rete: 236x236\/8\/45","breadcrumb":{"@id":"https:\/\/wellisparts.siteapp.hu\/hu\/shop\/mubor-medenceteto-everst-life-kilimanjaro-life-elbrus-life-barna-normal\/#breadcrumb"},"inLanguage":"hu","potentialAction":[{"@type":"ReadAction","target":["https:\/\/wellisparts.siteapp.hu\/hu\/shop\/mubor-medenceteto-everst-life-kilimanjaro-life-elbrus-life-barna-normal\/"]}]},{"@type":"ImageObject","inLanguage":"hu","@id":"https:\/\/wellisparts.siteapp.hu\/hu\/shop\/mubor-medenceteto-everst-life-kilimanjaro-life-elbrus-life-barna-normal\/#primaryimage","url":"https:\/\/wellisparts.siteapp.hu\/wp-content\/uploads\/2025\/02\/cover_leather_brown_web.jpg","contentUrl":"https:\/\/wellisparts.siteapp.hu\/wp-content\/uploads\/2025\/02\/cover_leather_brown_web.jpg","width":1200,"height":1200},{"@type":"BreadcrumbList","@id":"https:\/\/wellisparts.siteapp.hu\/hu\/shop\/mubor-medenceteto-everst-life-kilimanjaro-life-elbrus-life-barna-normal\/#breadcrumb","itemListElement":[{"@type":"ListItem","position":1,"name":"Home","item":"https:\/\/wellisparts.siteapp.hu\/hu\/"},{"@type":"ListItem","position":2,"name":"Term\u00e9kek","item":"https:\/\/wellisparts.siteapp.hu\/hu\/shop\/"},{"@type":"ListItem","position":3,"name":"M\u0171b\u0151r medencetet\u0151 Everst Life\/\/Kilimanjaro Life\/ Elbrus Life barna Norm\u00e1l"}]},{"@type":"WebSite","@id":"https:\/\/wellisparts.siteapp.hu\/hu\/#website","url":"https:\/\/wellisparts.siteapp.hu\/hu\/","name":"Wellisparts","description":"Wellis alkatr\u00e9sz \u00e9s kieg\u00e9sz\u00edt\u0151 webshop","publisher":{"@id":"https:\/\/wellisparts.siteapp.hu\/hu\/#organization"},"potentialAction":[{"@type":"SearchAction","target":{"@type":"EntryPoint","urlTemplate":"https:\/\/wellisparts.siteapp.hu\/hu\/?s={search_term_string}"},"query-input":{"@type":"PropertyValueSpecification","valueRequired":true,"valueName":"search_term_string"}}],"inLanguage":"hu"},{"@type":"Organization","@id":"https:\/\/wellisparts.siteapp.hu\/hu\/#organization","name":"Wellis","url":"https:\/\/wellisparts.siteapp.hu\/hu\/","logo":{"@type":"ImageObject","inLanguage":"hu","@id":"https:\/\/wellisparts.siteapp.hu\/hu\/#\/schema\/logo\/image\/","url":"https:\/\/wellisparts.siteapp.hu\/wp-content\/uploads\/2020\/04\/wellis-logo-gray-300x92-1.png","contentUrl":"https:\/\/wellisparts.siteapp.hu\/wp-content\/uploads\/2020\/04\/wellis-logo-gray-300x92-1.png","width":300,"height":92,"caption":"Wellis"},"image":{"@id":"https:\/\/wellisparts.siteapp.hu\/hu\/#\/schema\/logo\/image\/"},"sameAs":["https:\/\/www.facebook.com\/wellis.eu","https:\/\/www.instagram.com\/wellis.spa\/","https:\/\/www.linkedin.com\/company\/wellis","https:\/\/www.youtube.com\/channel\/UCBfTfURbofhapZionQfC-Gg"]}]},"product_price_amount":"145591","product_price_currency":"HUF","og_availability":"instock","product_availability":"instock","product_retailer_item_id":"WT00228-BN","product_condition":"new"},"_links":{"self":[{"href":"https:\/\/wellisparts.siteapp.hu\/hu\/wp-json\/wp\/v2\/product\/51598","targetHints":{"allow":["GET"]}}],"collection":[{"href":"https:\/\/wellisparts.siteapp.hu\/hu\/wp-json\/wp\/v2\/product"}],"about":[{"href":"https:\/\/wellisparts.siteapp.hu\/hu\/wp-json\/wp\/v2\/types\/product"}],"wp:featuredmedia":[{"embeddable":true,"href":"https:\/\/wellisparts.siteapp.hu\/hu\/wp-json\/wp\/v2\/media\/63051"}],"wp:attachment":[{"href":"https:\/\/wellisparts.siteapp.hu\/hu\/wp-json\/wp\/v2\/media?parent=51598"}],"wp:term":[{"taxonomy":"product_brand","embeddable":true,"href":"https:\/\/wellisparts.siteapp.hu\/hu\/wp-json\/wp\/v2\/product_brand?post=51598"},{"taxonomy":"product_cat","embeddable":true,"href":"https:\/\/wellisparts.siteapp.hu\/hu\/wp-json\/wp\/v2\/product_cat?post=51598"},{"taxonomy":"product_tag","embeddable":true,"href":"https:\/\/wellisparts.siteapp.hu\/hu\/wp-json\/wp\/v2\/product_tag?post=51598"}],"curies":[{"name":"wp","href":"https:\/\/api.w.org\/{rel}","templated":true}]}}