{"id":56083,"date":"2024-04-26T23:48:58","date_gmt":"2024-04-26T21:48:58","guid":{"rendered":"https:\/\/wellisparts.siteapp.hu\/shop\/szurobetet-175x152-kek-lamellas-wellis-ritka-menetes\/"},"modified":"2026-04-13T17:02:15","modified_gmt":"2026-04-13T15:02:15","slug":"szurobetet-175x152-kek-lamellas-wellis-ritka-menetes","status":"publish","type":"product","link":"https:\/\/wellisparts.siteapp.hu\/hu\/shop\/szurobetet-175x152-kek-lamellas-wellis-ritka-menetes\/","title":{"rendered":"Sz\u0171r\u0151bet\u00e9t 175&#215;148 k\u00e9k lamell\u00e1s Wellis (ritka menetes)"},"content":{"rendered":"<p>Kompatibilis term\u00e9kek: AKU1609 &#8211; AKU3000. Kompatibilis medenc\u00e9k: Amazonas Turbine 2019 ; Amazonas W-flow 2019 ; Rio Grande Turbine ; Danube Turbine; kiv\u00e1lt\u00f3 cikk: AKU0135<\/p>\n<p>A 2024. okt\u00f3ber ut\u00e1n gy\u00e1rtott medenc\u00e9khez kiz\u00e1r\u00f3lag ez a sz\u0171r\u0151 alkalmazhat\u00f3 ( illetve az AKU3000 ), ugyanakkor a kor\u00e1bban gy\u00e1rtott medenc\u00e9kbe is be\u00e9p\u00edthet\u0151 egyes t\u00edpusokn\u00e1l ahol ritka menetes sz\u0171r\u0151t haszn\u00e1ltak. <\/p>\n<p>A sz\u0171r\u0151bet\u00e9t higi\u00e9niai term\u00e9knek min\u0151s\u00fcl, \u00edgy a visszak\u00fcld\u00e9s lehet\u0151s\u00e9ge csak addig \u00e1ll fenn, am\u00edg a<br \/>\nterm\u00e9k csomagol\u00e1sa s\u00e9rtetlen marad. Amint a csomagol\u00e1s felbont\u00e1sra ker\u00fcl, a term\u00e9keket m\u00e1r nem \u00e1ll m\u00f3dunkban visszavenni,<br \/>\nmivel azok higi\u00e9niai okokb\u00f3l nem \u00e9rt\u00e9kes\u00edthet\u0151k \u00fajra.<\/p>\n","protected":false},"excerpt":{"rendered":"<p>Sz\u0171r\u0151bet\u00e9t 175&#215;152 k\u00e9k lamell\u00e1s Wellis (ritka menetes) &#8211; Spa alkatr\u00e9szek &#8211; Sz\u0171r\u0151bet\u00e9tek<\/p>\n","protected":false},"featured_media":63412,"template":"","meta":{"_acf_changed":false},"product_brand":[],"product_cat":[1203,1206],"product_tag":[],"class_list":{"0":"post-56083","1":"product","2":"type-product","3":"status-publish","4":"has-post-thumbnail","6":"product_cat-spa-kiegeszitok","7":"product_cat-szurobetetek","9":"first","10":"instock","11":"taxable","12":"shipping-taxable","13":"purchasable","14":"product-type-simple"},"acf":[],"yoast_head":"<!-- This site is optimized with the Yoast SEO Premium plugin v25.6 (Yoast SEO v27.3) - https:\/\/yoast.com\/product\/yoast-seo-premium-wordpress\/ -->\n<title>Sz\u0171r\u0151bet\u00e9t 175x152 k\u00e9k lamell\u00e1s Wellis (ritka menetes)<\/title>\n<meta name=\"description\" content=\"Sz\u0171r\u0151bet\u00e9t 175x152 k\u00e9k lamell\u00e1s Wellis (ritka menetes) - Spa alkatr\u00e9szek - Sz\u0171r\u0151bet\u00e9tek\" \/>\n<meta name=\"robots\" content=\"noindex, follow, max-snippet:-1, max-image-preview:large, max-video-preview:-1\" \/>\n<meta property=\"og:locale\" content=\"hu_HU\" \/>\n<meta property=\"og:type\" content=\"article\" \/>\n<meta property=\"og:title\" content=\"Sz\u0171r\u0151bet\u00e9t 175x148 k\u00e9k lamell\u00e1s Wellis (ritka menetes)\" \/>\n<meta property=\"og:description\" content=\"Sz\u0171r\u0151bet\u00e9t 175x152 k\u00e9k lamell\u00e1s Wellis (ritka menetes) - Spa alkatr\u00e9szek - Sz\u0171r\u0151bet\u00e9tek\" \/>\n<meta property=\"og:url\" content=\"https:\/\/wellisparts.siteapp.hu\/hu\/shop\/szurobetet-175x152-kek-lamellas-wellis-ritka-menetes\/\" \/>\n<meta property=\"og:site_name\" content=\"Wellisparts\" \/>\n<meta property=\"article:publisher\" content=\"https:\/\/www.facebook.com\/wellis.eu\" \/>\n<meta property=\"article:modified_time\" content=\"2026-04-13T15:02:15+00:00\" \/>\n<meta property=\"og:image\" content=\"https:\/\/wellisparts.siteapp.hu\/wp-content\/uploads\/2024\/04\/AKU3001-thread-scaled.jpg\" \/>\n\t<meta property=\"og:image:width\" content=\"1440\" \/>\n\t<meta property=\"og:image:height\" content=\"1920\" \/>\n\t<meta property=\"og:image:type\" content=\"image\/jpeg\" \/>\n<meta name=\"twitter:card\" content=\"summary_large_image\" \/>\n<meta name=\"twitter:label1\" content=\"\u00c1r\" \/>\n\t<meta name=\"twitter:data1\" content=\"11 496&nbsp;&#070;&#116; +\u00c1FA\" \/>\n\t<meta name=\"twitter:label2\" content=\"El\u00e9rhet\u0151s\u00e9g\" \/>\n\t<meta name=\"twitter:data2\" content=\"K\u00e9szleten\" \/>\n<script type=\"application\/ld+json\" class=\"yoast-schema-graph\">{\"@context\":\"https:\\\/\\\/schema.org\",\"@graph\":[{\"@type\":\"WebPage\",\"@id\":\"https:\\\/\\\/wellisparts.siteapp.hu\\\/hu\\\/shop\\\/szurobetet-175x152-kek-lamellas-wellis-ritka-menetes\\\/\",\"url\":\"https:\\\/\\\/wellisparts.siteapp.hu\\\/hu\\\/shop\\\/szurobetet-175x152-kek-lamellas-wellis-ritka-menetes\\\/\",\"name\":\"Sz\u0171r\u0151bet\u00e9t 175x152 k\u00e9k lamell\u00e1s Wellis (ritka menetes)\",\"isPartOf\":{\"@id\":\"https:\\\/\\\/wellisparts.siteapp.hu\\\/hu\\\/#website\"},\"primaryImageOfPage\":{\"@id\":\"https:\\\/\\\/wellisparts.siteapp.hu\\\/hu\\\/shop\\\/szurobetet-175x152-kek-lamellas-wellis-ritka-menetes\\\/#primaryimage\"},\"image\":{\"@id\":\"https:\\\/\\\/wellisparts.siteapp.hu\\\/hu\\\/shop\\\/szurobetet-175x152-kek-lamellas-wellis-ritka-menetes\\\/#primaryimage\"},\"thumbnailUrl\":\"https:\\\/\\\/wellisparts.siteapp.hu\\\/wp-content\\\/uploads\\\/2024\\\/04\\\/AKU3001-thread-scaled.jpg\",\"datePublished\":\"2024-04-26T21:48:58+00:00\",\"dateModified\":\"2026-04-13T15:02:15+00:00\",\"description\":\"Sz\u0171r\u0151bet\u00e9t 175x152 k\u00e9k lamell\u00e1s Wellis (ritka menetes) - Spa alkatr\u00e9szek - Sz\u0171r\u0151bet\u00e9tek\",\"breadcrumb\":{\"@id\":\"https:\\\/\\\/wellisparts.siteapp.hu\\\/hu\\\/shop\\\/szurobetet-175x152-kek-lamellas-wellis-ritka-menetes\\\/#breadcrumb\"},\"inLanguage\":\"hu\",\"potentialAction\":[{\"@type\":\"ReadAction\",\"target\":[\"https:\\\/\\\/wellisparts.siteapp.hu\\\/hu\\\/shop\\\/szurobetet-175x152-kek-lamellas-wellis-ritka-menetes\\\/\"]}]},{\"@type\":\"ImageObject\",\"inLanguage\":\"hu\",\"@id\":\"https:\\\/\\\/wellisparts.siteapp.hu\\\/hu\\\/shop\\\/szurobetet-175x152-kek-lamellas-wellis-ritka-menetes\\\/#primaryimage\",\"url\":\"https:\\\/\\\/wellisparts.siteapp.hu\\\/wp-content\\\/uploads\\\/2024\\\/04\\\/AKU3001-thread-scaled.jpg\",\"contentUrl\":\"https:\\\/\\\/wellisparts.siteapp.hu\\\/wp-content\\\/uploads\\\/2024\\\/04\\\/AKU3001-thread-scaled.jpg\",\"width\":1440,\"height\":1920},{\"@type\":\"BreadcrumbList\",\"@id\":\"https:\\\/\\\/wellisparts.siteapp.hu\\\/hu\\\/shop\\\/szurobetet-175x152-kek-lamellas-wellis-ritka-menetes\\\/#breadcrumb\",\"itemListElement\":[{\"@type\":\"ListItem\",\"position\":1,\"name\":\"Home\",\"item\":\"https:\\\/\\\/wellisparts.siteapp.hu\\\/hu\\\/\"},{\"@type\":\"ListItem\",\"position\":2,\"name\":\"Term\u00e9kek\",\"item\":\"https:\\\/\\\/wellisparts.siteapp.hu\\\/hu\\\/shop\\\/\"},{\"@type\":\"ListItem\",\"position\":3,\"name\":\"Sz\u0171r\u0151bet\u00e9t 175&#215;148 k\u00e9k lamell\u00e1s Wellis (ritka menetes)\"}]},{\"@type\":\"WebSite\",\"@id\":\"https:\\\/\\\/wellisparts.siteapp.hu\\\/hu\\\/#website\",\"url\":\"https:\\\/\\\/wellisparts.siteapp.hu\\\/hu\\\/\",\"name\":\"Wellisparts\",\"description\":\"Wellis alkatr\u00e9sz \u00e9s kieg\u00e9sz\u00edt\u0151 webshop\",\"publisher\":{\"@id\":\"https:\\\/\\\/wellisparts.siteapp.hu\\\/hu\\\/#organization\"},\"potentialAction\":[{\"@type\":\"SearchAction\",\"target\":{\"@type\":\"EntryPoint\",\"urlTemplate\":\"https:\\\/\\\/wellisparts.siteapp.hu\\\/hu\\\/?s={search_term_string}\"},\"query-input\":{\"@type\":\"PropertyValueSpecification\",\"valueRequired\":true,\"valueName\":\"search_term_string\"}}],\"inLanguage\":\"hu\"},{\"@type\":\"Organization\",\"@id\":\"https:\\\/\\\/wellisparts.siteapp.hu\\\/hu\\\/#organization\",\"name\":\"Wellis\",\"url\":\"https:\\\/\\\/wellisparts.siteapp.hu\\\/hu\\\/\",\"logo\":{\"@type\":\"ImageObject\",\"inLanguage\":\"hu\",\"@id\":\"https:\\\/\\\/wellisparts.siteapp.hu\\\/hu\\\/#\\\/schema\\\/logo\\\/image\\\/\",\"url\":\"https:\\\/\\\/wellisparts.siteapp.hu\\\/wp-content\\\/uploads\\\/2020\\\/04\\\/wellis-logo-gray-300x92-1.png\",\"contentUrl\":\"https:\\\/\\\/wellisparts.siteapp.hu\\\/wp-content\\\/uploads\\\/2020\\\/04\\\/wellis-logo-gray-300x92-1.png\",\"width\":300,\"height\":92,\"caption\":\"Wellis\"},\"image\":{\"@id\":\"https:\\\/\\\/wellisparts.siteapp.hu\\\/hu\\\/#\\\/schema\\\/logo\\\/image\\\/\"},\"sameAs\":[\"https:\\\/\\\/www.facebook.com\\\/wellis.eu\",\"https:\\\/\\\/www.instagram.com\\\/wellis.spa\\\/\",\"https:\\\/\\\/www.linkedin.com\\\/company\\\/wellis\",\"https:\\\/\\\/www.youtube.com\\\/channel\\\/UCBfTfURbofhapZionQfC-Gg\"]}]}<\/script>\n<meta property=\"product:price:amount\" content=\"11496\" \/>\n<meta property=\"product:price:currency\" content=\"HUF\" \/>\n<meta property=\"og:availability\" content=\"instock\" \/>\n<meta property=\"product:availability\" content=\"instock\" \/>\n<meta property=\"product:retailer_item_id\" content=\"AKU3001\" \/>\n<meta property=\"product:condition\" content=\"new\" \/>\n<!-- \/ Yoast SEO Premium plugin. -->","yoast_head_json":{"title":"Sz\u0171r\u0151bet\u00e9t 175x152 k\u00e9k lamell\u00e1s Wellis (ritka menetes)","description":"Sz\u0171r\u0151bet\u00e9t 175x152 k\u00e9k lamell\u00e1s Wellis (ritka menetes) - Spa alkatr\u00e9szek - Sz\u0171r\u0151bet\u00e9tek","robots":{"index":"noindex","follow":"follow","max-snippet":"max-snippet:-1","max-image-preview":"max-image-preview:large","max-video-preview":"max-video-preview:-1"},"og_locale":"hu_HU","og_type":"article","og_title":"Sz\u0171r\u0151bet\u00e9t 175x148 k\u00e9k lamell\u00e1s Wellis (ritka menetes)","og_description":"Sz\u0171r\u0151bet\u00e9t 175x152 k\u00e9k lamell\u00e1s Wellis (ritka menetes) - Spa alkatr\u00e9szek - Sz\u0171r\u0151bet\u00e9tek","og_url":"https:\/\/wellisparts.siteapp.hu\/hu\/shop\/szurobetet-175x152-kek-lamellas-wellis-ritka-menetes\/","og_site_name":"Wellisparts","article_publisher":"https:\/\/www.facebook.com\/wellis.eu","article_modified_time":"2026-04-13T15:02:15+00:00","og_image":[{"width":1440,"height":1920,"url":"https:\/\/wellisparts.siteapp.hu\/wp-content\/uploads\/2024\/04\/AKU3001-thread-scaled.jpg","type":"image\/jpeg"}],"twitter_card":"summary_large_image","twitter_misc":{"\u00c1r":"11 496&nbsp;&#70;&#116; +\u00c1FA","El\u00e9rhet\u0151s\u00e9g":"K\u00e9szleten"},"schema":{"@context":"https:\/\/schema.org","@graph":[{"@type":"WebPage","@id":"https:\/\/wellisparts.siteapp.hu\/hu\/shop\/szurobetet-175x152-kek-lamellas-wellis-ritka-menetes\/","url":"https:\/\/wellisparts.siteapp.hu\/hu\/shop\/szurobetet-175x152-kek-lamellas-wellis-ritka-menetes\/","name":"Sz\u0171r\u0151bet\u00e9t 175x152 k\u00e9k lamell\u00e1s Wellis (ritka menetes)","isPartOf":{"@id":"https:\/\/wellisparts.siteapp.hu\/hu\/#website"},"primaryImageOfPage":{"@id":"https:\/\/wellisparts.siteapp.hu\/hu\/shop\/szurobetet-175x152-kek-lamellas-wellis-ritka-menetes\/#primaryimage"},"image":{"@id":"https:\/\/wellisparts.siteapp.hu\/hu\/shop\/szurobetet-175x152-kek-lamellas-wellis-ritka-menetes\/#primaryimage"},"thumbnailUrl":"https:\/\/wellisparts.siteapp.hu\/wp-content\/uploads\/2024\/04\/AKU3001-thread-scaled.jpg","datePublished":"2024-04-26T21:48:58+00:00","dateModified":"2026-04-13T15:02:15+00:00","description":"Sz\u0171r\u0151bet\u00e9t 175x152 k\u00e9k lamell\u00e1s Wellis (ritka menetes) - Spa alkatr\u00e9szek - Sz\u0171r\u0151bet\u00e9tek","breadcrumb":{"@id":"https:\/\/wellisparts.siteapp.hu\/hu\/shop\/szurobetet-175x152-kek-lamellas-wellis-ritka-menetes\/#breadcrumb"},"inLanguage":"hu","potentialAction":[{"@type":"ReadAction","target":["https:\/\/wellisparts.siteapp.hu\/hu\/shop\/szurobetet-175x152-kek-lamellas-wellis-ritka-menetes\/"]}]},{"@type":"ImageObject","inLanguage":"hu","@id":"https:\/\/wellisparts.siteapp.hu\/hu\/shop\/szurobetet-175x152-kek-lamellas-wellis-ritka-menetes\/#primaryimage","url":"https:\/\/wellisparts.siteapp.hu\/wp-content\/uploads\/2024\/04\/AKU3001-thread-scaled.jpg","contentUrl":"https:\/\/wellisparts.siteapp.hu\/wp-content\/uploads\/2024\/04\/AKU3001-thread-scaled.jpg","width":1440,"height":1920},{"@type":"BreadcrumbList","@id":"https:\/\/wellisparts.siteapp.hu\/hu\/shop\/szurobetet-175x152-kek-lamellas-wellis-ritka-menetes\/#breadcrumb","itemListElement":[{"@type":"ListItem","position":1,"name":"Home","item":"https:\/\/wellisparts.siteapp.hu\/hu\/"},{"@type":"ListItem","position":2,"name":"Term\u00e9kek","item":"https:\/\/wellisparts.siteapp.hu\/hu\/shop\/"},{"@type":"ListItem","position":3,"name":"Sz\u0171r\u0151bet\u00e9t 175&#215;148 k\u00e9k lamell\u00e1s Wellis (ritka menetes)"}]},{"@type":"WebSite","@id":"https:\/\/wellisparts.siteapp.hu\/hu\/#website","url":"https:\/\/wellisparts.siteapp.hu\/hu\/","name":"Wellisparts","description":"Wellis alkatr\u00e9sz \u00e9s kieg\u00e9sz\u00edt\u0151 webshop","publisher":{"@id":"https:\/\/wellisparts.siteapp.hu\/hu\/#organization"},"potentialAction":[{"@type":"SearchAction","target":{"@type":"EntryPoint","urlTemplate":"https:\/\/wellisparts.siteapp.hu\/hu\/?s={search_term_string}"},"query-input":{"@type":"PropertyValueSpecification","valueRequired":true,"valueName":"search_term_string"}}],"inLanguage":"hu"},{"@type":"Organization","@id":"https:\/\/wellisparts.siteapp.hu\/hu\/#organization","name":"Wellis","url":"https:\/\/wellisparts.siteapp.hu\/hu\/","logo":{"@type":"ImageObject","inLanguage":"hu","@id":"https:\/\/wellisparts.siteapp.hu\/hu\/#\/schema\/logo\/image\/","url":"https:\/\/wellisparts.siteapp.hu\/wp-content\/uploads\/2020\/04\/wellis-logo-gray-300x92-1.png","contentUrl":"https:\/\/wellisparts.siteapp.hu\/wp-content\/uploads\/2020\/04\/wellis-logo-gray-300x92-1.png","width":300,"height":92,"caption":"Wellis"},"image":{"@id":"https:\/\/wellisparts.siteapp.hu\/hu\/#\/schema\/logo\/image\/"},"sameAs":["https:\/\/www.facebook.com\/wellis.eu","https:\/\/www.instagram.com\/wellis.spa\/","https:\/\/www.linkedin.com\/company\/wellis","https:\/\/www.youtube.com\/channel\/UCBfTfURbofhapZionQfC-Gg"]}]},"product_price_amount":"11496","product_price_currency":"HUF","og_availability":"instock","product_availability":"instock","product_retailer_item_id":"AKU3001","product_condition":"new"},"_links":{"self":[{"href":"https:\/\/wellisparts.siteapp.hu\/hu\/wp-json\/wp\/v2\/product\/56083","targetHints":{"allow":["GET"]}}],"collection":[{"href":"https:\/\/wellisparts.siteapp.hu\/hu\/wp-json\/wp\/v2\/product"}],"about":[{"href":"https:\/\/wellisparts.siteapp.hu\/hu\/wp-json\/wp\/v2\/types\/product"}],"wp:featuredmedia":[{"embeddable":true,"href":"https:\/\/wellisparts.siteapp.hu\/hu\/wp-json\/wp\/v2\/media\/63412"}],"wp:attachment":[{"href":"https:\/\/wellisparts.siteapp.hu\/hu\/wp-json\/wp\/v2\/media?parent=56083"}],"wp:term":[{"taxonomy":"product_brand","embeddable":true,"href":"https:\/\/wellisparts.siteapp.hu\/hu\/wp-json\/wp\/v2\/product_brand?post=56083"},{"taxonomy":"product_cat","embeddable":true,"href":"https:\/\/wellisparts.siteapp.hu\/hu\/wp-json\/wp\/v2\/product_cat?post=56083"},{"taxonomy":"product_tag","embeddable":true,"href":"https:\/\/wellisparts.siteapp.hu\/hu\/wp-json\/wp\/v2\/product_tag?post=56083"}],"curies":[{"name":"wp","href":"https:\/\/api.w.org\/{rel}","templated":true}]}}