{"id":64310,"date":"2025-04-28T16:04:06","date_gmt":"2025-04-28T14:04:06","guid":{"rendered":"https:\/\/wellisparts.siteapp.hu\/?post_type=product&#038;p=64310"},"modified":"2026-04-02T12:02:18","modified_gmt":"2026-04-02T10:02:18","slug":"wifi-vevo-in-touch-2-gecko-euuk","status":"publish","type":"product","link":"https:\/\/wellisparts.siteapp.hu\/hu\/shop\/wifi-vevo-in-touch-2-gecko-euuk\/","title":{"rendered":"Wifi vev\u0151 in-touch 3 Gecko EU&#038;UK"},"content":{"rendered":"<p>helyettes\u00edti az ACM0901-et<\/p>\n","protected":false},"excerpt":{"rendered":"<p>Wifi vev\u0151 in-touch 3 Gecko EU&amp;UK &#8211; Spa alkatr\u00e9szek &#8211; Gecko<\/p>\n<div class=\"woocommerce-product-details__short-description\">\n<p data-start=\"1064\" data-end=\"1216\"><strong data-start=\"1064\" data-end=\"1144\">Fejlett technol\u00f3gia a z\u00f6kken\u0151mentes csatlakoz\u00e1s\u00e9rt \u00e9s v\u00edzmin\u0151s\u00e9g-figyel\u00e9s\u00e9rt<\/strong><\/p>\n<ul data-start=\"1217\" data-end=\"1656\">\n<li data-start=\"1217\" data-end=\"1348\">\n<p data-start=\"1219\" data-end=\"1348\"><strong data-start=\"1219\" data-end=\"1241\">Mobil t\u00e1vvez\u00e9rl\u00e9s:<\/strong> okostelefonnal ir\u00e1ny\u00edthat\u00f3 a massz\u00e1zsmedence \u2013 be\u00e1ll\u00edthat\u00f3 a h\u0151m\u00e9rs\u00e9kletet an\u00e9lk\u00fcl, hogy oda kelljen s\u00e9t\u00e1lni;<\/p>\n<\/li>\n<li data-start=\"1349\" data-end=\"1486\">\n<p data-start=\"1351\" data-end=\"1486\"><strong data-start=\"1351\" data-end=\"1377\">Folyamatos fejleszt\u00e9s:<\/strong> rendszeres friss\u00edt\u00e9sek az \u00faj term\u00e9kekhez igaz\u00edtva, hogy a massz\u00e1zsmedence minden friss\u00edt\u00e9ssel meg\u00fajuljon;<\/p>\n<\/li>\n<li data-start=\"1487\" data-end=\"1656\">\n<p data-start=\"1489\" data-end=\"1656\"><strong data-start=\"1489\" data-end=\"1514\">Megb\u00edzhat\u00f3 kapcsolat:<\/strong> a k\u00e9t modul k\u00f6z\u00f6tti bev\u00e1lt r\u00e1di\u00f3frekvenci\u00e1s (RF) kommunik\u00e1ci\u00f3 er\u0151s, stabil \u00e9s nagy hat\u00f3t\u00e1vols\u00e1g\u00fa jelet biztos\u00edt a medence \u00e9s a router k\u00f6z\u00f6tt.<\/p>\n<\/li>\n<\/ul>\n<\/div>\n","protected":false},"featured_media":67745,"template":"","meta":{"_acf_changed":false},"product_brand":[],"product_cat":[1221,1210],"product_tag":[],"class_list":{"0":"post-64310","1":"product","2":"type-product","3":"status-publish","4":"has-post-thumbnail","6":"product_cat-gecko","7":"product_cat-spa-masszazsmedence-wellis-alkatreszek","9":"first","10":"outofstock","11":"taxable","12":"shipping-taxable","13":"purchasable","14":"product-type-simple"},"acf":[],"yoast_head":"<!-- This site is optimized with the Yoast SEO Premium plugin v25.6 (Yoast SEO v27.3) - https:\/\/yoast.com\/product\/yoast-seo-premium-wordpress\/ -->\n<title>Wifi vev\u0151 in-touch 3 Gecko EU&amp;UK | Wellisparts<\/title>\n<meta name=\"description\" content=\"Wifi vev\u0151 in-touch 2 Gecko EU&amp;UK - Spa alkatr\u00e9szek - Gecko\" \/>\n<meta name=\"robots\" content=\"noindex, follow, max-snippet:-1, max-image-preview:large, max-video-preview:-1\" \/>\n<meta property=\"og:locale\" content=\"hu_HU\" \/>\n<meta property=\"og:type\" content=\"article\" \/>\n<meta property=\"og:title\" content=\"Wifi vev\u0151 in-touch 3 Gecko EU&amp;UK\" \/>\n<meta property=\"og:description\" content=\"Wifi vev\u0151 in-touch 2 Gecko EU&amp;UK - Spa alkatr\u00e9szek - Gecko\" \/>\n<meta property=\"og:url\" content=\"https:\/\/wellisparts.siteapp.hu\/hu\/shop\/wifi-vevo-in-touch-2-gecko-euuk\/\" \/>\n<meta property=\"og:site_name\" content=\"Wellisparts\" \/>\n<meta property=\"article:publisher\" content=\"https:\/\/www.facebook.com\/wellis.eu\" \/>\n<meta property=\"article:modified_time\" content=\"2026-04-02T10:02:18+00:00\" \/>\n<meta property=\"og:image\" content=\"https:\/\/wellisparts.siteapp.hu\/wp-content\/uploads\/2025\/04\/Gecko-in-touch-3-Wi-Fi-modul.jpg\" \/>\n\t<meta property=\"og:image:width\" content=\"1200\" \/>\n\t<meta property=\"og:image:height\" content=\"1200\" \/>\n\t<meta property=\"og:image:type\" content=\"image\/jpeg\" \/>\n<meta name=\"twitter:card\" content=\"summary_large_image\" \/>\n<meta name=\"twitter:label1\" content=\"\u00c1r\" \/>\n\t<meta name=\"twitter:data1\" content=\"119 900&nbsp;&#070;&#116; +\u00c1FA\" \/>\n\t<meta name=\"twitter:label2\" content=\"El\u00e9rhet\u0151s\u00e9g\" \/>\n\t<meta name=\"twitter:data2\" content=\"Nincs k\u00e9szleten\" \/>\n<script type=\"application\/ld+json\" class=\"yoast-schema-graph\">{\"@context\":\"https:\\\/\\\/schema.org\",\"@graph\":[{\"@type\":\"WebPage\",\"@id\":\"https:\\\/\\\/wellisparts.siteapp.hu\\\/hu\\\/shop\\\/wifi-vevo-in-touch-2-gecko-euuk\\\/\",\"url\":\"https:\\\/\\\/wellisparts.siteapp.hu\\\/hu\\\/shop\\\/wifi-vevo-in-touch-2-gecko-euuk\\\/\",\"name\":\"Wifi vev\u0151 in-touch 3 Gecko EU&UK | Wellisparts\",\"isPartOf\":{\"@id\":\"https:\\\/\\\/wellisparts.siteapp.hu\\\/hu\\\/#website\"},\"primaryImageOfPage\":{\"@id\":\"https:\\\/\\\/wellisparts.siteapp.hu\\\/hu\\\/shop\\\/wifi-vevo-in-touch-2-gecko-euuk\\\/#primaryimage\"},\"image\":{\"@id\":\"https:\\\/\\\/wellisparts.siteapp.hu\\\/hu\\\/shop\\\/wifi-vevo-in-touch-2-gecko-euuk\\\/#primaryimage\"},\"thumbnailUrl\":\"https:\\\/\\\/wellisparts.siteapp.hu\\\/wp-content\\\/uploads\\\/2025\\\/04\\\/Gecko-in-touch-3-Wi-Fi-modul.jpg\",\"datePublished\":\"2025-04-28T14:04:06+00:00\",\"dateModified\":\"2026-04-02T10:02:18+00:00\",\"description\":\"Wifi vev\u0151 in-touch 2 Gecko EU&UK - Spa alkatr\u00e9szek - Gecko\",\"breadcrumb\":{\"@id\":\"https:\\\/\\\/wellisparts.siteapp.hu\\\/hu\\\/shop\\\/wifi-vevo-in-touch-2-gecko-euuk\\\/#breadcrumb\"},\"inLanguage\":\"hu\",\"potentialAction\":[{\"@type\":\"ReadAction\",\"target\":[\"https:\\\/\\\/wellisparts.siteapp.hu\\\/hu\\\/shop\\\/wifi-vevo-in-touch-2-gecko-euuk\\\/\"]}]},{\"@type\":\"ImageObject\",\"inLanguage\":\"hu\",\"@id\":\"https:\\\/\\\/wellisparts.siteapp.hu\\\/hu\\\/shop\\\/wifi-vevo-in-touch-2-gecko-euuk\\\/#primaryimage\",\"url\":\"https:\\\/\\\/wellisparts.siteapp.hu\\\/wp-content\\\/uploads\\\/2025\\\/04\\\/Gecko-in-touch-3-Wi-Fi-modul.jpg\",\"contentUrl\":\"https:\\\/\\\/wellisparts.siteapp.hu\\\/wp-content\\\/uploads\\\/2025\\\/04\\\/Gecko-in-touch-3-Wi-Fi-modul.jpg\",\"width\":1200,\"height\":1200,\"caption\":\"Gecko in-touch 3 Wi-Fi modul\"},{\"@type\":\"BreadcrumbList\",\"@id\":\"https:\\\/\\\/wellisparts.siteapp.hu\\\/hu\\\/shop\\\/wifi-vevo-in-touch-2-gecko-euuk\\\/#breadcrumb\",\"itemListElement\":[{\"@type\":\"ListItem\",\"position\":1,\"name\":\"Home\",\"item\":\"https:\\\/\\\/wellisparts.siteapp.hu\\\/hu\\\/\"},{\"@type\":\"ListItem\",\"position\":2,\"name\":\"Term\u00e9kek\",\"item\":\"https:\\\/\\\/wellisparts.siteapp.hu\\\/hu\\\/shop\\\/\"},{\"@type\":\"ListItem\",\"position\":3,\"name\":\"Wifi vev\u0151 in-touch 3 Gecko EU&#038;UK\"}]},{\"@type\":\"WebSite\",\"@id\":\"https:\\\/\\\/wellisparts.siteapp.hu\\\/hu\\\/#website\",\"url\":\"https:\\\/\\\/wellisparts.siteapp.hu\\\/hu\\\/\",\"name\":\"Wellisparts\",\"description\":\"Wellis alkatr\u00e9sz \u00e9s kieg\u00e9sz\u00edt\u0151 webshop\",\"publisher\":{\"@id\":\"https:\\\/\\\/wellisparts.siteapp.hu\\\/hu\\\/#organization\"},\"potentialAction\":[{\"@type\":\"SearchAction\",\"target\":{\"@type\":\"EntryPoint\",\"urlTemplate\":\"https:\\\/\\\/wellisparts.siteapp.hu\\\/hu\\\/?s={search_term_string}\"},\"query-input\":{\"@type\":\"PropertyValueSpecification\",\"valueRequired\":true,\"valueName\":\"search_term_string\"}}],\"inLanguage\":\"hu\"},{\"@type\":\"Organization\",\"@id\":\"https:\\\/\\\/wellisparts.siteapp.hu\\\/hu\\\/#organization\",\"name\":\"Wellis\",\"url\":\"https:\\\/\\\/wellisparts.siteapp.hu\\\/hu\\\/\",\"logo\":{\"@type\":\"ImageObject\",\"inLanguage\":\"hu\",\"@id\":\"https:\\\/\\\/wellisparts.siteapp.hu\\\/hu\\\/#\\\/schema\\\/logo\\\/image\\\/\",\"url\":\"https:\\\/\\\/wellisparts.siteapp.hu\\\/wp-content\\\/uploads\\\/2020\\\/04\\\/wellis-logo-gray-300x92-1.png\",\"contentUrl\":\"https:\\\/\\\/wellisparts.siteapp.hu\\\/wp-content\\\/uploads\\\/2020\\\/04\\\/wellis-logo-gray-300x92-1.png\",\"width\":300,\"height\":92,\"caption\":\"Wellis\"},\"image\":{\"@id\":\"https:\\\/\\\/wellisparts.siteapp.hu\\\/hu\\\/#\\\/schema\\\/logo\\\/image\\\/\"},\"sameAs\":[\"https:\\\/\\\/www.facebook.com\\\/wellis.eu\",\"https:\\\/\\\/www.instagram.com\\\/wellis.spa\\\/\",\"https:\\\/\\\/www.linkedin.com\\\/company\\\/wellis\",\"https:\\\/\\\/www.youtube.com\\\/channel\\\/UCBfTfURbofhapZionQfC-Gg\"]}]}<\/script>\n<meta property=\"product:price:amount\" content=\"119900\" \/>\n<meta property=\"product:price:currency\" content=\"HUF\" \/>\n<meta property=\"og:availability\" content=\"out of stock\" \/>\n<meta property=\"product:availability\" content=\"out of stock\" \/>\n<meta property=\"product:retailer_item_id\" content=\"ACM1351\" \/>\n<meta property=\"product:condition\" content=\"new\" \/>\n<!-- \/ Yoast SEO Premium plugin. -->","yoast_head_json":{"title":"Wifi vev\u0151 in-touch 3 Gecko EU&UK | Wellisparts","description":"Wifi vev\u0151 in-touch 2 Gecko EU&UK - Spa alkatr\u00e9szek - Gecko","robots":{"index":"noindex","follow":"follow","max-snippet":"max-snippet:-1","max-image-preview":"max-image-preview:large","max-video-preview":"max-video-preview:-1"},"og_locale":"hu_HU","og_type":"article","og_title":"Wifi vev\u0151 in-touch 3 Gecko EU&UK","og_description":"Wifi vev\u0151 in-touch 2 Gecko EU&UK - Spa alkatr\u00e9szek - Gecko","og_url":"https:\/\/wellisparts.siteapp.hu\/hu\/shop\/wifi-vevo-in-touch-2-gecko-euuk\/","og_site_name":"Wellisparts","article_publisher":"https:\/\/www.facebook.com\/wellis.eu","article_modified_time":"2026-04-02T10:02:18+00:00","og_image":[{"width":1200,"height":1200,"url":"https:\/\/wellisparts.siteapp.hu\/wp-content\/uploads\/2025\/04\/Gecko-in-touch-3-Wi-Fi-modul.jpg","type":"image\/jpeg"}],"twitter_card":"summary_large_image","twitter_misc":{"\u00c1r":"119 900&nbsp;&#70;&#116; +\u00c1FA","El\u00e9rhet\u0151s\u00e9g":"Nincs k\u00e9szleten"},"schema":{"@context":"https:\/\/schema.org","@graph":[{"@type":"WebPage","@id":"https:\/\/wellisparts.siteapp.hu\/hu\/shop\/wifi-vevo-in-touch-2-gecko-euuk\/","url":"https:\/\/wellisparts.siteapp.hu\/hu\/shop\/wifi-vevo-in-touch-2-gecko-euuk\/","name":"Wifi vev\u0151 in-touch 3 Gecko EU&UK | Wellisparts","isPartOf":{"@id":"https:\/\/wellisparts.siteapp.hu\/hu\/#website"},"primaryImageOfPage":{"@id":"https:\/\/wellisparts.siteapp.hu\/hu\/shop\/wifi-vevo-in-touch-2-gecko-euuk\/#primaryimage"},"image":{"@id":"https:\/\/wellisparts.siteapp.hu\/hu\/shop\/wifi-vevo-in-touch-2-gecko-euuk\/#primaryimage"},"thumbnailUrl":"https:\/\/wellisparts.siteapp.hu\/wp-content\/uploads\/2025\/04\/Gecko-in-touch-3-Wi-Fi-modul.jpg","datePublished":"2025-04-28T14:04:06+00:00","dateModified":"2026-04-02T10:02:18+00:00","description":"Wifi vev\u0151 in-touch 2 Gecko EU&UK - Spa alkatr\u00e9szek - Gecko","breadcrumb":{"@id":"https:\/\/wellisparts.siteapp.hu\/hu\/shop\/wifi-vevo-in-touch-2-gecko-euuk\/#breadcrumb"},"inLanguage":"hu","potentialAction":[{"@type":"ReadAction","target":["https:\/\/wellisparts.siteapp.hu\/hu\/shop\/wifi-vevo-in-touch-2-gecko-euuk\/"]}]},{"@type":"ImageObject","inLanguage":"hu","@id":"https:\/\/wellisparts.siteapp.hu\/hu\/shop\/wifi-vevo-in-touch-2-gecko-euuk\/#primaryimage","url":"https:\/\/wellisparts.siteapp.hu\/wp-content\/uploads\/2025\/04\/Gecko-in-touch-3-Wi-Fi-modul.jpg","contentUrl":"https:\/\/wellisparts.siteapp.hu\/wp-content\/uploads\/2025\/04\/Gecko-in-touch-3-Wi-Fi-modul.jpg","width":1200,"height":1200,"caption":"Gecko in-touch 3 Wi-Fi modul"},{"@type":"BreadcrumbList","@id":"https:\/\/wellisparts.siteapp.hu\/hu\/shop\/wifi-vevo-in-touch-2-gecko-euuk\/#breadcrumb","itemListElement":[{"@type":"ListItem","position":1,"name":"Home","item":"https:\/\/wellisparts.siteapp.hu\/hu\/"},{"@type":"ListItem","position":2,"name":"Term\u00e9kek","item":"https:\/\/wellisparts.siteapp.hu\/hu\/shop\/"},{"@type":"ListItem","position":3,"name":"Wifi vev\u0151 in-touch 3 Gecko EU&#038;UK"}]},{"@type":"WebSite","@id":"https:\/\/wellisparts.siteapp.hu\/hu\/#website","url":"https:\/\/wellisparts.siteapp.hu\/hu\/","name":"Wellisparts","description":"Wellis alkatr\u00e9sz \u00e9s kieg\u00e9sz\u00edt\u0151 webshop","publisher":{"@id":"https:\/\/wellisparts.siteapp.hu\/hu\/#organization"},"potentialAction":[{"@type":"SearchAction","target":{"@type":"EntryPoint","urlTemplate":"https:\/\/wellisparts.siteapp.hu\/hu\/?s={search_term_string}"},"query-input":{"@type":"PropertyValueSpecification","valueRequired":true,"valueName":"search_term_string"}}],"inLanguage":"hu"},{"@type":"Organization","@id":"https:\/\/wellisparts.siteapp.hu\/hu\/#organization","name":"Wellis","url":"https:\/\/wellisparts.siteapp.hu\/hu\/","logo":{"@type":"ImageObject","inLanguage":"hu","@id":"https:\/\/wellisparts.siteapp.hu\/hu\/#\/schema\/logo\/image\/","url":"https:\/\/wellisparts.siteapp.hu\/wp-content\/uploads\/2020\/04\/wellis-logo-gray-300x92-1.png","contentUrl":"https:\/\/wellisparts.siteapp.hu\/wp-content\/uploads\/2020\/04\/wellis-logo-gray-300x92-1.png","width":300,"height":92,"caption":"Wellis"},"image":{"@id":"https:\/\/wellisparts.siteapp.hu\/hu\/#\/schema\/logo\/image\/"},"sameAs":["https:\/\/www.facebook.com\/wellis.eu","https:\/\/www.instagram.com\/wellis.spa\/","https:\/\/www.linkedin.com\/company\/wellis","https:\/\/www.youtube.com\/channel\/UCBfTfURbofhapZionQfC-Gg"]}]},"product_price_amount":"119900","product_price_currency":"HUF","og_availability":"out of stock","product_availability":"out of stock","product_retailer_item_id":"ACM1351","product_condition":"new"},"_links":{"self":[{"href":"https:\/\/wellisparts.siteapp.hu\/hu\/wp-json\/wp\/v2\/product\/64310","targetHints":{"allow":["GET"]}}],"collection":[{"href":"https:\/\/wellisparts.siteapp.hu\/hu\/wp-json\/wp\/v2\/product"}],"about":[{"href":"https:\/\/wellisparts.siteapp.hu\/hu\/wp-json\/wp\/v2\/types\/product"}],"wp:featuredmedia":[{"embeddable":true,"href":"https:\/\/wellisparts.siteapp.hu\/hu\/wp-json\/wp\/v2\/media\/67745"}],"wp:attachment":[{"href":"https:\/\/wellisparts.siteapp.hu\/hu\/wp-json\/wp\/v2\/media?parent=64310"}],"wp:term":[{"taxonomy":"product_brand","embeddable":true,"href":"https:\/\/wellisparts.siteapp.hu\/hu\/wp-json\/wp\/v2\/product_brand?post=64310"},{"taxonomy":"product_cat","embeddable":true,"href":"https:\/\/wellisparts.siteapp.hu\/hu\/wp-json\/wp\/v2\/product_cat?post=64310"},{"taxonomy":"product_tag","embeddable":true,"href":"https:\/\/wellisparts.siteapp.hu\/hu\/wp-json\/wp\/v2\/product_tag?post=64310"}],"curies":[{"name":"wp","href":"https:\/\/api.w.org\/{rel}","templated":true}]}}