{"id":65890,"date":"2025-07-14T09:57:15","date_gmt":"2025-07-14T07:57:15","guid":{"rendered":"https:\/\/wellisparts.siteapp.hu\/?post_type=product&#038;p=65890"},"modified":"2026-04-06T02:02:13","modified_gmt":"2026-04-06T00:02:13","slug":"folyoka-tavtarto-muanyag","status":"publish","type":"product","link":"https:\/\/wellisparts.siteapp.hu\/hu\/shop\/folyoka-tavtarto-muanyag\/","title":{"rendered":"Foly\u00f3ka t\u00e1vtart\u00f3 m\u0171anyag"},"content":{"rendered":"<p>Foly\u00f3ka t\u00e1vtart\u00f3 m\u0171anyag<br \/>\ncikksz\u00e1m: AE00866<\/p>\n<p>Praktikus \u00e9s strapab\u00edr\u00f3 m\u0171anyag t\u00e1vtart\u00f3 foly\u00f3k\u00e1k szakszer\u0171 telep\u00edt\u00e9s\u00e9hez. Seg\u00edts\u00e9g\u00e9vel egyszer\u0171en biztos\u00edthat\u00f3 a megfelel\u0151 t\u00e1vols\u00e1g \u00e9s stabil r\u00f6gz\u00edt\u00e9s a foly\u00f3karendszerek ki\u00e9p\u00edt\u00e9se sor\u00e1n. K\u00f6nny\u0171, id\u0151\u00e1ll\u00f3, t\u00f6bbsz\u00f6r is felhaszn\u00e1lhat\u00f3. Ide\u00e1lis v\u00e1laszt\u00e1s \u00e9p\u00edtkez\u00e9sekhez, burkol\u00e1si munk\u00e1khoz.<\/p>\n","protected":false},"excerpt":{"rendered":"<p>Foly\u00f3ka t\u00e1vtart\u00f3 m\u0171anyag cikksz\u00e1m: AE00866 Praktikus \u00e9s strapab\u00edr\u00f3 m\u0171anyag t\u00e1vtart\u00f3 foly\u00f3k\u00e1k szakszer\u0171 telep\u00edt\u00e9s\u00e9hez. Seg\u00edts\u00e9g\u00e9vel egyszer\u0171en biztos\u00edthat\u00f3 a megfelel\u0151 t\u00e1vols\u00e1g \u00e9s stabil r\u00f6gz\u00edt\u00e9s a foly\u00f3karendszerek ki\u00e9p\u00edt\u00e9se sor\u00e1n. K\u00f6nny\u0171, id\u0151\u00e1ll\u00f3, t\u00f6bbsz\u00f6r is felhaszn\u00e1lhat\u00f3. Ide\u00e1lis v\u00e1laszt\u00e1s \u00e9p\u00edtkez\u00e9sekhez, burkol\u00e1si munk\u00e1khoz.<\/p>\n","protected":false},"featured_media":65891,"template":"","meta":{"_acf_changed":false},"product_brand":[],"product_cat":[1199],"product_tag":[],"class_list":{"0":"post-65890","1":"product","2":"type-product","3":"status-publish","4":"has-post-thumbnail","6":"product_cat-szaniter-butor-alkatresz","8":"first","9":"instock","10":"taxable","11":"shipping-taxable","12":"purchasable","13":"product-type-simple"},"acf":[],"yoast_head":"<!-- This site is optimized with the Yoast SEO Premium plugin v25.6 (Yoast SEO v27.3) - https:\/\/yoast.com\/product\/yoast-seo-premium-wordpress\/ -->\n<title>Foly\u00f3ka t\u00e1vtart\u00f3 m\u0171anyag | Wellisparts<\/title>\n<meta name=\"description\" content=\"Praktikus \u00e9s strapab\u00edr\u00f3 m\u0171anyag t\u00e1vtart\u00f3 foly\u00f3k\u00e1k szakszer\u0171 telep\u00edt\u00e9s\u00e9hez.\" \/>\n<meta name=\"robots\" content=\"noindex, follow, max-snippet:-1, max-image-preview:large, max-video-preview:-1\" \/>\n<meta property=\"og:locale\" content=\"hu_HU\" \/>\n<meta property=\"og:type\" content=\"article\" \/>\n<meta property=\"og:title\" content=\"Foly\u00f3ka t\u00e1vtart\u00f3 m\u0171anyag\" \/>\n<meta property=\"og:description\" content=\"Praktikus \u00e9s strapab\u00edr\u00f3 m\u0171anyag t\u00e1vtart\u00f3 foly\u00f3k\u00e1k szakszer\u0171 telep\u00edt\u00e9s\u00e9hez.\" \/>\n<meta property=\"og:url\" content=\"https:\/\/wellisparts.siteapp.hu\/hu\/shop\/folyoka-tavtarto-muanyag\/\" \/>\n<meta property=\"og:site_name\" content=\"Wellisparts\" \/>\n<meta property=\"article:publisher\" content=\"https:\/\/www.facebook.com\/wellis.eu\" \/>\n<meta property=\"article:modified_time\" content=\"2026-04-06T00:02:13+00:00\" \/>\n<meta property=\"og:image\" content=\"https:\/\/wellisparts.siteapp.hu\/wp-content\/uploads\/2025\/07\/AE00866_01.jpg\" \/>\n\t<meta property=\"og:image:width\" content=\"800\" \/>\n\t<meta property=\"og:image:height\" content=\"800\" \/>\n\t<meta property=\"og:image:type\" content=\"image\/jpeg\" \/>\n<meta name=\"twitter:card\" content=\"summary_large_image\" \/>\n<meta name=\"twitter:label1\" content=\"\u00c1r\" \/>\n\t<meta name=\"twitter:data1\" content=\"400&nbsp;&#070;&#116; +\u00c1FA\" \/>\n\t<meta name=\"twitter:label2\" content=\"El\u00e9rhet\u0151s\u00e9g\" \/>\n\t<meta name=\"twitter:data2\" content=\"K\u00e9szleten\" \/>\n<script type=\"application\/ld+json\" class=\"yoast-schema-graph\">{\"@context\":\"https:\\\/\\\/schema.org\",\"@graph\":[{\"@type\":\"WebPage\",\"@id\":\"https:\\\/\\\/wellisparts.siteapp.hu\\\/hu\\\/shop\\\/folyoka-tavtarto-muanyag\\\/\",\"url\":\"https:\\\/\\\/wellisparts.siteapp.hu\\\/hu\\\/shop\\\/folyoka-tavtarto-muanyag\\\/\",\"name\":\"Foly\u00f3ka t\u00e1vtart\u00f3 m\u0171anyag | Wellisparts\",\"isPartOf\":{\"@id\":\"https:\\\/\\\/wellisparts.siteapp.hu\\\/hu\\\/#website\"},\"primaryImageOfPage\":{\"@id\":\"https:\\\/\\\/wellisparts.siteapp.hu\\\/hu\\\/shop\\\/folyoka-tavtarto-muanyag\\\/#primaryimage\"},\"image\":{\"@id\":\"https:\\\/\\\/wellisparts.siteapp.hu\\\/hu\\\/shop\\\/folyoka-tavtarto-muanyag\\\/#primaryimage\"},\"thumbnailUrl\":\"https:\\\/\\\/wellisparts.siteapp.hu\\\/wp-content\\\/uploads\\\/2025\\\/07\\\/AE00866_01.jpg\",\"datePublished\":\"2025-07-14T07:57:15+00:00\",\"dateModified\":\"2026-04-06T00:02:13+00:00\",\"description\":\"Praktikus \u00e9s strapab\u00edr\u00f3 m\u0171anyag t\u00e1vtart\u00f3 foly\u00f3k\u00e1k szakszer\u0171 telep\u00edt\u00e9s\u00e9hez.\",\"breadcrumb\":{\"@id\":\"https:\\\/\\\/wellisparts.siteapp.hu\\\/hu\\\/shop\\\/folyoka-tavtarto-muanyag\\\/#breadcrumb\"},\"inLanguage\":\"hu\",\"potentialAction\":[{\"@type\":\"ReadAction\",\"target\":[\"https:\\\/\\\/wellisparts.siteapp.hu\\\/hu\\\/shop\\\/folyoka-tavtarto-muanyag\\\/\"]}]},{\"@type\":\"ImageObject\",\"inLanguage\":\"hu\",\"@id\":\"https:\\\/\\\/wellisparts.siteapp.hu\\\/hu\\\/shop\\\/folyoka-tavtarto-muanyag\\\/#primaryimage\",\"url\":\"https:\\\/\\\/wellisparts.siteapp.hu\\\/wp-content\\\/uploads\\\/2025\\\/07\\\/AE00866_01.jpg\",\"contentUrl\":\"https:\\\/\\\/wellisparts.siteapp.hu\\\/wp-content\\\/uploads\\\/2025\\\/07\\\/AE00866_01.jpg\",\"width\":800,\"height\":800,\"caption\":\"Foly\u00f3ka t\u00e1vtart\u00f3 m\u0171anyag\"},{\"@type\":\"BreadcrumbList\",\"@id\":\"https:\\\/\\\/wellisparts.siteapp.hu\\\/hu\\\/shop\\\/folyoka-tavtarto-muanyag\\\/#breadcrumb\",\"itemListElement\":[{\"@type\":\"ListItem\",\"position\":1,\"name\":\"Home\",\"item\":\"https:\\\/\\\/wellisparts.siteapp.hu\\\/hu\\\/\"},{\"@type\":\"ListItem\",\"position\":2,\"name\":\"Term\u00e9kek\",\"item\":\"https:\\\/\\\/wellisparts.siteapp.hu\\\/hu\\\/shop\\\/\"},{\"@type\":\"ListItem\",\"position\":3,\"name\":\"Foly\u00f3ka t\u00e1vtart\u00f3 m\u0171anyag\"}]},{\"@type\":\"WebSite\",\"@id\":\"https:\\\/\\\/wellisparts.siteapp.hu\\\/hu\\\/#website\",\"url\":\"https:\\\/\\\/wellisparts.siteapp.hu\\\/hu\\\/\",\"name\":\"Wellisparts\",\"description\":\"Wellis alkatr\u00e9sz \u00e9s kieg\u00e9sz\u00edt\u0151 webshop\",\"publisher\":{\"@id\":\"https:\\\/\\\/wellisparts.siteapp.hu\\\/hu\\\/#organization\"},\"potentialAction\":[{\"@type\":\"SearchAction\",\"target\":{\"@type\":\"EntryPoint\",\"urlTemplate\":\"https:\\\/\\\/wellisparts.siteapp.hu\\\/hu\\\/?s={search_term_string}\"},\"query-input\":{\"@type\":\"PropertyValueSpecification\",\"valueRequired\":true,\"valueName\":\"search_term_string\"}}],\"inLanguage\":\"hu\"},{\"@type\":\"Organization\",\"@id\":\"https:\\\/\\\/wellisparts.siteapp.hu\\\/hu\\\/#organization\",\"name\":\"Wellis\",\"url\":\"https:\\\/\\\/wellisparts.siteapp.hu\\\/hu\\\/\",\"logo\":{\"@type\":\"ImageObject\",\"inLanguage\":\"hu\",\"@id\":\"https:\\\/\\\/wellisparts.siteapp.hu\\\/hu\\\/#\\\/schema\\\/logo\\\/image\\\/\",\"url\":\"https:\\\/\\\/wellisparts.siteapp.hu\\\/wp-content\\\/uploads\\\/2020\\\/04\\\/wellis-logo-gray-300x92-1.png\",\"contentUrl\":\"https:\\\/\\\/wellisparts.siteapp.hu\\\/wp-content\\\/uploads\\\/2020\\\/04\\\/wellis-logo-gray-300x92-1.png\",\"width\":300,\"height\":92,\"caption\":\"Wellis\"},\"image\":{\"@id\":\"https:\\\/\\\/wellisparts.siteapp.hu\\\/hu\\\/#\\\/schema\\\/logo\\\/image\\\/\"},\"sameAs\":[\"https:\\\/\\\/www.facebook.com\\\/wellis.eu\",\"https:\\\/\\\/www.instagram.com\\\/wellis.spa\\\/\",\"https:\\\/\\\/www.linkedin.com\\\/company\\\/wellis\",\"https:\\\/\\\/www.youtube.com\\\/channel\\\/UCBfTfURbofhapZionQfC-Gg\"]}]}<\/script>\n<meta property=\"product:price:amount\" content=\"400\" \/>\n<meta property=\"product:price:currency\" content=\"HUF\" \/>\n<meta property=\"og:availability\" content=\"instock\" \/>\n<meta property=\"product:availability\" content=\"instock\" \/>\n<meta property=\"product:retailer_item_id\" content=\"AE00866\" \/>\n<meta property=\"product:condition\" content=\"new\" \/>\n<!-- \/ Yoast SEO Premium plugin. -->","yoast_head_json":{"title":"Foly\u00f3ka t\u00e1vtart\u00f3 m\u0171anyag | Wellisparts","description":"Praktikus \u00e9s strapab\u00edr\u00f3 m\u0171anyag t\u00e1vtart\u00f3 foly\u00f3k\u00e1k szakszer\u0171 telep\u00edt\u00e9s\u00e9hez.","robots":{"index":"noindex","follow":"follow","max-snippet":"max-snippet:-1","max-image-preview":"max-image-preview:large","max-video-preview":"max-video-preview:-1"},"og_locale":"hu_HU","og_type":"article","og_title":"Foly\u00f3ka t\u00e1vtart\u00f3 m\u0171anyag","og_description":"Praktikus \u00e9s strapab\u00edr\u00f3 m\u0171anyag t\u00e1vtart\u00f3 foly\u00f3k\u00e1k szakszer\u0171 telep\u00edt\u00e9s\u00e9hez.","og_url":"https:\/\/wellisparts.siteapp.hu\/hu\/shop\/folyoka-tavtarto-muanyag\/","og_site_name":"Wellisparts","article_publisher":"https:\/\/www.facebook.com\/wellis.eu","article_modified_time":"2026-04-06T00:02:13+00:00","og_image":[{"width":800,"height":800,"url":"https:\/\/wellisparts.siteapp.hu\/wp-content\/uploads\/2025\/07\/AE00866_01.jpg","type":"image\/jpeg"}],"twitter_card":"summary_large_image","twitter_misc":{"\u00c1r":"400&nbsp;&#70;&#116; +\u00c1FA","El\u00e9rhet\u0151s\u00e9g":"K\u00e9szleten"},"schema":{"@context":"https:\/\/schema.org","@graph":[{"@type":"WebPage","@id":"https:\/\/wellisparts.siteapp.hu\/hu\/shop\/folyoka-tavtarto-muanyag\/","url":"https:\/\/wellisparts.siteapp.hu\/hu\/shop\/folyoka-tavtarto-muanyag\/","name":"Foly\u00f3ka t\u00e1vtart\u00f3 m\u0171anyag | Wellisparts","isPartOf":{"@id":"https:\/\/wellisparts.siteapp.hu\/hu\/#website"},"primaryImageOfPage":{"@id":"https:\/\/wellisparts.siteapp.hu\/hu\/shop\/folyoka-tavtarto-muanyag\/#primaryimage"},"image":{"@id":"https:\/\/wellisparts.siteapp.hu\/hu\/shop\/folyoka-tavtarto-muanyag\/#primaryimage"},"thumbnailUrl":"https:\/\/wellisparts.siteapp.hu\/wp-content\/uploads\/2025\/07\/AE00866_01.jpg","datePublished":"2025-07-14T07:57:15+00:00","dateModified":"2026-04-06T00:02:13+00:00","description":"Praktikus \u00e9s strapab\u00edr\u00f3 m\u0171anyag t\u00e1vtart\u00f3 foly\u00f3k\u00e1k szakszer\u0171 telep\u00edt\u00e9s\u00e9hez.","breadcrumb":{"@id":"https:\/\/wellisparts.siteapp.hu\/hu\/shop\/folyoka-tavtarto-muanyag\/#breadcrumb"},"inLanguage":"hu","potentialAction":[{"@type":"ReadAction","target":["https:\/\/wellisparts.siteapp.hu\/hu\/shop\/folyoka-tavtarto-muanyag\/"]}]},{"@type":"ImageObject","inLanguage":"hu","@id":"https:\/\/wellisparts.siteapp.hu\/hu\/shop\/folyoka-tavtarto-muanyag\/#primaryimage","url":"https:\/\/wellisparts.siteapp.hu\/wp-content\/uploads\/2025\/07\/AE00866_01.jpg","contentUrl":"https:\/\/wellisparts.siteapp.hu\/wp-content\/uploads\/2025\/07\/AE00866_01.jpg","width":800,"height":800,"caption":"Foly\u00f3ka t\u00e1vtart\u00f3 m\u0171anyag"},{"@type":"BreadcrumbList","@id":"https:\/\/wellisparts.siteapp.hu\/hu\/shop\/folyoka-tavtarto-muanyag\/#breadcrumb","itemListElement":[{"@type":"ListItem","position":1,"name":"Home","item":"https:\/\/wellisparts.siteapp.hu\/hu\/"},{"@type":"ListItem","position":2,"name":"Term\u00e9kek","item":"https:\/\/wellisparts.siteapp.hu\/hu\/shop\/"},{"@type":"ListItem","position":3,"name":"Foly\u00f3ka t\u00e1vtart\u00f3 m\u0171anyag"}]},{"@type":"WebSite","@id":"https:\/\/wellisparts.siteapp.hu\/hu\/#website","url":"https:\/\/wellisparts.siteapp.hu\/hu\/","name":"Wellisparts","description":"Wellis alkatr\u00e9sz \u00e9s kieg\u00e9sz\u00edt\u0151 webshop","publisher":{"@id":"https:\/\/wellisparts.siteapp.hu\/hu\/#organization"},"potentialAction":[{"@type":"SearchAction","target":{"@type":"EntryPoint","urlTemplate":"https:\/\/wellisparts.siteapp.hu\/hu\/?s={search_term_string}"},"query-input":{"@type":"PropertyValueSpecification","valueRequired":true,"valueName":"search_term_string"}}],"inLanguage":"hu"},{"@type":"Organization","@id":"https:\/\/wellisparts.siteapp.hu\/hu\/#organization","name":"Wellis","url":"https:\/\/wellisparts.siteapp.hu\/hu\/","logo":{"@type":"ImageObject","inLanguage":"hu","@id":"https:\/\/wellisparts.siteapp.hu\/hu\/#\/schema\/logo\/image\/","url":"https:\/\/wellisparts.siteapp.hu\/wp-content\/uploads\/2020\/04\/wellis-logo-gray-300x92-1.png","contentUrl":"https:\/\/wellisparts.siteapp.hu\/wp-content\/uploads\/2020\/04\/wellis-logo-gray-300x92-1.png","width":300,"height":92,"caption":"Wellis"},"image":{"@id":"https:\/\/wellisparts.siteapp.hu\/hu\/#\/schema\/logo\/image\/"},"sameAs":["https:\/\/www.facebook.com\/wellis.eu","https:\/\/www.instagram.com\/wellis.spa\/","https:\/\/www.linkedin.com\/company\/wellis","https:\/\/www.youtube.com\/channel\/UCBfTfURbofhapZionQfC-Gg"]}]},"product_price_amount":"400","product_price_currency":"HUF","og_availability":"instock","product_availability":"instock","product_retailer_item_id":"AE00866","product_condition":"new"},"_links":{"self":[{"href":"https:\/\/wellisparts.siteapp.hu\/hu\/wp-json\/wp\/v2\/product\/65890","targetHints":{"allow":["GET"]}}],"collection":[{"href":"https:\/\/wellisparts.siteapp.hu\/hu\/wp-json\/wp\/v2\/product"}],"about":[{"href":"https:\/\/wellisparts.siteapp.hu\/hu\/wp-json\/wp\/v2\/types\/product"}],"wp:featuredmedia":[{"embeddable":true,"href":"https:\/\/wellisparts.siteapp.hu\/hu\/wp-json\/wp\/v2\/media\/65891"}],"wp:attachment":[{"href":"https:\/\/wellisparts.siteapp.hu\/hu\/wp-json\/wp\/v2\/media?parent=65890"}],"wp:term":[{"taxonomy":"product_brand","embeddable":true,"href":"https:\/\/wellisparts.siteapp.hu\/hu\/wp-json\/wp\/v2\/product_brand?post=65890"},{"taxonomy":"product_cat","embeddable":true,"href":"https:\/\/wellisparts.siteapp.hu\/hu\/wp-json\/wp\/v2\/product_cat?post=65890"},{"taxonomy":"product_tag","embeddable":true,"href":"https:\/\/wellisparts.siteapp.hu\/hu\/wp-json\/wp\/v2\/product_tag?post=65890"}],"curies":[{"name":"wp","href":"https:\/\/api.w.org\/{rel}","templated":true}]}}